{"id":9966,"date":"2022-07-01T11:57:51","date_gmt":"2022-07-01T15:57:51","guid":{"rendered":"https:\/\/ucanstage.wpengine.com\/product\/kap-toggle-anchors\/"},"modified":"2024-07-25T10:30:34","modified_gmt":"2024-07-25T14:30:34","slug":"ailerons-depliables-et-capuchon","status":"publish","type":"product","link":"https:\/\/ucanfast.com\/fr\/nos-produits\/ailerons-depliables-et-capuchon\/","title":{"rendered":"Ailerons d\u00e9pliables et capuchon"},"content":{"rendered":"<div id=\"detaildescription\">\n<p>Ancrages \u00e0 ailerons d\u00e9pliables et capuchon \u00e0 sectionner brevet\u00e9 pour la plupart des structures creuses. Les vis de montage peuvent \u00eatre retir\u00e9es et r\u00e9install\u00e9es apr\u00e8s la mise en place de l&#8217;ancrage.<\/p>\n<\/div>\n<div class=\"partstabletitle\">\n<h4>AILERONS D\u00c9PLIABLES ET CAPUCHON<\/h4>\n<\/div>\n<div>\n<table class=\"detailpartstable\" style=\"height: 81px;\" border=\"0\" width=\"850\" cellspacing=\"0\" cellpadding=\"0\">\n<tbody>\n<tr class=\"headers\">\n<td><strong>N\u00ba de pi\u00e8ce<\/strong><\/td>\n<td><strong>Dimension<\/strong><\/td>\n<td><strong>Dimension<br \/>de foret<\/strong><\/td>\n<td><strong>Qt\u00e9 par<br \/>paquet<\/strong><\/td>\n<td><strong>Qt\u00e9 par<br \/>caisse<\/strong><\/td>\n<td><strong>Poids de<br \/>la caisse<\/strong><\/td>\n<td><strong>Taille de la caisse<\/strong><\/td>\n<\/tr>\n<tr>\n<td>KAP 316<\/td>\n<td>3\/16<\/td>\n<td>1\/2 po<\/td>\n<td>100<\/td>\n<td>600<\/td>\n<td>19 lbs<\/td>\n<td>12-1\/4\u2033 x 15 x 11-1\/2\u2033<\/td>\n<\/tr>\n<tr>\n<td>KAP 14<\/td>\n<td>1\/4<\/td>\n<td>1\/2 po<\/td>\n<td>100<\/td>\n<td>600<\/td>\n<td>19 lbs<\/td>\n<td>12-1\/4\u2033 x 15 x 11-1\/2\u2033<\/td>\n<\/tr>\n<\/tbody>\n<\/table>\n<\/div>\n","protected":false},"excerpt":{"rendered":"<div id=\"detaildescription\">\n<p>Ancrages \u00e0 ailerons d\u00e9pliables et capuchon \u00e0 sectionner brevet\u00e9 pour la plupart des structures creuses. Les vis de montage peuvent \u00eatre retir\u00e9es et r\u00e9install\u00e9es apr\u00e8s la mise en place de l&#8217;ancrage.<\/p>\n","protected":false},"featured_media":13115,"comment_status":"open","ping_status":"closed","template":"","meta":[],"product_cat":[1643,1638],"product_tag":[],"Group":[],"acf":[],"yoast_head":"<!-- This site is optimized with the Yoast SEO plugin v20.11 - https:\/\/yoast.com\/wordpress\/plugins\/seo\/ -->\n<title>Ailerons d\u00e9pliables et capuchon - UCAN - Fastening Products<\/title>\n<meta name=\"description\" content=\"Snap-off patented toggle anchor works in most types of hollow cavities.\u00a0 Once the anchor is installed, the mounting screws can be removed and reinstalled.\" \/>\n<meta name=\"robots\" content=\"noindex, follow\" \/>\n<meta property=\"og:locale\" content=\"fr_FR\" \/>\n<meta property=\"og:type\" content=\"article\" \/>\n<meta property=\"og:title\" content=\"Ailerons d\u00e9pliables et capuchon - UCAN - Fastening Products\" \/>\n<meta property=\"og:description\" content=\"Snap-off patented toggle anchor works in most types of hollow cavities.\u00a0 Once the anchor is installed, the mounting screws can be removed and reinstalled.\" \/>\n<meta property=\"og:url\" content=\"https:\/\/ucanfast.com\/fr\/nos-produits\/ailerons-depliables-et-capuchon\/\" \/>\n<meta property=\"og:site_name\" content=\"UCAN - Fastening Products\" \/>\n<meta property=\"article:modified_time\" content=\"2024-07-25T14:30:34+00:00\" \/>\n<meta property=\"og:image\" content=\"https:\/\/ucanfast.com\/wp-content\/uploads\/2022\/07\/KAP-Toggle-scaled.jpg\" \/>\n\t<meta property=\"og:image:width\" content=\"2560\" \/>\n\t<meta property=\"og:image:height\" content=\"818\" \/>\n\t<meta property=\"og:image:type\" content=\"image\/jpeg\" \/>\n<meta name=\"twitter:card\" content=\"summary_large_image\" \/>\n<meta name=\"twitter:label1\" content=\"Dur\u00e9e de lecture estim\u00e9e\" \/>\n\t<meta name=\"twitter:data1\" content=\"1 minute\" \/>\n<script type=\"application\/ld+json\" class=\"yoast-schema-graph\">{\"@context\":\"https:\/\/schema.org\",\"@graph\":[{\"@type\":\"WebPage\",\"@id\":\"https:\/\/ucanfast.com\/fr\/nos-produits\/ailerons-depliables-et-capuchon\/\",\"url\":\"https:\/\/ucanfast.com\/fr\/nos-produits\/ailerons-depliables-et-capuchon\/\",\"name\":\"Ailerons d\u00e9pliables et capuchon - UCAN - Fastening Products\",\"isPartOf\":{\"@id\":\"https:\/\/ucanfast.com\/fr\/#website\"},\"datePublished\":\"2022-07-01T15:57:51+00:00\",\"dateModified\":\"2024-07-25T14:30:34+00:00\",\"description\":\"Snap-off patented toggle anchor works in most types of hollow cavities.\u00a0 Once the anchor is installed, the mounting screws can be removed and reinstalled.\",\"breadcrumb\":{\"@id\":\"https:\/\/ucanfast.com\/fr\/nos-produits\/ailerons-depliables-et-capuchon\/#breadcrumb\"},\"inLanguage\":\"fr-FR\",\"potentialAction\":[{\"@type\":\"ReadAction\",\"target\":[\"https:\/\/ucanfast.com\/fr\/nos-produits\/ailerons-depliables-et-capuchon\/\"]}]},{\"@type\":\"BreadcrumbList\",\"@id\":\"https:\/\/ucanfast.com\/fr\/nos-produits\/ailerons-depliables-et-capuchon\/#breadcrumb\",\"itemListElement\":[{\"@type\":\"ListItem\",\"position\":1,\"name\":\"Accueil\",\"item\":\"https:\/\/ucanfast.com\/fr\/\"},{\"@type\":\"ListItem\",\"position\":2,\"name\":\"Nos Produits\",\"item\":\"https:\/\/ucanfast.com\/fr\/nos-produits\/\"},{\"@type\":\"ListItem\",\"position\":3,\"name\":\"Ailerons d\u00e9pliables et capuchon\"}]},{\"@type\":\"WebSite\",\"@id\":\"https:\/\/ucanfast.com\/fr\/#website\",\"url\":\"https:\/\/ucanfast.com\/fr\/\",\"name\":\"UCAN Fastening Products\",\"description\":\"BUILDING LASTING CONNECTIONS\",\"publisher\":{\"@id\":\"https:\/\/ucanfast.com\/fr\/#organization\"},\"potentialAction\":[{\"@type\":\"SearchAction\",\"target\":{\"@type\":\"EntryPoint\",\"urlTemplate\":\"https:\/\/ucanfast.com\/fr\/?s={search_term_string}\"},\"query-input\":\"required name=search_term_string\"}],\"inLanguage\":\"fr-FR\"},{\"@type\":\"Organization\",\"@id\":\"https:\/\/ucanfast.com\/fr\/#organization\",\"name\":\"UCAN Fastening Products\",\"url\":\"https:\/\/ucanfast.com\/fr\/\",\"logo\":{\"@type\":\"ImageObject\",\"inLanguage\":\"fr-FR\",\"@id\":\"https:\/\/ucanfast.com\/fr\/#\/schema\/logo\/image\/\",\"url\":\"https:\/\/ucanfast.com\/wp-content\/uploads\/2023\/01\/Screen_Shot_2023-01-25_at_12.15.04_PM.png\",\"contentUrl\":\"https:\/\/ucanfast.com\/wp-content\/uploads\/2023\/01\/Screen_Shot_2023-01-25_at_12.15.04_PM.png\",\"width\":350,\"height\":192,\"caption\":\"UCAN Fastening Products\"},\"image\":{\"@id\":\"https:\/\/ucanfast.com\/fr\/#\/schema\/logo\/image\/\"},\"sameAs\":[\"https:\/\/ca.linkedin.com\/company\/ucan-fastening-products\"]}]}<\/script>\n<!-- \/ Yoast SEO plugin. -->","yoast_head_json":{"title":"Ailerons d\u00e9pliables et capuchon - UCAN - Fastening Products","description":"Snap-off patented toggle anchor works in most types of hollow cavities.\u00a0 Once the anchor is installed, the mounting screws can be removed and reinstalled.","robots":{"index":"noindex","follow":"follow"},"og_locale":"fr_FR","og_type":"article","og_title":"Ailerons d\u00e9pliables et capuchon - UCAN - Fastening Products","og_description":"Snap-off patented toggle anchor works in most types of hollow cavities.\u00a0 Once the anchor is installed, the mounting screws can be removed and reinstalled.","og_url":"https:\/\/ucanfast.com\/fr\/nos-produits\/ailerons-depliables-et-capuchon\/","og_site_name":"UCAN - Fastening Products","article_modified_time":"2024-07-25T14:30:34+00:00","og_image":[{"width":2560,"height":818,"url":"https:\/\/ucanfast.com\/wp-content\/uploads\/2022\/07\/KAP-Toggle-scaled.jpg","type":"image\/jpeg"}],"twitter_card":"summary_large_image","twitter_misc":{"Dur\u00e9e de lecture estim\u00e9e":"1 minute"},"schema":{"@context":"https:\/\/schema.org","@graph":[{"@type":"WebPage","@id":"https:\/\/ucanfast.com\/fr\/nos-produits\/ailerons-depliables-et-capuchon\/","url":"https:\/\/ucanfast.com\/fr\/nos-produits\/ailerons-depliables-et-capuchon\/","name":"Ailerons d\u00e9pliables et capuchon - UCAN - Fastening Products","isPartOf":{"@id":"https:\/\/ucanfast.com\/fr\/#website"},"datePublished":"2022-07-01T15:57:51+00:00","dateModified":"2024-07-25T14:30:34+00:00","description":"Snap-off patented toggle anchor works in most types of hollow cavities.\u00a0 Once the anchor is installed, the mounting screws can be removed and reinstalled.","breadcrumb":{"@id":"https:\/\/ucanfast.com\/fr\/nos-produits\/ailerons-depliables-et-capuchon\/#breadcrumb"},"inLanguage":"fr-FR","potentialAction":[{"@type":"ReadAction","target":["https:\/\/ucanfast.com\/fr\/nos-produits\/ailerons-depliables-et-capuchon\/"]}]},{"@type":"BreadcrumbList","@id":"https:\/\/ucanfast.com\/fr\/nos-produits\/ailerons-depliables-et-capuchon\/#breadcrumb","itemListElement":[{"@type":"ListItem","position":1,"name":"Accueil","item":"https:\/\/ucanfast.com\/fr\/"},{"@type":"ListItem","position":2,"name":"Nos Produits","item":"https:\/\/ucanfast.com\/fr\/nos-produits\/"},{"@type":"ListItem","position":3,"name":"Ailerons d\u00e9pliables et capuchon"}]},{"@type":"WebSite","@id":"https:\/\/ucanfast.com\/fr\/#website","url":"https:\/\/ucanfast.com\/fr\/","name":"UCAN Fastening Products","description":"BUILDING LASTING CONNECTIONS","publisher":{"@id":"https:\/\/ucanfast.com\/fr\/#organization"},"potentialAction":[{"@type":"SearchAction","target":{"@type":"EntryPoint","urlTemplate":"https:\/\/ucanfast.com\/fr\/?s={search_term_string}"},"query-input":"required name=search_term_string"}],"inLanguage":"fr-FR"},{"@type":"Organization","@id":"https:\/\/ucanfast.com\/fr\/#organization","name":"UCAN Fastening Products","url":"https:\/\/ucanfast.com\/fr\/","logo":{"@type":"ImageObject","inLanguage":"fr-FR","@id":"https:\/\/ucanfast.com\/fr\/#\/schema\/logo\/image\/","url":"https:\/\/ucanfast.com\/wp-content\/uploads\/2023\/01\/Screen_Shot_2023-01-25_at_12.15.04_PM.png","contentUrl":"https:\/\/ucanfast.com\/wp-content\/uploads\/2023\/01\/Screen_Shot_2023-01-25_at_12.15.04_PM.png","width":350,"height":192,"caption":"UCAN Fastening Products"},"image":{"@id":"https:\/\/ucanfast.com\/fr\/#\/schema\/logo\/image\/"},"sameAs":["https:\/\/ca.linkedin.com\/company\/ucan-fastening-products"]}]}},"_links":{"self":[{"href":"https:\/\/ucanfast.com\/fr\/wp-json\/wp\/v2\/product\/9966"}],"collection":[{"href":"https:\/\/ucanfast.com\/fr\/wp-json\/wp\/v2\/product"}],"about":[{"href":"https:\/\/ucanfast.com\/fr\/wp-json\/wp\/v2\/types\/product"}],"replies":[{"embeddable":true,"href":"https:\/\/ucanfast.com\/fr\/wp-json\/wp\/v2\/comments?post=9966"}],"wp:featuredmedia":[{"embeddable":true,"href":"https:\/\/ucanfast.com\/fr\/wp-json\/wp\/v2\/media\/13115"}],"wp:attachment":[{"href":"https:\/\/ucanfast.com\/fr\/wp-json\/wp\/v2\/media?parent=9966"}],"wp:term":[{"taxonomy":"product_cat","embeddable":true,"href":"https:\/\/ucanfast.com\/fr\/wp-json\/wp\/v2\/product_cat?post=9966"},{"taxonomy":"product_tag","embeddable":true,"href":"https:\/\/ucanfast.com\/fr\/wp-json\/wp\/v2\/product_tag?post=9966"},{"taxonomy":"Group","embeddable":true,"href":"https:\/\/ucanfast.com\/fr\/wp-json\/wp\/v2\/Group?post=9966"}],"curies":[{"name":"wp","href":"https:\/\/api.w.org\/{rel}","templated":true}]}}