{"id":9887,"date":"2022-07-01T12:02:40","date_gmt":"2022-07-01T16:02:40","guid":{"rendered":"https:\/\/ucanstage.wpengine.com\/product\/sds-plus-drill-bits\/"},"modified":"2024-09-13T06:52:39","modified_gmt":"2024-09-13T10:52:39","slug":"forets-sds-plus","status":"publish","type":"product","link":"https:\/\/ucanfast.com\/fr\/nos-produits\/forets-sds-plus\/","title":{"rendered":"Forets \u00ab sds plus \u00bb"},"content":{"rendered":"<p>Vitesse, performance et endurance excel- lentes. Pointe dynamique en forme de ciseau qui p\u00e9n\u00e8tre rapidement dans le mat\u00e9riau et canalise la poussi\u00e8re de per\u00e7age dans la spirale \u00e0 goujures multiples brevet\u00e9es et renforc\u00e9es et hors du trou, ce qui fait \u00e9conomiser temps et argent. Con\u00e7ue pour percer dans le b\u00e9ton, la pierre, les blocs de b\u00e9ton, la ma\u00e7onnerie et la brique.<\/p>\n<p>&nbsp;<\/p>\n<div id=\"detaildescription\">\n<p><img decoding=\"async\" loading=\"lazy\" class=\"alignnone wp-image-13559 size-thumbnail\" src=\"https:\/\/ucanfast.com\/wp-content\/uploads\/2022\/07\/ANSI-French-150x92.jpg\" alt=\"\" width=\"150\" height=\"92\" srcset=\"https:\/\/ucanfast.com\/wp-content\/uploads\/2022\/07\/ANSI-French-150x92.jpg 150w, https:\/\/ucanfast.com\/wp-content\/uploads\/2022\/07\/ANSI-French-300x184.jpg 300w, https:\/\/ucanfast.com\/wp-content\/uploads\/2022\/07\/ANSI-French-768x471.jpg 768w, https:\/\/ucanfast.com\/wp-content\/uploads\/2022\/07\/ANSI-French-100x61.jpg 100w, https:\/\/ucanfast.com\/wp-content\/uploads\/2022\/07\/ANSI-French-600x368.jpg 600w, https:\/\/ucanfast.com\/wp-content\/uploads\/2022\/07\/ANSI-French.jpg 1000w\" sizes=\"(max-width: 150px) 100vw, 150px\" \/><\/p>\n<\/div>\n<div class=\"partstabletitle\">\n<h5>FORETS \u00ab SDS PLUS \u00bb<\/h5>\n<\/div>\n<div>\n<table class=\"detailpartstable\" style=\"height: 1299px;\" border=\"0\" width=\"800\" cellspacing=\"0\" cellpadding=\"0\">\n<tbody>\n<tr class=\"headers\">\n<td><strong>N\u00b0 de pi\u00e8ce<\/strong><\/td>\n<td><strong>Dia. (po)<\/strong><\/td>\n<td><strong>Dia. (mm)<\/strong><\/td>\n<td><strong>Longueur<br \/>totale (po)<\/strong><\/td>\n<td><strong>Longueur<br \/>utile (po)<\/strong><\/td>\n<\/tr>\n<tr>\n<td>SDS 5324<\/td>\n<td>5\/32 ANSI<\/td>\n<td>4<\/td>\n<td>4-1\/4<\/td>\n<td>2-1\/4<\/td>\n<\/tr>\n<tr>\n<td>SDS 5326<\/td>\n<td>5\/32 ANSI<\/td>\n<td>4<\/td>\n<td>6-1\/4<\/td>\n<td>4-1\/4<\/td>\n<\/tr>\n<tr>\n<td>SDS 3164<\/td>\n<td>3\/16 ANSI<\/td>\n<td>5<\/td>\n<td>4-1\/4<\/td>\n<td>2-1\/4<\/td>\n<\/tr>\n<tr>\n<td>SDS 3166<\/td>\n<td>3\/16 ANSI<\/td>\n<td>5<\/td>\n<td>6-1\/4<\/td>\n<td>4-1\/4<\/td>\n<\/tr>\n<tr>\n<td>SDS 3168<\/td>\n<td>3\/16 ANSI<\/td>\n<td>5<\/td>\n<td>8-1\/4<\/td>\n<td>6-1\/4<\/td>\n<\/tr>\n<tr>\n<td>SDS 7324<\/td>\n<td>7\/32 ANSI<\/td>\n<td>5.5<\/td>\n<td>4<\/td>\n<td>2<\/td>\n<\/tr>\n<tr>\n<td>SDS 7326<\/td>\n<td>7\/32 ANSI<\/td>\n<td>5.5<\/td>\n<td>6-1\/4<\/td>\n<td>4-1\/4<\/td>\n<\/tr>\n<tr class=\"instock\" style=\"color: red;\">\n<td>SDS 15644<\/td>\n<td>15\/64 DIN<\/td>\n<td>6<\/td>\n<td>4<\/td>\n<td>2<\/td>\n<\/tr>\n<tr class=\"instock\" style=\"color: red;\">\n<td>SDS 15646<\/td>\n<td>15\/64 DIN<\/td>\n<td>6<\/td>\n<td>6<\/td>\n<td>4<\/td>\n<\/tr>\n<tr class=\"instock\" style=\"color: red;\">\n<td>SDS 15648<\/td>\n<td>15\/64 DIN<\/td>\n<td>6<\/td>\n<td>8<\/td>\n<td>5-3\/4<\/td>\n<\/tr>\n<tr>\n<td>SDS 144<\/td>\n<td>1\/4 ANSI<\/td>\n<td>6.5<\/td>\n<td>4-1\/4<\/td>\n<td>2-1\/4<\/td>\n<\/tr>\n<tr>\n<td>SDS 146<\/td>\n<td>1\/4 ANSI<\/td>\n<td>6.5<\/td>\n<td>6-1\/4<\/td>\n<td>4-1\/4<\/td>\n<\/tr>\n<tr>\n<td>SDS 148<\/td>\n<td>1\/4 ANSI<\/td>\n<td>6.5<\/td>\n<td>8-1\/4<\/td>\n<td>5-3\/4<\/td>\n<\/tr>\n<tr>\n<td>SDS 1411<\/td>\n<td>1\/4 ANSI<\/td>\n<td>6.5<\/td>\n<td>11<\/td>\n<td>9<\/td>\n<\/tr>\n<tr>\n<td>SDS 1420<\/td>\n<td>1\/4 ANSI<\/td>\n<td>6.5<\/td>\n<td>20<\/td>\n<td>18<\/td>\n<\/tr>\n<tr>\n<td>SDS 5166<\/td>\n<td>5\/16 ANSI<\/td>\n<td>8<\/td>\n<td>6-1\/4<\/td>\n<td>4-1\/4<\/td>\n<\/tr>\n<tr>\n<td>SDS 5168<\/td>\n<td>5\/16 ANSI<\/td>\n<td>8<\/td>\n<td>8<\/td>\n<td>5-3\/4<\/td>\n<\/tr>\n<tr>\n<td>SDS 386<\/td>\n<td>3\/8 ANSI<\/td>\n<td>9.5<\/td>\n<td>6-1\/4<\/td>\n<td>4-1\/4<\/td>\n<\/tr>\n<tr>\n<td>SDS 388<\/td>\n<td>3\/8 ANSI<\/td>\n<td>9.5<\/td>\n<td>8-1\/4<\/td>\n<td>6-1\/4<\/td>\n<\/tr>\n<tr>\n<td>SDS 3812<\/td>\n<td>3\/8 ANSI<\/td>\n<td>9.5<\/td>\n<td>12-1\/4<\/td>\n<td>10-1\/4<\/td>\n<\/tr>\n<tr>\n<td>SDS 3818<\/td>\n<td>3\/8 ANSI<\/td>\n<td>9.5<\/td>\n<td>18<\/td>\n<td>16<\/td>\n<\/tr>\n<tr>\n<td>SDS 3824<\/td>\n<td>3\/8 ANSI<\/td>\n<td>9.5<\/td>\n<td>24<\/td>\n<td>22<\/td>\n<\/tr>\n<tr class=\"instock\" style=\"color: red;\">\n<td>SDS 25646<\/td>\n<td>25\/64 DIN<\/td>\n<td>10<\/td>\n<td>6<\/td>\n<td>4<\/td>\n<\/tr>\n<tr class=\"instock\" style=\"color: red;\">\n<td>SDS 25648<\/td>\n<td>25\/64 DIN<\/td>\n<td>10<\/td>\n<td>8<\/td>\n<td>6<\/td>\n<\/tr>\n<tr>\n<td>SDS 7166<\/td>\n<td>7\/16 ANSI<\/td>\n<td>11<\/td>\n<td>6-1\/4<\/td>\n<td>4-1\/4<\/td>\n<\/tr>\n<tr class=\"instock\" style=\"color: red;\">\n<td>SDS 15326<\/td>\n<td>15\/32 DIN<\/td>\n<td>12<\/td>\n<td>6<\/td>\n<td>4<\/td>\n<\/tr>\n<tr class=\"instock\" style=\"color: red;\">\n<td>SDS 15328<\/td>\n<td>15\/32 DIN<\/td>\n<td>12<\/td>\n<td>8<\/td>\n<td>6<\/td>\n<\/tr>\n<tr class=\"instock\" style=\"color: red;\">\n<td>SDS 153224<\/td>\n<td>15\/32 DIN<\/td>\n<td>12<\/td>\n<td>24<\/td>\n<td>22<\/td>\n<\/tr>\n<tr>\n<td>SDS 126<\/td>\n<td>1\/2 ANSI<\/td>\n<td>13<\/td>\n<td>6-1\/4<\/td>\n<td>4-1\/4<\/td>\n<\/tr>\n<tr>\n<td>SDS 128<\/td>\n<td>1\/2 ANSI<\/td>\n<td>13<\/td>\n<td>8<\/td>\n<td>6<\/td>\n<\/tr>\n<tr>\n<td>SDS 1210<\/td>\n<td>1\/2 ANSI<\/td>\n<td>13<\/td>\n<td>10-1\/4<\/td>\n<td>8-1\/4<\/td>\n<\/tr>\n<tr>\n<td>SDS 1212<\/td>\n<td>1\/2 ANSI<\/td>\n<td>13<\/td>\n<td>12-1\/4<\/td>\n<td>10-1\/4<\/td>\n<\/tr>\n<tr>\n<td>SDS 1218<\/td>\n<td>1\/2 ANSI<\/td>\n<td>13<\/td>\n<td>18<\/td>\n<td>16<\/td>\n<\/tr>\n<tr>\n<td>SDS 9166<\/td>\n<td>9\/16 ANSI<\/td>\n<td>14<\/td>\n<td>6-1\/4<\/td>\n<td>4-1\/4<\/td>\n<\/tr>\n<tr class=\"instock\" style=\"color: red;\">\n<td>SDS 19328<\/td>\n<td>19\/32 DIN<\/td>\n<td>15<\/td>\n<td>8<\/td>\n<td>6<\/td>\n<\/tr>\n<tr>\n<td>SDS 586<\/td>\n<td>5\/8 ANSI<\/td>\n<td>16<\/td>\n<td>6-1\/4<\/td>\n<td>4-1\/4<\/td>\n<\/tr>\n<tr>\n<td>SDS 588<\/td>\n<td>5\/8 ANSI<\/td>\n<td>16<\/td>\n<td>8<\/td>\n<td>6<\/td>\n<\/tr>\n<tr>\n<td>SDS 5812<\/td>\n<td>5\/8 ANSI<\/td>\n<td>16<\/td>\n<td>12<\/td>\n<td>10<\/td>\n<\/tr>\n<tr>\n<td>SDS 5818<\/td>\n<td>5\/8 ANSI<\/td>\n<td>16<\/td>\n<td>18<\/td>\n<td>16<\/td>\n<\/tr>\n<tr>\n<td>SDS 5824<\/td>\n<td>5\/8 ANSI<\/td>\n<td>16<\/td>\n<td>24<\/td>\n<td>22<\/td>\n<\/tr>\n<tr class=\"instock\" style=\"color: red;\">\n<td>SDS 456412<\/td>\n<td>45\/64 DIN<\/td>\n<td>18<\/td>\n<td>12<\/td>\n<td>10<\/td>\n<\/tr>\n<tr>\n<td>SDS 348<\/td>\n<td>3\/4 ANSI<\/td>\n<td>19.1<\/td>\n<td>8<\/td>\n<td>6<\/td>\n<\/tr>\n<tr>\n<td>SDS 3412<\/td>\n<td>3\/4 ANSI<\/td>\n<td>19.1<\/td>\n<td>12<\/td>\n<td>10<\/td>\n<\/tr>\n<tr>\n<td>SDS 3418<\/td>\n<td>3\/4 ANSI<\/td>\n<td>19.1<\/td>\n<td>18<\/td>\n<td>16<\/td>\n<\/tr>\n<tr class=\"instock\" style=\"color: red;\">\n<td>SDS 25328<\/td>\n<td>25\/32 DIN<\/td>\n<td>20<\/td>\n<td>8<\/td>\n<td>6<\/td>\n<\/tr>\n<tr>\n<td>SDS 7812<\/td>\n<td>7\/8 ANSI<\/td>\n<td>22<\/td>\n<td>12-1\/4<\/td>\n<td>10-1\/4<\/td>\n<\/tr>\n<tr class=\"instock\" style=\"color: red;\">\n<td>SDS 616412<\/td>\n<td>61\/64 DIN<\/td>\n<td>24<\/td>\n<td>12<\/td>\n<td>10<\/td>\n<\/tr>\n<tr>\n<td>SDS 112<\/td>\n<td>1 ANSI<\/td>\n<td>25.4<\/td>\n<td>12<\/td>\n<td>10<\/td>\n<\/tr>\n<tr>\n<td>SDS 118<\/td>\n<td>1 ANSI<\/td>\n<td>25.4<\/td>\n<td>18<\/td>\n<td>16<\/td>\n<\/tr>\n<\/tbody>\n<\/table>\n<\/div>\n<p>&nbsp;<\/p>\n<div>\n<table class=\"detailpartstable\" style=\"height: 99px;\" border=\"0\" width=\"641\" cellspacing=\"0\" cellpadding=\"0\">\n<tbody>\n<tr class=\"headers\">\n<td><strong>Remarque :<\/strong><\/td>\n<\/tr>\n<tr class=\"instock\">\n<td>Les dimensions (mm) en <span style=\"color: red;\">rouge<\/span> sont les dimensions m\u00e9triques exactes<\/td>\n<\/tr>\n<tr class=\"instock\">\n<td>selon la norme d.i.n. Les autres dimensions m\u00e9triques indiqu\u00e9es sont des<\/td>\n<\/tr>\n<tr class=\"instock\">\n<td>conversions m\u00e9triques.<\/td>\n<\/tr>\n<\/tbody>\n<\/table>\n<\/div>\n","protected":false},"excerpt":{"rendered":"<p>Vitesse, performance et endurance excel- lentes. Pointe dynamique en forme de ciseau qui p\u00e9n\u00e8tre rapidement dans le mat\u00e9riau et canalise la poussi\u00e8re de per\u00e7age dans la spirale \u00e0 goujures multiples brevet\u00e9es et renforc\u00e9es et hors du trou, ce qui fait \u00e9conomiser temps et argent.<\/p>\n","protected":false},"featured_media":12690,"comment_status":"open","ping_status":"closed","template":"","meta":[],"product_cat":[1513,1515],"product_tag":[],"Group":[],"acf":[],"yoast_head":"<!-- This site is optimized with the Yoast SEO plugin v20.11 - https:\/\/yoast.com\/wordpress\/plugins\/seo\/ -->\n<title>Forets \u00ab sds plus \u00bb - UCAN - Fastening Products<\/title>\n<meta name=\"description\" content=\"The chisel-shaped carbide drill point rapidly penetrates the material and channels the drilling dust into the patented multi-flute spiral and out of the hole.\" \/>\n<meta name=\"robots\" content=\"noindex, follow\" \/>\n<meta property=\"og:locale\" content=\"fr_FR\" \/>\n<meta property=\"og:type\" content=\"article\" \/>\n<meta property=\"og:title\" content=\"Forets \u00ab sds plus \u00bb - UCAN - Fastening Products\" \/>\n<meta property=\"og:description\" content=\"The chisel-shaped carbide drill point rapidly penetrates the material and channels the drilling dust into the patented multi-flute spiral and out of the hole.\" \/>\n<meta property=\"og:url\" content=\"https:\/\/ucanfast.com\/fr\/nos-produits\/forets-sds-plus\/\" \/>\n<meta property=\"og:site_name\" content=\"UCAN - Fastening Products\" \/>\n<meta property=\"article:modified_time\" content=\"2024-09-13T10:52:39+00:00\" \/>\n<meta property=\"og:image\" content=\"https:\/\/ucanfast.com\/wp-content\/uploads\/2022\/07\/SDS-PLUS-scaled.jpg\" \/>\n\t<meta property=\"og:image:width\" content=\"2560\" \/>\n\t<meta property=\"og:image:height\" content=\"461\" \/>\n\t<meta property=\"og:image:type\" content=\"image\/jpeg\" \/>\n<meta name=\"twitter:card\" content=\"summary_large_image\" \/>\n<meta name=\"twitter:label1\" content=\"Dur\u00e9e de lecture estim\u00e9e\" \/>\n\t<meta name=\"twitter:data1\" content=\"3 minutes\" \/>\n<script type=\"application\/ld+json\" class=\"yoast-schema-graph\">{\"@context\":\"https:\/\/schema.org\",\"@graph\":[{\"@type\":\"WebPage\",\"@id\":\"https:\/\/ucanfast.com\/fr\/nos-produits\/forets-sds-plus\/\",\"url\":\"https:\/\/ucanfast.com\/fr\/nos-produits\/forets-sds-plus\/\",\"name\":\"Forets \u00ab sds plus \u00bb - UCAN - Fastening Products\",\"isPartOf\":{\"@id\":\"https:\/\/ucanfast.com\/fr\/#website\"},\"datePublished\":\"2022-07-01T16:02:40+00:00\",\"dateModified\":\"2024-09-13T10:52:39+00:00\",\"description\":\"The chisel-shaped carbide drill point rapidly penetrates the material and channels the drilling dust into the patented multi-flute spiral and out of the hole.\",\"breadcrumb\":{\"@id\":\"https:\/\/ucanfast.com\/fr\/nos-produits\/forets-sds-plus\/#breadcrumb\"},\"inLanguage\":\"fr-FR\",\"potentialAction\":[{\"@type\":\"ReadAction\",\"target\":[\"https:\/\/ucanfast.com\/fr\/nos-produits\/forets-sds-plus\/\"]}]},{\"@type\":\"BreadcrumbList\",\"@id\":\"https:\/\/ucanfast.com\/fr\/nos-produits\/forets-sds-plus\/#breadcrumb\",\"itemListElement\":[{\"@type\":\"ListItem\",\"position\":1,\"name\":\"Accueil\",\"item\":\"https:\/\/ucanfast.com\/fr\/\"},{\"@type\":\"ListItem\",\"position\":2,\"name\":\"Nos Produits\",\"item\":\"https:\/\/ucanfast.com\/fr\/nos-produits\/\"},{\"@type\":\"ListItem\",\"position\":3,\"name\":\"Forets \u00ab sds plus \u00bb\"}]},{\"@type\":\"WebSite\",\"@id\":\"https:\/\/ucanfast.com\/fr\/#website\",\"url\":\"https:\/\/ucanfast.com\/fr\/\",\"name\":\"UCAN Fastening Products\",\"description\":\"BUILDING LASTING CONNECTIONS\",\"publisher\":{\"@id\":\"https:\/\/ucanfast.com\/fr\/#organization\"},\"potentialAction\":[{\"@type\":\"SearchAction\",\"target\":{\"@type\":\"EntryPoint\",\"urlTemplate\":\"https:\/\/ucanfast.com\/fr\/?s={search_term_string}\"},\"query-input\":\"required name=search_term_string\"}],\"inLanguage\":\"fr-FR\"},{\"@type\":\"Organization\",\"@id\":\"https:\/\/ucanfast.com\/fr\/#organization\",\"name\":\"UCAN Fastening Products\",\"url\":\"https:\/\/ucanfast.com\/fr\/\",\"logo\":{\"@type\":\"ImageObject\",\"inLanguage\":\"fr-FR\",\"@id\":\"https:\/\/ucanfast.com\/fr\/#\/schema\/logo\/image\/\",\"url\":\"https:\/\/ucanfast.com\/wp-content\/uploads\/2023\/01\/Screen_Shot_2023-01-25_at_12.15.04_PM.png\",\"contentUrl\":\"https:\/\/ucanfast.com\/wp-content\/uploads\/2023\/01\/Screen_Shot_2023-01-25_at_12.15.04_PM.png\",\"width\":350,\"height\":192,\"caption\":\"UCAN Fastening Products\"},\"image\":{\"@id\":\"https:\/\/ucanfast.com\/fr\/#\/schema\/logo\/image\/\"},\"sameAs\":[\"https:\/\/ca.linkedin.com\/company\/ucan-fastening-products\"]}]}<\/script>\n<!-- \/ Yoast SEO plugin. -->","yoast_head_json":{"title":"Forets \u00ab sds plus \u00bb - UCAN - Fastening Products","description":"The chisel-shaped carbide drill point rapidly penetrates the material and channels the drilling dust into the patented multi-flute spiral and out of the hole.","robots":{"index":"noindex","follow":"follow"},"og_locale":"fr_FR","og_type":"article","og_title":"Forets \u00ab sds plus \u00bb - UCAN - Fastening Products","og_description":"The chisel-shaped carbide drill point rapidly penetrates the material and channels the drilling dust into the patented multi-flute spiral and out of the hole.","og_url":"https:\/\/ucanfast.com\/fr\/nos-produits\/forets-sds-plus\/","og_site_name":"UCAN - Fastening Products","article_modified_time":"2024-09-13T10:52:39+00:00","og_image":[{"width":2560,"height":461,"url":"https:\/\/ucanfast.com\/wp-content\/uploads\/2022\/07\/SDS-PLUS-scaled.jpg","type":"image\/jpeg"}],"twitter_card":"summary_large_image","twitter_misc":{"Dur\u00e9e de lecture estim\u00e9e":"3 minutes"},"schema":{"@context":"https:\/\/schema.org","@graph":[{"@type":"WebPage","@id":"https:\/\/ucanfast.com\/fr\/nos-produits\/forets-sds-plus\/","url":"https:\/\/ucanfast.com\/fr\/nos-produits\/forets-sds-plus\/","name":"Forets \u00ab sds plus \u00bb - UCAN - Fastening Products","isPartOf":{"@id":"https:\/\/ucanfast.com\/fr\/#website"},"datePublished":"2022-07-01T16:02:40+00:00","dateModified":"2024-09-13T10:52:39+00:00","description":"The chisel-shaped carbide drill point rapidly penetrates the material and channels the drilling dust into the patented multi-flute spiral and out of the hole.","breadcrumb":{"@id":"https:\/\/ucanfast.com\/fr\/nos-produits\/forets-sds-plus\/#breadcrumb"},"inLanguage":"fr-FR","potentialAction":[{"@type":"ReadAction","target":["https:\/\/ucanfast.com\/fr\/nos-produits\/forets-sds-plus\/"]}]},{"@type":"BreadcrumbList","@id":"https:\/\/ucanfast.com\/fr\/nos-produits\/forets-sds-plus\/#breadcrumb","itemListElement":[{"@type":"ListItem","position":1,"name":"Accueil","item":"https:\/\/ucanfast.com\/fr\/"},{"@type":"ListItem","position":2,"name":"Nos Produits","item":"https:\/\/ucanfast.com\/fr\/nos-produits\/"},{"@type":"ListItem","position":3,"name":"Forets \u00ab sds plus \u00bb"}]},{"@type":"WebSite","@id":"https:\/\/ucanfast.com\/fr\/#website","url":"https:\/\/ucanfast.com\/fr\/","name":"UCAN Fastening Products","description":"BUILDING LASTING CONNECTIONS","publisher":{"@id":"https:\/\/ucanfast.com\/fr\/#organization"},"potentialAction":[{"@type":"SearchAction","target":{"@type":"EntryPoint","urlTemplate":"https:\/\/ucanfast.com\/fr\/?s={search_term_string}"},"query-input":"required name=search_term_string"}],"inLanguage":"fr-FR"},{"@type":"Organization","@id":"https:\/\/ucanfast.com\/fr\/#organization","name":"UCAN Fastening Products","url":"https:\/\/ucanfast.com\/fr\/","logo":{"@type":"ImageObject","inLanguage":"fr-FR","@id":"https:\/\/ucanfast.com\/fr\/#\/schema\/logo\/image\/","url":"https:\/\/ucanfast.com\/wp-content\/uploads\/2023\/01\/Screen_Shot_2023-01-25_at_12.15.04_PM.png","contentUrl":"https:\/\/ucanfast.com\/wp-content\/uploads\/2023\/01\/Screen_Shot_2023-01-25_at_12.15.04_PM.png","width":350,"height":192,"caption":"UCAN Fastening Products"},"image":{"@id":"https:\/\/ucanfast.com\/fr\/#\/schema\/logo\/image\/"},"sameAs":["https:\/\/ca.linkedin.com\/company\/ucan-fastening-products"]}]}},"_links":{"self":[{"href":"https:\/\/ucanfast.com\/fr\/wp-json\/wp\/v2\/product\/9887"}],"collection":[{"href":"https:\/\/ucanfast.com\/fr\/wp-json\/wp\/v2\/product"}],"about":[{"href":"https:\/\/ucanfast.com\/fr\/wp-json\/wp\/v2\/types\/product"}],"replies":[{"embeddable":true,"href":"https:\/\/ucanfast.com\/fr\/wp-json\/wp\/v2\/comments?post=9887"}],"wp:featuredmedia":[{"embeddable":true,"href":"https:\/\/ucanfast.com\/fr\/wp-json\/wp\/v2\/media\/12690"}],"wp:attachment":[{"href":"https:\/\/ucanfast.com\/fr\/wp-json\/wp\/v2\/media?parent=9887"}],"wp:term":[{"taxonomy":"product_cat","embeddable":true,"href":"https:\/\/ucanfast.com\/fr\/wp-json\/wp\/v2\/product_cat?post=9887"},{"taxonomy":"product_tag","embeddable":true,"href":"https:\/\/ucanfast.com\/fr\/wp-json\/wp\/v2\/product_tag?post=9887"},{"taxonomy":"Group","embeddable":true,"href":"https:\/\/ucanfast.com\/fr\/wp-json\/wp\/v2\/Group?post=9887"}],"curies":[{"name":"wp","href":"https:\/\/api.w.org\/{rel}","templated":true}]}}