{"id":9868,"date":"2022-07-01T11:58:57","date_gmt":"2022-07-01T15:58:57","guid":{"rendered":"https:\/\/ucanstage.wpengine.com\/product\/metal-frame-anchor\/"},"modified":"2024-07-25T11:05:20","modified_gmt":"2024-07-25T15:05:20","slug":"ancrage-pour-structure-metallique","status":"publish","type":"product","link":"https:\/\/ucanfast.com\/fr\/nos-produits\/ancrage-pour-structure-metallique\/","title":{"rendered":"Ancrage pour structure m\u00e9tallique"},"content":{"rendered":"<p>Ancrage pour structure m\u00e9tallique<\/p>\n<div id=\"detaildescription\">\n<p>Comme indiqu\u00e9 par leur appellation, ces ancrages sont tout d\u00e9sign\u00e9s pour les cadres de portes et permettent un espacement facile du cadre. Ils sont galvanis\u00e9s et \u00e0 l\u2019\u00e9preuve du feu.<\/p>\n<h5>CARACT\u00c9RISTIQUES<\/h5>\n<ul>\n<li>Galvanis\u00e9s et \u00e0 l\u2019\u00e9preuve du feu<\/li>\n<li>Permet l\u2019espacement facile des cadres d\u2019ouvertures structurales<\/li>\n<\/ul>\n<\/div>\n<div class=\"partstabletitle\">\n<h5>ANCRAGE POUR STRUCTURE M\u00c9TALLIQUE<\/h5>\n<\/div>\n<div>\n<div>\n<table class=\"detailpartstable\" style=\"height: 80px;\" border=\"0\" width=\"750\" cellspacing=\"0\" cellpadding=\"0\">\n<tbody>\n<tr class=\"headers\">\n<td><strong>N\u00ba de pi\u00e8ce<\/strong><\/td>\n<td><strong>Dimension<br \/>(mm)<\/strong><\/td>\n<td><strong>Qt\u00e9 par<br \/>paquet<\/strong><\/td>\n<td><strong>Poids de<br \/>la caisse<\/strong><\/td>\n<td><strong>Taille de la caisse<\/strong><\/td>\n<\/tr>\n<tr>\n<td>MMR 110<\/td>\n<td>10 x 110<\/td>\n<td>100<\/td>\n<td>12 lbs<\/td>\n<td>7&#8243; x 6&#8243; x 3-1\/2&#8243;<\/td>\n<\/tr>\n<tr>\n<td>MMR 130<\/td>\n<td>10 x 130<\/td>\n<td>100<\/td>\n<td>10 lbs<\/td>\n<td>7&#8243; x 6&#8243; x 3-1\/2&#8243;<\/td>\n<\/tr>\n<\/tbody>\n<\/table>\n<\/div>\n<\/div>\n","protected":false},"excerpt":{"rendered":"<p>Ancrage pour structure m\u00e9tallique<\/p>\n<div id=\"detaildescription\">\n<p>Comme indiqu\u00e9 par leur appellation, ces ancrages sont tout d\u00e9sign\u00e9s pour les cadres de portes et permettent un espacement facile du cadre. Ils sont galvanis\u00e9s et \u00e0 l\u2019\u00e9preuve du feu.<\/p>\n<\/div>\n","protected":false},"featured_media":5884,"comment_status":"open","ping_status":"closed","template":"","meta":[],"product_cat":[1562,1601],"product_tag":[],"Group":[],"acf":[],"yoast_head":"<!-- This site is optimized with the Yoast SEO plugin v20.11 - https:\/\/yoast.com\/wordpress\/plugins\/seo\/ -->\n<title>Ancrage pour structure m\u00e9tallique - UCAN - Fastening Products<\/title>\n<meta name=\"description\" content=\"As the name implies, these anchors are suited for door frames and allows easy spacing of frame. They are galvanized and fire resistant.\" \/>\n<meta name=\"robots\" content=\"noindex, follow\" \/>\n<meta property=\"og:locale\" content=\"fr_FR\" \/>\n<meta property=\"og:type\" content=\"article\" \/>\n<meta property=\"og:title\" content=\"Ancrage pour structure m\u00e9tallique - UCAN - Fastening Products\" \/>\n<meta property=\"og:description\" content=\"As the name implies, these anchors are suited for door frames and allows easy spacing of frame. They are galvanized and fire resistant.\" \/>\n<meta property=\"og:url\" content=\"https:\/\/ucanfast.com\/fr\/nos-produits\/ancrage-pour-structure-metallique\/\" \/>\n<meta property=\"og:site_name\" content=\"UCAN - Fastening Products\" \/>\n<meta property=\"article:modified_time\" content=\"2024-07-25T15:05:20+00:00\" \/>\n<meta property=\"og:image\" content=\"https:\/\/ucanfast.com\/wp-content\/uploads\/2022\/07\/Metal-Frame-Anchor.jpg\" \/>\n\t<meta property=\"og:image:width\" content=\"861\" \/>\n\t<meta property=\"og:image:height\" content=\"272\" \/>\n\t<meta property=\"og:image:type\" content=\"image\/jpeg\" \/>\n<meta name=\"twitter:card\" content=\"summary_large_image\" \/>\n<meta name=\"twitter:label1\" content=\"Dur\u00e9e de lecture estim\u00e9e\" \/>\n\t<meta name=\"twitter:data1\" content=\"1 minute\" \/>\n<script type=\"application\/ld+json\" class=\"yoast-schema-graph\">{\"@context\":\"https:\/\/schema.org\",\"@graph\":[{\"@type\":\"WebPage\",\"@id\":\"https:\/\/ucanfast.com\/fr\/nos-produits\/ancrage-pour-structure-metallique\/\",\"url\":\"https:\/\/ucanfast.com\/fr\/nos-produits\/ancrage-pour-structure-metallique\/\",\"name\":\"Ancrage pour structure m\u00e9tallique - UCAN - Fastening Products\",\"isPartOf\":{\"@id\":\"https:\/\/ucanfast.com\/fr\/#website\"},\"datePublished\":\"2022-07-01T15:58:57+00:00\",\"dateModified\":\"2024-07-25T15:05:20+00:00\",\"description\":\"As the name implies, these anchors are suited for door frames and allows easy spacing of frame. They are galvanized and fire resistant.\",\"breadcrumb\":{\"@id\":\"https:\/\/ucanfast.com\/fr\/nos-produits\/ancrage-pour-structure-metallique\/#breadcrumb\"},\"inLanguage\":\"fr-FR\",\"potentialAction\":[{\"@type\":\"ReadAction\",\"target\":[\"https:\/\/ucanfast.com\/fr\/nos-produits\/ancrage-pour-structure-metallique\/\"]}]},{\"@type\":\"BreadcrumbList\",\"@id\":\"https:\/\/ucanfast.com\/fr\/nos-produits\/ancrage-pour-structure-metallique\/#breadcrumb\",\"itemListElement\":[{\"@type\":\"ListItem\",\"position\":1,\"name\":\"Accueil\",\"item\":\"https:\/\/ucanfast.com\/fr\/\"},{\"@type\":\"ListItem\",\"position\":2,\"name\":\"Nos Produits\",\"item\":\"https:\/\/ucanfast.com\/fr\/nos-produits\/\"},{\"@type\":\"ListItem\",\"position\":3,\"name\":\"Ancrage pour structure m\u00e9tallique\"}]},{\"@type\":\"WebSite\",\"@id\":\"https:\/\/ucanfast.com\/fr\/#website\",\"url\":\"https:\/\/ucanfast.com\/fr\/\",\"name\":\"UCAN Fastening Products\",\"description\":\"BUILDING LASTING CONNECTIONS\",\"publisher\":{\"@id\":\"https:\/\/ucanfast.com\/fr\/#organization\"},\"potentialAction\":[{\"@type\":\"SearchAction\",\"target\":{\"@type\":\"EntryPoint\",\"urlTemplate\":\"https:\/\/ucanfast.com\/fr\/?s={search_term_string}\"},\"query-input\":\"required name=search_term_string\"}],\"inLanguage\":\"fr-FR\"},{\"@type\":\"Organization\",\"@id\":\"https:\/\/ucanfast.com\/fr\/#organization\",\"name\":\"UCAN Fastening Products\",\"url\":\"https:\/\/ucanfast.com\/fr\/\",\"logo\":{\"@type\":\"ImageObject\",\"inLanguage\":\"fr-FR\",\"@id\":\"https:\/\/ucanfast.com\/fr\/#\/schema\/logo\/image\/\",\"url\":\"https:\/\/ucanfast.com\/wp-content\/uploads\/2023\/01\/Screen_Shot_2023-01-25_at_12.15.04_PM.png\",\"contentUrl\":\"https:\/\/ucanfast.com\/wp-content\/uploads\/2023\/01\/Screen_Shot_2023-01-25_at_12.15.04_PM.png\",\"width\":350,\"height\":192,\"caption\":\"UCAN Fastening Products\"},\"image\":{\"@id\":\"https:\/\/ucanfast.com\/fr\/#\/schema\/logo\/image\/\"},\"sameAs\":[\"https:\/\/ca.linkedin.com\/company\/ucan-fastening-products\"]}]}<\/script>\n<!-- \/ Yoast SEO plugin. -->","yoast_head_json":{"title":"Ancrage pour structure m\u00e9tallique - UCAN - Fastening Products","description":"As the name implies, these anchors are suited for door frames and allows easy spacing of frame. They are galvanized and fire resistant.","robots":{"index":"noindex","follow":"follow"},"og_locale":"fr_FR","og_type":"article","og_title":"Ancrage pour structure m\u00e9tallique - UCAN - Fastening Products","og_description":"As the name implies, these anchors are suited for door frames and allows easy spacing of frame. They are galvanized and fire resistant.","og_url":"https:\/\/ucanfast.com\/fr\/nos-produits\/ancrage-pour-structure-metallique\/","og_site_name":"UCAN - Fastening Products","article_modified_time":"2024-07-25T15:05:20+00:00","og_image":[{"width":861,"height":272,"url":"https:\/\/ucanfast.com\/wp-content\/uploads\/2022\/07\/Metal-Frame-Anchor.jpg","type":"image\/jpeg"}],"twitter_card":"summary_large_image","twitter_misc":{"Dur\u00e9e de lecture estim\u00e9e":"1 minute"},"schema":{"@context":"https:\/\/schema.org","@graph":[{"@type":"WebPage","@id":"https:\/\/ucanfast.com\/fr\/nos-produits\/ancrage-pour-structure-metallique\/","url":"https:\/\/ucanfast.com\/fr\/nos-produits\/ancrage-pour-structure-metallique\/","name":"Ancrage pour structure m\u00e9tallique - UCAN - Fastening Products","isPartOf":{"@id":"https:\/\/ucanfast.com\/fr\/#website"},"datePublished":"2022-07-01T15:58:57+00:00","dateModified":"2024-07-25T15:05:20+00:00","description":"As the name implies, these anchors are suited for door frames and allows easy spacing of frame. They are galvanized and fire resistant.","breadcrumb":{"@id":"https:\/\/ucanfast.com\/fr\/nos-produits\/ancrage-pour-structure-metallique\/#breadcrumb"},"inLanguage":"fr-FR","potentialAction":[{"@type":"ReadAction","target":["https:\/\/ucanfast.com\/fr\/nos-produits\/ancrage-pour-structure-metallique\/"]}]},{"@type":"BreadcrumbList","@id":"https:\/\/ucanfast.com\/fr\/nos-produits\/ancrage-pour-structure-metallique\/#breadcrumb","itemListElement":[{"@type":"ListItem","position":1,"name":"Accueil","item":"https:\/\/ucanfast.com\/fr\/"},{"@type":"ListItem","position":2,"name":"Nos Produits","item":"https:\/\/ucanfast.com\/fr\/nos-produits\/"},{"@type":"ListItem","position":3,"name":"Ancrage pour structure m\u00e9tallique"}]},{"@type":"WebSite","@id":"https:\/\/ucanfast.com\/fr\/#website","url":"https:\/\/ucanfast.com\/fr\/","name":"UCAN Fastening Products","description":"BUILDING LASTING CONNECTIONS","publisher":{"@id":"https:\/\/ucanfast.com\/fr\/#organization"},"potentialAction":[{"@type":"SearchAction","target":{"@type":"EntryPoint","urlTemplate":"https:\/\/ucanfast.com\/fr\/?s={search_term_string}"},"query-input":"required name=search_term_string"}],"inLanguage":"fr-FR"},{"@type":"Organization","@id":"https:\/\/ucanfast.com\/fr\/#organization","name":"UCAN Fastening Products","url":"https:\/\/ucanfast.com\/fr\/","logo":{"@type":"ImageObject","inLanguage":"fr-FR","@id":"https:\/\/ucanfast.com\/fr\/#\/schema\/logo\/image\/","url":"https:\/\/ucanfast.com\/wp-content\/uploads\/2023\/01\/Screen_Shot_2023-01-25_at_12.15.04_PM.png","contentUrl":"https:\/\/ucanfast.com\/wp-content\/uploads\/2023\/01\/Screen_Shot_2023-01-25_at_12.15.04_PM.png","width":350,"height":192,"caption":"UCAN Fastening Products"},"image":{"@id":"https:\/\/ucanfast.com\/fr\/#\/schema\/logo\/image\/"},"sameAs":["https:\/\/ca.linkedin.com\/company\/ucan-fastening-products"]}]}},"_links":{"self":[{"href":"https:\/\/ucanfast.com\/fr\/wp-json\/wp\/v2\/product\/9868"}],"collection":[{"href":"https:\/\/ucanfast.com\/fr\/wp-json\/wp\/v2\/product"}],"about":[{"href":"https:\/\/ucanfast.com\/fr\/wp-json\/wp\/v2\/types\/product"}],"replies":[{"embeddable":true,"href":"https:\/\/ucanfast.com\/fr\/wp-json\/wp\/v2\/comments?post=9868"}],"wp:featuredmedia":[{"embeddable":true,"href":"https:\/\/ucanfast.com\/fr\/wp-json\/wp\/v2\/media\/5884"}],"wp:attachment":[{"href":"https:\/\/ucanfast.com\/fr\/wp-json\/wp\/v2\/media?parent=9868"}],"wp:term":[{"taxonomy":"product_cat","embeddable":true,"href":"https:\/\/ucanfast.com\/fr\/wp-json\/wp\/v2\/product_cat?post=9868"},{"taxonomy":"product_tag","embeddable":true,"href":"https:\/\/ucanfast.com\/fr\/wp-json\/wp\/v2\/product_tag?post=9868"},{"taxonomy":"Group","embeddable":true,"href":"https:\/\/ucanfast.com\/fr\/wp-json\/wp\/v2\/Group?post=9868"}],"curies":[{"name":"wp","href":"https:\/\/api.w.org\/{rel}","templated":true}]}}