{"id":9846,"date":"2022-07-01T11:59:37","date_gmt":"2022-07-01T15:59:37","guid":{"rendered":"https:\/\/ucanstage.wpengine.com\/product\/metal-hollow-wall-anchors-drive-type-anchors\/"},"modified":"2024-07-25T11:27:07","modified_gmt":"2024-07-25T15:27:07","slug":"ancrage-a-insertion-forcee-pour-murs-creux","status":"publish","type":"product","link":"https:\/\/ucanfast.com\/fr\/nos-produits\/ancrage-a-insertion-forcee-pour-murs-creux\/","title":{"rendered":"Ancrage \u00e0 insertion forc\u00e9e pour murs creux"},"content":{"rendered":"<p><strong>Zingu\u00e9e<\/strong><\/p>\n<p>Ces ancrages pour murs creux de UCAN sont des ancrages \u00e0 vis de type \u00e0 expansion pour charge l\u00e9g\u00e8re con\u00e7us sp\u00e9cifiquement pour fixation dans les murs creux fabriqu\u00e9s de panneaux de gypse, de pl\u00e2tre ou de panneaux muraux. Disponibles en diam\u00e8tre de vis de 1\/8 po \u00e0 \u00bc po (3,2 \u00e0 6,4 mm). Apr\u00e8s l\u2019installation, l\u2019ancrage forme une surface de soutien sous doigts repliables assurant une fixation stable et fiable. Ces ancrages sont fournis assembl\u00e9s et poss\u00e8dent une t\u00eate \u00e0 prise combin\u00e9e pour tournevis carr\u00e9 ou plat. \u00c9galement disponibles en format de 1\/8 po (3,2 mm) en temps que type \u00e0 insertion forc\u00e9e ne n\u00e9cessitant pas de pr\u00e9 per\u00e7age.<\/p>\n<h5>CARACT\u00c9RISTIQUES<\/h5>\n<ul>\n<li>Unit\u00e9 monopi\u00e8ce pour installation rapide<\/li>\n<li>S\u2019installe \u00e0 l\u2019aide de l\u2019outil de fixation pour murs creux ou un tournevis<\/li>\n<li>Les unit\u00e9s \u00e0 insertion ne requi\u00e8rent pas de pr\u00e9 per\u00e7age<\/li>\n<\/ul>\n<h5>APPLICATIONS TYPIQUES:<\/h5>\n<ul>\n<li>Fixation dans les structures creuses<\/li>\n<li>Applications \u00e0 charge l\u00e9g\u00e8re<\/li>\n<li>Fixations dans les panneaux de rev\u00eatement<\/li>\n<li>\u00c9tag\u00e8res \u00e0 faible charge<\/li>\n<\/ul>\n<p>&nbsp;<\/p>\n<div class=\"partstabletitle\">\n<div class=\"partstabletitle\">\n<h5>ANCRAGE \u00c0 INSERTION FORC\u00c9E POUR MURS CREUX<\/h5>\n<\/div>\n<\/div>\n<div class=\"partstabletitleimage\"><img decoding=\"async\" loading=\"lazy\" class=\"alignnone size-medium wp-image-5897\" src=\"https:\/\/ucanfast.com\/wp-content\/uploads\/2022\/07\/Metal-Hollow-Wall-Anchors-Drive-Type-Anchors-300x101.jpg\" alt=\"\" width=\"300\" height=\"101\" srcset=\"https:\/\/ucanfast.com\/wp-content\/uploads\/2022\/07\/Metal-Hollow-Wall-Anchors-Drive-Type-Anchors-300x101.jpg 300w, https:\/\/ucanfast.com\/wp-content\/uploads\/2022\/07\/Metal-Hollow-Wall-Anchors-Drive-Type-Anchors-600x202.jpg 600w, https:\/\/ucanfast.com\/wp-content\/uploads\/2022\/07\/Metal-Hollow-Wall-Anchors-Drive-Type-Anchors-150x50.jpg 150w, https:\/\/ucanfast.com\/wp-content\/uploads\/2022\/07\/Metal-Hollow-Wall-Anchors-Drive-Type-Anchors-100x34.jpg 100w, https:\/\/ucanfast.com\/wp-content\/uploads\/2022\/07\/Metal-Hollow-Wall-Anchors-Drive-Type-Anchors.jpg 719w\" sizes=\"(max-width: 300px) 100vw, 300px\" \/><\/div>\n<div>\n<table class=\"detailpartstable\" style=\"height: 107px;\" border=\"0\" width=\"850\" cellspacing=\"0\" cellpadding=\"0\">\n<tbody>\n<tr class=\"headers\">\n<td><strong>N\u00ba de pi\u00e8ce<\/strong><\/td>\n<td><strong>Dimension<\/strong><\/td>\n<td><strong>Plage<br \/>d\u2019agrippement<\/strong><\/td>\n<td><strong>Qt\u00e9 par<br \/>paquet<\/strong><\/td>\n<td><strong>Qt\u00e9 par<br \/>caisse<\/strong><\/td>\n<td><strong>Poids de<br \/>la caisse<\/strong><\/td>\n<td><strong>Taille de la caisse<\/strong><\/td>\n<\/tr>\n<tr>\n<td>MWD 18S<\/td>\n<td>1\/8 x 1-1\/4<\/td>\n<td>1\/8-1\/2<\/td>\n<td>100<\/td>\n<td>1,000<\/td>\n<td>15 lbs<\/td>\n<td>4-3\/4&#8243; x 15-3\/4&#8243; x 7&#8243;<\/td>\n<\/tr>\n<tr>\n<td>MWD 18SL<\/td>\n<td>1\/8 x 1-3\/4<\/td>\n<td>1\/8-3\/4<\/td>\n<td>100<\/td>\n<td>1,000<\/td>\n<td>15 lbs<\/td>\n<td>4-3\/4&#8243; x 15-3\/4&#8243; x 7&#8243;<\/td>\n<\/tr>\n<tr>\n<td>MWD 18L<\/td>\n<td>1\/8 x 1-3\/4<\/td>\n<td>5\/8-7\/8<\/td>\n<td>100<\/td>\n<td>1,000<\/td>\n<td>19 lbs<\/td>\n<td>4-3\/4&#8243; x 15-3\/4&#8243; x 7&#8243;<\/td>\n<\/tr>\n<\/tbody>\n<\/table>\n<\/div>\n","protected":false},"excerpt":{"rendered":"<p>L&#8217;ancrage \u00e0 paroi creuse UCAN est un ancrage \u00e0 expansion de type vis \u00e0 usage l\u00e9ger con\u00e7u sp\u00e9cifiquement pour la fixation sur les murs creux, construits en placopl\u00e2tre, en pl\u00e2tre ou en panneau de cloison s\u00e8che. Il est disponible dans des tailles de vis de 1\/8&#8243; \u00e0 1\/4&#8243;.<\/p>\n","protected":false},"featured_media":13108,"comment_status":"open","ping_status":"closed","template":"","meta":[],"product_cat":[1639,1638],"product_tag":[],"Group":[],"acf":[],"yoast_head":"<!-- This site is optimized with the Yoast SEO plugin v20.11 - https:\/\/yoast.com\/wordpress\/plugins\/seo\/ -->\n<title>Ancrage \u00e0 insertion forc\u00e9e pour murs creux - UCAN - Fastening Products<\/title>\n<meta name=\"description\" content=\"It&#039;s a light duty screw type expansion anchor designed specifically for fastening to cavity walls, constructed of drywall, plaster or wallboard\" \/>\n<meta name=\"robots\" content=\"noindex, follow\" \/>\n<meta property=\"og:locale\" content=\"fr_FR\" \/>\n<meta property=\"og:type\" content=\"article\" \/>\n<meta property=\"og:title\" content=\"Ancrage \u00e0 insertion forc\u00e9e pour murs creux - UCAN - Fastening Products\" \/>\n<meta property=\"og:description\" content=\"It&#039;s a light duty screw type expansion anchor designed specifically for fastening to cavity walls, constructed of drywall, plaster or wallboard\" \/>\n<meta property=\"og:url\" content=\"https:\/\/ucanfast.com\/fr\/nos-produits\/ancrage-a-insertion-forcee-pour-murs-creux\/\" \/>\n<meta property=\"og:site_name\" content=\"UCAN - Fastening Products\" \/>\n<meta property=\"article:modified_time\" content=\"2024-07-25T15:27:07+00:00\" \/>\n<meta property=\"og:image\" content=\"https:\/\/ucanfast.com\/wp-content\/uploads\/2022\/07\/MWD-scaled.jpg\" \/>\n\t<meta property=\"og:image:width\" content=\"2560\" \/>\n\t<meta property=\"og:image:height\" content=\"728\" \/>\n\t<meta property=\"og:image:type\" content=\"image\/jpeg\" \/>\n<meta name=\"twitter:card\" content=\"summary_large_image\" \/>\n<meta name=\"twitter:label1\" content=\"Dur\u00e9e de lecture estim\u00e9e\" \/>\n\t<meta name=\"twitter:data1\" content=\"2 minutes\" \/>\n<script type=\"application\/ld+json\" class=\"yoast-schema-graph\">{\"@context\":\"https:\/\/schema.org\",\"@graph\":[{\"@type\":\"WebPage\",\"@id\":\"https:\/\/ucanfast.com\/fr\/nos-produits\/ancrage-a-insertion-forcee-pour-murs-creux\/\",\"url\":\"https:\/\/ucanfast.com\/fr\/nos-produits\/ancrage-a-insertion-forcee-pour-murs-creux\/\",\"name\":\"Ancrage \u00e0 insertion forc\u00e9e pour murs creux - UCAN - Fastening Products\",\"isPartOf\":{\"@id\":\"https:\/\/ucanfast.com\/fr\/#website\"},\"datePublished\":\"2022-07-01T15:59:37+00:00\",\"dateModified\":\"2024-07-25T15:27:07+00:00\",\"description\":\"It's a light duty screw type expansion anchor designed specifically for fastening to cavity walls, constructed of drywall, plaster or wallboard\",\"breadcrumb\":{\"@id\":\"https:\/\/ucanfast.com\/fr\/nos-produits\/ancrage-a-insertion-forcee-pour-murs-creux\/#breadcrumb\"},\"inLanguage\":\"fr-FR\",\"potentialAction\":[{\"@type\":\"ReadAction\",\"target\":[\"https:\/\/ucanfast.com\/fr\/nos-produits\/ancrage-a-insertion-forcee-pour-murs-creux\/\"]}]},{\"@type\":\"BreadcrumbList\",\"@id\":\"https:\/\/ucanfast.com\/fr\/nos-produits\/ancrage-a-insertion-forcee-pour-murs-creux\/#breadcrumb\",\"itemListElement\":[{\"@type\":\"ListItem\",\"position\":1,\"name\":\"Accueil\",\"item\":\"https:\/\/ucanfast.com\/fr\/\"},{\"@type\":\"ListItem\",\"position\":2,\"name\":\"Nos Produits\",\"item\":\"https:\/\/ucanfast.com\/fr\/nos-produits\/\"},{\"@type\":\"ListItem\",\"position\":3,\"name\":\"Ancrage \u00e0 insertion forc\u00e9e pour murs creux\"}]},{\"@type\":\"WebSite\",\"@id\":\"https:\/\/ucanfast.com\/fr\/#website\",\"url\":\"https:\/\/ucanfast.com\/fr\/\",\"name\":\"UCAN Fastening Products\",\"description\":\"BUILDING LASTING CONNECTIONS\",\"publisher\":{\"@id\":\"https:\/\/ucanfast.com\/fr\/#organization\"},\"potentialAction\":[{\"@type\":\"SearchAction\",\"target\":{\"@type\":\"EntryPoint\",\"urlTemplate\":\"https:\/\/ucanfast.com\/fr\/?s={search_term_string}\"},\"query-input\":\"required name=search_term_string\"}],\"inLanguage\":\"fr-FR\"},{\"@type\":\"Organization\",\"@id\":\"https:\/\/ucanfast.com\/fr\/#organization\",\"name\":\"UCAN Fastening Products\",\"url\":\"https:\/\/ucanfast.com\/fr\/\",\"logo\":{\"@type\":\"ImageObject\",\"inLanguage\":\"fr-FR\",\"@id\":\"https:\/\/ucanfast.com\/fr\/#\/schema\/logo\/image\/\",\"url\":\"https:\/\/ucanfast.com\/wp-content\/uploads\/2023\/01\/Screen_Shot_2023-01-25_at_12.15.04_PM.png\",\"contentUrl\":\"https:\/\/ucanfast.com\/wp-content\/uploads\/2023\/01\/Screen_Shot_2023-01-25_at_12.15.04_PM.png\",\"width\":350,\"height\":192,\"caption\":\"UCAN Fastening Products\"},\"image\":{\"@id\":\"https:\/\/ucanfast.com\/fr\/#\/schema\/logo\/image\/\"},\"sameAs\":[\"https:\/\/ca.linkedin.com\/company\/ucan-fastening-products\"]}]}<\/script>\n<!-- \/ Yoast SEO plugin. -->","yoast_head_json":{"title":"Ancrage \u00e0 insertion forc\u00e9e pour murs creux - UCAN - Fastening Products","description":"It's a light duty screw type expansion anchor designed specifically for fastening to cavity walls, constructed of drywall, plaster or wallboard","robots":{"index":"noindex","follow":"follow"},"og_locale":"fr_FR","og_type":"article","og_title":"Ancrage \u00e0 insertion forc\u00e9e pour murs creux - UCAN - Fastening Products","og_description":"It's a light duty screw type expansion anchor designed specifically for fastening to cavity walls, constructed of drywall, plaster or wallboard","og_url":"https:\/\/ucanfast.com\/fr\/nos-produits\/ancrage-a-insertion-forcee-pour-murs-creux\/","og_site_name":"UCAN - Fastening Products","article_modified_time":"2024-07-25T15:27:07+00:00","og_image":[{"width":2560,"height":728,"url":"https:\/\/ucanfast.com\/wp-content\/uploads\/2022\/07\/MWD-scaled.jpg","type":"image\/jpeg"}],"twitter_card":"summary_large_image","twitter_misc":{"Dur\u00e9e de lecture estim\u00e9e":"2 minutes"},"schema":{"@context":"https:\/\/schema.org","@graph":[{"@type":"WebPage","@id":"https:\/\/ucanfast.com\/fr\/nos-produits\/ancrage-a-insertion-forcee-pour-murs-creux\/","url":"https:\/\/ucanfast.com\/fr\/nos-produits\/ancrage-a-insertion-forcee-pour-murs-creux\/","name":"Ancrage \u00e0 insertion forc\u00e9e pour murs creux - UCAN - Fastening Products","isPartOf":{"@id":"https:\/\/ucanfast.com\/fr\/#website"},"datePublished":"2022-07-01T15:59:37+00:00","dateModified":"2024-07-25T15:27:07+00:00","description":"It's a light duty screw type expansion anchor designed specifically for fastening to cavity walls, constructed of drywall, plaster or wallboard","breadcrumb":{"@id":"https:\/\/ucanfast.com\/fr\/nos-produits\/ancrage-a-insertion-forcee-pour-murs-creux\/#breadcrumb"},"inLanguage":"fr-FR","potentialAction":[{"@type":"ReadAction","target":["https:\/\/ucanfast.com\/fr\/nos-produits\/ancrage-a-insertion-forcee-pour-murs-creux\/"]}]},{"@type":"BreadcrumbList","@id":"https:\/\/ucanfast.com\/fr\/nos-produits\/ancrage-a-insertion-forcee-pour-murs-creux\/#breadcrumb","itemListElement":[{"@type":"ListItem","position":1,"name":"Accueil","item":"https:\/\/ucanfast.com\/fr\/"},{"@type":"ListItem","position":2,"name":"Nos Produits","item":"https:\/\/ucanfast.com\/fr\/nos-produits\/"},{"@type":"ListItem","position":3,"name":"Ancrage \u00e0 insertion forc\u00e9e pour murs creux"}]},{"@type":"WebSite","@id":"https:\/\/ucanfast.com\/fr\/#website","url":"https:\/\/ucanfast.com\/fr\/","name":"UCAN Fastening Products","description":"BUILDING LASTING CONNECTIONS","publisher":{"@id":"https:\/\/ucanfast.com\/fr\/#organization"},"potentialAction":[{"@type":"SearchAction","target":{"@type":"EntryPoint","urlTemplate":"https:\/\/ucanfast.com\/fr\/?s={search_term_string}"},"query-input":"required name=search_term_string"}],"inLanguage":"fr-FR"},{"@type":"Organization","@id":"https:\/\/ucanfast.com\/fr\/#organization","name":"UCAN Fastening Products","url":"https:\/\/ucanfast.com\/fr\/","logo":{"@type":"ImageObject","inLanguage":"fr-FR","@id":"https:\/\/ucanfast.com\/fr\/#\/schema\/logo\/image\/","url":"https:\/\/ucanfast.com\/wp-content\/uploads\/2023\/01\/Screen_Shot_2023-01-25_at_12.15.04_PM.png","contentUrl":"https:\/\/ucanfast.com\/wp-content\/uploads\/2023\/01\/Screen_Shot_2023-01-25_at_12.15.04_PM.png","width":350,"height":192,"caption":"UCAN Fastening Products"},"image":{"@id":"https:\/\/ucanfast.com\/fr\/#\/schema\/logo\/image\/"},"sameAs":["https:\/\/ca.linkedin.com\/company\/ucan-fastening-products"]}]}},"_links":{"self":[{"href":"https:\/\/ucanfast.com\/fr\/wp-json\/wp\/v2\/product\/9846"}],"collection":[{"href":"https:\/\/ucanfast.com\/fr\/wp-json\/wp\/v2\/product"}],"about":[{"href":"https:\/\/ucanfast.com\/fr\/wp-json\/wp\/v2\/types\/product"}],"replies":[{"embeddable":true,"href":"https:\/\/ucanfast.com\/fr\/wp-json\/wp\/v2\/comments?post=9846"}],"wp:featuredmedia":[{"embeddable":true,"href":"https:\/\/ucanfast.com\/fr\/wp-json\/wp\/v2\/media\/13108"}],"wp:attachment":[{"href":"https:\/\/ucanfast.com\/fr\/wp-json\/wp\/v2\/media?parent=9846"}],"wp:term":[{"taxonomy":"product_cat","embeddable":true,"href":"https:\/\/ucanfast.com\/fr\/wp-json\/wp\/v2\/product_cat?post=9846"},{"taxonomy":"product_tag","embeddable":true,"href":"https:\/\/ucanfast.com\/fr\/wp-json\/wp\/v2\/product_tag?post=9846"},{"taxonomy":"Group","embeddable":true,"href":"https:\/\/ucanfast.com\/fr\/wp-json\/wp\/v2\/Group?post=9846"}],"curies":[{"name":"wp","href":"https:\/\/api.w.org\/{rel}","templated":true}]}}