{"id":9788,"date":"2022-07-01T12:01:05","date_gmt":"2022-07-01T16:01:05","guid":{"rendered":"https:\/\/ucanstage.wpengine.com\/product\/square-recess-bits-1-piece-round-shank\/"},"modified":"2024-07-22T16:36:27","modified_gmt":"2024-07-22T20:36:27","slug":"embouts-pour-tetes-a-prise-carree-monopiece-a-queue-ronde","status":"publish","type":"product","link":"https:\/\/ucanfast.com\/fr\/nos-produits\/embouts-pour-tetes-a-prise-carree-monopiece-a-queue-ronde\/","title":{"rendered":"Embouts pour t\u00eates \u00e0 prise carr\u00e9e &#8211; Monopi\u00e8ce \u00e0 queue ronde"},"content":{"rendered":"<p>Embouts pour t\u00eates \u00e0 prise carr\u00e9e &#8211; Monopi\u00e8ce \u00e0 queue ronde<\/p>\n<div class=\"partstabletitle\">\n<h5>MONOPI\u00c8CE \u00c0 QUEUE RONDE<\/h5>\n<table class=\"detailpartstable\" style=\"height: 424px;\" border=\"0\" width=\"850\" cellspacing=\"0\" cellpadding=\"0\">\n<tbody>\n<tr class=\"headers\">\n<td><strong>N\u00ba de pi\u00e8ce<\/strong><\/td>\n<td style=\"width: 40%;\"><strong>Description<\/strong><\/td>\n<td><strong>Paquet<br \/>Standard<\/strong><\/td>\n<td><strong>Poids du<br \/>paquet<\/strong><\/td>\n<td><strong>Taille du paquet<\/strong><\/td>\n<\/tr>\n<tr>\n<td>RB01<\/td>\n<td>Embout pour t\u00eate \u00e0 prise carr\u00e9e No. 0 x 1<\/td>\n<td>25<\/td>\n<td>0.25 lbs<\/td>\n<td>4-1\/2&#8243; x 4-1\/2&#8243; x 1\/4&#8243;<\/td>\n<\/tr>\n<tr>\n<td>RB21<\/td>\n<td>Embout pour t\u00eate \u00e0 prise carr\u00e9e No. 2 x 1<\/td>\n<td>25<\/td>\n<td>0.25 lbs<\/td>\n<td>4-1\/2&#8243; x 4&#8243; x 1\/4&#8243;<\/td>\n<\/tr>\n<tr>\n<td>RB31<\/td>\n<td>Embout pour t\u00eate \u00e0 prise carr\u00e9e No. 3 x 1<\/td>\n<td>25<\/td>\n<td>0.25 lbs<\/td>\n<td>4-1\/2&#8243; x 4&#8243; x 1\/4&#8243;<\/td>\n<\/tr>\n<tr>\n<td>RB02<\/td>\n<td>Embout pour t\u00eate \u00e0 prise carr\u00e9e No. 0 x 2<\/td>\n<td>25<\/td>\n<td>0.5 lbs<\/td>\n<td>4-1\/2&#8243; x 4&#8243; x 1\/4&#8243;<\/td>\n<\/tr>\n<tr>\n<td>RB12<\/td>\n<td>Embout pour t\u00eate \u00e0 prise carr\u00e9e No. 1 x 2<\/td>\n<td>25<\/td>\n<td>0.5 lbs<\/td>\n<td>4-1\/2&#8243; x 4&#8243; x 1\/4&#8243;<\/td>\n<\/tr>\n<tr>\n<td>RB22<\/td>\n<td>Embout pour t\u00eate \u00e0 prise carr\u00e9e No. 2 x 2<\/td>\n<td>25<\/td>\n<td>0.5 lbs<\/td>\n<td>5-1\/2&#8243; x 3&#8243; x 1\/2&#8243;<\/td>\n<\/tr>\n<tr>\n<td>RB32<\/td>\n<td>Embout pour t\u00eate \u00e0 prise carr\u00e9e No. 3 x 2<\/td>\n<td>25<\/td>\n<td>0.75 lbs<\/td>\n<td>4-1\/4&#8243; x 4&#8243; x 1\/4&#8243;<\/td>\n<\/tr>\n<tr>\n<td>RB13<\/td>\n<td>Embout pour t\u00eate \u00e0 prise carr\u00e9e No. 1 x 3<\/td>\n<td>25<\/td>\n<td>0.75 lbs<\/td>\n<td>4&#8243; x 4&#8243; x 1\/4&#8243;<\/td>\n<\/tr>\n<tr>\n<td>RB23<\/td>\n<td>Embout pour t\u00eate \u00e0 prise carr\u00e9e No. 2 x 3<\/td>\n<td>25<\/td>\n<td>1 lb<\/td>\n<td>4&#8243; x 4&#8243; x 1\/2&#8243;<\/td>\n<\/tr>\n<tr>\n<td>RB33<\/td>\n<td>Embout pour t\u00eate \u00e0 prise carr\u00e9e No. 3 x 3<\/td>\n<td>25<\/td>\n<td>0.5 lbs<\/td>\n<td>5-1\/2&#8243; x 3&#8243; x 1\/4&#8243;<\/td>\n<\/tr>\n<tr>\n<td>RB24<\/td>\n<td>Embout pour t\u00eate \u00e0 prise carr\u00e9e No. 2 x 4<\/td>\n<td>25<\/td>\n<td>1.25 lbs<\/td>\n<td>5-1\/2&#8243; x 2-1\/2&#8243; x 1\/2&#8243;<\/td>\n<\/tr>\n<tr>\n<td>RB34<\/td>\n<td>Embout pour t\u00eate \u00e0 prise carr\u00e9e No. 3 x 4<\/td>\n<td>25<\/td>\n<td>1.25 lbs<\/td>\n<td>5&#8243; x 2-1\/2&#8243; x 1\/4&#8243;<\/td>\n<\/tr>\n<tr>\n<td>RB16<\/td>\n<td>Embout pour t\u00eate \u00e0 prise carr\u00e9e No. 1 x 6<\/td>\n<td>1<\/td>\n<td>&#8211;<\/td>\n<td>&#8211;<\/td>\n<\/tr>\n<tr>\n<td>RB26<\/td>\n<td>Embout pour t\u00eate \u00e0 prise carr\u00e9e No. 2 x 6<\/td>\n<td>1<\/td>\n<td>&#8211;<\/td>\n<td>&#8211;<\/td>\n<\/tr>\n<tr>\n<td>RB36<\/td>\n<td>Embout pour t\u00eate \u00e0 prise carr\u00e9e No. 3 x 6<\/td>\n<td>1<\/td>\n<td>&#8211;<\/td>\n<td>&#8211;<\/td>\n<\/tr>\n<\/tbody>\n<\/table>\n<\/div>\n","protected":false},"excerpt":{"rendered":"<p>Embouts pour t\u00eates \u00e0 prise carr\u00e9e &#8211; Monopi\u00e8ce \u00e0 queue ronde<\/p>\n","protected":false},"featured_media":13142,"comment_status":"open","ping_status":"closed","template":"","meta":[],"product_cat":[1672,1674],"product_tag":[],"Group":[],"acf":[],"yoast_head":"<!-- This site is optimized with the Yoast SEO plugin v20.11 - https:\/\/yoast.com\/wordpress\/plugins\/seo\/ -->\n<title>Embouts pour t\u00eates \u00e0 prise carr\u00e9e - Monopi\u00e8ce \u00e0 queue ronde - UCAN - Fastening Products<\/title>\n<meta name=\"description\" content=\"UCAN products are made to the highest quality standards. Each production batch is strictly quality-controlled to assure consistent performance.\" \/>\n<meta name=\"robots\" content=\"noindex, follow\" \/>\n<meta property=\"og:locale\" content=\"fr_FR\" \/>\n<meta property=\"og:type\" content=\"article\" \/>\n<meta property=\"og:title\" content=\"Embouts pour t\u00eates \u00e0 prise carr\u00e9e - Monopi\u00e8ce \u00e0 queue ronde - UCAN - Fastening Products\" \/>\n<meta property=\"og:description\" content=\"UCAN products are made to the highest quality standards. Each production batch is strictly quality-controlled to assure consistent performance.\" \/>\n<meta property=\"og:url\" content=\"https:\/\/ucanfast.com\/fr\/nos-produits\/embouts-pour-tetes-a-prise-carree-monopiece-a-queue-ronde\/\" \/>\n<meta property=\"og:site_name\" content=\"UCAN - Fastening Products\" \/>\n<meta property=\"article:modified_time\" content=\"2024-07-22T20:36:27+00:00\" \/>\n<meta property=\"og:image\" content=\"https:\/\/ucanfast.com\/wp-content\/uploads\/2022\/07\/SQUARE-RECESS-BITS-e1708459776885.jpg\" \/>\n\t<meta property=\"og:image:width\" content=\"1520\" \/>\n\t<meta property=\"og:image:height\" content=\"535\" \/>\n\t<meta property=\"og:image:type\" content=\"image\/jpeg\" \/>\n<meta name=\"twitter:card\" content=\"summary_large_image\" \/>\n<meta name=\"twitter:label1\" content=\"Dur\u00e9e de lecture estim\u00e9e\" \/>\n\t<meta name=\"twitter:data1\" content=\"1 minute\" \/>\n<script type=\"application\/ld+json\" class=\"yoast-schema-graph\">{\"@context\":\"https:\/\/schema.org\",\"@graph\":[{\"@type\":\"WebPage\",\"@id\":\"https:\/\/ucanfast.com\/fr\/nos-produits\/embouts-pour-tetes-a-prise-carree-monopiece-a-queue-ronde\/\",\"url\":\"https:\/\/ucanfast.com\/fr\/nos-produits\/embouts-pour-tetes-a-prise-carree-monopiece-a-queue-ronde\/\",\"name\":\"Embouts pour t\u00eates \u00e0 prise carr\u00e9e - Monopi\u00e8ce \u00e0 queue ronde - UCAN - Fastening Products\",\"isPartOf\":{\"@id\":\"https:\/\/ucanfast.com\/fr\/#website\"},\"datePublished\":\"2022-07-01T16:01:05+00:00\",\"dateModified\":\"2024-07-22T20:36:27+00:00\",\"description\":\"UCAN products are made to the highest quality standards. Each production batch is strictly quality-controlled to assure consistent performance.\",\"breadcrumb\":{\"@id\":\"https:\/\/ucanfast.com\/fr\/nos-produits\/embouts-pour-tetes-a-prise-carree-monopiece-a-queue-ronde\/#breadcrumb\"},\"inLanguage\":\"fr-FR\",\"potentialAction\":[{\"@type\":\"ReadAction\",\"target\":[\"https:\/\/ucanfast.com\/fr\/nos-produits\/embouts-pour-tetes-a-prise-carree-monopiece-a-queue-ronde\/\"]}]},{\"@type\":\"BreadcrumbList\",\"@id\":\"https:\/\/ucanfast.com\/fr\/nos-produits\/embouts-pour-tetes-a-prise-carree-monopiece-a-queue-ronde\/#breadcrumb\",\"itemListElement\":[{\"@type\":\"ListItem\",\"position\":1,\"name\":\"Accueil\",\"item\":\"https:\/\/ucanfast.com\/fr\/\"},{\"@type\":\"ListItem\",\"position\":2,\"name\":\"Nos Produits\",\"item\":\"https:\/\/ucanfast.com\/fr\/nos-produits\/\"},{\"@type\":\"ListItem\",\"position\":3,\"name\":\"Embouts pour t\u00eates \u00e0 prise carr\u00e9e &#8211; Monopi\u00e8ce \u00e0 queue ronde\"}]},{\"@type\":\"WebSite\",\"@id\":\"https:\/\/ucanfast.com\/fr\/#website\",\"url\":\"https:\/\/ucanfast.com\/fr\/\",\"name\":\"UCAN Fastening Products\",\"description\":\"BUILDING LASTING CONNECTIONS\",\"publisher\":{\"@id\":\"https:\/\/ucanfast.com\/fr\/#organization\"},\"potentialAction\":[{\"@type\":\"SearchAction\",\"target\":{\"@type\":\"EntryPoint\",\"urlTemplate\":\"https:\/\/ucanfast.com\/fr\/?s={search_term_string}\"},\"query-input\":\"required name=search_term_string\"}],\"inLanguage\":\"fr-FR\"},{\"@type\":\"Organization\",\"@id\":\"https:\/\/ucanfast.com\/fr\/#organization\",\"name\":\"UCAN Fastening Products\",\"url\":\"https:\/\/ucanfast.com\/fr\/\",\"logo\":{\"@type\":\"ImageObject\",\"inLanguage\":\"fr-FR\",\"@id\":\"https:\/\/ucanfast.com\/fr\/#\/schema\/logo\/image\/\",\"url\":\"https:\/\/ucanfast.com\/wp-content\/uploads\/2023\/01\/Screen_Shot_2023-01-25_at_12.15.04_PM.png\",\"contentUrl\":\"https:\/\/ucanfast.com\/wp-content\/uploads\/2023\/01\/Screen_Shot_2023-01-25_at_12.15.04_PM.png\",\"width\":350,\"height\":192,\"caption\":\"UCAN Fastening Products\"},\"image\":{\"@id\":\"https:\/\/ucanfast.com\/fr\/#\/schema\/logo\/image\/\"},\"sameAs\":[\"https:\/\/ca.linkedin.com\/company\/ucan-fastening-products\"]}]}<\/script>\n<!-- \/ Yoast SEO plugin. -->","yoast_head_json":{"title":"Embouts pour t\u00eates \u00e0 prise carr\u00e9e - Monopi\u00e8ce \u00e0 queue ronde - UCAN - Fastening Products","description":"UCAN products are made to the highest quality standards. Each production batch is strictly quality-controlled to assure consistent performance.","robots":{"index":"noindex","follow":"follow"},"og_locale":"fr_FR","og_type":"article","og_title":"Embouts pour t\u00eates \u00e0 prise carr\u00e9e - Monopi\u00e8ce \u00e0 queue ronde - UCAN - Fastening Products","og_description":"UCAN products are made to the highest quality standards. Each production batch is strictly quality-controlled to assure consistent performance.","og_url":"https:\/\/ucanfast.com\/fr\/nos-produits\/embouts-pour-tetes-a-prise-carree-monopiece-a-queue-ronde\/","og_site_name":"UCAN - Fastening Products","article_modified_time":"2024-07-22T20:36:27+00:00","og_image":[{"width":1520,"height":535,"url":"https:\/\/ucanfast.com\/wp-content\/uploads\/2022\/07\/SQUARE-RECESS-BITS-e1708459776885.jpg","type":"image\/jpeg"}],"twitter_card":"summary_large_image","twitter_misc":{"Dur\u00e9e de lecture estim\u00e9e":"1 minute"},"schema":{"@context":"https:\/\/schema.org","@graph":[{"@type":"WebPage","@id":"https:\/\/ucanfast.com\/fr\/nos-produits\/embouts-pour-tetes-a-prise-carree-monopiece-a-queue-ronde\/","url":"https:\/\/ucanfast.com\/fr\/nos-produits\/embouts-pour-tetes-a-prise-carree-monopiece-a-queue-ronde\/","name":"Embouts pour t\u00eates \u00e0 prise carr\u00e9e - Monopi\u00e8ce \u00e0 queue ronde - UCAN - Fastening Products","isPartOf":{"@id":"https:\/\/ucanfast.com\/fr\/#website"},"datePublished":"2022-07-01T16:01:05+00:00","dateModified":"2024-07-22T20:36:27+00:00","description":"UCAN products are made to the highest quality standards. Each production batch is strictly quality-controlled to assure consistent performance.","breadcrumb":{"@id":"https:\/\/ucanfast.com\/fr\/nos-produits\/embouts-pour-tetes-a-prise-carree-monopiece-a-queue-ronde\/#breadcrumb"},"inLanguage":"fr-FR","potentialAction":[{"@type":"ReadAction","target":["https:\/\/ucanfast.com\/fr\/nos-produits\/embouts-pour-tetes-a-prise-carree-monopiece-a-queue-ronde\/"]}]},{"@type":"BreadcrumbList","@id":"https:\/\/ucanfast.com\/fr\/nos-produits\/embouts-pour-tetes-a-prise-carree-monopiece-a-queue-ronde\/#breadcrumb","itemListElement":[{"@type":"ListItem","position":1,"name":"Accueil","item":"https:\/\/ucanfast.com\/fr\/"},{"@type":"ListItem","position":2,"name":"Nos Produits","item":"https:\/\/ucanfast.com\/fr\/nos-produits\/"},{"@type":"ListItem","position":3,"name":"Embouts pour t\u00eates \u00e0 prise carr\u00e9e &#8211; Monopi\u00e8ce \u00e0 queue ronde"}]},{"@type":"WebSite","@id":"https:\/\/ucanfast.com\/fr\/#website","url":"https:\/\/ucanfast.com\/fr\/","name":"UCAN Fastening Products","description":"BUILDING LASTING CONNECTIONS","publisher":{"@id":"https:\/\/ucanfast.com\/fr\/#organization"},"potentialAction":[{"@type":"SearchAction","target":{"@type":"EntryPoint","urlTemplate":"https:\/\/ucanfast.com\/fr\/?s={search_term_string}"},"query-input":"required name=search_term_string"}],"inLanguage":"fr-FR"},{"@type":"Organization","@id":"https:\/\/ucanfast.com\/fr\/#organization","name":"UCAN Fastening Products","url":"https:\/\/ucanfast.com\/fr\/","logo":{"@type":"ImageObject","inLanguage":"fr-FR","@id":"https:\/\/ucanfast.com\/fr\/#\/schema\/logo\/image\/","url":"https:\/\/ucanfast.com\/wp-content\/uploads\/2023\/01\/Screen_Shot_2023-01-25_at_12.15.04_PM.png","contentUrl":"https:\/\/ucanfast.com\/wp-content\/uploads\/2023\/01\/Screen_Shot_2023-01-25_at_12.15.04_PM.png","width":350,"height":192,"caption":"UCAN Fastening Products"},"image":{"@id":"https:\/\/ucanfast.com\/fr\/#\/schema\/logo\/image\/"},"sameAs":["https:\/\/ca.linkedin.com\/company\/ucan-fastening-products"]}]}},"_links":{"self":[{"href":"https:\/\/ucanfast.com\/fr\/wp-json\/wp\/v2\/product\/9788"}],"collection":[{"href":"https:\/\/ucanfast.com\/fr\/wp-json\/wp\/v2\/product"}],"about":[{"href":"https:\/\/ucanfast.com\/fr\/wp-json\/wp\/v2\/types\/product"}],"replies":[{"embeddable":true,"href":"https:\/\/ucanfast.com\/fr\/wp-json\/wp\/v2\/comments?post=9788"}],"wp:featuredmedia":[{"embeddable":true,"href":"https:\/\/ucanfast.com\/fr\/wp-json\/wp\/v2\/media\/13142"}],"wp:attachment":[{"href":"https:\/\/ucanfast.com\/fr\/wp-json\/wp\/v2\/media?parent=9788"}],"wp:term":[{"taxonomy":"product_cat","embeddable":true,"href":"https:\/\/ucanfast.com\/fr\/wp-json\/wp\/v2\/product_cat?post=9788"},{"taxonomy":"product_tag","embeddable":true,"href":"https:\/\/ucanfast.com\/fr\/wp-json\/wp\/v2\/product_tag?post=9788"},{"taxonomy":"Group","embeddable":true,"href":"https:\/\/ucanfast.com\/fr\/wp-json\/wp\/v2\/Group?post=9788"}],"curies":[{"name":"wp","href":"https:\/\/api.w.org\/{rel}","templated":true}]}}