{"id":9711,"date":"2022-07-01T12:03:34","date_gmt":"2022-07-01T16:03:34","guid":{"rendered":"https:\/\/ucanstage.wpengine.com\/product\/sleeve-anchors-flat-head-phillips\/"},"modified":"2024-07-08T11:34:17","modified_gmt":"2024-07-08T15:34:17","slug":"ancrage-a-manchon-tete-plate-phillips","status":"publish","type":"product","link":"https:\/\/ucanfast.com\/fr\/nos-produits\/ancrage-a-manchon-tete-plate-phillips\/","title":{"rendered":"Ancrage \u00e0 manchon &#8211; T\u00eate plate &#8211; Phillips"},"content":{"rendered":"<p>Les ancrages \u00e0 manchon, \u00e0 t\u00eate plate \u00e0 prise Phillips sont tout d\u00e9sign\u00e9s pour les applications dans lesquelles la t\u00eate de la fixation doit \u00eatre \u00e0 \u00e9galit\u00e9 de la surface de montage.<\/p>\n<div class=\"partstabletitle\">\n<h5>ANCRAGE \u00c0 MANCHON &#8211; ZINGU\u00c9E<\/h5>\n<table class=\"detailpartstable\" style=\"height: 315px;\" border=\"0\" width=\"784\" cellspacing=\"0\" cellpadding=\"0\">\n<tbody>\n<tr class=\"headers\">\n<td><strong>N\u00ba de pi\u00e8ce<\/strong><\/td>\n<td><strong>Dimension<\/strong><\/td>\n<td><strong>Qt\u00e9 par paquet<\/strong><\/td>\n<td><strong>Qt\u00e9 par caisse<\/strong><\/td>\n<td><strong>Poids de la caisse<\/strong><\/td>\n<\/tr>\n<tr>\n<td>SLF 14138<\/td>\n<td>1\/4 x 1-3\/8<\/td>\n<td>100<\/td>\n<td>1,000<\/td>\n<td>19<\/td>\n<\/tr>\n<tr>\n<td>SLF 142<\/td>\n<td>1\/4 x 2<\/td>\n<td>100<\/td>\n<td>1,000<\/td>\n<td>26<\/td>\n<\/tr>\n<tr>\n<td>SLF 143<\/td>\n<td>1\/4 x 3<\/td>\n<td>100<\/td>\n<td>1,000<\/td>\n<td>36<\/td>\n<\/tr>\n<tr>\n<td>SLF 144<\/td>\n<td>1\/4 x 4<\/td>\n<td>100<\/td>\n<td>1,000<\/td>\n<td>45<\/td>\n<\/tr>\n<tr>\n<td>SLF 14514<\/td>\n<td>1\/4 x 5-1\/4<\/td>\n<td>100<\/td>\n<td>600<\/td>\n<td>35<\/td>\n<\/tr>\n<tr>\n<td>SLF 516212<\/td>\n<td>5\/16 x 2-1\/2<\/td>\n<td>100<\/td>\n<td>600<\/td>\n<td>28<\/td>\n<\/tr>\n<tr>\n<td>SLF 516312<\/td>\n<td>5\/16 x 3-1\/2<\/td>\n<td>100<\/td>\n<td>600<\/td>\n<td>38<\/td>\n<\/tr>\n<tr>\n<td>SLF 38234<\/td>\n<td>3\/8 x 2-3\/4<\/td>\n<td>50<\/td>\n<td>500<\/td>\n<td>41<\/td>\n<\/tr>\n<tr>\n<td>SLF 384<\/td>\n<td>3\/8 x 4<\/td>\n<td>50<\/td>\n<td>300<\/td>\n<td>33<\/td>\n<\/tr>\n<tr>\n<td>SLF 385<\/td>\n<td>3\/8 x 5<\/td>\n<td>50<\/td>\n<td>300<\/td>\n<td>41<\/td>\n<\/tr>\n<tr>\n<td>SLF 386<\/td>\n<td>3\/8 x 6<\/td>\n<td>50<\/td>\n<td>300<\/td>\n<td>49<\/td>\n<\/tr>\n<\/tbody>\n<\/table>\n<\/div>\n","protected":false},"excerpt":{"rendered":"<p>Les ancrages \u00e0 manchon, \u00e0 t\u00eate plate \u00e0 prise Phillips sont tout d\u00e9sign\u00e9s pour les applications dans lesquelles la t\u00eate de la fixation doit \u00eatre \u00e0 \u00e9galit\u00e9 de la surface de montage.<\/p>\n","protected":false},"featured_media":13019,"comment_status":"open","ping_status":"closed","template":"","meta":[],"product_cat":[1562,1583],"product_tag":[],"Group":[],"acf":[],"yoast_head":"<!-- This site is optimized with the Yoast SEO plugin v20.11 - https:\/\/yoast.com\/wordpress\/plugins\/seo\/ -->\n<title>Ancrage \u00e0 manchon - T\u00eate plate - Phillips - UCAN - Fastening Products<\/title>\n<meta name=\"description\" content=\"The UCAN flat-head phillips sleeve anchor is ideal for applications in which the fastener head must be flush with the fixture surface.\" \/>\n<meta name=\"robots\" content=\"noindex, follow\" \/>\n<meta property=\"og:locale\" content=\"fr_FR\" \/>\n<meta property=\"og:type\" content=\"article\" \/>\n<meta property=\"og:title\" content=\"Ancrage \u00e0 manchon - T\u00eate plate - Phillips - UCAN - Fastening Products\" \/>\n<meta property=\"og:description\" content=\"The UCAN flat-head phillips sleeve anchor is ideal for applications in which the fastener head must be flush with the fixture surface.\" \/>\n<meta property=\"og:url\" content=\"https:\/\/ucanfast.com\/fr\/nos-produits\/ancrage-a-manchon-tete-plate-phillips\/\" \/>\n<meta property=\"og:site_name\" content=\"UCAN - Fastening Products\" \/>\n<meta property=\"article:modified_time\" content=\"2024-07-08T15:34:17+00:00\" \/>\n<meta property=\"og:image\" content=\"https:\/\/ucanfast.com\/wp-content\/uploads\/2022\/07\/Flat-Head-Sleeve-Anchor-scaled.jpg\" \/>\n\t<meta property=\"og:image:width\" content=\"2560\" \/>\n\t<meta property=\"og:image:height\" content=\"782\" \/>\n\t<meta property=\"og:image:type\" content=\"image\/jpeg\" \/>\n<meta name=\"twitter:card\" content=\"summary_large_image\" \/>\n<meta name=\"twitter:label1\" content=\"Dur\u00e9e de lecture estim\u00e9e\" \/>\n\t<meta name=\"twitter:data1\" content=\"1 minute\" \/>\n<script type=\"application\/ld+json\" class=\"yoast-schema-graph\">{\"@context\":\"https:\/\/schema.org\",\"@graph\":[{\"@type\":\"WebPage\",\"@id\":\"https:\/\/ucanfast.com\/fr\/nos-produits\/ancrage-a-manchon-tete-plate-phillips\/\",\"url\":\"https:\/\/ucanfast.com\/fr\/nos-produits\/ancrage-a-manchon-tete-plate-phillips\/\",\"name\":\"Ancrage \u00e0 manchon - T\u00eate plate - Phillips - UCAN - Fastening Products\",\"isPartOf\":{\"@id\":\"https:\/\/ucanfast.com\/fr\/#website\"},\"datePublished\":\"2022-07-01T16:03:34+00:00\",\"dateModified\":\"2024-07-08T15:34:17+00:00\",\"description\":\"The UCAN flat-head phillips sleeve anchor is ideal for applications in which the fastener head must be flush with the fixture surface.\",\"breadcrumb\":{\"@id\":\"https:\/\/ucanfast.com\/fr\/nos-produits\/ancrage-a-manchon-tete-plate-phillips\/#breadcrumb\"},\"inLanguage\":\"fr-FR\",\"potentialAction\":[{\"@type\":\"ReadAction\",\"target\":[\"https:\/\/ucanfast.com\/fr\/nos-produits\/ancrage-a-manchon-tete-plate-phillips\/\"]}]},{\"@type\":\"BreadcrumbList\",\"@id\":\"https:\/\/ucanfast.com\/fr\/nos-produits\/ancrage-a-manchon-tete-plate-phillips\/#breadcrumb\",\"itemListElement\":[{\"@type\":\"ListItem\",\"position\":1,\"name\":\"Accueil\",\"item\":\"https:\/\/ucanfast.com\/fr\/\"},{\"@type\":\"ListItem\",\"position\":2,\"name\":\"Nos Produits\",\"item\":\"https:\/\/ucanfast.com\/fr\/nos-produits\/\"},{\"@type\":\"ListItem\",\"position\":3,\"name\":\"Ancrage \u00e0 manchon &#8211; T\u00eate plate &#8211; Phillips\"}]},{\"@type\":\"WebSite\",\"@id\":\"https:\/\/ucanfast.com\/fr\/#website\",\"url\":\"https:\/\/ucanfast.com\/fr\/\",\"name\":\"UCAN Fastening Products\",\"description\":\"BUILDING LASTING CONNECTIONS\",\"publisher\":{\"@id\":\"https:\/\/ucanfast.com\/fr\/#organization\"},\"potentialAction\":[{\"@type\":\"SearchAction\",\"target\":{\"@type\":\"EntryPoint\",\"urlTemplate\":\"https:\/\/ucanfast.com\/fr\/?s={search_term_string}\"},\"query-input\":\"required name=search_term_string\"}],\"inLanguage\":\"fr-FR\"},{\"@type\":\"Organization\",\"@id\":\"https:\/\/ucanfast.com\/fr\/#organization\",\"name\":\"UCAN Fastening Products\",\"url\":\"https:\/\/ucanfast.com\/fr\/\",\"logo\":{\"@type\":\"ImageObject\",\"inLanguage\":\"fr-FR\",\"@id\":\"https:\/\/ucanfast.com\/fr\/#\/schema\/logo\/image\/\",\"url\":\"https:\/\/ucanfast.com\/wp-content\/uploads\/2023\/01\/Screen_Shot_2023-01-25_at_12.15.04_PM.png\",\"contentUrl\":\"https:\/\/ucanfast.com\/wp-content\/uploads\/2023\/01\/Screen_Shot_2023-01-25_at_12.15.04_PM.png\",\"width\":350,\"height\":192,\"caption\":\"UCAN Fastening Products\"},\"image\":{\"@id\":\"https:\/\/ucanfast.com\/fr\/#\/schema\/logo\/image\/\"},\"sameAs\":[\"https:\/\/ca.linkedin.com\/company\/ucan-fastening-products\"]}]}<\/script>\n<!-- \/ Yoast SEO plugin. -->","yoast_head_json":{"title":"Ancrage \u00e0 manchon - T\u00eate plate - Phillips - UCAN - Fastening Products","description":"The UCAN flat-head phillips sleeve anchor is ideal for applications in which the fastener head must be flush with the fixture surface.","robots":{"index":"noindex","follow":"follow"},"og_locale":"fr_FR","og_type":"article","og_title":"Ancrage \u00e0 manchon - T\u00eate plate - Phillips - UCAN - Fastening Products","og_description":"The UCAN flat-head phillips sleeve anchor is ideal for applications in which the fastener head must be flush with the fixture surface.","og_url":"https:\/\/ucanfast.com\/fr\/nos-produits\/ancrage-a-manchon-tete-plate-phillips\/","og_site_name":"UCAN - Fastening Products","article_modified_time":"2024-07-08T15:34:17+00:00","og_image":[{"width":2560,"height":782,"url":"https:\/\/ucanfast.com\/wp-content\/uploads\/2022\/07\/Flat-Head-Sleeve-Anchor-scaled.jpg","type":"image\/jpeg"}],"twitter_card":"summary_large_image","twitter_misc":{"Dur\u00e9e de lecture estim\u00e9e":"1 minute"},"schema":{"@context":"https:\/\/schema.org","@graph":[{"@type":"WebPage","@id":"https:\/\/ucanfast.com\/fr\/nos-produits\/ancrage-a-manchon-tete-plate-phillips\/","url":"https:\/\/ucanfast.com\/fr\/nos-produits\/ancrage-a-manchon-tete-plate-phillips\/","name":"Ancrage \u00e0 manchon - T\u00eate plate - Phillips - UCAN - Fastening Products","isPartOf":{"@id":"https:\/\/ucanfast.com\/fr\/#website"},"datePublished":"2022-07-01T16:03:34+00:00","dateModified":"2024-07-08T15:34:17+00:00","description":"The UCAN flat-head phillips sleeve anchor is ideal for applications in which the fastener head must be flush with the fixture surface.","breadcrumb":{"@id":"https:\/\/ucanfast.com\/fr\/nos-produits\/ancrage-a-manchon-tete-plate-phillips\/#breadcrumb"},"inLanguage":"fr-FR","potentialAction":[{"@type":"ReadAction","target":["https:\/\/ucanfast.com\/fr\/nos-produits\/ancrage-a-manchon-tete-plate-phillips\/"]}]},{"@type":"BreadcrumbList","@id":"https:\/\/ucanfast.com\/fr\/nos-produits\/ancrage-a-manchon-tete-plate-phillips\/#breadcrumb","itemListElement":[{"@type":"ListItem","position":1,"name":"Accueil","item":"https:\/\/ucanfast.com\/fr\/"},{"@type":"ListItem","position":2,"name":"Nos Produits","item":"https:\/\/ucanfast.com\/fr\/nos-produits\/"},{"@type":"ListItem","position":3,"name":"Ancrage \u00e0 manchon &#8211; T\u00eate plate &#8211; Phillips"}]},{"@type":"WebSite","@id":"https:\/\/ucanfast.com\/fr\/#website","url":"https:\/\/ucanfast.com\/fr\/","name":"UCAN Fastening Products","description":"BUILDING LASTING CONNECTIONS","publisher":{"@id":"https:\/\/ucanfast.com\/fr\/#organization"},"potentialAction":[{"@type":"SearchAction","target":{"@type":"EntryPoint","urlTemplate":"https:\/\/ucanfast.com\/fr\/?s={search_term_string}"},"query-input":"required name=search_term_string"}],"inLanguage":"fr-FR"},{"@type":"Organization","@id":"https:\/\/ucanfast.com\/fr\/#organization","name":"UCAN Fastening Products","url":"https:\/\/ucanfast.com\/fr\/","logo":{"@type":"ImageObject","inLanguage":"fr-FR","@id":"https:\/\/ucanfast.com\/fr\/#\/schema\/logo\/image\/","url":"https:\/\/ucanfast.com\/wp-content\/uploads\/2023\/01\/Screen_Shot_2023-01-25_at_12.15.04_PM.png","contentUrl":"https:\/\/ucanfast.com\/wp-content\/uploads\/2023\/01\/Screen_Shot_2023-01-25_at_12.15.04_PM.png","width":350,"height":192,"caption":"UCAN Fastening Products"},"image":{"@id":"https:\/\/ucanfast.com\/fr\/#\/schema\/logo\/image\/"},"sameAs":["https:\/\/ca.linkedin.com\/company\/ucan-fastening-products"]}]}},"_links":{"self":[{"href":"https:\/\/ucanfast.com\/fr\/wp-json\/wp\/v2\/product\/9711"}],"collection":[{"href":"https:\/\/ucanfast.com\/fr\/wp-json\/wp\/v2\/product"}],"about":[{"href":"https:\/\/ucanfast.com\/fr\/wp-json\/wp\/v2\/types\/product"}],"replies":[{"embeddable":true,"href":"https:\/\/ucanfast.com\/fr\/wp-json\/wp\/v2\/comments?post=9711"}],"wp:featuredmedia":[{"embeddable":true,"href":"https:\/\/ucanfast.com\/fr\/wp-json\/wp\/v2\/media\/13019"}],"wp:attachment":[{"href":"https:\/\/ucanfast.com\/fr\/wp-json\/wp\/v2\/media?parent=9711"}],"wp:term":[{"taxonomy":"product_cat","embeddable":true,"href":"https:\/\/ucanfast.com\/fr\/wp-json\/wp\/v2\/product_cat?post=9711"},{"taxonomy":"product_tag","embeddable":true,"href":"https:\/\/ucanfast.com\/fr\/wp-json\/wp\/v2\/product_tag?post=9711"},{"taxonomy":"Group","embeddable":true,"href":"https:\/\/ucanfast.com\/fr\/wp-json\/wp\/v2\/Group?post=9711"}],"curies":[{"name":"wp","href":"https:\/\/api.w.org\/{rel}","templated":true}]}}