{"id":9677,"date":"2022-07-01T12:04:40","date_gmt":"2022-07-01T16:04:40","guid":{"rendered":"https:\/\/ucanstage.wpengine.com\/product\/sharp-point-self-piercing-painted-hex-washer-head-zinc-plated-bulk-packs\/"},"modified":"2024-08-01T14:34:30","modified_gmt":"2024-08-01T18:34:30","slug":"vis-a-tete-hexagonale-avec-embase-tete-peinte-zinguee-en-vrac","status":"publish","type":"product","link":"https:\/\/ucanfast.com\/fr\/nos-produits\/vis-a-tete-hexagonale-avec-embase-tete-peinte-zinguee-en-vrac\/","title":{"rendered":"Vis \u00e0 t\u00eate hexagonale avec embase &#8211; T\u00eate peinte &#8211; Zingu\u00e9e &#8211; En vrac"},"content":{"rendered":"<p>Vis \u00e0 t\u00eate hexagonale avec embase &#8211; Zingu\u00e9e &#8211; En vrac<\/p>\n<h5>CARACT\u00c9RISTIQUES<\/h5>\n<ul>\n<li>Zingu\u00e9e<\/li>\n<li>Filetage de conception twinfast pour applications de m\u00e9tal en feuille<\/li>\n<\/ul>\n<div class=\"partstabletitle\">\n<h5>\u00c0 POINTE D\u2019AUTO PER\u00c7AGE EFFIL\u00c9E &#8211; T\u00caTE PEINTE<\/h5>\n<\/div>\n<div>\n<table class=\"detailpartstable\" style=\"height: 205px;\" border=\"0\" width=\"850\" cellspacing=\"0\" cellpadding=\"0\">\n<tbody>\n<tr class=\"headers\">\n<td><strong>N\u00ba de pi\u00e8ce<\/strong><\/td>\n<td><strong>Type de t\u00eate<\/strong><\/td>\n<td><strong>Dimension<\/strong><\/td>\n<td><strong>Qt\u00e9 par<br \/>\ncaisse<\/strong><\/td>\n<td><strong>Poids de<br \/>\nla caisse<\/strong><\/td>\n<td><strong>Taille de la caisse<\/strong><\/td>\n<\/tr>\n<tr>\n<td>STH 638BW<\/td>\n<td>Hexagonale Blanche<\/td>\n<td>6 x 3\/8 po<\/td>\n<td>15,000<\/td>\n<td>31 lbs<\/td>\n<td>7-3\/4 po x 9-3\/4 po x 9-3\/4 po<\/td>\n<\/tr>\n<tr>\n<td>STH 8916BW<\/td>\n<td>Hexagonale Blanche<\/td>\n<td>8 x 9\/16 po<\/td>\n<td>10,000<\/td>\n<td>33 lbs<\/td>\n<td>7-3\/4 po x 9-3\/4 po x 9-3\/4 po<\/td>\n<\/tr>\n<tr>\n<td>STH 81BW<\/td>\n<td>Hexagonale Blanche<\/td>\n<td>8 x 1 po<\/td>\n<td>10,000<\/td>\n<td>51 lbs<\/td>\n<td>7-3\/4 po x 9-3\/4 po x 9-3\/4 po<\/td>\n<\/tr>\n<tr>\n<td>STH 8114BAW<\/td>\n<td>Hex. Blanc Arctique<\/td>\n<td>8 x 1-1\/4 po<\/td>\n<td>7,000<\/td>\n<td>43 lbs<\/td>\n<td>7-3\/4 po x 9-3\/4 po x 9-3\/4 po<\/td>\n<\/tr>\n<tr>\n<td>STH 8112BW<\/td>\n<td>Hexagonale Blanche<\/td>\n<td>8 x 1-1\/2 po<\/td>\n<td>5,000<\/td>\n<td>49 lbs<\/td>\n<td>7-3\/4 po x 9-3\/4 po x 9-3\/4 po<\/td>\n<\/tr>\n<tr>\n<td>STH 102BW<\/td>\n<td>Hexagonale Blanche<\/td>\n<td>10 x 2 po<\/td>\n<td>2,000<\/td>\n<td>24 lbs<\/td>\n<td>7-3\/4 po x 9-3\/4 po x 9-3\/4 po<\/td>\n<\/tr>\n<\/tbody>\n<\/table>\n<\/div>\n","protected":false},"excerpt":{"rendered":"<p>Les vis auto-perceuses UCAN U-DRILLS sont con\u00e7ues pour la vitesse, la constance et la r\u00e9sistance. Elles sont form\u00e9es \u00e0 froid avec un filetage roul\u00e9 pour une r\u00e9sistance sup\u00e9rieure au niveau de la pointe et des performances de per\u00e7age rapides dans les mat\u00e9riaux de base en acier d&#8217;une \u00e9paisseur allant jusqu&#8217;\u00e0 0,50 pouce. Les vis sont disponibles dans une vari\u00e9t\u00e9 de styles de t\u00eate, de longueurs de filetage et de points de per\u00e7age, allant de la taille n\u00b06 \u00e0 1\/4 po. Les vis U-DRILLS r\u00e9pondent aux exigences de la norme SAE J78-1998.<\/p>\n","protected":false},"featured_media":13351,"comment_status":"open","ping_status":"closed","template":"","meta":[],"product_cat":[1650,1662],"product_tag":[],"Group":[],"acf":[],"yoast_head":"<!-- This site is optimized with the Yoast SEO plugin v20.11 - https:\/\/yoast.com\/wordpress\/plugins\/seo\/ -->\n<title>Vis \u00e0 t\u00eate hexagonale avec embase - T\u00eate peinte - Zingu\u00e9e - En vrac - UCAN - Fastening Products<\/title>\n<meta name=\"robots\" content=\"noindex, follow\" \/>\n<meta property=\"og:locale\" content=\"fr_FR\" \/>\n<meta property=\"og:type\" content=\"article\" \/>\n<meta property=\"og:title\" content=\"Vis \u00e0 t\u00eate hexagonale avec embase - T\u00eate peinte - Zingu\u00e9e - En vrac - UCAN - Fastening Products\" \/>\n<meta property=\"og:description\" content=\"Les vis auto-perceuses UCAN U-DRILLS sont con\u00e7ues pour la vitesse, la constance et la r\u00e9sistance. Elles sont form\u00e9es \u00e0 froid avec un filetage roul\u00e9 pour une r\u00e9sistance sup\u00e9rieure au niveau de la pointe et des performances de per\u00e7age rapides dans les mat\u00e9riaux de base en acier d&#039;une \u00e9paisseur allant jusqu&#039;\u00e0 0,50 pouce. Les vis sont disponibles dans une vari\u00e9t\u00e9 de styles de t\u00eate, de longueurs de filetage et de points de per\u00e7age, allant de la taille n\u00b06 \u00e0 1\/4 po. Les vis U-DRILLS r\u00e9pondent aux exigences de la norme SAE J78-1998.\" \/>\n<meta property=\"og:url\" content=\"https:\/\/ucanfast.com\/fr\/nos-produits\/vis-a-tete-hexagonale-avec-embase-tete-peinte-zinguee-en-vrac\/\" \/>\n<meta property=\"og:site_name\" content=\"UCAN - Fastening Products\" \/>\n<meta property=\"article:modified_time\" content=\"2024-08-01T18:34:30+00:00\" \/>\n<meta property=\"og:image\" content=\"https:\/\/ucanfast.com\/wp-content\/uploads\/2022\/07\/SHARP-POINT-SELF-PIERCING-PAINTED-HEX-WASHER-HEAD-scaled.jpg\" \/>\n\t<meta property=\"og:image:width\" content=\"2560\" \/>\n\t<meta property=\"og:image:height\" content=\"913\" \/>\n\t<meta property=\"og:image:type\" content=\"image\/jpeg\" \/>\n<meta name=\"twitter:card\" content=\"summary_large_image\" \/>\n<meta name=\"twitter:label1\" content=\"Dur\u00e9e de lecture estim\u00e9e\" \/>\n\t<meta name=\"twitter:data1\" content=\"1 minute\" \/>\n<script type=\"application\/ld+json\" class=\"yoast-schema-graph\">{\"@context\":\"https:\/\/schema.org\",\"@graph\":[{\"@type\":\"WebPage\",\"@id\":\"https:\/\/ucanfast.com\/fr\/nos-produits\/vis-a-tete-hexagonale-avec-embase-tete-peinte-zinguee-en-vrac\/\",\"url\":\"https:\/\/ucanfast.com\/fr\/nos-produits\/vis-a-tete-hexagonale-avec-embase-tete-peinte-zinguee-en-vrac\/\",\"name\":\"Vis \u00e0 t\u00eate hexagonale avec embase - T\u00eate peinte - Zingu\u00e9e - En vrac - UCAN - Fastening Products\",\"isPartOf\":{\"@id\":\"https:\/\/ucanfast.com\/fr\/#website\"},\"datePublished\":\"2022-07-01T16:04:40+00:00\",\"dateModified\":\"2024-08-01T18:34:30+00:00\",\"breadcrumb\":{\"@id\":\"https:\/\/ucanfast.com\/fr\/nos-produits\/vis-a-tete-hexagonale-avec-embase-tete-peinte-zinguee-en-vrac\/#breadcrumb\"},\"inLanguage\":\"fr-FR\",\"potentialAction\":[{\"@type\":\"ReadAction\",\"target\":[\"https:\/\/ucanfast.com\/fr\/nos-produits\/vis-a-tete-hexagonale-avec-embase-tete-peinte-zinguee-en-vrac\/\"]}]},{\"@type\":\"BreadcrumbList\",\"@id\":\"https:\/\/ucanfast.com\/fr\/nos-produits\/vis-a-tete-hexagonale-avec-embase-tete-peinte-zinguee-en-vrac\/#breadcrumb\",\"itemListElement\":[{\"@type\":\"ListItem\",\"position\":1,\"name\":\"Accueil\",\"item\":\"https:\/\/ucanfast.com\/fr\/\"},{\"@type\":\"ListItem\",\"position\":2,\"name\":\"Nos Produits\",\"item\":\"https:\/\/ucanfast.com\/fr\/nos-produits\/\"},{\"@type\":\"ListItem\",\"position\":3,\"name\":\"Vis \u00e0 t\u00eate hexagonale avec embase &#8211; T\u00eate peinte &#8211; Zingu\u00e9e &#8211; En vrac\"}]},{\"@type\":\"WebSite\",\"@id\":\"https:\/\/ucanfast.com\/fr\/#website\",\"url\":\"https:\/\/ucanfast.com\/fr\/\",\"name\":\"UCAN Fastening Products\",\"description\":\"BUILDING LASTING CONNECTIONS\",\"publisher\":{\"@id\":\"https:\/\/ucanfast.com\/fr\/#organization\"},\"potentialAction\":[{\"@type\":\"SearchAction\",\"target\":{\"@type\":\"EntryPoint\",\"urlTemplate\":\"https:\/\/ucanfast.com\/fr\/?s={search_term_string}\"},\"query-input\":\"required name=search_term_string\"}],\"inLanguage\":\"fr-FR\"},{\"@type\":\"Organization\",\"@id\":\"https:\/\/ucanfast.com\/fr\/#organization\",\"name\":\"UCAN Fastening Products\",\"url\":\"https:\/\/ucanfast.com\/fr\/\",\"logo\":{\"@type\":\"ImageObject\",\"inLanguage\":\"fr-FR\",\"@id\":\"https:\/\/ucanfast.com\/fr\/#\/schema\/logo\/image\/\",\"url\":\"https:\/\/ucanfast.com\/wp-content\/uploads\/2023\/01\/Screen_Shot_2023-01-25_at_12.15.04_PM.png\",\"contentUrl\":\"https:\/\/ucanfast.com\/wp-content\/uploads\/2023\/01\/Screen_Shot_2023-01-25_at_12.15.04_PM.png\",\"width\":350,\"height\":192,\"caption\":\"UCAN Fastening Products\"},\"image\":{\"@id\":\"https:\/\/ucanfast.com\/fr\/#\/schema\/logo\/image\/\"},\"sameAs\":[\"https:\/\/ca.linkedin.com\/company\/ucan-fastening-products\"]}]}<\/script>\n<!-- \/ Yoast SEO plugin. -->","yoast_head_json":{"title":"Vis \u00e0 t\u00eate hexagonale avec embase - T\u00eate peinte - Zingu\u00e9e - En vrac - UCAN - Fastening Products","robots":{"index":"noindex","follow":"follow"},"og_locale":"fr_FR","og_type":"article","og_title":"Vis \u00e0 t\u00eate hexagonale avec embase - T\u00eate peinte - Zingu\u00e9e - En vrac - UCAN - Fastening Products","og_description":"Les vis auto-perceuses UCAN U-DRILLS sont con\u00e7ues pour la vitesse, la constance et la r\u00e9sistance. Elles sont form\u00e9es \u00e0 froid avec un filetage roul\u00e9 pour une r\u00e9sistance sup\u00e9rieure au niveau de la pointe et des performances de per\u00e7age rapides dans les mat\u00e9riaux de base en acier d'une \u00e9paisseur allant jusqu'\u00e0 0,50 pouce. Les vis sont disponibles dans une vari\u00e9t\u00e9 de styles de t\u00eate, de longueurs de filetage et de points de per\u00e7age, allant de la taille n\u00b06 \u00e0 1\/4 po. Les vis U-DRILLS r\u00e9pondent aux exigences de la norme SAE J78-1998.","og_url":"https:\/\/ucanfast.com\/fr\/nos-produits\/vis-a-tete-hexagonale-avec-embase-tete-peinte-zinguee-en-vrac\/","og_site_name":"UCAN - Fastening Products","article_modified_time":"2024-08-01T18:34:30+00:00","og_image":[{"width":2560,"height":913,"url":"https:\/\/ucanfast.com\/wp-content\/uploads\/2022\/07\/SHARP-POINT-SELF-PIERCING-PAINTED-HEX-WASHER-HEAD-scaled.jpg","type":"image\/jpeg"}],"twitter_card":"summary_large_image","twitter_misc":{"Dur\u00e9e de lecture estim\u00e9e":"1 minute"},"schema":{"@context":"https:\/\/schema.org","@graph":[{"@type":"WebPage","@id":"https:\/\/ucanfast.com\/fr\/nos-produits\/vis-a-tete-hexagonale-avec-embase-tete-peinte-zinguee-en-vrac\/","url":"https:\/\/ucanfast.com\/fr\/nos-produits\/vis-a-tete-hexagonale-avec-embase-tete-peinte-zinguee-en-vrac\/","name":"Vis \u00e0 t\u00eate hexagonale avec embase - T\u00eate peinte - Zingu\u00e9e - En vrac - UCAN - Fastening Products","isPartOf":{"@id":"https:\/\/ucanfast.com\/fr\/#website"},"datePublished":"2022-07-01T16:04:40+00:00","dateModified":"2024-08-01T18:34:30+00:00","breadcrumb":{"@id":"https:\/\/ucanfast.com\/fr\/nos-produits\/vis-a-tete-hexagonale-avec-embase-tete-peinte-zinguee-en-vrac\/#breadcrumb"},"inLanguage":"fr-FR","potentialAction":[{"@type":"ReadAction","target":["https:\/\/ucanfast.com\/fr\/nos-produits\/vis-a-tete-hexagonale-avec-embase-tete-peinte-zinguee-en-vrac\/"]}]},{"@type":"BreadcrumbList","@id":"https:\/\/ucanfast.com\/fr\/nos-produits\/vis-a-tete-hexagonale-avec-embase-tete-peinte-zinguee-en-vrac\/#breadcrumb","itemListElement":[{"@type":"ListItem","position":1,"name":"Accueil","item":"https:\/\/ucanfast.com\/fr\/"},{"@type":"ListItem","position":2,"name":"Nos Produits","item":"https:\/\/ucanfast.com\/fr\/nos-produits\/"},{"@type":"ListItem","position":3,"name":"Vis \u00e0 t\u00eate hexagonale avec embase &#8211; T\u00eate peinte &#8211; Zingu\u00e9e &#8211; En vrac"}]},{"@type":"WebSite","@id":"https:\/\/ucanfast.com\/fr\/#website","url":"https:\/\/ucanfast.com\/fr\/","name":"UCAN Fastening Products","description":"BUILDING LASTING CONNECTIONS","publisher":{"@id":"https:\/\/ucanfast.com\/fr\/#organization"},"potentialAction":[{"@type":"SearchAction","target":{"@type":"EntryPoint","urlTemplate":"https:\/\/ucanfast.com\/fr\/?s={search_term_string}"},"query-input":"required name=search_term_string"}],"inLanguage":"fr-FR"},{"@type":"Organization","@id":"https:\/\/ucanfast.com\/fr\/#organization","name":"UCAN Fastening Products","url":"https:\/\/ucanfast.com\/fr\/","logo":{"@type":"ImageObject","inLanguage":"fr-FR","@id":"https:\/\/ucanfast.com\/fr\/#\/schema\/logo\/image\/","url":"https:\/\/ucanfast.com\/wp-content\/uploads\/2023\/01\/Screen_Shot_2023-01-25_at_12.15.04_PM.png","contentUrl":"https:\/\/ucanfast.com\/wp-content\/uploads\/2023\/01\/Screen_Shot_2023-01-25_at_12.15.04_PM.png","width":350,"height":192,"caption":"UCAN Fastening Products"},"image":{"@id":"https:\/\/ucanfast.com\/fr\/#\/schema\/logo\/image\/"},"sameAs":["https:\/\/ca.linkedin.com\/company\/ucan-fastening-products"]}]}},"_links":{"self":[{"href":"https:\/\/ucanfast.com\/fr\/wp-json\/wp\/v2\/product\/9677"}],"collection":[{"href":"https:\/\/ucanfast.com\/fr\/wp-json\/wp\/v2\/product"}],"about":[{"href":"https:\/\/ucanfast.com\/fr\/wp-json\/wp\/v2\/types\/product"}],"replies":[{"embeddable":true,"href":"https:\/\/ucanfast.com\/fr\/wp-json\/wp\/v2\/comments?post=9677"}],"wp:featuredmedia":[{"embeddable":true,"href":"https:\/\/ucanfast.com\/fr\/wp-json\/wp\/v2\/media\/13351"}],"wp:attachment":[{"href":"https:\/\/ucanfast.com\/fr\/wp-json\/wp\/v2\/media?parent=9677"}],"wp:term":[{"taxonomy":"product_cat","embeddable":true,"href":"https:\/\/ucanfast.com\/fr\/wp-json\/wp\/v2\/product_cat?post=9677"},{"taxonomy":"product_tag","embeddable":true,"href":"https:\/\/ucanfast.com\/fr\/wp-json\/wp\/v2\/product_tag?post=9677"},{"taxonomy":"Group","embeddable":true,"href":"https:\/\/ucanfast.com\/fr\/wp-json\/wp\/v2\/Group?post=9677"}],"curies":[{"name":"wp","href":"https:\/\/api.w.org\/{rel}","templated":true}]}}