{"id":9447,"date":"2022-07-01T12:07:21","date_gmt":"2022-07-01T16:07:21","guid":{"rendered":"https:\/\/ucanstage.wpengine.com\/product\/u-drills-socket-pan-head-zinc-plated-jars\/"},"modified":"2024-08-06T10:40:07","modified_gmt":"2024-08-06T14:40:07","slug":"u-drills-vis-a-tete-cylindrique-large-a-prise-carree-zinguee-pots","status":"publish","type":"product","link":"https:\/\/ucanfast.com\/fr\/nos-produits\/u-drills-vis-a-tete-cylindrique-large-a-prise-carree-zinguee-pots\/","title":{"rendered":"U-DRILLS vis \u00e0 t\u00eate cylindrique large \u00e0 prise carr\u00e9e &#8211; Zingu\u00e9e &#8211; Pots"},"content":{"rendered":"<div id=\"detaildescription\">\n<p>Zingu\u00e9e<\/p>\n<\/div>\n<div class=\"partstabletitle\">\n<h5>VIS \u00c0T\u00caTE CYLINDRIQUE LARGE \u00c0 PRISE CARR\u00c9E &#8211; POTS<\/h5>\n<\/div>\n<div class=\"partstabletitleimage\"><img decoding=\"async\" loading=\"lazy\" class=\"alignnone size-medium wp-image-6794\" src=\"https:\/\/ucanfast.com\/wp-content\/uploads\/2022\/07\/U-DRILLS-Socket-Pan-Head-\u2013-RUSPRO-Coated-300x112.jpg\" alt=\"\" width=\"300\" height=\"112\" srcset=\"https:\/\/ucanfast.com\/wp-content\/uploads\/2022\/07\/U-DRILLS-Socket-Pan-Head-\u2013-RUSPRO-Coated-300x112.jpg 300w, https:\/\/ucanfast.com\/wp-content\/uploads\/2022\/07\/U-DRILLS-Socket-Pan-Head-\u2013-RUSPRO-Coated-150x56.jpg 150w, https:\/\/ucanfast.com\/wp-content\/uploads\/2022\/07\/U-DRILLS-Socket-Pan-Head-\u2013-RUSPRO-Coated-100x37.jpg 100w, https:\/\/ucanfast.com\/wp-content\/uploads\/2022\/07\/U-DRILLS-Socket-Pan-Head-\u2013-RUSPRO-Coated.jpg 323w\" sizes=\"(max-width: 300px) 100vw, 300px\" \/><\/div>\n<div>\n<table class=\"detailpartstable\" style=\"height: 250px;\" border=\"0\" width=\"850\" cellspacing=\"0\" cellpadding=\"0\">\n<tbody>\n<tr class=\"headers\">\n<td><strong>N\u00ba de pi\u00e8ce<\/strong><\/td>\n<td><strong>Dimension<\/strong><\/td>\n<td><strong>Pointe<\/strong><\/td>\n<td><strong>Capacit\u00e9<br \/>\nde per\u00e7age<\/strong><\/td>\n<td><strong>Qt\u00e9 par<br \/>\ncaisse<\/strong><\/td>\n<td><strong>Poids de<br \/>\nla caisse<\/strong><\/td>\n<td><strong>Taille de la caisse<\/strong><\/td>\n<\/tr>\n<tr>\n<td>TSP 612K<\/td>\n<td>6-20 x 1\/2 po<\/td>\n<td>2<\/td>\n<td>.090\/13 ga<\/td>\n<td>6,000<\/td>\n<td>12 lbs<\/td>\n<td>8 po x 10-1\/4 po x 10-1\/4 po<\/td>\n<\/tr>\n<tr>\n<td>TSP 812K<\/td>\n<td>8-18 x 1\/2 po<\/td>\n<td>2<\/td>\n<td>.100\/12 ga<\/td>\n<td>6,000<\/td>\n<td>18 lbs<\/td>\n<td>8 po x 10-1\/4 po x 10-1\/4 po<\/td>\n<\/tr>\n<tr>\n<td>TSP 858K<\/td>\n<td>8-18 x 5\/8 po<\/td>\n<td>2<\/td>\n<td>.100\/12 ga<\/td>\n<td>6,000<\/td>\n<td>18 lbs<\/td>\n<td>8 po x 10-1\/4 po x 10-1\/4 po<\/td>\n<\/tr>\n<tr>\n<td>TSP 834K<\/td>\n<td>8-18 x 3\/4 po<\/td>\n<td>2<\/td>\n<td>.100\/12 ga<\/td>\n<td>6,000<\/td>\n<td>18 lbs<\/td>\n<td>8 po x 10-1\/4 po x 10-1\/4 po<\/td>\n<\/tr>\n<tr>\n<td>TSP 81K<\/td>\n<td>8-18 x 1 po<\/td>\n<td>2<\/td>\n<td>.100\/12 ga<\/td>\n<td>6,000<\/td>\n<td>18 lbs<\/td>\n<td>8 po x 10-1\/4 po x 10-1\/4 po<\/td>\n<\/tr>\n<tr>\n<td>TSP 1012K<\/td>\n<td>10-16 x 1\/2 po<\/td>\n<td>2<\/td>\n<td>.110\/12 ga<\/td>\n<td>6,000<\/td>\n<td>24 lbs<\/td>\n<td>8 po x 10-1\/4 po x 10-1\/4 po<\/td>\n<\/tr>\n<tr>\n<td>TSP 1034K<\/td>\n<td>10-16 x 3\/4 po<\/td>\n<td>2<\/td>\n<td>.175\/7 ga<\/td>\n<td>3,000<\/td>\n<td>18 lbs<\/td>\n<td>8 po x 10-1\/4 po x 10-1\/4 po<\/td>\n<\/tr>\n<tr>\n<td>TSP 101K<\/td>\n<td>10-16 x 1 po<\/td>\n<td>2<\/td>\n<td>.175\/7 ga<\/td>\n<td>3,000<\/td>\n<td>24 lbs<\/td>\n<td>8 po x 10-1\/4 po x 10-1\/4 po<\/td>\n<\/tr>\n<tr>\n<td>TSP 10112K<\/td>\n<td>10-16 x 1-1\/2 po<\/td>\n<td>3<\/td>\n<td>.175\/7 ga<\/td>\n<td>2,400<\/td>\n<td>24 lbs<\/td>\n<td>8 po x 10-1\/4 po x 10-1\/4 po<\/td>\n<\/tr>\n<tr>\n<td>TSP 10114K<\/td>\n<td>10-16 x 1-1\/4 po<\/td>\n<td>3<\/td>\n<td>175\/7 ga<\/td>\n<td>3,000<\/td>\n<td>24 lbs<\/td>\n<td>8 po x 10-1\/4 po x 10-1\/4 po<\/td>\n<\/tr>\n<tr>\n<td>TSP 1058K<\/td>\n<td>10-16 x 5\/8 po<\/td>\n<td>3<\/td>\n<td>.175\/7 ga<\/td>\n<td>6,000<\/td>\n<td>18 lbs<\/td>\n<td>8 po x 10-1\/4 po x 10-1\/4 po<\/td>\n<\/tr>\n<tr>\n<td>TSP 8112K<\/td>\n<td>8-18 x 1-1\/2 po<\/td>\n<td>2<\/td>\n<td>.100\/12 ga<\/td>\n<td>3,000<\/td>\n<td>18 lbs<\/td>\n<td>8 po x 10-1\/4 po x 10-1\/4 po<\/td>\n<\/tr>\n<\/tbody>\n<\/table>\n<\/div>\n","protected":false},"excerpt":{"rendered":"<p>Les vis auto-perceuses U-DRILLS<sup>MD<\/sup> SDS sont disponibles dans une grande vari\u00e9t\u00e9 de tailles, de styles de t\u00eate et de configurations de pointe, et sont capables de percer une large gamme de mat\u00e9riaux en acier. Fournies en acier au carbone ou en acier inoxydable, et avec un rev\u00eatement optionnel RUSPRO<sup>MD<\/sup>, les vis auto-perceuses U-DRILLS<sup>MD<\/sup> SDS conviennent parfaitement \u00e0 la plupart des applications de vis auto-perceuses.<\/p>\n<p>Les U-DRILLS<sup>MD<\/sup> sont conditionn\u00e9es dans des pots \u00e9conomiques et r\u00e9utilisables d\u2019une capacit\u00e9 de 1 litre, avec poign\u00e9e. Pratiques \u00e0 tenir et \u00e0 ranger dans un camion de service.<\/p>\n","protected":false},"featured_media":13283,"comment_status":"open","ping_status":"closed","template":"","meta":[],"product_cat":[1650,1670],"product_tag":[],"Group":[],"acf":[],"yoast_head":"<!-- This site is optimized with the Yoast SEO plugin v20.11 - https:\/\/yoast.com\/wordpress\/plugins\/seo\/ -->\n<title>U-DRILLS vis \u00e0 t\u00eate cylindrique large \u00e0 prise carr\u00e9e - Zingu\u00e9e - Pots - UCAN - Fastening Products<\/title>\n<meta name=\"robots\" content=\"noindex, follow\" \/>\n<meta property=\"og:locale\" content=\"fr_FR\" \/>\n<meta property=\"og:type\" content=\"article\" \/>\n<meta property=\"og:title\" content=\"U-DRILLS vis \u00e0 t\u00eate cylindrique large \u00e0 prise carr\u00e9e - Zingu\u00e9e - Pots - UCAN - Fastening Products\" \/>\n<meta property=\"og:description\" content=\"Les vis auto-perceuses U-DRILLSMD SDS sont disponibles dans une grande vari\u00e9t\u00e9 de tailles, de styles de t\u00eate et de configurations de pointe, et sont capables de percer une large gamme de mat\u00e9riaux en acier. Fournies en acier au carbone ou en acier inoxydable, et avec un rev\u00eatement optionnel RUSPROMD, les vis auto-perceuses U-DRILLSMD SDS conviennent parfaitement \u00e0 la plupart des applications de vis auto-perceuses.  Les U-DRILLSMD sont conditionn\u00e9es dans des pots \u00e9conomiques et r\u00e9utilisables d\u2019une capacit\u00e9 de 1 litre, avec poign\u00e9e. Pratiques \u00e0 tenir et \u00e0 ranger dans un camion de service.\" \/>\n<meta property=\"og:url\" content=\"https:\/\/ucanfast.com\/fr\/nos-produits\/u-drills-vis-a-tete-cylindrique-large-a-prise-carree-zinguee-pots\/\" \/>\n<meta property=\"og:site_name\" content=\"UCAN - Fastening Products\" \/>\n<meta property=\"article:modified_time\" content=\"2024-08-06T14:40:07+00:00\" \/>\n<meta property=\"og:image\" content=\"https:\/\/ucanfast.com\/wp-content\/uploads\/2022\/07\/SOCKET-PAN-HEAD-ZINC-PLATED-scaled.jpg\" \/>\n\t<meta property=\"og:image:width\" content=\"2560\" \/>\n\t<meta property=\"og:image:height\" content=\"687\" \/>\n\t<meta property=\"og:image:type\" content=\"image\/jpeg\" \/>\n<meta name=\"twitter:card\" content=\"summary_large_image\" \/>\n<meta name=\"twitter:label1\" content=\"Dur\u00e9e de lecture estim\u00e9e\" \/>\n\t<meta name=\"twitter:data1\" content=\"2 minutes\" \/>\n<script type=\"application\/ld+json\" class=\"yoast-schema-graph\">{\"@context\":\"https:\/\/schema.org\",\"@graph\":[{\"@type\":\"WebPage\",\"@id\":\"https:\/\/ucanfast.com\/fr\/nos-produits\/u-drills-vis-a-tete-cylindrique-large-a-prise-carree-zinguee-pots\/\",\"url\":\"https:\/\/ucanfast.com\/fr\/nos-produits\/u-drills-vis-a-tete-cylindrique-large-a-prise-carree-zinguee-pots\/\",\"name\":\"U-DRILLS vis \u00e0 t\u00eate cylindrique large \u00e0 prise carr\u00e9e - Zingu\u00e9e - Pots - UCAN - Fastening Products\",\"isPartOf\":{\"@id\":\"https:\/\/ucanfast.com\/fr\/#website\"},\"datePublished\":\"2022-07-01T16:07:21+00:00\",\"dateModified\":\"2024-08-06T14:40:07+00:00\",\"breadcrumb\":{\"@id\":\"https:\/\/ucanfast.com\/fr\/nos-produits\/u-drills-vis-a-tete-cylindrique-large-a-prise-carree-zinguee-pots\/#breadcrumb\"},\"inLanguage\":\"fr-FR\",\"potentialAction\":[{\"@type\":\"ReadAction\",\"target\":[\"https:\/\/ucanfast.com\/fr\/nos-produits\/u-drills-vis-a-tete-cylindrique-large-a-prise-carree-zinguee-pots\/\"]}]},{\"@type\":\"BreadcrumbList\",\"@id\":\"https:\/\/ucanfast.com\/fr\/nos-produits\/u-drills-vis-a-tete-cylindrique-large-a-prise-carree-zinguee-pots\/#breadcrumb\",\"itemListElement\":[{\"@type\":\"ListItem\",\"position\":1,\"name\":\"Accueil\",\"item\":\"https:\/\/ucanfast.com\/fr\/\"},{\"@type\":\"ListItem\",\"position\":2,\"name\":\"Nos Produits\",\"item\":\"https:\/\/ucanfast.com\/fr\/nos-produits\/\"},{\"@type\":\"ListItem\",\"position\":3,\"name\":\"U-DRILLS vis \u00e0 t\u00eate cylindrique large \u00e0 prise carr\u00e9e &#8211; Zingu\u00e9e &#8211; Pots\"}]},{\"@type\":\"WebSite\",\"@id\":\"https:\/\/ucanfast.com\/fr\/#website\",\"url\":\"https:\/\/ucanfast.com\/fr\/\",\"name\":\"UCAN Fastening Products\",\"description\":\"BUILDING LASTING CONNECTIONS\",\"publisher\":{\"@id\":\"https:\/\/ucanfast.com\/fr\/#organization\"},\"potentialAction\":[{\"@type\":\"SearchAction\",\"target\":{\"@type\":\"EntryPoint\",\"urlTemplate\":\"https:\/\/ucanfast.com\/fr\/?s={search_term_string}\"},\"query-input\":\"required name=search_term_string\"}],\"inLanguage\":\"fr-FR\"},{\"@type\":\"Organization\",\"@id\":\"https:\/\/ucanfast.com\/fr\/#organization\",\"name\":\"UCAN Fastening Products\",\"url\":\"https:\/\/ucanfast.com\/fr\/\",\"logo\":{\"@type\":\"ImageObject\",\"inLanguage\":\"fr-FR\",\"@id\":\"https:\/\/ucanfast.com\/fr\/#\/schema\/logo\/image\/\",\"url\":\"https:\/\/ucanfast.com\/wp-content\/uploads\/2023\/01\/Screen_Shot_2023-01-25_at_12.15.04_PM.png\",\"contentUrl\":\"https:\/\/ucanfast.com\/wp-content\/uploads\/2023\/01\/Screen_Shot_2023-01-25_at_12.15.04_PM.png\",\"width\":350,\"height\":192,\"caption\":\"UCAN Fastening Products\"},\"image\":{\"@id\":\"https:\/\/ucanfast.com\/fr\/#\/schema\/logo\/image\/\"},\"sameAs\":[\"https:\/\/ca.linkedin.com\/company\/ucan-fastening-products\"]}]}<\/script>\n<!-- \/ Yoast SEO plugin. -->","yoast_head_json":{"title":"U-DRILLS vis \u00e0 t\u00eate cylindrique large \u00e0 prise carr\u00e9e - Zingu\u00e9e - Pots - UCAN - Fastening Products","robots":{"index":"noindex","follow":"follow"},"og_locale":"fr_FR","og_type":"article","og_title":"U-DRILLS vis \u00e0 t\u00eate cylindrique large \u00e0 prise carr\u00e9e - Zingu\u00e9e - Pots - UCAN - Fastening Products","og_description":"Les vis auto-perceuses U-DRILLSMD SDS sont disponibles dans une grande vari\u00e9t\u00e9 de tailles, de styles de t\u00eate et de configurations de pointe, et sont capables de percer une large gamme de mat\u00e9riaux en acier. Fournies en acier au carbone ou en acier inoxydable, et avec un rev\u00eatement optionnel RUSPROMD, les vis auto-perceuses U-DRILLSMD SDS conviennent parfaitement \u00e0 la plupart des applications de vis auto-perceuses.  Les U-DRILLSMD sont conditionn\u00e9es dans des pots \u00e9conomiques et r\u00e9utilisables d\u2019une capacit\u00e9 de 1 litre, avec poign\u00e9e. Pratiques \u00e0 tenir et \u00e0 ranger dans un camion de service.","og_url":"https:\/\/ucanfast.com\/fr\/nos-produits\/u-drills-vis-a-tete-cylindrique-large-a-prise-carree-zinguee-pots\/","og_site_name":"UCAN - Fastening Products","article_modified_time":"2024-08-06T14:40:07+00:00","og_image":[{"width":2560,"height":687,"url":"https:\/\/ucanfast.com\/wp-content\/uploads\/2022\/07\/SOCKET-PAN-HEAD-ZINC-PLATED-scaled.jpg","type":"image\/jpeg"}],"twitter_card":"summary_large_image","twitter_misc":{"Dur\u00e9e de lecture estim\u00e9e":"2 minutes"},"schema":{"@context":"https:\/\/schema.org","@graph":[{"@type":"WebPage","@id":"https:\/\/ucanfast.com\/fr\/nos-produits\/u-drills-vis-a-tete-cylindrique-large-a-prise-carree-zinguee-pots\/","url":"https:\/\/ucanfast.com\/fr\/nos-produits\/u-drills-vis-a-tete-cylindrique-large-a-prise-carree-zinguee-pots\/","name":"U-DRILLS vis \u00e0 t\u00eate cylindrique large \u00e0 prise carr\u00e9e - Zingu\u00e9e - Pots - UCAN - Fastening Products","isPartOf":{"@id":"https:\/\/ucanfast.com\/fr\/#website"},"datePublished":"2022-07-01T16:07:21+00:00","dateModified":"2024-08-06T14:40:07+00:00","breadcrumb":{"@id":"https:\/\/ucanfast.com\/fr\/nos-produits\/u-drills-vis-a-tete-cylindrique-large-a-prise-carree-zinguee-pots\/#breadcrumb"},"inLanguage":"fr-FR","potentialAction":[{"@type":"ReadAction","target":["https:\/\/ucanfast.com\/fr\/nos-produits\/u-drills-vis-a-tete-cylindrique-large-a-prise-carree-zinguee-pots\/"]}]},{"@type":"BreadcrumbList","@id":"https:\/\/ucanfast.com\/fr\/nos-produits\/u-drills-vis-a-tete-cylindrique-large-a-prise-carree-zinguee-pots\/#breadcrumb","itemListElement":[{"@type":"ListItem","position":1,"name":"Accueil","item":"https:\/\/ucanfast.com\/fr\/"},{"@type":"ListItem","position":2,"name":"Nos Produits","item":"https:\/\/ucanfast.com\/fr\/nos-produits\/"},{"@type":"ListItem","position":3,"name":"U-DRILLS vis \u00e0 t\u00eate cylindrique large \u00e0 prise carr\u00e9e &#8211; Zingu\u00e9e &#8211; Pots"}]},{"@type":"WebSite","@id":"https:\/\/ucanfast.com\/fr\/#website","url":"https:\/\/ucanfast.com\/fr\/","name":"UCAN Fastening Products","description":"BUILDING LASTING CONNECTIONS","publisher":{"@id":"https:\/\/ucanfast.com\/fr\/#organization"},"potentialAction":[{"@type":"SearchAction","target":{"@type":"EntryPoint","urlTemplate":"https:\/\/ucanfast.com\/fr\/?s={search_term_string}"},"query-input":"required name=search_term_string"}],"inLanguage":"fr-FR"},{"@type":"Organization","@id":"https:\/\/ucanfast.com\/fr\/#organization","name":"UCAN Fastening Products","url":"https:\/\/ucanfast.com\/fr\/","logo":{"@type":"ImageObject","inLanguage":"fr-FR","@id":"https:\/\/ucanfast.com\/fr\/#\/schema\/logo\/image\/","url":"https:\/\/ucanfast.com\/wp-content\/uploads\/2023\/01\/Screen_Shot_2023-01-25_at_12.15.04_PM.png","contentUrl":"https:\/\/ucanfast.com\/wp-content\/uploads\/2023\/01\/Screen_Shot_2023-01-25_at_12.15.04_PM.png","width":350,"height":192,"caption":"UCAN Fastening Products"},"image":{"@id":"https:\/\/ucanfast.com\/fr\/#\/schema\/logo\/image\/"},"sameAs":["https:\/\/ca.linkedin.com\/company\/ucan-fastening-products"]}]}},"_links":{"self":[{"href":"https:\/\/ucanfast.com\/fr\/wp-json\/wp\/v2\/product\/9447"}],"collection":[{"href":"https:\/\/ucanfast.com\/fr\/wp-json\/wp\/v2\/product"}],"about":[{"href":"https:\/\/ucanfast.com\/fr\/wp-json\/wp\/v2\/types\/product"}],"replies":[{"embeddable":true,"href":"https:\/\/ucanfast.com\/fr\/wp-json\/wp\/v2\/comments?post=9447"}],"wp:featuredmedia":[{"embeddable":true,"href":"https:\/\/ucanfast.com\/fr\/wp-json\/wp\/v2\/media\/13283"}],"wp:attachment":[{"href":"https:\/\/ucanfast.com\/fr\/wp-json\/wp\/v2\/media?parent=9447"}],"wp:term":[{"taxonomy":"product_cat","embeddable":true,"href":"https:\/\/ucanfast.com\/fr\/wp-json\/wp\/v2\/product_cat?post=9447"},{"taxonomy":"product_tag","embeddable":true,"href":"https:\/\/ucanfast.com\/fr\/wp-json\/wp\/v2\/product_tag?post=9447"},{"taxonomy":"Group","embeddable":true,"href":"https:\/\/ucanfast.com\/fr\/wp-json\/wp\/v2\/Group?post=9447"}],"curies":[{"name":"wp","href":"https:\/\/api.w.org\/{rel}","templated":true}]}}