{"id":9429,"date":"2022-07-01T12:07:16","date_gmt":"2022-07-01T16:07:16","guid":{"rendered":"https:\/\/ucanstage.wpengine.com\/product\/u-drills-socket-pan-head-zinc-plated-bulk-packs\/"},"modified":"2024-07-25T15:57:59","modified_gmt":"2024-07-25T19:57:59","slug":"u-drills-vis-a-tete-cylindrique-large-a-prise-carree-zinguee-en-vrac","status":"publish","type":"product","link":"https:\/\/ucanfast.com\/fr\/nos-produits\/u-drills-vis-a-tete-cylindrique-large-a-prise-carree-zinguee-en-vrac\/","title":{"rendered":"U-DRILLS\u00ae vis \u00e0 t\u00eate cylindrique large \u00e0 prise carr\u00e9e &#8211; Zingu\u00e9e &#8211; En vrac"},"content":{"rendered":"<p>U-DRILLS\u00ae vis \u00e0 t\u00eate cylindrique large \u00e0 prise carr\u00e9e &#8211; Zingu\u00e9e &#8211; En vrac<\/p>\n<p><strong>Zingu\u00e9e<\/strong><\/p>\n<div id=\"detaildescription\">\n<p><strong>Les vis \u00e0 t\u00eate cylindrique large \u00e0 prise carr\u00e9e sont disponibles en emballage <a href=\"https:\/\/ucanfast.com\/fr\/nos-produits\/u-drills-vis-a-tete-cylindrique-large-a-prise-carree-zinguee-pots\/\"><img decoding=\"async\" loading=\"lazy\" class=\"alignnone wp-image-11622 size-full\" style=\"display: inline; margin-left: 10px;\" src=\"https:\/\/ucanfast.com\/wp-content\/uploads\/2022\/07\/SuperPax.jpg\" alt=\"\" width=\"80\" height=\"49\" \/><\/a><\/strong><\/p>\n<\/div>\n<div class=\"partstabletitle\">\n<h5>VIS \u00c0T\u00caTE CYLINDRIQUE LARGE \u00c0 PRISE CARR\u00c9E &#8211; EN VRAC<\/h5>\n<\/div>\n<div>\n<table class=\"detailpartstable\" style=\"height: 444px;\" border=\"0\" width=\"850\" cellspacing=\"0\" cellpadding=\"0\">\n<tbody>\n<tr class=\"headers\">\n<td><strong>N\u00ba de pi\u00e8ce<\/strong><\/td>\n<td style=\"width: 21%;\"><strong>Dimension<\/strong><\/td>\n<td><strong>Pointe<\/strong><\/td>\n<td><strong>Capacit\u00e9<br \/>de per\u00e7age<\/strong><\/td>\n<td><strong>Qt\u00e9 par<br \/>caisse<\/strong><\/td>\n<td><strong>Poids de<br \/>la caisse<\/strong><\/td>\n<td><strong>Taille de la caisse<\/strong><\/td>\n<\/tr>\n<tr>\n<td>TSP 638B<\/td>\n<td>6-20 x 3\/8&#8243;<\/td>\n<td>2<\/td>\n<td>.090\/13 ga<\/td>\n<td>15,000<\/td>\n<td>28 lbs<\/td>\n<td>7-3\/4&#8243; x 9-3\/4&#8243; x 9-3\/4&#8243;<\/td>\n<\/tr>\n<tr>\n<td>TSP 612B<\/td>\n<td>6-20 x 1\/2&#8243;<\/td>\n<td>2<\/td>\n<td>.090\/13 ga<\/td>\n<td>15,000<\/td>\n<td>33 lbs<\/td>\n<td>7-3\/4&#8243; x 9-3\/4&#8243; x 9-3\/4&#8243;<\/td>\n<\/tr>\n<tr>\n<td>TSP 812B<\/td>\n<td>8-18 x 1\/2&#8243;<\/td>\n<td>2<\/td>\n<td>.100\/12 ga<\/td>\n<td>15,000<\/td>\n<td>47 lbs<\/td>\n<td>7-3\/4&#8243; x 9-3\/4&#8243; x 9-3\/4&#8243;<\/td>\n<\/tr>\n<tr>\n<td>TSP 858B<\/td>\n<td>8-18 x 5\/8&#8243;<\/td>\n<td>2<\/td>\n<td>.100\/12 ga<\/td>\n<td>10,000<\/td>\n<td>38 lbs<\/td>\n<td>7-3\/4&#8243; x 9-3\/4&#8243; x 9-3\/4&#8243;<\/td>\n<\/tr>\n<tr>\n<td>TSP 834B<\/td>\n<td>8-18 x 3\/4&#8243;<\/td>\n<td>2<\/td>\n<td>.100\/12 ga<\/td>\n<td>10,000<\/td>\n<td>42 lbs<\/td>\n<td>7-3\/4&#8243; x 9-3\/4&#8243; x 9-3\/4&#8243;<\/td>\n<\/tr>\n<tr>\n<td>TSP 834BW<\/td>\n<td>8-18 x 3\/4&#8243; T\u00eate blanche<\/td>\n<td>2<\/td>\n<td>.100\/12 ga<\/td>\n<td>10,000<\/td>\n<td>42 lbs<\/td>\n<td>7-3\/4&#8243; x 9-3\/4&#8243; x 9-3\/4&#8243;<\/td>\n<\/tr>\n<tr>\n<td>TSP 81B<\/td>\n<td>8-18 x 1&#8243;<\/td>\n<td>2<\/td>\n<td>.100\/12 ga<\/td>\n<td>7,500<\/td>\n<td>37 lbs<\/td>\n<td>7-3\/4&#8243; x 9-3\/4&#8243; x 9-3\/4&#8243;<\/td>\n<\/tr>\n<tr>\n<td>TSP 8112B<\/td>\n<td>8-18 x 1-1\/2&#8243;<\/td>\n<td>2<\/td>\n<td>.100\/12 ga<\/td>\n<td>6,000<\/td>\n<td>44 lbs<\/td>\n<td>7-3\/4&#8243; x 9-3\/4&#8243; x 9-3\/4&#8243;<\/td>\n<\/tr>\n<tr>\n<td>TSP 82B<\/td>\n<td>8-18 x 2&#8243;<\/td>\n<td>2<\/td>\n<td>.100\/12 ga<\/td>\n<td>3,000<\/td>\n<td>27 lbs<\/td>\n<td>7-3\/4&#8243; x 9-3\/4&#8243; x 9-3\/4&#8243;<\/td>\n<\/tr>\n<tr>\n<td>TSP 1012B<\/td>\n<td>10-16 x 1\/2&#8243;<\/td>\n<td>2<\/td>\n<td>.110\/12 ga<\/td>\n<td>10,000<\/td>\n<td>39 lbs<\/td>\n<td>7-3\/4&#8243; x 9-3\/4&#8243; x 9-3\/4&#8243;<\/td>\n<\/tr>\n<tr>\n<td>TSP 1058B<\/td>\n<td>10-16 x 5\/8&#8243;<\/td>\n<td>3<\/td>\n<td>.175\/7 ga<\/td>\n<td>8,000<\/td>\n<td>40 lbs<\/td>\n<td>7-3\/4&#8243; x 9-3\/4&#8243; x 9-3\/4&#8243;<\/td>\n<\/tr>\n<tr>\n<td>TSP 1034B<\/td>\n<td>10-16 x 3\/4&#8243;<\/td>\n<td>3<\/td>\n<td>.175\/7 ga<\/td>\n<td>8,000<\/td>\n<td>45 lbs<\/td>\n<td>7-3\/4&#8243; x 9-3\/4&#8243; x 9-3\/4&#8243;<\/td>\n<\/tr>\n<tr>\n<td>TSP 101B<\/td>\n<td>10-16 x 1&#8243;<\/td>\n<td>3<\/td>\n<td>.175\/7 ga<\/td>\n<td>5,000<\/td>\n<td>35 lbs<\/td>\n<td>7-3\/4&#8243; x 9-3\/4&#8243; x 9-3\/4&#8243;<\/td>\n<\/tr>\n<tr>\n<td>TSP 10114B<\/td>\n<td>10-16 x 1-1\/4&#8243;<\/td>\n<td>3<\/td>\n<td>.175\/7 ga<\/td>\n<td>4,000<\/td>\n<td>33 lbs<\/td>\n<td>7-3\/4&#8243; x 9-3\/4&#8243; x 9-3\/4&#8243;<\/td>\n<\/tr>\n<tr>\n<td>TSP 10112B<\/td>\n<td>10-16 x 1-1\/2&#8243;<\/td>\n<td>3<\/td>\n<td>.175\/7 ga<\/td>\n<td>4,000<\/td>\n<td>39 lbs<\/td>\n<td>7-3\/4&#8243; x 9-3\/4&#8243; x 9-3\/4&#8243;<\/td>\n<\/tr>\n<tr>\n<td>TSP 1234B<\/td>\n<td>12-14 x 3\/4&#8243;<\/td>\n<td>4<\/td>\n<td>.210\/5 ga<\/td>\n<td>6,000<\/td>\n<td>47 lbs<\/td>\n<td>7-3\/4&#8243; x 9-3\/4&#8243; x 9-3\/4&#8243;<\/td>\n<\/tr>\n<\/tbody>\n<\/table>\n<\/div>\n","protected":false},"excerpt":{"rendered":"<p>U-DRILLS\u00ae vis \u00e0 t\u00eate cylindrique large \u00e0 prise carr\u00e9e &#8211; Zingu\u00e9e &#8211; En vrac<\/p>\n","protected":false},"featured_media":5946,"comment_status":"open","ping_status":"closed","template":"","meta":[],"product_cat":[1650,1654,1651],"product_tag":[],"Group":[],"acf":[],"yoast_head":"<!-- This site is optimized with the Yoast SEO plugin v20.11 - https:\/\/yoast.com\/wordpress\/plugins\/seo\/ -->\n<title>U-DRILLS\u00ae vis \u00e0 t\u00eate cylindrique large \u00e0 prise carr\u00e9e - Zingu\u00e9e - En vrac - UCAN - Fastening Products<\/title>\n<meta name=\"robots\" content=\"noindex, follow\" \/>\n<meta property=\"og:locale\" content=\"fr_FR\" \/>\n<meta property=\"og:type\" content=\"article\" \/>\n<meta property=\"og:title\" content=\"U-DRILLS\u00ae vis \u00e0 t\u00eate cylindrique large \u00e0 prise carr\u00e9e - Zingu\u00e9e - En vrac - UCAN - Fastening Products\" \/>\n<meta property=\"og:description\" content=\"U-DRILLS\u00ae vis \u00e0 t\u00eate cylindrique large \u00e0 prise carr\u00e9e - Zingu\u00e9e - En vrac\" \/>\n<meta property=\"og:url\" content=\"https:\/\/ucanfast.com\/fr\/nos-produits\/u-drills-vis-a-tete-cylindrique-large-a-prise-carree-zinguee-en-vrac\/\" \/>\n<meta property=\"og:site_name\" content=\"UCAN - Fastening Products\" \/>\n<meta property=\"article:modified_time\" content=\"2024-07-25T19:57:59+00:00\" \/>\n<meta property=\"og:image\" content=\"https:\/\/ucanfast.com\/wp-content\/uploads\/2022\/07\/Sharp-Point-Self-Piercing-Socket-Pan-Head-Zinc-Plated.jpg\" \/>\n\t<meta property=\"og:image:width\" content=\"897\" \/>\n\t<meta property=\"og:image:height\" content=\"336\" \/>\n\t<meta property=\"og:image:type\" content=\"image\/jpeg\" \/>\n<meta name=\"twitter:card\" content=\"summary_large_image\" \/>\n<meta name=\"twitter:label1\" content=\"Dur\u00e9e de lecture estim\u00e9e\" \/>\n\t<meta name=\"twitter:data1\" content=\"2 minutes\" \/>\n<script type=\"application\/ld+json\" class=\"yoast-schema-graph\">{\"@context\":\"https:\/\/schema.org\",\"@graph\":[{\"@type\":\"WebPage\",\"@id\":\"https:\/\/ucanfast.com\/fr\/nos-produits\/u-drills-vis-a-tete-cylindrique-large-a-prise-carree-zinguee-en-vrac\/\",\"url\":\"https:\/\/ucanfast.com\/fr\/nos-produits\/u-drills-vis-a-tete-cylindrique-large-a-prise-carree-zinguee-en-vrac\/\",\"name\":\"U-DRILLS\u00ae vis \u00e0 t\u00eate cylindrique large \u00e0 prise carr\u00e9e - Zingu\u00e9e - En vrac - UCAN - Fastening Products\",\"isPartOf\":{\"@id\":\"https:\/\/ucanfast.com\/fr\/#website\"},\"datePublished\":\"2022-07-01T16:07:16+00:00\",\"dateModified\":\"2024-07-25T19:57:59+00:00\",\"breadcrumb\":{\"@id\":\"https:\/\/ucanfast.com\/fr\/nos-produits\/u-drills-vis-a-tete-cylindrique-large-a-prise-carree-zinguee-en-vrac\/#breadcrumb\"},\"inLanguage\":\"fr-FR\",\"potentialAction\":[{\"@type\":\"ReadAction\",\"target\":[\"https:\/\/ucanfast.com\/fr\/nos-produits\/u-drills-vis-a-tete-cylindrique-large-a-prise-carree-zinguee-en-vrac\/\"]}]},{\"@type\":\"BreadcrumbList\",\"@id\":\"https:\/\/ucanfast.com\/fr\/nos-produits\/u-drills-vis-a-tete-cylindrique-large-a-prise-carree-zinguee-en-vrac\/#breadcrumb\",\"itemListElement\":[{\"@type\":\"ListItem\",\"position\":1,\"name\":\"Accueil\",\"item\":\"https:\/\/ucanfast.com\/fr\/\"},{\"@type\":\"ListItem\",\"position\":2,\"name\":\"Nos Produits\",\"item\":\"https:\/\/ucanfast.com\/fr\/nos-produits\/\"},{\"@type\":\"ListItem\",\"position\":3,\"name\":\"U-DRILLS\u00ae vis \u00e0 t\u00eate cylindrique large \u00e0 prise carr\u00e9e &#8211; Zingu\u00e9e &#8211; En vrac\"}]},{\"@type\":\"WebSite\",\"@id\":\"https:\/\/ucanfast.com\/fr\/#website\",\"url\":\"https:\/\/ucanfast.com\/fr\/\",\"name\":\"UCAN Fastening Products\",\"description\":\"BUILDING LASTING CONNECTIONS\",\"publisher\":{\"@id\":\"https:\/\/ucanfast.com\/fr\/#organization\"},\"potentialAction\":[{\"@type\":\"SearchAction\",\"target\":{\"@type\":\"EntryPoint\",\"urlTemplate\":\"https:\/\/ucanfast.com\/fr\/?s={search_term_string}\"},\"query-input\":\"required name=search_term_string\"}],\"inLanguage\":\"fr-FR\"},{\"@type\":\"Organization\",\"@id\":\"https:\/\/ucanfast.com\/fr\/#organization\",\"name\":\"UCAN Fastening Products\",\"url\":\"https:\/\/ucanfast.com\/fr\/\",\"logo\":{\"@type\":\"ImageObject\",\"inLanguage\":\"fr-FR\",\"@id\":\"https:\/\/ucanfast.com\/fr\/#\/schema\/logo\/image\/\",\"url\":\"https:\/\/ucanfast.com\/wp-content\/uploads\/2023\/01\/Screen_Shot_2023-01-25_at_12.15.04_PM.png\",\"contentUrl\":\"https:\/\/ucanfast.com\/wp-content\/uploads\/2023\/01\/Screen_Shot_2023-01-25_at_12.15.04_PM.png\",\"width\":350,\"height\":192,\"caption\":\"UCAN Fastening Products\"},\"image\":{\"@id\":\"https:\/\/ucanfast.com\/fr\/#\/schema\/logo\/image\/\"},\"sameAs\":[\"https:\/\/ca.linkedin.com\/company\/ucan-fastening-products\"]}]}<\/script>\n<!-- \/ Yoast SEO plugin. -->","yoast_head_json":{"title":"U-DRILLS\u00ae vis \u00e0 t\u00eate cylindrique large \u00e0 prise carr\u00e9e - Zingu\u00e9e - En vrac - UCAN - Fastening Products","robots":{"index":"noindex","follow":"follow"},"og_locale":"fr_FR","og_type":"article","og_title":"U-DRILLS\u00ae vis \u00e0 t\u00eate cylindrique large \u00e0 prise carr\u00e9e - Zingu\u00e9e - En vrac - UCAN - Fastening Products","og_description":"U-DRILLS\u00ae vis \u00e0 t\u00eate cylindrique large \u00e0 prise carr\u00e9e - Zingu\u00e9e - En vrac","og_url":"https:\/\/ucanfast.com\/fr\/nos-produits\/u-drills-vis-a-tete-cylindrique-large-a-prise-carree-zinguee-en-vrac\/","og_site_name":"UCAN - Fastening Products","article_modified_time":"2024-07-25T19:57:59+00:00","og_image":[{"width":897,"height":336,"url":"https:\/\/ucanfast.com\/wp-content\/uploads\/2022\/07\/Sharp-Point-Self-Piercing-Socket-Pan-Head-Zinc-Plated.jpg","type":"image\/jpeg"}],"twitter_card":"summary_large_image","twitter_misc":{"Dur\u00e9e de lecture estim\u00e9e":"2 minutes"},"schema":{"@context":"https:\/\/schema.org","@graph":[{"@type":"WebPage","@id":"https:\/\/ucanfast.com\/fr\/nos-produits\/u-drills-vis-a-tete-cylindrique-large-a-prise-carree-zinguee-en-vrac\/","url":"https:\/\/ucanfast.com\/fr\/nos-produits\/u-drills-vis-a-tete-cylindrique-large-a-prise-carree-zinguee-en-vrac\/","name":"U-DRILLS\u00ae vis \u00e0 t\u00eate cylindrique large \u00e0 prise carr\u00e9e - Zingu\u00e9e - En vrac - UCAN - Fastening Products","isPartOf":{"@id":"https:\/\/ucanfast.com\/fr\/#website"},"datePublished":"2022-07-01T16:07:16+00:00","dateModified":"2024-07-25T19:57:59+00:00","breadcrumb":{"@id":"https:\/\/ucanfast.com\/fr\/nos-produits\/u-drills-vis-a-tete-cylindrique-large-a-prise-carree-zinguee-en-vrac\/#breadcrumb"},"inLanguage":"fr-FR","potentialAction":[{"@type":"ReadAction","target":["https:\/\/ucanfast.com\/fr\/nos-produits\/u-drills-vis-a-tete-cylindrique-large-a-prise-carree-zinguee-en-vrac\/"]}]},{"@type":"BreadcrumbList","@id":"https:\/\/ucanfast.com\/fr\/nos-produits\/u-drills-vis-a-tete-cylindrique-large-a-prise-carree-zinguee-en-vrac\/#breadcrumb","itemListElement":[{"@type":"ListItem","position":1,"name":"Accueil","item":"https:\/\/ucanfast.com\/fr\/"},{"@type":"ListItem","position":2,"name":"Nos Produits","item":"https:\/\/ucanfast.com\/fr\/nos-produits\/"},{"@type":"ListItem","position":3,"name":"U-DRILLS\u00ae vis \u00e0 t\u00eate cylindrique large \u00e0 prise carr\u00e9e &#8211; Zingu\u00e9e &#8211; En vrac"}]},{"@type":"WebSite","@id":"https:\/\/ucanfast.com\/fr\/#website","url":"https:\/\/ucanfast.com\/fr\/","name":"UCAN Fastening Products","description":"BUILDING LASTING CONNECTIONS","publisher":{"@id":"https:\/\/ucanfast.com\/fr\/#organization"},"potentialAction":[{"@type":"SearchAction","target":{"@type":"EntryPoint","urlTemplate":"https:\/\/ucanfast.com\/fr\/?s={search_term_string}"},"query-input":"required name=search_term_string"}],"inLanguage":"fr-FR"},{"@type":"Organization","@id":"https:\/\/ucanfast.com\/fr\/#organization","name":"UCAN Fastening Products","url":"https:\/\/ucanfast.com\/fr\/","logo":{"@type":"ImageObject","inLanguage":"fr-FR","@id":"https:\/\/ucanfast.com\/fr\/#\/schema\/logo\/image\/","url":"https:\/\/ucanfast.com\/wp-content\/uploads\/2023\/01\/Screen_Shot_2023-01-25_at_12.15.04_PM.png","contentUrl":"https:\/\/ucanfast.com\/wp-content\/uploads\/2023\/01\/Screen_Shot_2023-01-25_at_12.15.04_PM.png","width":350,"height":192,"caption":"UCAN Fastening Products"},"image":{"@id":"https:\/\/ucanfast.com\/fr\/#\/schema\/logo\/image\/"},"sameAs":["https:\/\/ca.linkedin.com\/company\/ucan-fastening-products"]}]}},"_links":{"self":[{"href":"https:\/\/ucanfast.com\/fr\/wp-json\/wp\/v2\/product\/9429"}],"collection":[{"href":"https:\/\/ucanfast.com\/fr\/wp-json\/wp\/v2\/product"}],"about":[{"href":"https:\/\/ucanfast.com\/fr\/wp-json\/wp\/v2\/types\/product"}],"replies":[{"embeddable":true,"href":"https:\/\/ucanfast.com\/fr\/wp-json\/wp\/v2\/comments?post=9429"}],"wp:featuredmedia":[{"embeddable":true,"href":"https:\/\/ucanfast.com\/fr\/wp-json\/wp\/v2\/media\/5946"}],"wp:attachment":[{"href":"https:\/\/ucanfast.com\/fr\/wp-json\/wp\/v2\/media?parent=9429"}],"wp:term":[{"taxonomy":"product_cat","embeddable":true,"href":"https:\/\/ucanfast.com\/fr\/wp-json\/wp\/v2\/product_cat?post=9429"},{"taxonomy":"product_tag","embeddable":true,"href":"https:\/\/ucanfast.com\/fr\/wp-json\/wp\/v2\/product_tag?post=9429"},{"taxonomy":"Group","embeddable":true,"href":"https:\/\/ucanfast.com\/fr\/wp-json\/wp\/v2\/Group?post=9429"}],"curies":[{"name":"wp","href":"https:\/\/api.w.org\/{rel}","templated":true}]}}