{"id":9386,"date":"2022-07-01T11:58:20","date_gmt":"2022-07-01T15:58:20","guid":{"rendered":"https:\/\/ucanstage.wpengine.com\/product\/ucan-lv-low-velocity-tool\/"},"modified":"2024-08-20T11:38:01","modified_gmt":"2024-08-20T15:38:01","slug":"ucan-lv-outils-a-basse-velocite","status":"publish","type":"product","link":"https:\/\/ucanfast.com\/fr\/nos-produits\/ucan-lv-outils-a-basse-velocite\/","title":{"rendered":"UCAN LV Outils \u00e0 basse v\u00e9locit\u00e9"},"content":{"rendered":"<hr \/>\n<h2 class=\"s2\">LV 362K Semi Automatique<\/h2>\n<p><img decoding=\"async\" loading=\"lazy\" class=\"alignnone wp-image-13188 size-large\" src=\"https:\/\/ucanfast.com\/wp-content\/uploads\/2022\/07\/LV362-1024x471.jpg\" alt=\"\" width=\"640\" height=\"294\" srcset=\"https:\/\/ucanfast.com\/wp-content\/uploads\/2022\/07\/LV362-1024x471.jpg 1024w, https:\/\/ucanfast.com\/wp-content\/uploads\/2022\/07\/LV362-300x138.jpg 300w, https:\/\/ucanfast.com\/wp-content\/uploads\/2022\/07\/LV362-150x69.jpg 150w, https:\/\/ucanfast.com\/wp-content\/uploads\/2022\/07\/LV362-768x353.jpg 768w, https:\/\/ucanfast.com\/wp-content\/uploads\/2022\/07\/LV362-1536x707.jpg 1536w, https:\/\/ucanfast.com\/wp-content\/uploads\/2022\/07\/LV362-2048x942.jpg 2048w, https:\/\/ucanfast.com\/wp-content\/uploads\/2022\/07\/LV362-100x46.jpg 100w, https:\/\/ucanfast.com\/wp-content\/uploads\/2022\/07\/LV362-600x276.jpg 600w\" sizes=\"(max-width: 640px) 100vw, 640px\" \/><br \/>\n<strong>Pour 0,300 \u00e0 t\u00eate plate et UD broches<\/strong><br \/>\nCet outil \u00e0 piston semi automatique est con\u00e7u pour fournir, rapidit\u00e9, convenance, \u00e9conomie et s\u00e9curit\u00e9 de travail. Il utilise la bande de calibre 0,27 charges comportant faible recul et de faibles niveaux de bruit.<\/p>\n<h5>CARACT\u00c9RISTIQUES<\/h5>\n<ul>\n<li>S\u00e9curitaire<\/li>\n<li>Recul r\u00e9duit<\/li>\n<li>Faible niveau de bruit<\/li>\n<li>Durable et fiable<\/li>\n<li>Utilise des bandes de charge de calibre .27<\/li>\n<li>Fixations allant jusqu\u2019\u00e0 6,35 cm (2 1\/2 po)<\/li>\n<li>P\u00e8se seulement 2,36 kg (5,2 lb)<\/li>\n<\/ul>\n<hr \/>\n<h2>LV 363\u2139K SEMI AUTOMATIQUE OUTIL DE FIXATION D&#8217;ISOLANT<\/h2>\n<p><img decoding=\"async\" loading=\"lazy\" class=\"alignnone wp-image-13193 size-large\" src=\"https:\/\/ucanfast.com\/wp-content\/uploads\/2022\/07\/LV363i-1024x409.jpg\" alt=\"\" width=\"640\" height=\"256\" srcset=\"https:\/\/ucanfast.com\/wp-content\/uploads\/2022\/07\/LV363i-1024x409.jpg 1024w, https:\/\/ucanfast.com\/wp-content\/uploads\/2022\/07\/LV363i-300x120.jpg 300w, https:\/\/ucanfast.com\/wp-content\/uploads\/2022\/07\/LV363i-150x60.jpg 150w, https:\/\/ucanfast.com\/wp-content\/uploads\/2022\/07\/LV363i-768x307.jpg 768w, https:\/\/ucanfast.com\/wp-content\/uploads\/2022\/07\/LV363i-1536x613.jpg 1536w, https:\/\/ucanfast.com\/wp-content\/uploads\/2022\/07\/LV363i-2048x818.jpg 2048w, https:\/\/ucanfast.com\/wp-content\/uploads\/2022\/07\/LV363i-100x40.jpg 100w, https:\/\/ucanfast.com\/wp-content\/uploads\/2022\/07\/LV363i-600x240.jpg 600w\" sizes=\"(max-width: 640px) 100vw, 640px\" \/><br \/>\n<strong>Pour les fixations d&#8217;isolation<\/strong><br \/>\nCet outil \u00e0 piston semi automatique est con\u00e7u pour fournir, rapidit\u00e9, convenance, \u00e9conomie et s\u00e9curit\u00e9 de travail. Il utilise la bande de calibre 0,27 charges comportant faible recul et de faibles niveaux de bruit. Le bulit en niveau de puissance peut \u00eatre ajust\u00e9e en fonction des exigences de travail.<\/p>\n<h5>CARACT\u00c9RISTIQUES<\/h5>\n<ul>\n<li>S\u00e9curitaire<\/li>\n<li>Recul r\u00e9duit<\/li>\n<li>Faible niveau de bruit<\/li>\n<li>Durable et fiable<\/li>\n<li>Cadran de r\u00e9glable de puissance<\/li>\n<li>Utilise des bandes de charge de calibre .27<\/li>\n<li>P\u00e8se seulement 2,31 kg (5,1 lb)<\/li>\n<\/ul>\n<hr \/>\n<h2>LV 367K Semi Automatique<\/h2>\n<p><img decoding=\"async\" loading=\"lazy\" class=\"alignnone size-large wp-image-13196\" src=\"https:\/\/ucanfast.com\/wp-content\/uploads\/2022\/07\/LV367-1024x480.jpg\" alt=\"\" width=\"640\" height=\"300\" srcset=\"https:\/\/ucanfast.com\/wp-content\/uploads\/2022\/07\/LV367-1024x480.jpg 1024w, https:\/\/ucanfast.com\/wp-content\/uploads\/2022\/07\/LV367-300x141.jpg 300w, https:\/\/ucanfast.com\/wp-content\/uploads\/2022\/07\/LV367-150x70.jpg 150w, https:\/\/ucanfast.com\/wp-content\/uploads\/2022\/07\/LV367-768x360.jpg 768w, https:\/\/ucanfast.com\/wp-content\/uploads\/2022\/07\/LV367-1536x720.jpg 1536w, https:\/\/ucanfast.com\/wp-content\/uploads\/2022\/07\/LV367-2048x960.jpg 2048w, https:\/\/ucanfast.com\/wp-content\/uploads\/2022\/07\/LV367-100x47.jpg 100w, https:\/\/ucanfast.com\/wp-content\/uploads\/2022\/07\/LV367-600x281.jpg 600w\" sizes=\"(max-width: 640px) 100vw, 640px\" \/><\/p>\n<p><strong>Pour 0,300 \u00e0 t\u00eate plate broches<\/strong><br \/>\nCet outil \u00e0 piston semi automatique est con\u00e7u pour fournir, rapidit\u00e9, convenance, \u00e9conomie et s\u00e9curit\u00e9 de travail. Il utilise la bande de calibre 0,27 charges comportant faible recul et de faibles niveaux de bruit. Le bulit en niveau de puissance peut \u00eatre ajust\u00e9e en fonction des exigences de travail.<\/p>\n<h5>CARACT\u00c9RISTIQUES<\/h5>\n<ul>\n<li>S\u00e9curitaire<\/li>\n<li>Recul r\u00e9duit<\/li>\n<li>Faible niveau de bruit<\/li>\n<li>Durable et fiable<\/li>\n<li>Cadran de r\u00e9glable de puissance<\/li>\n<li>Utilise des bandes de charge de calibre .27<\/li>\n<li>Fixations allant jusqu&#8217;\u00e0 6,35 cm (2 1\/2 po)<\/li>\n<li>P\u00e8se seulement 2,31 kg (5,1 lb)<\/li>\n<\/ul>\n<hr \/>\n<h2>LV 470K SEMI AUTOMATIQUE<\/h2>\n<p><img decoding=\"async\" loading=\"lazy\" class=\"alignnone size-large wp-image-13199\" src=\"https:\/\/ucanfast.com\/wp-content\/uploads\/2022\/07\/LV470-1024x544.jpg\" alt=\"\" width=\"640\" height=\"340\" srcset=\"https:\/\/ucanfast.com\/wp-content\/uploads\/2022\/07\/LV470-1024x544.jpg 1024w, https:\/\/ucanfast.com\/wp-content\/uploads\/2022\/07\/LV470-300x159.jpg 300w, https:\/\/ucanfast.com\/wp-content\/uploads\/2022\/07\/LV470-150x80.jpg 150w, https:\/\/ucanfast.com\/wp-content\/uploads\/2022\/07\/LV470-768x408.jpg 768w, https:\/\/ucanfast.com\/wp-content\/uploads\/2022\/07\/LV470-1536x816.jpg 1536w, https:\/\/ucanfast.com\/wp-content\/uploads\/2022\/07\/LV470-2048x1088.jpg 2048w, https:\/\/ucanfast.com\/wp-content\/uploads\/2022\/07\/LV470-100x53.jpg 100w, https:\/\/ucanfast.com\/wp-content\/uploads\/2022\/07\/LV470-600x319.jpg 600w\" sizes=\"(max-width: 640px) 100vw, 640px\" \/><\/p>\n<p><strong>Pour les chevilles PC et les goujons UTS<\/strong><br \/>\nLe LV 470 est un outil \u00e0 piston semi automatique. La conception du piston assure une faible v\u00e9locit\u00e9 d\u2019insertion de la fixation et la dissipation de l\u2019\u00e9nergie en fin de course. Les risques de d\u00e9foncer la structure ou de d\u00e9flection par ricochet des fixations \u00e0 haute v\u00e9locit\u00e9 sont totalement \u00e9limin\u00e9s. Un r\u00e9gulateur de puissance permet la r\u00e9duction du bruit et du recul. La puissance d\u00e9livr\u00e9e peut \u00eatre r\u00e9gl\u00e9e selon le travail \u00e0 effectuer. Aussi, un silencieux int\u00e9gr\u00e9 r\u00e9duit le niveau sonore.<\/p>\n<h5>CARACT\u00c9RISTIQUES<\/h5>\n<ul>\n<li>S\u00e9curitaire<\/li>\n<li>Recul r\u00e9duit<\/li>\n<li>Faible niveau de bruit<\/li>\n<li>Durable et fiable<\/li>\n<li>Cadran de r\u00e9glable de puissance<\/li>\n<li>Utilise des bandes de charge de calibre .27<\/li>\n<li>Pour les chevilles PC et les goujons UTS jusqu&#8217;\u00e0 6,35 cm (2 1\/2 po)<\/li>\n<li>P\u00e8se seulement 3,2 kg (7 lb)<\/li>\n<\/ul>\n","protected":false},"excerpt":{"rendered":"<p>Les outils \u00e0 piston semi-automatiques UCAN sont con\u00e7us pour la rapidit\u00e9, la commodit\u00e9, l&#8217;\u00e9conomie et la s\u00e9curit\u00e9.<\/p>\n","protected":false},"featured_media":13190,"comment_status":"open","ping_status":"closed","template":"","meta":[],"product_cat":[1615,1622,1617],"product_tag":[3708],"Group":[],"acf":[],"yoast_head":"<!-- This site is optimized with the Yoast SEO plugin v20.11 - https:\/\/yoast.com\/wordpress\/plugins\/seo\/ -->\n<title>UCAN LV Outils \u00e0 basse v\u00e9locit\u00e9 - UCAN - Fastening Products<\/title>\n<meta name=\"robots\" content=\"index, follow, max-snippet:-1, max-image-preview:large, max-video-preview:-1\" \/>\n<link rel=\"canonical\" href=\"https:\/\/ucanfast.com\/fr\/nos-produits\/ucan-lv-outils-a-basse-velocite\/\" \/>\n<meta property=\"og:locale\" content=\"fr_FR\" \/>\n<meta property=\"og:type\" content=\"article\" \/>\n<meta property=\"og:title\" content=\"UCAN LV Outils \u00e0 basse v\u00e9locit\u00e9 - UCAN - Fastening Products\" \/>\n<meta property=\"og:description\" content=\"Les outils \u00e0 piston semi-automatiques UCAN sont con\u00e7us pour la rapidit\u00e9, la commodit\u00e9, l&#039;\u00e9conomie et la s\u00e9curit\u00e9.\" \/>\n<meta property=\"og:url\" content=\"https:\/\/ucanfast.com\/fr\/nos-produits\/ucan-lv-outils-a-basse-velocite\/\" \/>\n<meta property=\"og:site_name\" content=\"UCAN - Fastening Products\" \/>\n<meta property=\"article:modified_time\" content=\"2024-08-20T15:38:01+00:00\" \/>\n<meta property=\"og:image\" content=\"https:\/\/ucanfast.com\/wp-content\/uploads\/2022\/07\/LV362-scaled.jpg\" \/>\n\t<meta property=\"og:image:width\" content=\"2560\" \/>\n\t<meta property=\"og:image:height\" content=\"1178\" \/>\n\t<meta property=\"og:image:type\" content=\"image\/jpeg\" \/>\n<meta name=\"twitter:card\" content=\"summary_large_image\" \/>\n<meta name=\"twitter:label1\" content=\"Dur\u00e9e de lecture estim\u00e9e\" \/>\n\t<meta name=\"twitter:data1\" content=\"3 minutes\" \/>\n<script type=\"application\/ld+json\" class=\"yoast-schema-graph\">{\"@context\":\"https:\/\/schema.org\",\"@graph\":[{\"@type\":\"WebPage\",\"@id\":\"https:\/\/ucanfast.com\/fr\/nos-produits\/ucan-lv-outils-a-basse-velocite\/\",\"url\":\"https:\/\/ucanfast.com\/fr\/nos-produits\/ucan-lv-outils-a-basse-velocite\/\",\"name\":\"UCAN LV Outils \u00e0 basse v\u00e9locit\u00e9 - UCAN - Fastening Products\",\"isPartOf\":{\"@id\":\"https:\/\/ucanfast.com\/fr\/#website\"},\"datePublished\":\"2022-07-01T15:58:20+00:00\",\"dateModified\":\"2024-08-20T15:38:01+00:00\",\"breadcrumb\":{\"@id\":\"https:\/\/ucanfast.com\/fr\/nos-produits\/ucan-lv-outils-a-basse-velocite\/#breadcrumb\"},\"inLanguage\":\"fr-FR\",\"potentialAction\":[{\"@type\":\"ReadAction\",\"target\":[\"https:\/\/ucanfast.com\/fr\/nos-produits\/ucan-lv-outils-a-basse-velocite\/\"]}]},{\"@type\":\"BreadcrumbList\",\"@id\":\"https:\/\/ucanfast.com\/fr\/nos-produits\/ucan-lv-outils-a-basse-velocite\/#breadcrumb\",\"itemListElement\":[{\"@type\":\"ListItem\",\"position\":1,\"name\":\"Accueil\",\"item\":\"https:\/\/ucanfast.com\/fr\/\"},{\"@type\":\"ListItem\",\"position\":2,\"name\":\"Nos Produits\",\"item\":\"https:\/\/ucanfast.com\/fr\/nos-produits\/\"},{\"@type\":\"ListItem\",\"position\":3,\"name\":\"UCAN LV Outils \u00e0 basse v\u00e9locit\u00e9\"}]},{\"@type\":\"WebSite\",\"@id\":\"https:\/\/ucanfast.com\/fr\/#website\",\"url\":\"https:\/\/ucanfast.com\/fr\/\",\"name\":\"UCAN Fastening Products\",\"description\":\"BUILDING LASTING CONNECTIONS\",\"publisher\":{\"@id\":\"https:\/\/ucanfast.com\/fr\/#organization\"},\"potentialAction\":[{\"@type\":\"SearchAction\",\"target\":{\"@type\":\"EntryPoint\",\"urlTemplate\":\"https:\/\/ucanfast.com\/fr\/?s={search_term_string}\"},\"query-input\":\"required name=search_term_string\"}],\"inLanguage\":\"fr-FR\"},{\"@type\":\"Organization\",\"@id\":\"https:\/\/ucanfast.com\/fr\/#organization\",\"name\":\"UCAN Fastening Products\",\"url\":\"https:\/\/ucanfast.com\/fr\/\",\"logo\":{\"@type\":\"ImageObject\",\"inLanguage\":\"fr-FR\",\"@id\":\"https:\/\/ucanfast.com\/fr\/#\/schema\/logo\/image\/\",\"url\":\"https:\/\/ucanfast.com\/wp-content\/uploads\/2023\/01\/Screen_Shot_2023-01-25_at_12.15.04_PM.png\",\"contentUrl\":\"https:\/\/ucanfast.com\/wp-content\/uploads\/2023\/01\/Screen_Shot_2023-01-25_at_12.15.04_PM.png\",\"width\":350,\"height\":192,\"caption\":\"UCAN Fastening Products\"},\"image\":{\"@id\":\"https:\/\/ucanfast.com\/fr\/#\/schema\/logo\/image\/\"},\"sameAs\":[\"https:\/\/ca.linkedin.com\/company\/ucan-fastening-products\"]}]}<\/script>\n<!-- \/ Yoast SEO plugin. -->","yoast_head_json":{"title":"UCAN LV Outils \u00e0 basse v\u00e9locit\u00e9 - UCAN - Fastening Products","robots":{"index":"index","follow":"follow","max-snippet":"max-snippet:-1","max-image-preview":"max-image-preview:large","max-video-preview":"max-video-preview:-1"},"canonical":"https:\/\/ucanfast.com\/fr\/nos-produits\/ucan-lv-outils-a-basse-velocite\/","og_locale":"fr_FR","og_type":"article","og_title":"UCAN LV Outils \u00e0 basse v\u00e9locit\u00e9 - UCAN - Fastening Products","og_description":"Les outils \u00e0 piston semi-automatiques UCAN sont con\u00e7us pour la rapidit\u00e9, la commodit\u00e9, l'\u00e9conomie et la s\u00e9curit\u00e9.","og_url":"https:\/\/ucanfast.com\/fr\/nos-produits\/ucan-lv-outils-a-basse-velocite\/","og_site_name":"UCAN - Fastening Products","article_modified_time":"2024-08-20T15:38:01+00:00","og_image":[{"width":2560,"height":1178,"url":"https:\/\/ucanfast.com\/wp-content\/uploads\/2022\/07\/LV362-scaled.jpg","type":"image\/jpeg"}],"twitter_card":"summary_large_image","twitter_misc":{"Dur\u00e9e de lecture estim\u00e9e":"3 minutes"},"schema":{"@context":"https:\/\/schema.org","@graph":[{"@type":"WebPage","@id":"https:\/\/ucanfast.com\/fr\/nos-produits\/ucan-lv-outils-a-basse-velocite\/","url":"https:\/\/ucanfast.com\/fr\/nos-produits\/ucan-lv-outils-a-basse-velocite\/","name":"UCAN LV Outils \u00e0 basse v\u00e9locit\u00e9 - UCAN - Fastening Products","isPartOf":{"@id":"https:\/\/ucanfast.com\/fr\/#website"},"datePublished":"2022-07-01T15:58:20+00:00","dateModified":"2024-08-20T15:38:01+00:00","breadcrumb":{"@id":"https:\/\/ucanfast.com\/fr\/nos-produits\/ucan-lv-outils-a-basse-velocite\/#breadcrumb"},"inLanguage":"fr-FR","potentialAction":[{"@type":"ReadAction","target":["https:\/\/ucanfast.com\/fr\/nos-produits\/ucan-lv-outils-a-basse-velocite\/"]}]},{"@type":"BreadcrumbList","@id":"https:\/\/ucanfast.com\/fr\/nos-produits\/ucan-lv-outils-a-basse-velocite\/#breadcrumb","itemListElement":[{"@type":"ListItem","position":1,"name":"Accueil","item":"https:\/\/ucanfast.com\/fr\/"},{"@type":"ListItem","position":2,"name":"Nos Produits","item":"https:\/\/ucanfast.com\/fr\/nos-produits\/"},{"@type":"ListItem","position":3,"name":"UCAN LV Outils \u00e0 basse v\u00e9locit\u00e9"}]},{"@type":"WebSite","@id":"https:\/\/ucanfast.com\/fr\/#website","url":"https:\/\/ucanfast.com\/fr\/","name":"UCAN Fastening Products","description":"BUILDING LASTING CONNECTIONS","publisher":{"@id":"https:\/\/ucanfast.com\/fr\/#organization"},"potentialAction":[{"@type":"SearchAction","target":{"@type":"EntryPoint","urlTemplate":"https:\/\/ucanfast.com\/fr\/?s={search_term_string}"},"query-input":"required name=search_term_string"}],"inLanguage":"fr-FR"},{"@type":"Organization","@id":"https:\/\/ucanfast.com\/fr\/#organization","name":"UCAN Fastening Products","url":"https:\/\/ucanfast.com\/fr\/","logo":{"@type":"ImageObject","inLanguage":"fr-FR","@id":"https:\/\/ucanfast.com\/fr\/#\/schema\/logo\/image\/","url":"https:\/\/ucanfast.com\/wp-content\/uploads\/2023\/01\/Screen_Shot_2023-01-25_at_12.15.04_PM.png","contentUrl":"https:\/\/ucanfast.com\/wp-content\/uploads\/2023\/01\/Screen_Shot_2023-01-25_at_12.15.04_PM.png","width":350,"height":192,"caption":"UCAN Fastening Products"},"image":{"@id":"https:\/\/ucanfast.com\/fr\/#\/schema\/logo\/image\/"},"sameAs":["https:\/\/ca.linkedin.com\/company\/ucan-fastening-products"]}]}},"_links":{"self":[{"href":"https:\/\/ucanfast.com\/fr\/wp-json\/wp\/v2\/product\/9386"}],"collection":[{"href":"https:\/\/ucanfast.com\/fr\/wp-json\/wp\/v2\/product"}],"about":[{"href":"https:\/\/ucanfast.com\/fr\/wp-json\/wp\/v2\/types\/product"}],"replies":[{"embeddable":true,"href":"https:\/\/ucanfast.com\/fr\/wp-json\/wp\/v2\/comments?post=9386"}],"wp:featuredmedia":[{"embeddable":true,"href":"https:\/\/ucanfast.com\/fr\/wp-json\/wp\/v2\/media\/13190"}],"wp:attachment":[{"href":"https:\/\/ucanfast.com\/fr\/wp-json\/wp\/v2\/media?parent=9386"}],"wp:term":[{"taxonomy":"product_cat","embeddable":true,"href":"https:\/\/ucanfast.com\/fr\/wp-json\/wp\/v2\/product_cat?post=9386"},{"taxonomy":"product_tag","embeddable":true,"href":"https:\/\/ucanfast.com\/fr\/wp-json\/wp\/v2\/product_tag?post=9386"},{"taxonomy":"Group","embeddable":true,"href":"https:\/\/ucanfast.com\/fr\/wp-json\/wp\/v2\/Group?post=9386"}],"curies":[{"name":"wp","href":"https:\/\/api.w.org\/{rel}","templated":true}]}}