{"id":16792,"date":"2026-01-02T12:03:37","date_gmt":"2026-01-02T17:03:37","guid":{"rendered":"https:\/\/ucanfast.com\/product\/rod-hanger-setting-tool\/"},"modified":"2026-01-06T11:59:13","modified_gmt":"2026-01-06T16:59:13","slug":"rod-hanger-setting-tool","status":"publish","type":"product","link":"https:\/\/ucanfast.com\/fr\/nos-produits\/rod-hanger-setting-tool\/","title":{"rendered":"Outils de pose de suspentes pour tiges"},"content":{"rendered":"<p>&nbsp;<\/p>\n<div>\n<h3><strong>Avantages cl\u00e9s :<\/strong><\/h3>\n<ul>\n<li>Installation rapide et fiable<\/li>\n<li>Un seul outil pour percer et visser<\/li>\n<li>Compatible avec les suspentes \u00e0 tige TORPEDO Aster<\/li>\n<\/ul>\n<p><strong>Gagnez du temps. Simplifiez vos projets. Optez pour UCAN.<\/strong><\/p>\n<p>&nbsp;<\/p>\n<\/div>\n<div>\n<h3><strong>Chaque trousse comprend :<\/strong><\/h3>\n<ul>\n<li><strong>2 forets SDS Premium Plus \u00e0 4 taillants SCS146 (1\/4 x 6) longue dur\u00e9e<\/strong><\/li>\n<li><strong>1 manchon adaptateur CDP160L<\/strong><\/li>\n<li><strong>1 TST RH<\/strong><\/li>\n<\/ul>\n<p>La trousse est emball\u00e9e dans une pochette robuste en nylon, pratique et r\u00e9sistante, avec boucle de ceinture ajustable.<\/p>\n<p><strong>Et m\u00eame une poche s\u00e9par\u00e9e pour votre t\u00e9l\u00e9phone!<\/strong><\/p>\n<\/div>\n","protected":false},"excerpt":{"rendered":"<p>&nbsp;<\/p>\n<div>L\u2019outil SCRUTOOL-PLUS-RH vous offre une solution rapide et pr\u00e9cise pour l\u2019installation des suspentes \u00e0 tige <strong>TORPEDO Aster<\/strong>. Con\u00e7u pour la performance, il vous permet de <strong>percer et fixer avec un seul outil<\/strong>, r\u00e9duisant le temps de travail et augmentant l\u2019efficacit\u00e9 sur vos chantiers.<\/div>\n","protected":false},"featured_media":16784,"comment_status":"open","ping_status":"closed","template":"","meta":[],"product_cat":[1562,4261],"product_tag":[4081],"Group":[],"acf":[],"yoast_head":"<!-- This site is optimized with the Yoast SEO plugin v20.11 - https:\/\/yoast.com\/wordpress\/plugins\/seo\/ -->\n<title>Outils de pose de suspentes pour tiges - UCAN - Fastening Products<\/title>\n<meta name=\"robots\" content=\"noindex, follow\" \/>\n<meta property=\"og:locale\" content=\"fr_FR\" \/>\n<meta property=\"og:type\" content=\"article\" \/>\n<meta property=\"og:title\" content=\"Outils de pose de suspentes pour tiges - UCAN - Fastening Products\" \/>\n<meta property=\"og:description\" content=\"&nbsp; L\u2019outil SCRUTOOL-PLUS-RH vous offre une solution rapide et pr\u00e9cise pour l\u2019installation des suspentes \u00e0 tige TORPEDO Aster. Con\u00e7u pour la performance, il vous permet de percer et fixer avec un seul outil, r\u00e9duisant le temps de travail et augmentant l\u2019efficacit\u00e9 sur vos chantiers.\" \/>\n<meta property=\"og:url\" content=\"https:\/\/ucanfast.com\/fr\/nos-produits\/rod-hanger-setting-tool\/\" \/>\n<meta property=\"og:site_name\" content=\"UCAN - Fastening Products\" \/>\n<meta property=\"article:modified_time\" content=\"2026-01-06T16:59:13+00:00\" \/>\n<meta property=\"og:image\" content=\"https:\/\/ucanfast.com\/wp-content\/uploads\/2026\/01\/TORPEDO-RH-PLUS-1024x462.png\" \/>\n\t<meta property=\"og:image:width\" content=\"1024\" \/>\n\t<meta property=\"og:image:height\" content=\"462\" \/>\n\t<meta property=\"og:image:type\" content=\"image\/png\" \/>\n<meta name=\"twitter:card\" content=\"summary_large_image\" \/>\n<meta name=\"twitter:label1\" content=\"Dur\u00e9e de lecture estim\u00e9e\" \/>\n\t<meta name=\"twitter:data1\" content=\"1 minute\" \/>\n<script type=\"application\/ld+json\" class=\"yoast-schema-graph\">{\"@context\":\"https:\/\/schema.org\",\"@graph\":[{\"@type\":\"WebPage\",\"@id\":\"https:\/\/ucanfast.com\/fr\/nos-produits\/rod-hanger-setting-tool\/\",\"url\":\"https:\/\/ucanfast.com\/fr\/nos-produits\/rod-hanger-setting-tool\/\",\"name\":\"Outils de pose de suspentes pour tiges - UCAN - Fastening Products\",\"isPartOf\":{\"@id\":\"https:\/\/ucanfast.com\/fr\/#website\"},\"datePublished\":\"2026-01-02T17:03:37+00:00\",\"dateModified\":\"2026-01-06T16:59:13+00:00\",\"breadcrumb\":{\"@id\":\"https:\/\/ucanfast.com\/fr\/nos-produits\/rod-hanger-setting-tool\/#breadcrumb\"},\"inLanguage\":\"fr-FR\",\"potentialAction\":[{\"@type\":\"ReadAction\",\"target\":[\"https:\/\/ucanfast.com\/fr\/nos-produits\/rod-hanger-setting-tool\/\"]}]},{\"@type\":\"BreadcrumbList\",\"@id\":\"https:\/\/ucanfast.com\/fr\/nos-produits\/rod-hanger-setting-tool\/#breadcrumb\",\"itemListElement\":[{\"@type\":\"ListItem\",\"position\":1,\"name\":\"Accueil\",\"item\":\"https:\/\/ucanfast.com\/fr\/\"},{\"@type\":\"ListItem\",\"position\":2,\"name\":\"Nos Produits\",\"item\":\"https:\/\/ucanfast.com\/fr\/nos-produits\/\"},{\"@type\":\"ListItem\",\"position\":3,\"name\":\"Outils de pose de suspentes pour tiges\"}]},{\"@type\":\"WebSite\",\"@id\":\"https:\/\/ucanfast.com\/fr\/#website\",\"url\":\"https:\/\/ucanfast.com\/fr\/\",\"name\":\"UCAN Fastening Products\",\"description\":\"BUILDING LASTING CONNECTIONS\",\"publisher\":{\"@id\":\"https:\/\/ucanfast.com\/fr\/#organization\"},\"potentialAction\":[{\"@type\":\"SearchAction\",\"target\":{\"@type\":\"EntryPoint\",\"urlTemplate\":\"https:\/\/ucanfast.com\/fr\/?s={search_term_string}\"},\"query-input\":\"required name=search_term_string\"}],\"inLanguage\":\"fr-FR\"},{\"@type\":\"Organization\",\"@id\":\"https:\/\/ucanfast.com\/fr\/#organization\",\"name\":\"UCAN Fastening Products\",\"url\":\"https:\/\/ucanfast.com\/fr\/\",\"logo\":{\"@type\":\"ImageObject\",\"inLanguage\":\"fr-FR\",\"@id\":\"https:\/\/ucanfast.com\/fr\/#\/schema\/logo\/image\/\",\"url\":\"https:\/\/ucanfast.com\/wp-content\/uploads\/2023\/01\/Screen_Shot_2023-01-25_at_12.15.04_PM.png\",\"contentUrl\":\"https:\/\/ucanfast.com\/wp-content\/uploads\/2023\/01\/Screen_Shot_2023-01-25_at_12.15.04_PM.png\",\"width\":350,\"height\":192,\"caption\":\"UCAN Fastening Products\"},\"image\":{\"@id\":\"https:\/\/ucanfast.com\/fr\/#\/schema\/logo\/image\/\"},\"sameAs\":[\"https:\/\/ca.linkedin.com\/company\/ucan-fastening-products\"]}]}<\/script>\n<!-- \/ Yoast SEO plugin. -->","yoast_head_json":{"title":"Outils de pose de suspentes pour tiges - UCAN - Fastening Products","robots":{"index":"noindex","follow":"follow"},"og_locale":"fr_FR","og_type":"article","og_title":"Outils de pose de suspentes pour tiges - UCAN - Fastening Products","og_description":"&nbsp; L\u2019outil SCRUTOOL-PLUS-RH vous offre une solution rapide et pr\u00e9cise pour l\u2019installation des suspentes \u00e0 tige TORPEDO Aster. Con\u00e7u pour la performance, il vous permet de percer et fixer avec un seul outil, r\u00e9duisant le temps de travail et augmentant l\u2019efficacit\u00e9 sur vos chantiers.","og_url":"https:\/\/ucanfast.com\/fr\/nos-produits\/rod-hanger-setting-tool\/","og_site_name":"UCAN - Fastening Products","article_modified_time":"2026-01-06T16:59:13+00:00","og_image":[{"width":1024,"height":462,"url":"https:\/\/ucanfast.com\/wp-content\/uploads\/2026\/01\/TORPEDO-RH-PLUS-1024x462.png","type":"image\/png"}],"twitter_card":"summary_large_image","twitter_misc":{"Dur\u00e9e de lecture estim\u00e9e":"1 minute"},"schema":{"@context":"https:\/\/schema.org","@graph":[{"@type":"WebPage","@id":"https:\/\/ucanfast.com\/fr\/nos-produits\/rod-hanger-setting-tool\/","url":"https:\/\/ucanfast.com\/fr\/nos-produits\/rod-hanger-setting-tool\/","name":"Outils de pose de suspentes pour tiges - UCAN - Fastening Products","isPartOf":{"@id":"https:\/\/ucanfast.com\/fr\/#website"},"datePublished":"2026-01-02T17:03:37+00:00","dateModified":"2026-01-06T16:59:13+00:00","breadcrumb":{"@id":"https:\/\/ucanfast.com\/fr\/nos-produits\/rod-hanger-setting-tool\/#breadcrumb"},"inLanguage":"fr-FR","potentialAction":[{"@type":"ReadAction","target":["https:\/\/ucanfast.com\/fr\/nos-produits\/rod-hanger-setting-tool\/"]}]},{"@type":"BreadcrumbList","@id":"https:\/\/ucanfast.com\/fr\/nos-produits\/rod-hanger-setting-tool\/#breadcrumb","itemListElement":[{"@type":"ListItem","position":1,"name":"Accueil","item":"https:\/\/ucanfast.com\/fr\/"},{"@type":"ListItem","position":2,"name":"Nos Produits","item":"https:\/\/ucanfast.com\/fr\/nos-produits\/"},{"@type":"ListItem","position":3,"name":"Outils de pose de suspentes pour tiges"}]},{"@type":"WebSite","@id":"https:\/\/ucanfast.com\/fr\/#website","url":"https:\/\/ucanfast.com\/fr\/","name":"UCAN Fastening Products","description":"BUILDING LASTING CONNECTIONS","publisher":{"@id":"https:\/\/ucanfast.com\/fr\/#organization"},"potentialAction":[{"@type":"SearchAction","target":{"@type":"EntryPoint","urlTemplate":"https:\/\/ucanfast.com\/fr\/?s={search_term_string}"},"query-input":"required name=search_term_string"}],"inLanguage":"fr-FR"},{"@type":"Organization","@id":"https:\/\/ucanfast.com\/fr\/#organization","name":"UCAN Fastening Products","url":"https:\/\/ucanfast.com\/fr\/","logo":{"@type":"ImageObject","inLanguage":"fr-FR","@id":"https:\/\/ucanfast.com\/fr\/#\/schema\/logo\/image\/","url":"https:\/\/ucanfast.com\/wp-content\/uploads\/2023\/01\/Screen_Shot_2023-01-25_at_12.15.04_PM.png","contentUrl":"https:\/\/ucanfast.com\/wp-content\/uploads\/2023\/01\/Screen_Shot_2023-01-25_at_12.15.04_PM.png","width":350,"height":192,"caption":"UCAN Fastening Products"},"image":{"@id":"https:\/\/ucanfast.com\/fr\/#\/schema\/logo\/image\/"},"sameAs":["https:\/\/ca.linkedin.com\/company\/ucan-fastening-products"]}]}},"_links":{"self":[{"href":"https:\/\/ucanfast.com\/fr\/wp-json\/wp\/v2\/product\/16792"}],"collection":[{"href":"https:\/\/ucanfast.com\/fr\/wp-json\/wp\/v2\/product"}],"about":[{"href":"https:\/\/ucanfast.com\/fr\/wp-json\/wp\/v2\/types\/product"}],"replies":[{"embeddable":true,"href":"https:\/\/ucanfast.com\/fr\/wp-json\/wp\/v2\/comments?post=16792"}],"wp:featuredmedia":[{"embeddable":true,"href":"https:\/\/ucanfast.com\/fr\/wp-json\/wp\/v2\/media\/16784"}],"wp:attachment":[{"href":"https:\/\/ucanfast.com\/fr\/wp-json\/wp\/v2\/media?parent=16792"}],"wp:term":[{"taxonomy":"product_cat","embeddable":true,"href":"https:\/\/ucanfast.com\/fr\/wp-json\/wp\/v2\/product_cat?post=16792"},{"taxonomy":"product_tag","embeddable":true,"href":"https:\/\/ucanfast.com\/fr\/wp-json\/wp\/v2\/product_tag?post=16792"},{"taxonomy":"Group","embeddable":true,"href":"https:\/\/ucanfast.com\/fr\/wp-json\/wp\/v2\/Group?post=16792"}],"curies":[{"name":"wp","href":"https:\/\/api.w.org\/{rel}","templated":true}]}}