{"id":16759,"date":"2025-12-31T14:21:30","date_gmt":"2025-12-31T19:21:30","guid":{"rendered":"https:\/\/ucanfast.com\/product\/product-4\/"},"modified":"2026-01-01T16:01:03","modified_gmt":"2026-01-01T21:01:03","slug":"product-4","status":"publish","type":"product","link":"https:\/\/ucanfast.com\/fr\/nos-produits\/product-4\/","title":{"rendered":"Forets SDP PLUS PREMIUM \u00e0 4 taillants \u2013 Packs professionnels pour entrepreneurs"},"content":{"rendered":"<div id=\"detaildescription\">\n<h5>CARACT\u00c9RISTIQUES<\/h5>\n<ul>\n<li><strong>Dur\u00e9e de vie 2 fois plus longue qu\u2019un foret \u00e0 2 taillants<\/strong><\/li>\n<li><strong>Coupe les barres d\u2019armature<\/strong><\/li>\n<li><strong>Vitesse de per\u00e7age \u00e9lev\u00e9e<\/strong><\/li>\n<li><strong>Faibles vibrations<\/strong><\/li>\n<li><strong>\u00c9vacuation efficace de la poussi\u00e8re<\/strong><\/li>\n<li><strong>Large gamme de diam\u00e8tres : 5\/32&#8243; \u00e0 5\/8&#8243;<\/strong><\/li>\n<li><strong>Pointe en carbure massif : 3\/8&#8243; \u00e0 5\/8&#8243;<\/strong><\/li>\n<\/ul>\n<p><img decoding=\"async\" loading=\"lazy\" class=\"\" style=\"display: inline; margin-left: 10px;\" src=\"https:\/\/ucanfast.com\/wp-content\/uploads\/2022\/07\/ANSI-1-300x185.jpg\" alt=\"\" width=\"139\" height=\"86\" \/><\/p>\n<\/div>\n<div class=\"partstabletitle\">\n<h2>SDP PREMIUM<\/h2>\n<\/div>\n<div>\n<table class=\"detailpartstable\" style=\"height: 396px;\" border=\"1\" width=\"693\" cellspacing=\"1\" cellpadding=\"1\">\n<tbody>\n<tr class=\"headers\">\n<td style=\"text-align: center;\"><strong>Part No.<\/strong><\/td>\n<td style=\"text-align: center;\"><strong>Dia. (in)<\/strong><\/td>\n<td style=\"text-align: center;\"><strong>Longueur totale (in)<\/strong><\/td>\n<td style=\"text-align: center;\"><strong>Longueur utile (in)<\/strong><\/td>\n<td style=\"text-align: center;\"><strong>Queue<\/strong><\/td>\n<td style=\"text-align: center;\"><strong>Quantit\u00e9 par emballage<\/strong><\/td>\n<\/tr>\n<tr>\n<td style=\"text-align: center;\">SDP3164B<\/td>\n<td style=\"text-align: center;\">3\/16 ANSI<\/td>\n<td style=\"text-align: center;\">4-1\/4<\/td>\n<td style=\"text-align: center;\">2<\/td>\n<td style=\"text-align: center;\">SDS PLUS<\/td>\n<td style=\"text-align: center;\">25<\/td>\n<\/tr>\n<tr>\n<td style=\"text-align: center;\">SDP3166B<\/td>\n<td style=\"text-align: center;\">3\/16 ANSI<\/td>\n<td style=\"text-align: center;\">6-1\/4<\/td>\n<td style=\"text-align: center;\">4<\/td>\n<td style=\"text-align: center;\">SDS PLUS<\/td>\n<td style=\"text-align: center;\">25<\/td>\n<\/tr>\n<tr>\n<td style=\"text-align: center;\">SDP144B<\/td>\n<td style=\"text-align: center;\">1\/4 ANSI<\/td>\n<td style=\"text-align: center;\">4-1\/4<\/td>\n<td style=\"text-align: center;\">2<\/td>\n<td style=\"text-align: center;\">SDS PLUS<\/td>\n<td style=\"text-align: center;\">25<\/td>\n<\/tr>\n<tr>\n<td style=\"text-align: center;\">SDP146B<\/td>\n<td style=\"text-align: center;\">1\/4 ANSI<\/td>\n<td style=\"text-align: center;\">6-1\/4<\/td>\n<td style=\"text-align: center;\">4<\/td>\n<td style=\"text-align: center;\">SDS PLUS<\/td>\n<td style=\"text-align: center;\">25<\/td>\n<\/tr>\n<tr>\n<td style=\"text-align: center;\">SDP386B<\/td>\n<td style=\"text-align: center;\">3\/8 ANSI<\/td>\n<td style=\"text-align: center;\">6-1\/4<\/td>\n<td style=\"text-align: center;\">4<\/td>\n<td style=\"text-align: center;\">SDS PLUS<\/td>\n<td style=\"text-align: center;\">20<\/td>\n<\/tr>\n<tr>\n<td style=\"text-align: center;\">SDP126B<\/td>\n<td style=\"text-align: center;\">1\/2 ANSI<\/td>\n<td style=\"text-align: center;\">6-1\/4<\/td>\n<td style=\"text-align: center;\">4<\/td>\n<td style=\"text-align: center;\">SDS PLUS<\/td>\n<td style=\"text-align: center;\">20<\/td>\n<\/tr>\n<\/tbody>\n<\/table>\n<\/div>\n<p>&nbsp;<\/p>\n<div><\/div>\n","protected":false},"excerpt":{"rendered":"<p>Les nouveaux forets SDS Plus Premium \u00e0 4 taillants (SDP) de UCAN, con\u00e7us selon les dimensions ANSI, offrent une dur\u00e9e de vie exceptionnellement longue dans le b\u00e9ton et la ma\u00e7onnerie, surpassant largement nos forets SDS Plus standards.<br \/>\nParmi leurs atouts : une vitesse de per\u00e7age \u00e9lev\u00e9e, une \u00e9vacuation efficace de la poussi\u00e8re et un faible niveau de vibration. Ils sont \u00e9galement capables de couper \u00e0 travers les barres d\u2019armature.<\/p>\n","protected":false},"featured_media":13825,"comment_status":"open","ping_status":"closed","template":"","meta":[],"product_cat":[1513,1521],"product_tag":[],"Group":[],"acf":[],"yoast_head":"<!-- This site is optimized with the Yoast SEO plugin v20.11 - https:\/\/yoast.com\/wordpress\/plugins\/seo\/ -->\n<title>Forets SDP PLUS PREMIUM \u00e0 4 taillants \u2013 Packs professionnels pour entrepreneurs - UCAN - Fastening Products<\/title>\n<meta name=\"robots\" content=\"noindex, follow\" \/>\n<meta property=\"og:locale\" content=\"fr_FR\" \/>\n<meta property=\"og:type\" content=\"article\" \/>\n<meta property=\"og:title\" content=\"Forets SDP PLUS PREMIUM \u00e0 4 taillants \u2013 Packs professionnels pour entrepreneurs - UCAN - Fastening Products\" \/>\n<meta property=\"og:description\" content=\"Les nouveaux forets SDS Plus Premium \u00e0 4 taillants (SDP) de UCAN, con\u00e7us selon les dimensions ANSI, offrent une dur\u00e9e de vie exceptionnellement longue dans le b\u00e9ton et la ma\u00e7onnerie, surpassant largement nos forets SDS Plus standards. Parmi leurs atouts : une vitesse de per\u00e7age \u00e9lev\u00e9e, une \u00e9vacuation efficace de la poussi\u00e8re et un faible niveau de vibration. Ils sont \u00e9galement capables de couper \u00e0 travers les barres d\u2019armature.\" \/>\n<meta property=\"og:url\" content=\"https:\/\/ucanfast.com\/fr\/nos-produits\/product-4\/\" \/>\n<meta property=\"og:site_name\" content=\"UCAN - Fastening Products\" \/>\n<meta property=\"article:modified_time\" content=\"2026-01-01T21:01:03+00:00\" \/>\n<meta property=\"og:image\" content=\"https:\/\/ucanfast.com\/wp-content\/uploads\/2024\/03\/SDP-PLUS-PREMIUM-4-CUTTER-DRILL-BITS-scaled.jpg\" \/>\n\t<meta property=\"og:image:width\" content=\"2560\" \/>\n\t<meta property=\"og:image:height\" content=\"473\" \/>\n\t<meta property=\"og:image:type\" content=\"image\/jpeg\" \/>\n<meta name=\"twitter:card\" content=\"summary_large_image\" \/>\n<meta name=\"twitter:label1\" content=\"Dur\u00e9e de lecture estim\u00e9e\" \/>\n\t<meta name=\"twitter:data1\" content=\"1 minute\" \/>\n<script type=\"application\/ld+json\" class=\"yoast-schema-graph\">{\"@context\":\"https:\/\/schema.org\",\"@graph\":[{\"@type\":\"WebPage\",\"@id\":\"https:\/\/ucanfast.com\/fr\/nos-produits\/product-4\/\",\"url\":\"https:\/\/ucanfast.com\/fr\/nos-produits\/product-4\/\",\"name\":\"Forets SDP PLUS PREMIUM \u00e0 4 taillants \u2013 Packs professionnels pour entrepreneurs - UCAN - Fastening Products\",\"isPartOf\":{\"@id\":\"https:\/\/ucanfast.com\/fr\/#website\"},\"datePublished\":\"2025-12-31T19:21:30+00:00\",\"dateModified\":\"2026-01-01T21:01:03+00:00\",\"breadcrumb\":{\"@id\":\"https:\/\/ucanfast.com\/fr\/nos-produits\/product-4\/#breadcrumb\"},\"inLanguage\":\"fr-FR\",\"potentialAction\":[{\"@type\":\"ReadAction\",\"target\":[\"https:\/\/ucanfast.com\/fr\/nos-produits\/product-4\/\"]}]},{\"@type\":\"BreadcrumbList\",\"@id\":\"https:\/\/ucanfast.com\/fr\/nos-produits\/product-4\/#breadcrumb\",\"itemListElement\":[{\"@type\":\"ListItem\",\"position\":1,\"name\":\"Accueil\",\"item\":\"https:\/\/ucanfast.com\/fr\/\"},{\"@type\":\"ListItem\",\"position\":2,\"name\":\"Nos Produits\",\"item\":\"https:\/\/ucanfast.com\/fr\/nos-produits\/\"},{\"@type\":\"ListItem\",\"position\":3,\"name\":\"Forets SDP PLUS PREMIUM \u00e0 4 taillants \u2013 Packs professionnels pour entrepreneurs\"}]},{\"@type\":\"WebSite\",\"@id\":\"https:\/\/ucanfast.com\/fr\/#website\",\"url\":\"https:\/\/ucanfast.com\/fr\/\",\"name\":\"UCAN Fastening Products\",\"description\":\"BUILDING LASTING CONNECTIONS\",\"publisher\":{\"@id\":\"https:\/\/ucanfast.com\/fr\/#organization\"},\"potentialAction\":[{\"@type\":\"SearchAction\",\"target\":{\"@type\":\"EntryPoint\",\"urlTemplate\":\"https:\/\/ucanfast.com\/fr\/?s={search_term_string}\"},\"query-input\":\"required name=search_term_string\"}],\"inLanguage\":\"fr-FR\"},{\"@type\":\"Organization\",\"@id\":\"https:\/\/ucanfast.com\/fr\/#organization\",\"name\":\"UCAN Fastening Products\",\"url\":\"https:\/\/ucanfast.com\/fr\/\",\"logo\":{\"@type\":\"ImageObject\",\"inLanguage\":\"fr-FR\",\"@id\":\"https:\/\/ucanfast.com\/fr\/#\/schema\/logo\/image\/\",\"url\":\"https:\/\/ucanfast.com\/wp-content\/uploads\/2023\/01\/Screen_Shot_2023-01-25_at_12.15.04_PM.png\",\"contentUrl\":\"https:\/\/ucanfast.com\/wp-content\/uploads\/2023\/01\/Screen_Shot_2023-01-25_at_12.15.04_PM.png\",\"width\":350,\"height\":192,\"caption\":\"UCAN Fastening Products\"},\"image\":{\"@id\":\"https:\/\/ucanfast.com\/fr\/#\/schema\/logo\/image\/\"},\"sameAs\":[\"https:\/\/ca.linkedin.com\/company\/ucan-fastening-products\"]}]}<\/script>\n<!-- \/ Yoast SEO plugin. -->","yoast_head_json":{"title":"Forets SDP PLUS PREMIUM \u00e0 4 taillants \u2013 Packs professionnels pour entrepreneurs - UCAN - Fastening Products","robots":{"index":"noindex","follow":"follow"},"og_locale":"fr_FR","og_type":"article","og_title":"Forets SDP PLUS PREMIUM \u00e0 4 taillants \u2013 Packs professionnels pour entrepreneurs - UCAN - Fastening Products","og_description":"Les nouveaux forets SDS Plus Premium \u00e0 4 taillants (SDP) de UCAN, con\u00e7us selon les dimensions ANSI, offrent une dur\u00e9e de vie exceptionnellement longue dans le b\u00e9ton et la ma\u00e7onnerie, surpassant largement nos forets SDS Plus standards. Parmi leurs atouts : une vitesse de per\u00e7age \u00e9lev\u00e9e, une \u00e9vacuation efficace de la poussi\u00e8re et un faible niveau de vibration. Ils sont \u00e9galement capables de couper \u00e0 travers les barres d\u2019armature.","og_url":"https:\/\/ucanfast.com\/fr\/nos-produits\/product-4\/","og_site_name":"UCAN - Fastening Products","article_modified_time":"2026-01-01T21:01:03+00:00","og_image":[{"width":2560,"height":473,"url":"https:\/\/ucanfast.com\/wp-content\/uploads\/2024\/03\/SDP-PLUS-PREMIUM-4-CUTTER-DRILL-BITS-scaled.jpg","type":"image\/jpeg"}],"twitter_card":"summary_large_image","twitter_misc":{"Dur\u00e9e de lecture estim\u00e9e":"1 minute"},"schema":{"@context":"https:\/\/schema.org","@graph":[{"@type":"WebPage","@id":"https:\/\/ucanfast.com\/fr\/nos-produits\/product-4\/","url":"https:\/\/ucanfast.com\/fr\/nos-produits\/product-4\/","name":"Forets SDP PLUS PREMIUM \u00e0 4 taillants \u2013 Packs professionnels pour entrepreneurs - UCAN - Fastening Products","isPartOf":{"@id":"https:\/\/ucanfast.com\/fr\/#website"},"datePublished":"2025-12-31T19:21:30+00:00","dateModified":"2026-01-01T21:01:03+00:00","breadcrumb":{"@id":"https:\/\/ucanfast.com\/fr\/nos-produits\/product-4\/#breadcrumb"},"inLanguage":"fr-FR","potentialAction":[{"@type":"ReadAction","target":["https:\/\/ucanfast.com\/fr\/nos-produits\/product-4\/"]}]},{"@type":"BreadcrumbList","@id":"https:\/\/ucanfast.com\/fr\/nos-produits\/product-4\/#breadcrumb","itemListElement":[{"@type":"ListItem","position":1,"name":"Accueil","item":"https:\/\/ucanfast.com\/fr\/"},{"@type":"ListItem","position":2,"name":"Nos Produits","item":"https:\/\/ucanfast.com\/fr\/nos-produits\/"},{"@type":"ListItem","position":3,"name":"Forets SDP PLUS PREMIUM \u00e0 4 taillants \u2013 Packs professionnels pour entrepreneurs"}]},{"@type":"WebSite","@id":"https:\/\/ucanfast.com\/fr\/#website","url":"https:\/\/ucanfast.com\/fr\/","name":"UCAN Fastening Products","description":"BUILDING LASTING CONNECTIONS","publisher":{"@id":"https:\/\/ucanfast.com\/fr\/#organization"},"potentialAction":[{"@type":"SearchAction","target":{"@type":"EntryPoint","urlTemplate":"https:\/\/ucanfast.com\/fr\/?s={search_term_string}"},"query-input":"required name=search_term_string"}],"inLanguage":"fr-FR"},{"@type":"Organization","@id":"https:\/\/ucanfast.com\/fr\/#organization","name":"UCAN Fastening Products","url":"https:\/\/ucanfast.com\/fr\/","logo":{"@type":"ImageObject","inLanguage":"fr-FR","@id":"https:\/\/ucanfast.com\/fr\/#\/schema\/logo\/image\/","url":"https:\/\/ucanfast.com\/wp-content\/uploads\/2023\/01\/Screen_Shot_2023-01-25_at_12.15.04_PM.png","contentUrl":"https:\/\/ucanfast.com\/wp-content\/uploads\/2023\/01\/Screen_Shot_2023-01-25_at_12.15.04_PM.png","width":350,"height":192,"caption":"UCAN Fastening Products"},"image":{"@id":"https:\/\/ucanfast.com\/fr\/#\/schema\/logo\/image\/"},"sameAs":["https:\/\/ca.linkedin.com\/company\/ucan-fastening-products"]}]}},"_links":{"self":[{"href":"https:\/\/ucanfast.com\/fr\/wp-json\/wp\/v2\/product\/16759"}],"collection":[{"href":"https:\/\/ucanfast.com\/fr\/wp-json\/wp\/v2\/product"}],"about":[{"href":"https:\/\/ucanfast.com\/fr\/wp-json\/wp\/v2\/types\/product"}],"replies":[{"embeddable":true,"href":"https:\/\/ucanfast.com\/fr\/wp-json\/wp\/v2\/comments?post=16759"}],"wp:featuredmedia":[{"embeddable":true,"href":"https:\/\/ucanfast.com\/fr\/wp-json\/wp\/v2\/media\/13825"}],"wp:attachment":[{"href":"https:\/\/ucanfast.com\/fr\/wp-json\/wp\/v2\/media?parent=16759"}],"wp:term":[{"taxonomy":"product_cat","embeddable":true,"href":"https:\/\/ucanfast.com\/fr\/wp-json\/wp\/v2\/product_cat?post=16759"},{"taxonomy":"product_tag","embeddable":true,"href":"https:\/\/ucanfast.com\/fr\/wp-json\/wp\/v2\/product_tag?post=16759"},{"taxonomy":"Group","embeddable":true,"href":"https:\/\/ucanfast.com\/fr\/wp-json\/wp\/v2\/Group?post=16759"}],"curies":[{"name":"wp","href":"https:\/\/api.w.org\/{rel}","templated":true}]}}