{"id":13795,"date":"2024-05-09T16:38:59","date_gmt":"2024-05-09T20:38:59","guid":{"rendered":"https:\/\/ucanfast.com\/product\/product\/"},"modified":"2024-10-08T15:08:48","modified_gmt":"2024-10-08T19:08:48","slug":"vis-pour-clips-de-toit","status":"publish","type":"product","link":"https:\/\/ucanfast.com\/fr\/nos-produits\/vis-pour-clips-de-toit\/","title":{"rendered":"Vis pour clips de toit U-DRILLS"},"content":{"rendered":"<h5>FEATURES<\/h5>\n<ul>\n<li>T\u00eate cr\u00eape \u00e0 profil bas<\/li>\n<li>Carr\u00e9 n\u00b02<\/li>\n<li>Rev\u00eatement fiable <a href=\"https:\/\/ucanfast.com\/pdfs\/fr\/technicalinformation\/rusprocoating.pdf\">RUSPRO<sup>MD<\/sup><\/a> r\u00e9sistant \u00e0 la corrosion<\/li>\n<li>Silver RUSPRO est conforme \u00e0 l&#8217;ACQ<\/li>\n<li>Polyvalent. Disponible avec une pointe de per\u00e7age n\u00b03 pour l&#8217;acier ou une pointe de per\u00e7age de type 17 pour le bois<\/li>\n<\/ul>\n<h5>VIS CLIP DE TOIT<\/h5>\n<div>\n<table class=\"detailpartstable\" style=\"height: 146px;\" border=\"0\" width=\"338\" cellspacing=\"0\" cellpadding=\"0\">\n<tbody>\n<tr class=\"headers\">\n<td><strong>Num\u00e9ro de pi\u00e8ce.<\/strong><\/td>\n<td><strong>Taille<\/strong><\/td>\n<td><strong>Indiquer<\/strong><\/td>\n<\/tr>\n<tr>\n<td>CPS101B<\/td>\n<td>10 X 1 po<\/td>\n<td>3<\/td>\n<\/tr>\n<tr>\n<td>CPS121B<\/td>\n<td>12 X 1 po<\/td>\n<td>3<\/td>\n<\/tr>\n<tr>\n<td>CSS101B<\/td>\n<td>10 X 1 po<\/td>\n<td>Tapez 17<\/td>\n<\/tr>\n<tr>\n<td>CSS10112B<\/td>\n<td>10 X 1-1\/2 po<\/td>\n<td>Tapez 17<\/td>\n<\/tr>\n<\/tbody>\n<\/table>\n<\/div>\n<p>&nbsp;<\/p>\n","protected":false},"excerpt":{"rendered":"<p>Les vis pour clips de toit UCAN U-DRILLS<sup>MD<\/sup> sont id\u00e9ales pour fixer des clips de toit en m\u00e9tal \u00e0 profil bas aux pannes en acier et aux supports en bois.<\/p>\n","protected":false},"featured_media":13819,"comment_status":"open","ping_status":"closed","template":"","meta":[],"product_cat":[1650,1654,1651],"product_tag":[],"Group":[],"acf":[],"yoast_head":"<!-- This site is optimized with the Yoast SEO plugin v20.11 - https:\/\/yoast.com\/wordpress\/plugins\/seo\/ -->\n<title>Vis pour clips de toit U-DRILLS - UCAN - Fastening Products<\/title>\n<meta name=\"robots\" content=\"index, follow, max-snippet:-1, max-image-preview:large, max-video-preview:-1\" \/>\n<link rel=\"canonical\" href=\"https:\/\/ucanfast.com\/fr\/nos-produits\/vis-pour-clips-de-toit\/\" \/>\n<meta property=\"og:locale\" content=\"fr_FR\" \/>\n<meta property=\"og:type\" content=\"article\" \/>\n<meta property=\"og:title\" content=\"Vis pour clips de toit U-DRILLS - UCAN - Fastening Products\" \/>\n<meta property=\"og:description\" content=\"Les vis pour clips de toit UCAN U-DRILLSMD sont id\u00e9ales pour fixer des clips de toit en m\u00e9tal \u00e0 profil bas aux pannes en acier et aux supports en bois.\" \/>\n<meta property=\"og:url\" content=\"https:\/\/ucanfast.com\/fr\/nos-produits\/vis-pour-clips-de-toit\/\" \/>\n<meta property=\"og:site_name\" content=\"UCAN - Fastening Products\" \/>\n<meta property=\"article:modified_time\" content=\"2024-10-08T19:08:48+00:00\" \/>\n<meta property=\"og:image\" content=\"https:\/\/ucanfast.com\/wp-content\/uploads\/2024\/05\/CPS.png\" \/>\n\t<meta property=\"og:image:width\" content=\"2000\" \/>\n\t<meta property=\"og:image:height\" content=\"695\" \/>\n\t<meta property=\"og:image:type\" content=\"image\/png\" \/>\n<meta name=\"twitter:card\" content=\"summary_large_image\" \/>\n<meta name=\"twitter:label1\" content=\"Dur\u00e9e de lecture estim\u00e9e\" \/>\n\t<meta name=\"twitter:data1\" content=\"1 minute\" \/>\n<script type=\"application\/ld+json\" class=\"yoast-schema-graph\">{\"@context\":\"https:\/\/schema.org\",\"@graph\":[{\"@type\":\"WebPage\",\"@id\":\"https:\/\/ucanfast.com\/fr\/nos-produits\/vis-pour-clips-de-toit\/\",\"url\":\"https:\/\/ucanfast.com\/fr\/nos-produits\/vis-pour-clips-de-toit\/\",\"name\":\"Vis pour clips de toit U-DRILLS - UCAN - Fastening Products\",\"isPartOf\":{\"@id\":\"https:\/\/ucanfast.com\/fr\/#website\"},\"datePublished\":\"2024-05-09T20:38:59+00:00\",\"dateModified\":\"2024-10-08T19:08:48+00:00\",\"breadcrumb\":{\"@id\":\"https:\/\/ucanfast.com\/fr\/nos-produits\/vis-pour-clips-de-toit\/#breadcrumb\"},\"inLanguage\":\"fr-FR\",\"potentialAction\":[{\"@type\":\"ReadAction\",\"target\":[\"https:\/\/ucanfast.com\/fr\/nos-produits\/vis-pour-clips-de-toit\/\"]}]},{\"@type\":\"BreadcrumbList\",\"@id\":\"https:\/\/ucanfast.com\/fr\/nos-produits\/vis-pour-clips-de-toit\/#breadcrumb\",\"itemListElement\":[{\"@type\":\"ListItem\",\"position\":1,\"name\":\"Accueil\",\"item\":\"https:\/\/ucanfast.com\/fr\/\"},{\"@type\":\"ListItem\",\"position\":2,\"name\":\"Nos Produits\",\"item\":\"https:\/\/ucanfast.com\/fr\/nos-produits\/\"},{\"@type\":\"ListItem\",\"position\":3,\"name\":\"Vis pour clips de toit U-DRILLS\"}]},{\"@type\":\"WebSite\",\"@id\":\"https:\/\/ucanfast.com\/fr\/#website\",\"url\":\"https:\/\/ucanfast.com\/fr\/\",\"name\":\"UCAN Fastening Products\",\"description\":\"BUILDING LASTING CONNECTIONS\",\"publisher\":{\"@id\":\"https:\/\/ucanfast.com\/fr\/#organization\"},\"potentialAction\":[{\"@type\":\"SearchAction\",\"target\":{\"@type\":\"EntryPoint\",\"urlTemplate\":\"https:\/\/ucanfast.com\/fr\/?s={search_term_string}\"},\"query-input\":\"required name=search_term_string\"}],\"inLanguage\":\"fr-FR\"},{\"@type\":\"Organization\",\"@id\":\"https:\/\/ucanfast.com\/fr\/#organization\",\"name\":\"UCAN Fastening Products\",\"url\":\"https:\/\/ucanfast.com\/fr\/\",\"logo\":{\"@type\":\"ImageObject\",\"inLanguage\":\"fr-FR\",\"@id\":\"https:\/\/ucanfast.com\/fr\/#\/schema\/logo\/image\/\",\"url\":\"https:\/\/ucanfast.com\/wp-content\/uploads\/2023\/01\/Screen_Shot_2023-01-25_at_12.15.04_PM.png\",\"contentUrl\":\"https:\/\/ucanfast.com\/wp-content\/uploads\/2023\/01\/Screen_Shot_2023-01-25_at_12.15.04_PM.png\",\"width\":350,\"height\":192,\"caption\":\"UCAN Fastening Products\"},\"image\":{\"@id\":\"https:\/\/ucanfast.com\/fr\/#\/schema\/logo\/image\/\"},\"sameAs\":[\"https:\/\/ca.linkedin.com\/company\/ucan-fastening-products\"]}]}<\/script>\n<!-- \/ Yoast SEO plugin. -->","yoast_head_json":{"title":"Vis pour clips de toit U-DRILLS - UCAN - Fastening Products","robots":{"index":"index","follow":"follow","max-snippet":"max-snippet:-1","max-image-preview":"max-image-preview:large","max-video-preview":"max-video-preview:-1"},"canonical":"https:\/\/ucanfast.com\/fr\/nos-produits\/vis-pour-clips-de-toit\/","og_locale":"fr_FR","og_type":"article","og_title":"Vis pour clips de toit U-DRILLS - UCAN - Fastening Products","og_description":"Les vis pour clips de toit UCAN U-DRILLSMD sont id\u00e9ales pour fixer des clips de toit en m\u00e9tal \u00e0 profil bas aux pannes en acier et aux supports en bois.","og_url":"https:\/\/ucanfast.com\/fr\/nos-produits\/vis-pour-clips-de-toit\/","og_site_name":"UCAN - Fastening Products","article_modified_time":"2024-10-08T19:08:48+00:00","og_image":[{"width":2000,"height":695,"url":"https:\/\/ucanfast.com\/wp-content\/uploads\/2024\/05\/CPS.png","type":"image\/png"}],"twitter_card":"summary_large_image","twitter_misc":{"Dur\u00e9e de lecture estim\u00e9e":"1 minute"},"schema":{"@context":"https:\/\/schema.org","@graph":[{"@type":"WebPage","@id":"https:\/\/ucanfast.com\/fr\/nos-produits\/vis-pour-clips-de-toit\/","url":"https:\/\/ucanfast.com\/fr\/nos-produits\/vis-pour-clips-de-toit\/","name":"Vis pour clips de toit U-DRILLS - UCAN - Fastening Products","isPartOf":{"@id":"https:\/\/ucanfast.com\/fr\/#website"},"datePublished":"2024-05-09T20:38:59+00:00","dateModified":"2024-10-08T19:08:48+00:00","breadcrumb":{"@id":"https:\/\/ucanfast.com\/fr\/nos-produits\/vis-pour-clips-de-toit\/#breadcrumb"},"inLanguage":"fr-FR","potentialAction":[{"@type":"ReadAction","target":["https:\/\/ucanfast.com\/fr\/nos-produits\/vis-pour-clips-de-toit\/"]}]},{"@type":"BreadcrumbList","@id":"https:\/\/ucanfast.com\/fr\/nos-produits\/vis-pour-clips-de-toit\/#breadcrumb","itemListElement":[{"@type":"ListItem","position":1,"name":"Accueil","item":"https:\/\/ucanfast.com\/fr\/"},{"@type":"ListItem","position":2,"name":"Nos Produits","item":"https:\/\/ucanfast.com\/fr\/nos-produits\/"},{"@type":"ListItem","position":3,"name":"Vis pour clips de toit U-DRILLS"}]},{"@type":"WebSite","@id":"https:\/\/ucanfast.com\/fr\/#website","url":"https:\/\/ucanfast.com\/fr\/","name":"UCAN Fastening Products","description":"BUILDING LASTING CONNECTIONS","publisher":{"@id":"https:\/\/ucanfast.com\/fr\/#organization"},"potentialAction":[{"@type":"SearchAction","target":{"@type":"EntryPoint","urlTemplate":"https:\/\/ucanfast.com\/fr\/?s={search_term_string}"},"query-input":"required name=search_term_string"}],"inLanguage":"fr-FR"},{"@type":"Organization","@id":"https:\/\/ucanfast.com\/fr\/#organization","name":"UCAN Fastening Products","url":"https:\/\/ucanfast.com\/fr\/","logo":{"@type":"ImageObject","inLanguage":"fr-FR","@id":"https:\/\/ucanfast.com\/fr\/#\/schema\/logo\/image\/","url":"https:\/\/ucanfast.com\/wp-content\/uploads\/2023\/01\/Screen_Shot_2023-01-25_at_12.15.04_PM.png","contentUrl":"https:\/\/ucanfast.com\/wp-content\/uploads\/2023\/01\/Screen_Shot_2023-01-25_at_12.15.04_PM.png","width":350,"height":192,"caption":"UCAN Fastening Products"},"image":{"@id":"https:\/\/ucanfast.com\/fr\/#\/schema\/logo\/image\/"},"sameAs":["https:\/\/ca.linkedin.com\/company\/ucan-fastening-products"]}]}},"_links":{"self":[{"href":"https:\/\/ucanfast.com\/fr\/wp-json\/wp\/v2\/product\/13795"}],"collection":[{"href":"https:\/\/ucanfast.com\/fr\/wp-json\/wp\/v2\/product"}],"about":[{"href":"https:\/\/ucanfast.com\/fr\/wp-json\/wp\/v2\/types\/product"}],"replies":[{"embeddable":true,"href":"https:\/\/ucanfast.com\/fr\/wp-json\/wp\/v2\/comments?post=13795"}],"wp:featuredmedia":[{"embeddable":true,"href":"https:\/\/ucanfast.com\/fr\/wp-json\/wp\/v2\/media\/13819"}],"wp:attachment":[{"href":"https:\/\/ucanfast.com\/fr\/wp-json\/wp\/v2\/media?parent=13795"}],"wp:term":[{"taxonomy":"product_cat","embeddable":true,"href":"https:\/\/ucanfast.com\/fr\/wp-json\/wp\/v2\/product_cat?post=13795"},{"taxonomy":"product_tag","embeddable":true,"href":"https:\/\/ucanfast.com\/fr\/wp-json\/wp\/v2\/product_tag?post=13795"},{"taxonomy":"Group","embeddable":true,"href":"https:\/\/ucanfast.com\/fr\/wp-json\/wp\/v2\/Group?post=13795"}],"curies":[{"name":"wp","href":"https:\/\/api.w.org\/{rel}","templated":true}]}}