{"id":12782,"date":"2023-09-14T11:31:20","date_gmt":"2023-09-14T15:31:20","guid":{"rendered":"https:\/\/ucanfast.com\/product\/ucan-torpedo-bolt-rod-hanger\/"},"modified":"2025-03-27T15:04:17","modified_gmt":"2025-03-27T19:04:17","slug":"ucan-torpedo-bolt-rod-hanger","status":"publish","type":"product","link":"https:\/\/ucanfast.com\/fr\/nos-produits\/ucan-torpedo-bolt-rod-hanger\/","title":{"rendered":"CINTRE DE TIGE &#8211; Filet de vis ASTER"},"content":{"rendered":"<p>&nbsp;<\/p>\n<p><strong>ID\u00c9AL POUR<\/strong><\/p>\n<ul>\n<li>Syst\u00e8mes de gicleurs<\/li>\n<li>Tige suspendue 3\/8 -16<\/li>\n<\/ul>\n<p><strong>AGR\u00c9MENTS<\/strong><\/p>\n<ul>\n<li>R\u00e9pertori\u00e9 ICC-ES\u00ae ESR-5290<\/li>\n<li>FM<\/li>\n<\/ul>\n<p><strong>LIMITES<\/strong><\/p>\n<ul>\n<li>Non recommand\u00e9 pour une utilisation ext\u00e9rieure permanente ou dans des environnements hautement corrosifs.<\/li>\n<\/ul>\n<div>\n<table class=\"detailpartstable\" style=\"height: 50px;\" border=\"0\" width=\"750\" cellspacing=\"0\" cellpadding=\"0\">\n<tbody>\n<tr class=\"headers\">\n<td><strong>N\u00ba de pi\u00e8ce<\/strong><\/td>\n<td><strong>Dimension<\/strong><\/td>\n<td><strong>Qt\u00e9 par caisse<\/strong><\/td>\n<td><strong>Poids de la caisse<\/strong><\/td>\n<td><strong>Taille de la caisse<\/strong><\/td>\n<\/tr>\n<tr>\n<td>UTB 14158RH<\/td>\n<td>3\/8&#8243;<\/td>\n<td>500<\/td>\n<td>25 lbs<\/td>\n<td>10-1\/4&#8243; x 9-3\/4&#8243; x 6&#8243;<\/td>\n<\/tr>\n<\/tbody>\n<\/table>\n<\/div>\n","protected":false},"excerpt":{"rendered":"<p>Maintenant approuv\u00e9 par l&#8217;ICC, le support \u00e0 vis Aster Screw Rod Hanger, avec son filet de vis brevet\u00e9 Aster, est disponible en acier au carbone plaqu\u00e9 zinc. C&#8217;est une m\u00e9thode rapide et \u00e9conomique pour suspendre des tiges filet\u00e9es 3\/8-16. Associ\u00e9 \u00e0 un foret standard \u00bc\u201d UCAN conforme \u00e0 la tol\u00e9rance ANSI, cet \u00e9l\u00e9ment de fixation pr\u00e9sente des valeurs de charge constamment \u00e9lev\u00e9es. L&#8217;installation avec le nouvel outil de r\u00e9glage sensible \u00e0 la profondeur TST RH de UCAN permet d&#8217;\u00e9viter le surcouple et garantit des performances optimales.<\/p>\n","protected":false},"featured_media":17060,"comment_status":"open","ping_status":"closed","template":"","meta":[],"product_cat":[1562,4261],"product_tag":[],"Group":[],"acf":[],"yoast_head":"<!-- This site is optimized with the Yoast SEO plugin v20.11 - https:\/\/yoast.com\/wordpress\/plugins\/seo\/ -->\n<title>CINTRE DE TIGE - Filet de vis ASTER - UCAN - Fastening Products<\/title>\n<meta name=\"robots\" content=\"index, follow, max-snippet:-1, max-image-preview:large, max-video-preview:-1\" \/>\n<link rel=\"canonical\" href=\"https:\/\/ucanfast.com\/fr\/nos-produits\/ucan-torpedo-bolt-rod-hanger\/\" \/>\n<meta property=\"og:locale\" content=\"fr_FR\" \/>\n<meta property=\"og:type\" content=\"article\" \/>\n<meta property=\"og:title\" content=\"CINTRE DE TIGE - Filet de vis ASTER - UCAN - Fastening Products\" \/>\n<meta property=\"og:description\" content=\"Maintenant approuv\u00e9 par l&#039;ICC, le support \u00e0 vis Aster Screw Rod Hanger, avec son filet de vis brevet\u00e9 Aster, est disponible en acier au carbone plaqu\u00e9 zinc. C&#039;est une m\u00e9thode rapide et \u00e9conomique pour suspendre des tiges filet\u00e9es 3\/8-16. Associ\u00e9 \u00e0 un foret standard \u00bc\u201d UCAN conforme \u00e0 la tol\u00e9rance ANSI, cet \u00e9l\u00e9ment de fixation pr\u00e9sente des valeurs de charge constamment \u00e9lev\u00e9es. L&#039;installation avec le nouvel outil de r\u00e9glage sensible \u00e0 la profondeur TST RH de UCAN permet d&#039;\u00e9viter le surcouple et garantit des performances optimales.\" \/>\n<meta property=\"og:url\" content=\"https:\/\/ucanfast.com\/fr\/nos-produits\/ucan-torpedo-bolt-rod-hanger\/\" \/>\n<meta property=\"og:site_name\" content=\"UCAN - Fastening Products\" \/>\n<meta property=\"article:modified_time\" content=\"2025-03-27T19:04:17+00:00\" \/>\n<meta property=\"og:image\" content=\"https:\/\/ucanfast.com\/wp-content\/uploads\/2023\/09\/TORPEDO-ROD-HEAD-scaled-e1743102238935.jpg\" \/>\n\t<meta property=\"og:image:width\" content=\"2560\" \/>\n\t<meta property=\"og:image:height\" content=\"1285\" \/>\n\t<meta property=\"og:image:type\" content=\"image\/jpeg\" \/>\n<meta name=\"twitter:card\" content=\"summary_large_image\" \/>\n<meta name=\"twitter:label1\" content=\"Dur\u00e9e de lecture estim\u00e9e\" \/>\n\t<meta name=\"twitter:data1\" content=\"1 minute\" \/>\n<script type=\"application\/ld+json\" class=\"yoast-schema-graph\">{\"@context\":\"https:\/\/schema.org\",\"@graph\":[{\"@type\":\"WebPage\",\"@id\":\"https:\/\/ucanfast.com\/fr\/nos-produits\/ucan-torpedo-bolt-rod-hanger\/\",\"url\":\"https:\/\/ucanfast.com\/fr\/nos-produits\/ucan-torpedo-bolt-rod-hanger\/\",\"name\":\"CINTRE DE TIGE - Filet de vis ASTER - UCAN - Fastening Products\",\"isPartOf\":{\"@id\":\"https:\/\/ucanfast.com\/fr\/#website\"},\"datePublished\":\"2023-09-14T15:31:20+00:00\",\"dateModified\":\"2025-03-27T19:04:17+00:00\",\"breadcrumb\":{\"@id\":\"https:\/\/ucanfast.com\/fr\/nos-produits\/ucan-torpedo-bolt-rod-hanger\/#breadcrumb\"},\"inLanguage\":\"fr-FR\",\"potentialAction\":[{\"@type\":\"ReadAction\",\"target\":[\"https:\/\/ucanfast.com\/fr\/nos-produits\/ucan-torpedo-bolt-rod-hanger\/\"]}]},{\"@type\":\"BreadcrumbList\",\"@id\":\"https:\/\/ucanfast.com\/fr\/nos-produits\/ucan-torpedo-bolt-rod-hanger\/#breadcrumb\",\"itemListElement\":[{\"@type\":\"ListItem\",\"position\":1,\"name\":\"Accueil\",\"item\":\"https:\/\/ucanfast.com\/fr\/\"},{\"@type\":\"ListItem\",\"position\":2,\"name\":\"Nos Produits\",\"item\":\"https:\/\/ucanfast.com\/fr\/nos-produits\/\"},{\"@type\":\"ListItem\",\"position\":3,\"name\":\"CINTRE DE TIGE &#8211; Filet de vis ASTER\"}]},{\"@type\":\"WebSite\",\"@id\":\"https:\/\/ucanfast.com\/fr\/#website\",\"url\":\"https:\/\/ucanfast.com\/fr\/\",\"name\":\"UCAN Fastening Products\",\"description\":\"BUILDING LASTING CONNECTIONS\",\"publisher\":{\"@id\":\"https:\/\/ucanfast.com\/fr\/#organization\"},\"potentialAction\":[{\"@type\":\"SearchAction\",\"target\":{\"@type\":\"EntryPoint\",\"urlTemplate\":\"https:\/\/ucanfast.com\/fr\/?s={search_term_string}\"},\"query-input\":\"required name=search_term_string\"}],\"inLanguage\":\"fr-FR\"},{\"@type\":\"Organization\",\"@id\":\"https:\/\/ucanfast.com\/fr\/#organization\",\"name\":\"UCAN Fastening Products\",\"url\":\"https:\/\/ucanfast.com\/fr\/\",\"logo\":{\"@type\":\"ImageObject\",\"inLanguage\":\"fr-FR\",\"@id\":\"https:\/\/ucanfast.com\/fr\/#\/schema\/logo\/image\/\",\"url\":\"https:\/\/ucanfast.com\/wp-content\/uploads\/2023\/01\/Screen_Shot_2023-01-25_at_12.15.04_PM.png\",\"contentUrl\":\"https:\/\/ucanfast.com\/wp-content\/uploads\/2023\/01\/Screen_Shot_2023-01-25_at_12.15.04_PM.png\",\"width\":350,\"height\":192,\"caption\":\"UCAN Fastening Products\"},\"image\":{\"@id\":\"https:\/\/ucanfast.com\/fr\/#\/schema\/logo\/image\/\"},\"sameAs\":[\"https:\/\/ca.linkedin.com\/company\/ucan-fastening-products\"]}]}<\/script>\n<!-- \/ Yoast SEO plugin. -->","yoast_head_json":{"title":"CINTRE DE TIGE - Filet de vis ASTER - UCAN - Fastening Products","robots":{"index":"index","follow":"follow","max-snippet":"max-snippet:-1","max-image-preview":"max-image-preview:large","max-video-preview":"max-video-preview:-1"},"canonical":"https:\/\/ucanfast.com\/fr\/nos-produits\/ucan-torpedo-bolt-rod-hanger\/","og_locale":"fr_FR","og_type":"article","og_title":"CINTRE DE TIGE - Filet de vis ASTER - UCAN - Fastening Products","og_description":"Maintenant approuv\u00e9 par l'ICC, le support \u00e0 vis Aster Screw Rod Hanger, avec son filet de vis brevet\u00e9 Aster, est disponible en acier au carbone plaqu\u00e9 zinc. C'est une m\u00e9thode rapide et \u00e9conomique pour suspendre des tiges filet\u00e9es 3\/8-16. Associ\u00e9 \u00e0 un foret standard \u00bc\u201d UCAN conforme \u00e0 la tol\u00e9rance ANSI, cet \u00e9l\u00e9ment de fixation pr\u00e9sente des valeurs de charge constamment \u00e9lev\u00e9es. L'installation avec le nouvel outil de r\u00e9glage sensible \u00e0 la profondeur TST RH de UCAN permet d'\u00e9viter le surcouple et garantit des performances optimales.","og_url":"https:\/\/ucanfast.com\/fr\/nos-produits\/ucan-torpedo-bolt-rod-hanger\/","og_site_name":"UCAN - Fastening Products","article_modified_time":"2025-03-27T19:04:17+00:00","og_image":[{"width":2560,"height":1285,"url":"https:\/\/ucanfast.com\/wp-content\/uploads\/2023\/09\/TORPEDO-ROD-HEAD-scaled-e1743102238935.jpg","type":"image\/jpeg"}],"twitter_card":"summary_large_image","twitter_misc":{"Dur\u00e9e de lecture estim\u00e9e":"1 minute"},"schema":{"@context":"https:\/\/schema.org","@graph":[{"@type":"WebPage","@id":"https:\/\/ucanfast.com\/fr\/nos-produits\/ucan-torpedo-bolt-rod-hanger\/","url":"https:\/\/ucanfast.com\/fr\/nos-produits\/ucan-torpedo-bolt-rod-hanger\/","name":"CINTRE DE TIGE - Filet de vis ASTER - UCAN - Fastening Products","isPartOf":{"@id":"https:\/\/ucanfast.com\/fr\/#website"},"datePublished":"2023-09-14T15:31:20+00:00","dateModified":"2025-03-27T19:04:17+00:00","breadcrumb":{"@id":"https:\/\/ucanfast.com\/fr\/nos-produits\/ucan-torpedo-bolt-rod-hanger\/#breadcrumb"},"inLanguage":"fr-FR","potentialAction":[{"@type":"ReadAction","target":["https:\/\/ucanfast.com\/fr\/nos-produits\/ucan-torpedo-bolt-rod-hanger\/"]}]},{"@type":"BreadcrumbList","@id":"https:\/\/ucanfast.com\/fr\/nos-produits\/ucan-torpedo-bolt-rod-hanger\/#breadcrumb","itemListElement":[{"@type":"ListItem","position":1,"name":"Accueil","item":"https:\/\/ucanfast.com\/fr\/"},{"@type":"ListItem","position":2,"name":"Nos Produits","item":"https:\/\/ucanfast.com\/fr\/nos-produits\/"},{"@type":"ListItem","position":3,"name":"CINTRE DE TIGE &#8211; Filet de vis ASTER"}]},{"@type":"WebSite","@id":"https:\/\/ucanfast.com\/fr\/#website","url":"https:\/\/ucanfast.com\/fr\/","name":"UCAN Fastening Products","description":"BUILDING LASTING CONNECTIONS","publisher":{"@id":"https:\/\/ucanfast.com\/fr\/#organization"},"potentialAction":[{"@type":"SearchAction","target":{"@type":"EntryPoint","urlTemplate":"https:\/\/ucanfast.com\/fr\/?s={search_term_string}"},"query-input":"required name=search_term_string"}],"inLanguage":"fr-FR"},{"@type":"Organization","@id":"https:\/\/ucanfast.com\/fr\/#organization","name":"UCAN Fastening Products","url":"https:\/\/ucanfast.com\/fr\/","logo":{"@type":"ImageObject","inLanguage":"fr-FR","@id":"https:\/\/ucanfast.com\/fr\/#\/schema\/logo\/image\/","url":"https:\/\/ucanfast.com\/wp-content\/uploads\/2023\/01\/Screen_Shot_2023-01-25_at_12.15.04_PM.png","contentUrl":"https:\/\/ucanfast.com\/wp-content\/uploads\/2023\/01\/Screen_Shot_2023-01-25_at_12.15.04_PM.png","width":350,"height":192,"caption":"UCAN Fastening Products"},"image":{"@id":"https:\/\/ucanfast.com\/fr\/#\/schema\/logo\/image\/"},"sameAs":["https:\/\/ca.linkedin.com\/company\/ucan-fastening-products"]}]}},"_links":{"self":[{"href":"https:\/\/ucanfast.com\/fr\/wp-json\/wp\/v2\/product\/12782"}],"collection":[{"href":"https:\/\/ucanfast.com\/fr\/wp-json\/wp\/v2\/product"}],"about":[{"href":"https:\/\/ucanfast.com\/fr\/wp-json\/wp\/v2\/types\/product"}],"replies":[{"embeddable":true,"href":"https:\/\/ucanfast.com\/fr\/wp-json\/wp\/v2\/comments?post=12782"}],"wp:featuredmedia":[{"embeddable":true,"href":"https:\/\/ucanfast.com\/fr\/wp-json\/wp\/v2\/media\/17060"}],"wp:attachment":[{"href":"https:\/\/ucanfast.com\/fr\/wp-json\/wp\/v2\/media?parent=12782"}],"wp:term":[{"taxonomy":"product_cat","embeddable":true,"href":"https:\/\/ucanfast.com\/fr\/wp-json\/wp\/v2\/product_cat?post=12782"},{"taxonomy":"product_tag","embeddable":true,"href":"https:\/\/ucanfast.com\/fr\/wp-json\/wp\/v2\/product_tag?post=12782"},{"taxonomy":"Group","embeddable":true,"href":"https:\/\/ucanfast.com\/fr\/wp-json\/wp\/v2\/Group?post=12782"}],"curies":[{"name":"wp","href":"https:\/\/api.w.org\/{rel}","templated":true}]}}