{"id":12415,"date":"2023-10-13T13:18:19","date_gmt":"2023-10-13T17:18:19","guid":{"rendered":"https:\/\/ucanfast.com\/product\/product-3\/"},"modified":"2024-07-18T12:36:13","modified_gmt":"2024-07-18T16:36:13","slug":"product-3","status":"publish","type":"product","link":"https:\/\/ucanfast.com\/fr\/nos-produits\/product-3\/","title":{"rendered":"Outils de r\u00e9glage BOULON UCAN TORPEDO"},"content":{"rendered":"<p>Les outils de pose TORPEDO emp\u00eachent le serrage excessif et r\u00e9duisent les risques de d\u00e9faillance des ancrages.<\/p>\n<p>&nbsp;<\/p>\n<div class=\"partstabletitle\">\n<h5>OUTILS DE R\u00c9GLAGE BOULON UCAN TORPEDO<\/h5>\n<\/div>\n<div>\n<table class=\"detailpartstable\" style=\"height: 237px;\" border=\"0\" width=\"691\" cellspacing=\"10\" cellpadding=\"0\">\n<tbody>\n<tr class=\"headers\">\n<td><strong>N\u00b0 de pi\u00e8ce <\/strong><\/td>\n<td><strong>Description<\/strong><\/td>\n<\/tr>\n<tr>\n<td>TST RH<\/td>\n<td>TORPEDO\u00ae avec tige hexagonale de 1\/4 po Outil de r\u00e9glage<\/td>\n<\/tr>\n<tr>\n<td>TST 14<\/td>\n<td>1\/4 po TORPEDO\u00ae avec tige hexagonale 1\/4 po Adaptateur de cl\u00e9 \u00e0 chocs<\/td>\n<\/tr>\n<tr>\n<td>TST ADP<\/td>\n<td>1\/2 po pour TST 14 et TST RH Outil de r\u00e9glage<\/td>\n<\/tr>\n<tr>\n<td>TST 38<\/td>\n<td>1\/2 po pour TST 14 et TST RH Outil de r\u00e9glage<\/td>\n<\/tr>\n<tr>\n<td>TST 12<\/td>\n<td>1\/2 po TORPEDO\u00ae pour cl\u00e9 \u00e0 chocs 1\/2 po<\/td>\n<\/tr>\n<\/tbody>\n<\/table>\n<\/div>\n","protected":false},"excerpt":{"rendered":"<p>Les outils de pose TORPEDO emp\u00eachent le serrage excessif et r\u00e9duisent les risques de d\u00e9faillance des ancrages.<\/p>\n","protected":false},"featured_media":12294,"comment_status":"open","ping_status":"closed","template":"","meta":[],"product_cat":[1533,1557],"product_tag":[],"Group":[],"acf":[],"yoast_head":"<!-- This site is optimized with the Yoast SEO plugin v20.11 - https:\/\/yoast.com\/wordpress\/plugins\/seo\/ -->\n<title>Outils de r\u00e9glage BOULON UCAN TORPEDO - UCAN - Fastening Products<\/title>\n<meta name=\"robots\" content=\"index, follow, max-snippet:-1, max-image-preview:large, max-video-preview:-1\" \/>\n<link rel=\"canonical\" href=\"https:\/\/ucanfast.com\/fr\/nos-produits\/product-3\/\" \/>\n<meta property=\"og:locale\" content=\"fr_FR\" \/>\n<meta property=\"og:type\" content=\"article\" \/>\n<meta property=\"og:title\" content=\"Outils de r\u00e9glage BOULON UCAN TORPEDO - UCAN - Fastening Products\" \/>\n<meta property=\"og:description\" content=\"Les outils de pose TORPEDO emp\u00eachent le serrage excessif et r\u00e9duisent les risques de d\u00e9faillance des ancrages.\" \/>\n<meta property=\"og:url\" content=\"https:\/\/ucanfast.com\/fr\/nos-produits\/product-3\/\" \/>\n<meta property=\"og:site_name\" content=\"UCAN - Fastening Products\" \/>\n<meta property=\"article:modified_time\" content=\"2024-07-18T16:36:13+00:00\" \/>\n<meta property=\"og:image\" content=\"https:\/\/ucanfast.com\/wp-content\/uploads\/2023\/10\/TST-RH.png\" \/>\n\t<meta property=\"og:image:width\" content=\"697\" \/>\n\t<meta property=\"og:image:height\" content=\"1571\" \/>\n\t<meta property=\"og:image:type\" content=\"image\/png\" \/>\n<meta name=\"twitter:card\" content=\"summary_large_image\" \/>\n<meta name=\"twitter:label1\" content=\"Dur\u00e9e de lecture estim\u00e9e\" \/>\n\t<meta name=\"twitter:data1\" content=\"1 minute\" \/>\n<script type=\"application\/ld+json\" class=\"yoast-schema-graph\">{\"@context\":\"https:\/\/schema.org\",\"@graph\":[{\"@type\":\"WebPage\",\"@id\":\"https:\/\/ucanfast.com\/fr\/nos-produits\/product-3\/\",\"url\":\"https:\/\/ucanfast.com\/fr\/nos-produits\/product-3\/\",\"name\":\"Outils de r\u00e9glage BOULON UCAN TORPEDO - UCAN - Fastening Products\",\"isPartOf\":{\"@id\":\"https:\/\/ucanfast.com\/fr\/#website\"},\"datePublished\":\"2023-10-13T17:18:19+00:00\",\"dateModified\":\"2024-07-18T16:36:13+00:00\",\"breadcrumb\":{\"@id\":\"https:\/\/ucanfast.com\/fr\/nos-produits\/product-3\/#breadcrumb\"},\"inLanguage\":\"fr-FR\",\"potentialAction\":[{\"@type\":\"ReadAction\",\"target\":[\"https:\/\/ucanfast.com\/fr\/nos-produits\/product-3\/\"]}]},{\"@type\":\"BreadcrumbList\",\"@id\":\"https:\/\/ucanfast.com\/fr\/nos-produits\/product-3\/#breadcrumb\",\"itemListElement\":[{\"@type\":\"ListItem\",\"position\":1,\"name\":\"Accueil\",\"item\":\"https:\/\/ucanfast.com\/fr\/\"},{\"@type\":\"ListItem\",\"position\":2,\"name\":\"Nos Produits\",\"item\":\"https:\/\/ucanfast.com\/fr\/nos-produits\/\"},{\"@type\":\"ListItem\",\"position\":3,\"name\":\"Outils de r\u00e9glage BOULON UCAN TORPEDO\"}]},{\"@type\":\"WebSite\",\"@id\":\"https:\/\/ucanfast.com\/fr\/#website\",\"url\":\"https:\/\/ucanfast.com\/fr\/\",\"name\":\"UCAN Fastening Products\",\"description\":\"BUILDING LASTING CONNECTIONS\",\"publisher\":{\"@id\":\"https:\/\/ucanfast.com\/fr\/#organization\"},\"potentialAction\":[{\"@type\":\"SearchAction\",\"target\":{\"@type\":\"EntryPoint\",\"urlTemplate\":\"https:\/\/ucanfast.com\/fr\/?s={search_term_string}\"},\"query-input\":\"required name=search_term_string\"}],\"inLanguage\":\"fr-FR\"},{\"@type\":\"Organization\",\"@id\":\"https:\/\/ucanfast.com\/fr\/#organization\",\"name\":\"UCAN Fastening Products\",\"url\":\"https:\/\/ucanfast.com\/fr\/\",\"logo\":{\"@type\":\"ImageObject\",\"inLanguage\":\"fr-FR\",\"@id\":\"https:\/\/ucanfast.com\/fr\/#\/schema\/logo\/image\/\",\"url\":\"https:\/\/ucanfast.com\/wp-content\/uploads\/2023\/01\/Screen_Shot_2023-01-25_at_12.15.04_PM.png\",\"contentUrl\":\"https:\/\/ucanfast.com\/wp-content\/uploads\/2023\/01\/Screen_Shot_2023-01-25_at_12.15.04_PM.png\",\"width\":350,\"height\":192,\"caption\":\"UCAN Fastening Products\"},\"image\":{\"@id\":\"https:\/\/ucanfast.com\/fr\/#\/schema\/logo\/image\/\"},\"sameAs\":[\"https:\/\/ca.linkedin.com\/company\/ucan-fastening-products\"]}]}<\/script>\n<!-- \/ Yoast SEO plugin. -->","yoast_head_json":{"title":"Outils de r\u00e9glage BOULON UCAN TORPEDO - UCAN - Fastening Products","robots":{"index":"index","follow":"follow","max-snippet":"max-snippet:-1","max-image-preview":"max-image-preview:large","max-video-preview":"max-video-preview:-1"},"canonical":"https:\/\/ucanfast.com\/fr\/nos-produits\/product-3\/","og_locale":"fr_FR","og_type":"article","og_title":"Outils de r\u00e9glage BOULON UCAN TORPEDO - UCAN - Fastening Products","og_description":"Les outils de pose TORPEDO emp\u00eachent le serrage excessif et r\u00e9duisent les risques de d\u00e9faillance des ancrages.","og_url":"https:\/\/ucanfast.com\/fr\/nos-produits\/product-3\/","og_site_name":"UCAN - Fastening Products","article_modified_time":"2024-07-18T16:36:13+00:00","og_image":[{"width":697,"height":1571,"url":"https:\/\/ucanfast.com\/wp-content\/uploads\/2023\/10\/TST-RH.png","type":"image\/png"}],"twitter_card":"summary_large_image","twitter_misc":{"Dur\u00e9e de lecture estim\u00e9e":"1 minute"},"schema":{"@context":"https:\/\/schema.org","@graph":[{"@type":"WebPage","@id":"https:\/\/ucanfast.com\/fr\/nos-produits\/product-3\/","url":"https:\/\/ucanfast.com\/fr\/nos-produits\/product-3\/","name":"Outils de r\u00e9glage BOULON UCAN TORPEDO - UCAN - Fastening Products","isPartOf":{"@id":"https:\/\/ucanfast.com\/fr\/#website"},"datePublished":"2023-10-13T17:18:19+00:00","dateModified":"2024-07-18T16:36:13+00:00","breadcrumb":{"@id":"https:\/\/ucanfast.com\/fr\/nos-produits\/product-3\/#breadcrumb"},"inLanguage":"fr-FR","potentialAction":[{"@type":"ReadAction","target":["https:\/\/ucanfast.com\/fr\/nos-produits\/product-3\/"]}]},{"@type":"BreadcrumbList","@id":"https:\/\/ucanfast.com\/fr\/nos-produits\/product-3\/#breadcrumb","itemListElement":[{"@type":"ListItem","position":1,"name":"Accueil","item":"https:\/\/ucanfast.com\/fr\/"},{"@type":"ListItem","position":2,"name":"Nos Produits","item":"https:\/\/ucanfast.com\/fr\/nos-produits\/"},{"@type":"ListItem","position":3,"name":"Outils de r\u00e9glage BOULON UCAN TORPEDO"}]},{"@type":"WebSite","@id":"https:\/\/ucanfast.com\/fr\/#website","url":"https:\/\/ucanfast.com\/fr\/","name":"UCAN Fastening Products","description":"BUILDING LASTING CONNECTIONS","publisher":{"@id":"https:\/\/ucanfast.com\/fr\/#organization"},"potentialAction":[{"@type":"SearchAction","target":{"@type":"EntryPoint","urlTemplate":"https:\/\/ucanfast.com\/fr\/?s={search_term_string}"},"query-input":"required name=search_term_string"}],"inLanguage":"fr-FR"},{"@type":"Organization","@id":"https:\/\/ucanfast.com\/fr\/#organization","name":"UCAN Fastening Products","url":"https:\/\/ucanfast.com\/fr\/","logo":{"@type":"ImageObject","inLanguage":"fr-FR","@id":"https:\/\/ucanfast.com\/fr\/#\/schema\/logo\/image\/","url":"https:\/\/ucanfast.com\/wp-content\/uploads\/2023\/01\/Screen_Shot_2023-01-25_at_12.15.04_PM.png","contentUrl":"https:\/\/ucanfast.com\/wp-content\/uploads\/2023\/01\/Screen_Shot_2023-01-25_at_12.15.04_PM.png","width":350,"height":192,"caption":"UCAN Fastening Products"},"image":{"@id":"https:\/\/ucanfast.com\/fr\/#\/schema\/logo\/image\/"},"sameAs":["https:\/\/ca.linkedin.com\/company\/ucan-fastening-products"]}]}},"_links":{"self":[{"href":"https:\/\/ucanfast.com\/fr\/wp-json\/wp\/v2\/product\/12415"}],"collection":[{"href":"https:\/\/ucanfast.com\/fr\/wp-json\/wp\/v2\/product"}],"about":[{"href":"https:\/\/ucanfast.com\/fr\/wp-json\/wp\/v2\/types\/product"}],"replies":[{"embeddable":true,"href":"https:\/\/ucanfast.com\/fr\/wp-json\/wp\/v2\/comments?post=12415"}],"wp:featuredmedia":[{"embeddable":true,"href":"https:\/\/ucanfast.com\/fr\/wp-json\/wp\/v2\/media\/12294"}],"wp:attachment":[{"href":"https:\/\/ucanfast.com\/fr\/wp-json\/wp\/v2\/media?parent=12415"}],"wp:term":[{"taxonomy":"product_cat","embeddable":true,"href":"https:\/\/ucanfast.com\/fr\/wp-json\/wp\/v2\/product_cat?post=12415"},{"taxonomy":"product_tag","embeddable":true,"href":"https:\/\/ucanfast.com\/fr\/wp-json\/wp\/v2\/product_tag?post=12415"},{"taxonomy":"Group","embeddable":true,"href":"https:\/\/ucanfast.com\/fr\/wp-json\/wp\/v2\/Group?post=12415"}],"curies":[{"name":"wp","href":"https:\/\/api.w.org\/{rel}","templated":true}]}}