{"id":11479,"date":"2022-01-21T15:46:38","date_gmt":"2022-01-21T20:46:38","guid":{"rendered":"https:\/\/ucanstage.wpengine.com\/product\/super-scru-it-anchors-silver-ruspro-coated\/"},"modified":"2026-03-02T13:27:36","modified_gmt":"2026-03-02T18:27:36","slug":"ancrages-super-scru%e2%80%90it-argent-revetement-ruspro","status":"publish","type":"product","link":"https:\/\/ucanfast.com\/fr\/nos-produits\/ancrages-super-scru%e2%80%90it-argent-revetement-ruspro\/","title":{"rendered":"Ancrages super Scru\u2010It &#8211; Argent rev\u00eatement &#8211; Ruspro"},"content":{"rendered":"<p>L\u2019ancrage pour ma\u00e7onnerie SCUR-IT<sup>MD<\/sup> d\u2019UCAN est fabriqu\u00e9 selon des sp\u00e9cifica- tions techniques \u00e0 partir d\u2019acier de grande qualit\u00e9. Les filetages cannel\u00e9s exclusifs, con\u00e7us par UCAN, pratiquent des rainures profondes dans une grande vari\u00e9t\u00e9 de mat\u00e9riaux de ma\u00e7onnerie (b\u00e9ton solide, bloc, brique, etc&#8230;) produisant jusqu\u2019\u00e0 trois fois la force de retenue d\u2019ancrages comparables.<\/p>\n<p><a href=\"https:\/\/ucanfast.com\/fr\/nos-produits\/scru-bits\/\">Une m\u00e8che de per\u00e7age incluse pour chaque 100 ancrages command\u00e9s<\/a><\/p>\n<p><a href=\"https:\/\/ucanfast.com\/product\/installation-scru-it-tool-kit\/\">Cliquer ici pour l\u00b4outil d\u00b4installation Scru\u2010it<\/a><\/p>\n<div id=\"detaildescription\">\n<p>&nbsp;<\/p>\n<\/div>\n<div class=\"partstabletitle\">\n<h5>PAQUET R\u00c9GULIER &#8211; 100<\/h5>\n<\/div>\n<div>\n<table class=\"detailpartstable\" style=\"height: 315px;\" border=\"0\" width=\"850\" cellspacing=\"0\" cellpadding=\"0\">\n<tbody>\n<tr class=\"headers\">\n<td><strong>N\u00ba de pi\u00e8ce<\/strong><\/td>\n<td><strong>Dimension<\/strong><\/td>\n<td><strong>Dimension<br \/>de Tournevis<\/strong><\/td>\n<td><strong>Retient<br \/>jusqu\u2019\u00e0<\/strong><\/td>\n<td><strong>Qt\u00e9 par<br \/>paquet<\/strong><\/td>\n<td><strong>Qt\u00e9 par<br \/>caisse<\/strong><\/td>\n<td><strong>Poids de<br \/>la caisse<\/strong><\/td>\n<td><strong>Taille de la caisse<\/strong><\/td>\n<\/tr>\n<tr>\n<td>SCR 316114<\/td>\n<td>3\/16&#8243; x 1-1\/4&#8243;<\/td>\n<td style=\"text-align: center\">#2<\/td>\n<td>1\/4&#8243;<\/td>\n<td>100<\/td>\n<td>1000<\/td>\n<td>9 lbs<\/td>\n<td>3-3\/4&#8243; x 12&#8243; x 7-1\/2&#8243;<\/td>\n<\/tr>\n<tr>\n<td>SCR 316134<\/td>\n<td>3\/16&#8243; x 1-3\/4&#8243;<\/td>\n<td style=\"text-align: center\">#2<\/td>\n<td>3\/4&#8243;<\/td>\n<td>100<\/td>\n<td>1000<\/td>\n<td>11 lbs<\/td>\n<td>3-1\/2&#8243; x 12-1\/4&#8243; x 7-1\/2&#8243;<\/td>\n<\/tr>\n<tr>\n<td>SCR 316214<\/td>\n<td>3\/16&#8243; x 2-1\/4&#8243;<\/td>\n<td style=\"text-align: center\">#2<\/td>\n<td>1-1\/4&#8243;<\/td>\n<td>100<\/td>\n<td>1000<\/td>\n<td>14 lbs<\/td>\n<td>5-1\/4&#8243; x 16&#8243; x 7-1\/2&#8243;<\/td>\n<\/tr>\n<tr>\n<td>SCR 316234<\/td>\n<td>3\/16&#8243; x 2-3\/4&#8243;<\/td>\n<td style=\"text-align: center\">#2<\/td>\n<td>1-3\/4&#8243;<\/td>\n<td>100<\/td>\n<td>1000<\/td>\n<td>17 lbs<\/td>\n<td>5-3\/4&#8243; x 19&#8243; x 8-3\/4&#8243;<\/td>\n<\/tr>\n<tr>\n<td>SCR 316314<\/td>\n<td>3\/16&#8243; x 3-1\/4&#8243;<\/td>\n<td style=\"text-align: center\">#2<\/td>\n<td>2-1\/4&#8243;<\/td>\n<td>100<\/td>\n<td>1000<\/td>\n<td>20 lbs<\/td>\n<td>5-3\/4&#8243; x 19&#8243; x 8-3\/4&#8243;<\/td>\n<\/tr>\n<tr>\n<td>SCR 3164<\/td>\n<td>3\/16&#8243; x 4&#8243;<\/td>\n<td style=\"text-align: center\">#2<\/td>\n<td>3&#8243;<\/td>\n<td>100<\/td>\n<td>1000<\/td>\n<td>24 lbs<\/td>\n<td>5-3\/4&#8243; x 19&#8243; x 8-3\/4&#8243;<\/td>\n<\/tr>\n<tr>\n<td>SCR 14114<\/td>\n<td>1\/4&#8243; x 1-1\/4&#8243;<\/td>\n<td style=\"text-align: center\">#3<\/td>\n<td>1\/4&#8243;<\/td>\n<td>100<\/td>\n<td>1000<\/td>\n<td>14 lbs<\/td>\n<td>5&#8243; x 15-3\/4&#8243; x 7-1\/4&#8243;<\/td>\n<\/tr>\n<tr>\n<td>SCR 14134<\/td>\n<td>1\/4&#8243; x 1-3\/4&#8243;<\/td>\n<td style=\"text-align: center\">#3<\/td>\n<td>3\/4&#8243;<\/td>\n<td>100<\/td>\n<td>1000<\/td>\n<td>18 lbs<\/td>\n<td>5-1\/2&#8243; x 16&#8243; x 7-1\/2&#8243;<\/td>\n<\/tr>\n<tr>\n<td>SCR 14214<\/td>\n<td>1\/4&#8243; x 2-1\/4&#8243;<\/td>\n<td style=\"text-align: center\">#3<\/td>\n<td>1-1\/4&#8243;<\/td>\n<td>100<\/td>\n<td>1000<\/td>\n<td>22 lbs<\/td>\n<td>5&#8243; x 15-3\/4&#8243; x 7-1\/2&#8243;<\/td>\n<\/tr>\n<tr>\n<td>SCR 14234<\/td>\n<td>1\/4&#8243; x 2-3\/4&#8243;<\/td>\n<td style=\"text-align: center\">#3<\/td>\n<td>1-3\/4&#8243;<\/td>\n<td>100<\/td>\n<td>1000<\/td>\n<td>26 lbs<\/td>\n<td>5-3\/4&#8243; x 19&#8243; x 8-3\/4&#8243;<\/td>\n<\/tr>\n<tr>\n<td>SCR 14314<\/td>\n<td>1\/4&#8243; x 3-1\/4&#8243;<\/td>\n<td style=\"text-align: center\">#3<\/td>\n<td>2-1\/4&#8243;<\/td>\n<td>100<\/td>\n<td>1000<\/td>\n<td>31 lbs<\/td>\n<td>5-3\/4&#8243; x 19&#8243; x 8-3\/4&#8243;<\/td>\n<\/tr>\n<\/tbody>\n<\/table>\n<\/div>\n","protected":false},"excerpt":{"rendered":"<div style=\"float: right; transform: translate(24px, -8px); display: flex; flex-direction: column;\">\n<p style=\"margin-bottom: -10px; font-size: 32px;\"><sup>MD<\/sup><\/p>\n<p><img decoding=\"async\" loading=\"lazy\" class=\"alignnone wp-image-12020\" style=\"max-height: 74px;\" src=\"https:\/\/ucanfast.com\/wp-content\/uploads\/2023\/09\/UCAN-PROBLEM-SOLVER-2023-final-300x300.png\" alt=\"\" width=\"70\" height=\"70\" srcset=\"https:\/\/ucanfast.com\/wp-content\/uploads\/2023\/09\/UCAN-PROBLEM-SOLVER-2023-final-300x300.png 300w, https:\/\/ucanfast.com\/wp-content\/uploads\/2023\/09\/UCAN-PROBLEM-SOLVER-2023-final-1024x1024.png 1024w, https:\/\/ucanfast.com\/wp-content\/uploads\/2023\/09\/UCAN-PROBLEM-SOLVER-2023-final-150x150.png 150w, https:\/\/ucanfast.com\/wp-content\/uploads\/2023\/09\/UCAN-PROBLEM-SOLVER-2023-final-768x768.png 768w, https:\/\/ucanfast.com\/wp-content\/uploads\/2023\/09\/UCAN-PROBLEM-SOLVER-2023-final-1536x1536.png 1536w, https:\/\/ucanfast.com\/wp-content\/uploads\/2023\/09\/UCAN-PROBLEM-SOLVER-2023-final-100x100.png 100w, https:\/\/ucanfast.com\/wp-content\/uploads\/2023\/09\/UCAN-PROBLEM-SOLVER-2023-final-600x600.png 600w, https:\/\/ucanfast.com\/wp-content\/uploads\/2023\/09\/UCAN-PROBLEM-SOLVER-2023-final-200x200.png 200w, https:\/\/ucanfast.com\/wp-content\/uploads\/2023\/09\/UCAN-PROBLEM-SOLVER-2023-final-50x50.png 50w\" sizes=\"(max-width: 70px) 100vw, 70px\" \/><\/p>\n<\/div>\n<p>L\u2019ancrage pour ma\u00e7onnerie SCUR-IT<sup>MD<\/sup> d\u2019UCAN est fabriqu\u00e9 selon des sp\u00e9cifica- tions techniques \u00e0 partir d\u2019acier de grande qualit\u00e9. Les filetages cannel\u00e9s exclusifs, con\u00e7us par UCAN, pratiquent des rainures profondes dans une grande vari\u00e9t\u00e9 de mat\u00e9riaux de ma\u00e7onnerie (b\u00e9ton solide, bloc, brique, etc&#8230;) produisant jusqu\u2019\u00e0 trois fois la force de retenue d\u2019ancrages comparables.<\/p>\n","protected":false},"featured_media":5665,"comment_status":"open","ping_status":"closed","template":"","meta":[],"product_cat":[1562,1570,1564],"product_tag":[],"Group":[],"acf":[],"yoast_head":"<!-- This site is optimized with the Yoast SEO plugin v20.11 - https:\/\/yoast.com\/wordpress\/plugins\/seo\/ -->\n<title>Ancrages super Scru\u2010It - Argent rev\u00eatement - Ruspro | UCAN Fastening Products<\/title>\n<meta name=\"robots\" content=\"noindex, follow\" \/>\n<meta property=\"og:locale\" content=\"fr_FR\" \/>\n<meta property=\"og:type\" content=\"article\" \/>\n<meta property=\"og:title\" content=\"Ancrages super Scru\u2010It - Argent rev\u00eatement - Ruspro | UCAN Fastening Products\" \/>\n<meta property=\"og:description\" content=\"MD    L\u2019ancrage pour ma\u00e7onnerie SCUR-ITMD d\u2019UCAN est fabriqu\u00e9 selon des sp\u00e9cifica- tions techniques \u00e0 partir d\u2019acier de grande qualit\u00e9. Les filetages cannel\u00e9s exclusifs, con\u00e7us par UCAN, pratiquent des rainures profondes dans une grande vari\u00e9t\u00e9 de mat\u00e9riaux de ma\u00e7onnerie (b\u00e9ton solide, bloc, brique, etc...) produisant jusqu\u2019\u00e0 trois fois la force de retenue d\u2019ancrages comparables.\" \/>\n<meta property=\"og:url\" content=\"https:\/\/ucanfast.com\/fr\/nos-produits\/ancrages-super-scru%e2%80%90it-argent-revetement-ruspro\/\" \/>\n<meta property=\"og:site_name\" content=\"UCAN Fastening Products\" \/>\n<meta property=\"article:publisher\" content=\"https:\/\/www.facebook.com\/people\/UCAN-Fastening-Products\/100084048701758\/\" \/>\n<meta property=\"article:modified_time\" content=\"2026-03-02T18:27:36+00:00\" \/>\n<meta property=\"og:image\" content=\"https:\/\/ucanfast.com\/wp-content\/uploads\/2022\/07\/SCR-BothAngles-square-socket-drive-scaled.jpg\" \/>\n\t<meta property=\"og:image:width\" content=\"2560\" \/>\n\t<meta property=\"og:image:height\" content=\"1101\" \/>\n\t<meta property=\"og:image:type\" content=\"image\/jpeg\" \/>\n<meta name=\"twitter:card\" content=\"summary_large_image\" \/>\n<meta name=\"twitter:label1\" content=\"Dur\u00e9e de lecture estim\u00e9e\" \/>\n\t<meta name=\"twitter:data1\" content=\"2 minutes\" \/>\n<script type=\"application\/ld+json\" class=\"yoast-schema-graph\">{\"@context\":\"https:\/\/schema.org\",\"@graph\":[{\"@type\":\"WebPage\",\"@id\":\"https:\/\/ucanfast.com\/fr\/nos-produits\/ancrages-super-scru%e2%80%90it-argent-revetement-ruspro\/\",\"url\":\"https:\/\/ucanfast.com\/fr\/nos-produits\/ancrages-super-scru%e2%80%90it-argent-revetement-ruspro\/\",\"name\":\"Ancrages super Scru\u2010It - Argent rev\u00eatement - Ruspro | UCAN Fastening Products\",\"isPartOf\":{\"@id\":\"https:\/\/ucanfast.com\/fr\/#website\"},\"datePublished\":\"2022-01-21T20:46:38+00:00\",\"dateModified\":\"2026-03-02T18:27:36+00:00\",\"breadcrumb\":{\"@id\":\"https:\/\/ucanfast.com\/fr\/nos-produits\/ancrages-super-scru%e2%80%90it-argent-revetement-ruspro\/#breadcrumb\"},\"inLanguage\":\"fr-FR\",\"potentialAction\":[{\"@type\":\"ReadAction\",\"target\":[\"https:\/\/ucanfast.com\/fr\/nos-produits\/ancrages-super-scru%e2%80%90it-argent-revetement-ruspro\/\"]}]},{\"@type\":\"BreadcrumbList\",\"@id\":\"https:\/\/ucanfast.com\/fr\/nos-produits\/ancrages-super-scru%e2%80%90it-argent-revetement-ruspro\/#breadcrumb\",\"itemListElement\":[{\"@type\":\"ListItem\",\"position\":1,\"name\":\"Accueil\",\"item\":\"https:\/\/ucanfast.com\/fr\/\"},{\"@type\":\"ListItem\",\"position\":2,\"name\":\"Nos Produits\",\"item\":\"https:\/\/ucanfast.com\/fr\/nos-produits\/\"},{\"@type\":\"ListItem\",\"position\":3,\"name\":\"Ancrages super Scru\u2010It &#8211; Argent rev\u00eatement &#8211; Ruspro\"}]},{\"@type\":\"WebSite\",\"@id\":\"https:\/\/ucanfast.com\/fr\/#website\",\"url\":\"https:\/\/ucanfast.com\/fr\/\",\"name\":\"UCAN Fastening Products\",\"description\":\"BUILDING LASTING CONNECTIONS\",\"publisher\":{\"@id\":\"https:\/\/ucanfast.com\/fr\/#organization\"},\"potentialAction\":[{\"@type\":\"SearchAction\",\"target\":{\"@type\":\"EntryPoint\",\"urlTemplate\":\"https:\/\/ucanfast.com\/fr\/?s={search_term_string}\"},\"query-input\":\"required name=search_term_string\"}],\"inLanguage\":\"fr-FR\"},{\"@type\":\"Organization\",\"@id\":\"https:\/\/ucanfast.com\/fr\/#organization\",\"name\":\"UCAN Fastening Products\",\"url\":\"https:\/\/ucanfast.com\/fr\/\",\"logo\":{\"@type\":\"ImageObject\",\"inLanguage\":\"fr-FR\",\"@id\":\"https:\/\/ucanfast.com\/fr\/#\/schema\/logo\/image\/\",\"url\":\"https:\/\/ucanfast.com\/wp-content\/uploads\/2023\/01\/Screen_Shot_2023-01-25_at_12.15.04_PM.png\",\"contentUrl\":\"https:\/\/ucanfast.com\/wp-content\/uploads\/2023\/01\/Screen_Shot_2023-01-25_at_12.15.04_PM.png\",\"width\":350,\"height\":192,\"caption\":\"UCAN Fastening Products\"},\"image\":{\"@id\":\"https:\/\/ucanfast.com\/fr\/#\/schema\/logo\/image\/\"},\"sameAs\":[\"https:\/\/www.facebook.com\/people\/UCAN-Fastening-Products\/100084048701758\/\",\"https:\/\/ca.linkedin.com\/company\/ucan-fastening-products\"]}]}<\/script>\n<!-- \/ Yoast SEO plugin. -->","yoast_head_json":{"title":"Ancrages super Scru\u2010It - Argent rev\u00eatement - Ruspro | UCAN Fastening Products","robots":{"index":"noindex","follow":"follow"},"og_locale":"fr_FR","og_type":"article","og_title":"Ancrages super Scru\u2010It - Argent rev\u00eatement - Ruspro | UCAN Fastening Products","og_description":"MD    L\u2019ancrage pour ma\u00e7onnerie SCUR-ITMD d\u2019UCAN est fabriqu\u00e9 selon des sp\u00e9cifica- tions techniques \u00e0 partir d\u2019acier de grande qualit\u00e9. Les filetages cannel\u00e9s exclusifs, con\u00e7us par UCAN, pratiquent des rainures profondes dans une grande vari\u00e9t\u00e9 de mat\u00e9riaux de ma\u00e7onnerie (b\u00e9ton solide, bloc, brique, etc...) produisant jusqu\u2019\u00e0 trois fois la force de retenue d\u2019ancrages comparables.","og_url":"https:\/\/ucanfast.com\/fr\/nos-produits\/ancrages-super-scru%e2%80%90it-argent-revetement-ruspro\/","og_site_name":"UCAN Fastening Products","article_publisher":"https:\/\/www.facebook.com\/people\/UCAN-Fastening-Products\/100084048701758\/","article_modified_time":"2026-03-02T18:27:36+00:00","og_image":[{"width":2560,"height":1101,"url":"https:\/\/ucanfast.com\/wp-content\/uploads\/2022\/07\/SCR-BothAngles-square-socket-drive-scaled.jpg","type":"image\/jpeg"}],"twitter_card":"summary_large_image","twitter_misc":{"Dur\u00e9e de lecture estim\u00e9e":"2 minutes"},"schema":{"@context":"https:\/\/schema.org","@graph":[{"@type":"WebPage","@id":"https:\/\/ucanfast.com\/fr\/nos-produits\/ancrages-super-scru%e2%80%90it-argent-revetement-ruspro\/","url":"https:\/\/ucanfast.com\/fr\/nos-produits\/ancrages-super-scru%e2%80%90it-argent-revetement-ruspro\/","name":"Ancrages super Scru\u2010It - Argent rev\u00eatement - Ruspro | UCAN Fastening Products","isPartOf":{"@id":"https:\/\/ucanfast.com\/fr\/#website"},"datePublished":"2022-01-21T20:46:38+00:00","dateModified":"2026-03-02T18:27:36+00:00","breadcrumb":{"@id":"https:\/\/ucanfast.com\/fr\/nos-produits\/ancrages-super-scru%e2%80%90it-argent-revetement-ruspro\/#breadcrumb"},"inLanguage":"fr-FR","potentialAction":[{"@type":"ReadAction","target":["https:\/\/ucanfast.com\/fr\/nos-produits\/ancrages-super-scru%e2%80%90it-argent-revetement-ruspro\/"]}]},{"@type":"BreadcrumbList","@id":"https:\/\/ucanfast.com\/fr\/nos-produits\/ancrages-super-scru%e2%80%90it-argent-revetement-ruspro\/#breadcrumb","itemListElement":[{"@type":"ListItem","position":1,"name":"Accueil","item":"https:\/\/ucanfast.com\/fr\/"},{"@type":"ListItem","position":2,"name":"Nos Produits","item":"https:\/\/ucanfast.com\/fr\/nos-produits\/"},{"@type":"ListItem","position":3,"name":"Ancrages super Scru\u2010It &#8211; Argent rev\u00eatement &#8211; Ruspro"}]},{"@type":"WebSite","@id":"https:\/\/ucanfast.com\/fr\/#website","url":"https:\/\/ucanfast.com\/fr\/","name":"UCAN Fastening Products","description":"BUILDING LASTING CONNECTIONS","publisher":{"@id":"https:\/\/ucanfast.com\/fr\/#organization"},"potentialAction":[{"@type":"SearchAction","target":{"@type":"EntryPoint","urlTemplate":"https:\/\/ucanfast.com\/fr\/?s={search_term_string}"},"query-input":"required name=search_term_string"}],"inLanguage":"fr-FR"},{"@type":"Organization","@id":"https:\/\/ucanfast.com\/fr\/#organization","name":"UCAN Fastening Products","url":"https:\/\/ucanfast.com\/fr\/","logo":{"@type":"ImageObject","inLanguage":"fr-FR","@id":"https:\/\/ucanfast.com\/fr\/#\/schema\/logo\/image\/","url":"https:\/\/ucanfast.com\/wp-content\/uploads\/2023\/01\/Screen_Shot_2023-01-25_at_12.15.04_PM.png","contentUrl":"https:\/\/ucanfast.com\/wp-content\/uploads\/2023\/01\/Screen_Shot_2023-01-25_at_12.15.04_PM.png","width":350,"height":192,"caption":"UCAN Fastening Products"},"image":{"@id":"https:\/\/ucanfast.com\/fr\/#\/schema\/logo\/image\/"},"sameAs":["https:\/\/www.facebook.com\/people\/UCAN-Fastening-Products\/100084048701758\/","https:\/\/ca.linkedin.com\/company\/ucan-fastening-products"]}]}},"_links":{"self":[{"href":"https:\/\/ucanfast.com\/fr\/wp-json\/wp\/v2\/product\/11479"}],"collection":[{"href":"https:\/\/ucanfast.com\/fr\/wp-json\/wp\/v2\/product"}],"about":[{"href":"https:\/\/ucanfast.com\/fr\/wp-json\/wp\/v2\/types\/product"}],"replies":[{"embeddable":true,"href":"https:\/\/ucanfast.com\/fr\/wp-json\/wp\/v2\/comments?post=11479"}],"wp:featuredmedia":[{"embeddable":true,"href":"https:\/\/ucanfast.com\/fr\/wp-json\/wp\/v2\/media\/5665"}],"wp:attachment":[{"href":"https:\/\/ucanfast.com\/fr\/wp-json\/wp\/v2\/media?parent=11479"}],"wp:term":[{"taxonomy":"product_cat","embeddable":true,"href":"https:\/\/ucanfast.com\/fr\/wp-json\/wp\/v2\/product_cat?post=11479"},{"taxonomy":"product_tag","embeddable":true,"href":"https:\/\/ucanfast.com\/fr\/wp-json\/wp\/v2\/product_tag?post=11479"},{"taxonomy":"Group","embeddable":true,"href":"https:\/\/ucanfast.com\/fr\/wp-json\/wp\/v2\/Group?post=11479"}],"curies":[{"name":"wp","href":"https:\/\/api.w.org\/{rel}","templated":true}]}}