{"id":11446,"date":"2023-06-22T13:40:48","date_gmt":"2023-06-22T17:40:48","guid":{"rendered":"https:\/\/ucanstage.wpengine.com\/product\/product-2\/"},"modified":"2024-07-29T09:32:46","modified_gmt":"2024-07-29T13:32:46","slug":"u-drills-a-tete-gauffree-a-prise-carree-sans-alesoir-en-100","status":"publish","type":"product","link":"https:\/\/ucanfast.com\/fr\/nos-produits\/u-drills-a-tete-gauffree-a-prise-carree-sans-alesoir-en-100\/","title":{"rendered":"U-DRILLS \u00e0 t\u00eate gauffr\u00e9e \u00e0 prise carr\u00e9e &#8211; Sans al\u00e9soir &#8211; En 100"},"content":{"rendered":"<p>U-DRILLS<sup>MD<\/sup> \u00e0 t\u00eate gauffr\u00e9e \u00e0 prise carr\u00e9e &#8211; Sans al\u00e9soir &#8211; En 100<\/p>\n<p>Les vis autoperceuses\u00a0<strong>U-DRILLS<span class=\"style17\"><sup>MD<\/sup><\/span>\u00a0de UCAN<\/strong>\u00a0sont con\u00e7ues pour les travaux de qualit\u00e9 consistante et rapidit\u00e9 d\u2019ex\u00e9cution. Elles sont form\u00e9es \u00e0 froid avec filetage lamin\u00e9 leur procurant une plus grande r\u00e9sistance pour une performance de per\u00e7age rapide dans les m\u00e9taux de base jusqu\u2019\u00e0 13mm ( 0,5 po) d\u2019\u00e9paisseur. Les vis U-DRILLS<span class=\"style17\"><sup>MD<\/sup><\/span>\u00a0sont disponibles dans une vari\u00e9t\u00e9 de types et de grosseurs pour la majorit\u00e9 des applications. UCAN peut \u00e9galement livrer rapidement les commandes de vis non standard. Les vis U-DRILLS<span class=\"style17\"><sup>MD<\/sup><\/span> sont conformes aux exigences de la norme SAE J78-1998.<\/p>\n<p><strong>Zingu\u00e9e<\/strong><br \/>\n<span class=\"productheading\"><strong>\u00c9galement disponibles en emballage <img decoding=\"async\" loading=\"lazy\" class=\"alignnone size-full wp-image-11622\" src=\"https:\/\/ucanfast.com\/wp-content\/uploads\/2022\/07\/SuperPax.jpg\" alt=\"\" width=\"80\" height=\"49\" \/><\/strong><\/span><\/p>\n<h5>\u00c0 T\u00caTE GAUFFR\u00c9E \u00c0 PRISE CARR\u00c9E &#8211; SANS AL\u00c9SOIR &#8211; EN 100<\/h5>\n<table class=\"detailpartstable\" style=\"height: 161px;\" border=\"0\" width=\"850\" cellspacing=\"0\" cellpadding=\"0\">\n<tbody>\n<tr class=\"headers\">\n<td><strong>N\u00ba de pi\u00e8ce<\/strong><\/td>\n<td><strong>Dimension<\/strong><\/td>\n<td><strong>Pointe<\/strong><\/td>\n<td><strong>Capacit\u00e9<br \/>de per\u00e7age<\/strong><\/td>\n<td><strong>Qt\u00e9 par<br \/>caisse<\/strong><\/td>\n<td><strong>Poids de<br \/>la caisse<\/strong><\/td>\n<td><strong>Taille de la caisse<\/strong><\/td>\n<\/tr>\n<tr>\n<td>TSW 1034<\/td>\n<td>10-24 x 3\/4&#8243;<\/td>\n<td>3<\/td>\n<td>100<\/td>\n<td>1,000<\/td>\n<td>7 lbs<\/td>\n<td>3&#8243; x 13&#8243; x 5-1\/2&#8243;<\/td>\n<\/tr>\n<tr>\n<td>TSW 101<\/td>\n<td>10-24 x 1&#8243;<\/td>\n<td>3<\/td>\n<td>100<\/td>\n<td>1,000<\/td>\n<td>7 lbs<\/td>\n<td>3&#8243; x 13&#8243; x 5-1\/2&#8243;<\/td>\n<\/tr>\n<tr>\n<td>TSW 10114<\/td>\n<td>10-24 x 1-1\/4&#8243;<\/td>\n<td>3<\/td>\n<td>100<\/td>\n<td>1,000<\/td>\n<td>9 lbs<\/td>\n<td>3&#8243; x 13&#8243; x 5-1\/2&#8243;<\/td>\n<\/tr>\n<tr>\n<td>TSW 10112<\/td>\n<td>10-24 x 1-1\/2&#8243;<\/td>\n<td>3<\/td>\n<td>100<\/td>\n<td>1,000<\/td>\n<td>10 lbs<\/td>\n<td>3-1\/2&#8243; x 12&#8243; x 7-1\/2&#8243;<\/td>\n<\/tr>\n<tr>\n<td>TSW 122<\/td>\n<td>12-24 x 2&#8243;<\/td>\n<td>3<\/td>\n<td>100<\/td>\n<td>1,000<\/td>\n<td>18 lbs<\/td>\n<td>4-3\/4&#8243; x 15-3\/4&#8243; x 7&#8243;<\/td>\n<\/tr>\n<\/tbody>\n<\/table>\n","protected":false},"excerpt":{"rendered":"<p>U-DRILLS<sup>MD<\/sup> \u00e0 t\u00eate gauffr\u00e9e \u00e0 prise carr\u00e9e &#8211; Sans al\u00e9soir &#8211; En 100<\/p>\n<p>Les vis autoperceuses\u00a0<strong>U-DRILLS<span class=\"style17\"><sup>MD<\/sup><\/span>\u00a0de UCAN<\/strong>\u00a0sont con\u00e7ues pour les travaux de qualit\u00e9 consistante et rapidit\u00e9 d\u2019ex\u00e9cution. Elles sont form\u00e9es \u00e0 froid avec filetage lamin\u00e9 leur procurant une plus grande r\u00e9sistance pour une performance de per\u00e7age rapide dans les m\u00e9taux de base jusqu\u2019\u00e0 13mm ( 0,5 po) d\u2019\u00e9paisseur. Les vis U-DRILLS<span class=\"style17\"><sup>MD<\/sup><\/span>\u00a0sont disponibles dans une vari\u00e9t\u00e9 de types et de grosseurs pour la majorit\u00e9 des applications. UCAN peut \u00e9galement livrer rapidement les commandes de vis non standard. Les vis U-DRILLS<span class=\"style17\"><sup>MD<\/sup><\/span> sont conformes aux exigences de la norme SAE J78-1998.<\/p>\n","protected":false},"featured_media":9031,"comment_status":"open","ping_status":"closed","template":"","meta":[],"product_cat":[1650,1656,1651],"product_tag":[],"Group":[],"acf":[],"yoast_head":"<!-- This site is optimized with the Yoast SEO plugin v20.11 - https:\/\/yoast.com\/wordpress\/plugins\/seo\/ -->\n<title>U-DRILLS \u00e0 t\u00eate gauffr\u00e9e \u00e0 prise carr\u00e9e - Sans al\u00e9soir - En 100 - UCAN - Fastening Products<\/title>\n<meta name=\"robots\" content=\"noindex, follow\" \/>\n<meta property=\"og:locale\" content=\"fr_FR\" \/>\n<meta property=\"og:type\" content=\"article\" \/>\n<meta property=\"og:title\" content=\"U-DRILLS \u00e0 t\u00eate gauffr\u00e9e \u00e0 prise carr\u00e9e - Sans al\u00e9soir - En 100 - UCAN - Fastening Products\" \/>\n<meta property=\"og:description\" content=\"U-DRILLSMD \u00e0 t\u00eate gauffr\u00e9e \u00e0 prise carr\u00e9e - Sans al\u00e9soir - En 100  Les vis autoperceuses\u00a0U-DRILLSMD\u00a0de UCAN\u00a0sont con\u00e7ues pour les travaux de qualit\u00e9 consistante et rapidit\u00e9 d\u2019ex\u00e9cution. Elles sont form\u00e9es \u00e0 froid avec filetage lamin\u00e9 leur procurant une plus grande r\u00e9sistance pour une performance de per\u00e7age rapide dans les m\u00e9taux de base jusqu\u2019\u00e0 13mm ( 0,5 po) d\u2019\u00e9paisseur. Les vis U-DRILLSMD\u00a0sont disponibles dans une vari\u00e9t\u00e9 de types et de grosseurs pour la majorit\u00e9 des applications. UCAN peut \u00e9galement livrer rapidement les commandes de vis non standard. Les vis U-DRILLSMD sont conformes aux exigences de la norme SAE J78-1998.\" \/>\n<meta property=\"og:url\" content=\"https:\/\/ucanfast.com\/fr\/nos-produits\/u-drills-a-tete-gauffree-a-prise-carree-sans-alesoir-en-100\/\" \/>\n<meta property=\"og:site_name\" content=\"UCAN - Fastening Products\" \/>\n<meta property=\"article:modified_time\" content=\"2024-07-29T13:32:46+00:00\" \/>\n<meta property=\"og:image\" content=\"https:\/\/ucanfast.com\/wp-content\/uploads\/2023\/06\/TSW-HEAD-BODY.png\" \/>\n\t<meta property=\"og:image:width\" content=\"1870\" \/>\n\t<meta property=\"og:image:height\" content=\"428\" \/>\n\t<meta property=\"og:image:type\" content=\"image\/png\" \/>\n<meta name=\"twitter:card\" content=\"summary_large_image\" \/>\n<meta name=\"twitter:label1\" content=\"Dur\u00e9e de lecture estim\u00e9e\" \/>\n\t<meta name=\"twitter:data1\" content=\"2 minutes\" \/>\n<script type=\"application\/ld+json\" class=\"yoast-schema-graph\">{\"@context\":\"https:\/\/schema.org\",\"@graph\":[{\"@type\":\"WebPage\",\"@id\":\"https:\/\/ucanfast.com\/fr\/nos-produits\/u-drills-a-tete-gauffree-a-prise-carree-sans-alesoir-en-100\/\",\"url\":\"https:\/\/ucanfast.com\/fr\/nos-produits\/u-drills-a-tete-gauffree-a-prise-carree-sans-alesoir-en-100\/\",\"name\":\"U-DRILLS \u00e0 t\u00eate gauffr\u00e9e \u00e0 prise carr\u00e9e - Sans al\u00e9soir - En 100 - UCAN - Fastening Products\",\"isPartOf\":{\"@id\":\"https:\/\/ucanfast.com\/fr\/#website\"},\"datePublished\":\"2023-06-22T17:40:48+00:00\",\"dateModified\":\"2024-07-29T13:32:46+00:00\",\"breadcrumb\":{\"@id\":\"https:\/\/ucanfast.com\/fr\/nos-produits\/u-drills-a-tete-gauffree-a-prise-carree-sans-alesoir-en-100\/#breadcrumb\"},\"inLanguage\":\"fr-FR\",\"potentialAction\":[{\"@type\":\"ReadAction\",\"target\":[\"https:\/\/ucanfast.com\/fr\/nos-produits\/u-drills-a-tete-gauffree-a-prise-carree-sans-alesoir-en-100\/\"]}]},{\"@type\":\"BreadcrumbList\",\"@id\":\"https:\/\/ucanfast.com\/fr\/nos-produits\/u-drills-a-tete-gauffree-a-prise-carree-sans-alesoir-en-100\/#breadcrumb\",\"itemListElement\":[{\"@type\":\"ListItem\",\"position\":1,\"name\":\"Accueil\",\"item\":\"https:\/\/ucanfast.com\/fr\/\"},{\"@type\":\"ListItem\",\"position\":2,\"name\":\"Nos Produits\",\"item\":\"https:\/\/ucanfast.com\/fr\/nos-produits\/\"},{\"@type\":\"ListItem\",\"position\":3,\"name\":\"U-DRILLS \u00e0 t\u00eate gauffr\u00e9e \u00e0 prise carr\u00e9e &#8211; Sans al\u00e9soir &#8211; En 100\"}]},{\"@type\":\"WebSite\",\"@id\":\"https:\/\/ucanfast.com\/fr\/#website\",\"url\":\"https:\/\/ucanfast.com\/fr\/\",\"name\":\"UCAN Fastening Products\",\"description\":\"BUILDING LASTING CONNECTIONS\",\"publisher\":{\"@id\":\"https:\/\/ucanfast.com\/fr\/#organization\"},\"potentialAction\":[{\"@type\":\"SearchAction\",\"target\":{\"@type\":\"EntryPoint\",\"urlTemplate\":\"https:\/\/ucanfast.com\/fr\/?s={search_term_string}\"},\"query-input\":\"required name=search_term_string\"}],\"inLanguage\":\"fr-FR\"},{\"@type\":\"Organization\",\"@id\":\"https:\/\/ucanfast.com\/fr\/#organization\",\"name\":\"UCAN Fastening Products\",\"url\":\"https:\/\/ucanfast.com\/fr\/\",\"logo\":{\"@type\":\"ImageObject\",\"inLanguage\":\"fr-FR\",\"@id\":\"https:\/\/ucanfast.com\/fr\/#\/schema\/logo\/image\/\",\"url\":\"https:\/\/ucanfast.com\/wp-content\/uploads\/2023\/01\/Screen_Shot_2023-01-25_at_12.15.04_PM.png\",\"contentUrl\":\"https:\/\/ucanfast.com\/wp-content\/uploads\/2023\/01\/Screen_Shot_2023-01-25_at_12.15.04_PM.png\",\"width\":350,\"height\":192,\"caption\":\"UCAN Fastening Products\"},\"image\":{\"@id\":\"https:\/\/ucanfast.com\/fr\/#\/schema\/logo\/image\/\"},\"sameAs\":[\"https:\/\/ca.linkedin.com\/company\/ucan-fastening-products\"]}]}<\/script>\n<!-- \/ Yoast SEO plugin. -->","yoast_head_json":{"title":"U-DRILLS \u00e0 t\u00eate gauffr\u00e9e \u00e0 prise carr\u00e9e - Sans al\u00e9soir - En 100 - UCAN - Fastening Products","robots":{"index":"noindex","follow":"follow"},"og_locale":"fr_FR","og_type":"article","og_title":"U-DRILLS \u00e0 t\u00eate gauffr\u00e9e \u00e0 prise carr\u00e9e - Sans al\u00e9soir - En 100 - UCAN - Fastening Products","og_description":"U-DRILLSMD \u00e0 t\u00eate gauffr\u00e9e \u00e0 prise carr\u00e9e - Sans al\u00e9soir - En 100  Les vis autoperceuses\u00a0U-DRILLSMD\u00a0de UCAN\u00a0sont con\u00e7ues pour les travaux de qualit\u00e9 consistante et rapidit\u00e9 d\u2019ex\u00e9cution. Elles sont form\u00e9es \u00e0 froid avec filetage lamin\u00e9 leur procurant une plus grande r\u00e9sistance pour une performance de per\u00e7age rapide dans les m\u00e9taux de base jusqu\u2019\u00e0 13mm ( 0,5 po) d\u2019\u00e9paisseur. Les vis U-DRILLSMD\u00a0sont disponibles dans une vari\u00e9t\u00e9 de types et de grosseurs pour la majorit\u00e9 des applications. UCAN peut \u00e9galement livrer rapidement les commandes de vis non standard. Les vis U-DRILLSMD sont conformes aux exigences de la norme SAE J78-1998.","og_url":"https:\/\/ucanfast.com\/fr\/nos-produits\/u-drills-a-tete-gauffree-a-prise-carree-sans-alesoir-en-100\/","og_site_name":"UCAN - Fastening Products","article_modified_time":"2024-07-29T13:32:46+00:00","og_image":[{"width":1870,"height":428,"url":"https:\/\/ucanfast.com\/wp-content\/uploads\/2023\/06\/TSW-HEAD-BODY.png","type":"image\/png"}],"twitter_card":"summary_large_image","twitter_misc":{"Dur\u00e9e de lecture estim\u00e9e":"2 minutes"},"schema":{"@context":"https:\/\/schema.org","@graph":[{"@type":"WebPage","@id":"https:\/\/ucanfast.com\/fr\/nos-produits\/u-drills-a-tete-gauffree-a-prise-carree-sans-alesoir-en-100\/","url":"https:\/\/ucanfast.com\/fr\/nos-produits\/u-drills-a-tete-gauffree-a-prise-carree-sans-alesoir-en-100\/","name":"U-DRILLS \u00e0 t\u00eate gauffr\u00e9e \u00e0 prise carr\u00e9e - Sans al\u00e9soir - En 100 - UCAN - Fastening Products","isPartOf":{"@id":"https:\/\/ucanfast.com\/fr\/#website"},"datePublished":"2023-06-22T17:40:48+00:00","dateModified":"2024-07-29T13:32:46+00:00","breadcrumb":{"@id":"https:\/\/ucanfast.com\/fr\/nos-produits\/u-drills-a-tete-gauffree-a-prise-carree-sans-alesoir-en-100\/#breadcrumb"},"inLanguage":"fr-FR","potentialAction":[{"@type":"ReadAction","target":["https:\/\/ucanfast.com\/fr\/nos-produits\/u-drills-a-tete-gauffree-a-prise-carree-sans-alesoir-en-100\/"]}]},{"@type":"BreadcrumbList","@id":"https:\/\/ucanfast.com\/fr\/nos-produits\/u-drills-a-tete-gauffree-a-prise-carree-sans-alesoir-en-100\/#breadcrumb","itemListElement":[{"@type":"ListItem","position":1,"name":"Accueil","item":"https:\/\/ucanfast.com\/fr\/"},{"@type":"ListItem","position":2,"name":"Nos Produits","item":"https:\/\/ucanfast.com\/fr\/nos-produits\/"},{"@type":"ListItem","position":3,"name":"U-DRILLS \u00e0 t\u00eate gauffr\u00e9e \u00e0 prise carr\u00e9e &#8211; Sans al\u00e9soir &#8211; En 100"}]},{"@type":"WebSite","@id":"https:\/\/ucanfast.com\/fr\/#website","url":"https:\/\/ucanfast.com\/fr\/","name":"UCAN Fastening Products","description":"BUILDING LASTING CONNECTIONS","publisher":{"@id":"https:\/\/ucanfast.com\/fr\/#organization"},"potentialAction":[{"@type":"SearchAction","target":{"@type":"EntryPoint","urlTemplate":"https:\/\/ucanfast.com\/fr\/?s={search_term_string}"},"query-input":"required name=search_term_string"}],"inLanguage":"fr-FR"},{"@type":"Organization","@id":"https:\/\/ucanfast.com\/fr\/#organization","name":"UCAN Fastening Products","url":"https:\/\/ucanfast.com\/fr\/","logo":{"@type":"ImageObject","inLanguage":"fr-FR","@id":"https:\/\/ucanfast.com\/fr\/#\/schema\/logo\/image\/","url":"https:\/\/ucanfast.com\/wp-content\/uploads\/2023\/01\/Screen_Shot_2023-01-25_at_12.15.04_PM.png","contentUrl":"https:\/\/ucanfast.com\/wp-content\/uploads\/2023\/01\/Screen_Shot_2023-01-25_at_12.15.04_PM.png","width":350,"height":192,"caption":"UCAN Fastening Products"},"image":{"@id":"https:\/\/ucanfast.com\/fr\/#\/schema\/logo\/image\/"},"sameAs":["https:\/\/ca.linkedin.com\/company\/ucan-fastening-products"]}]}},"_links":{"self":[{"href":"https:\/\/ucanfast.com\/fr\/wp-json\/wp\/v2\/product\/11446"}],"collection":[{"href":"https:\/\/ucanfast.com\/fr\/wp-json\/wp\/v2\/product"}],"about":[{"href":"https:\/\/ucanfast.com\/fr\/wp-json\/wp\/v2\/types\/product"}],"replies":[{"embeddable":true,"href":"https:\/\/ucanfast.com\/fr\/wp-json\/wp\/v2\/comments?post=11446"}],"wp:featuredmedia":[{"embeddable":true,"href":"https:\/\/ucanfast.com\/fr\/wp-json\/wp\/v2\/media\/9031"}],"wp:attachment":[{"href":"https:\/\/ucanfast.com\/fr\/wp-json\/wp\/v2\/media?parent=11446"}],"wp:term":[{"taxonomy":"product_cat","embeddable":true,"href":"https:\/\/ucanfast.com\/fr\/wp-json\/wp\/v2\/product_cat?post=11446"},{"taxonomy":"product_tag","embeddable":true,"href":"https:\/\/ucanfast.com\/fr\/wp-json\/wp\/v2\/product_tag?post=11446"},{"taxonomy":"Group","embeddable":true,"href":"https:\/\/ucanfast.com\/fr\/wp-json\/wp\/v2\/Group?post=11446"}],"curies":[{"name":"wp","href":"https:\/\/api.w.org\/{rel}","templated":true}]}}