{"id":11431,"date":"2022-01-20T13:07:32","date_gmt":"2022-01-20T18:07:32","guid":{"rendered":"https:\/\/ucanstage.wpengine.com\/product\/u-drills-hex-washer-head-zinc-plated-100-packs\/"},"modified":"2024-07-26T14:54:59","modified_gmt":"2024-07-26T18:54:59","slug":"u-drills-a-tete-hexagonale-avec-embase-zinguee-en-100","status":"publish","type":"product","link":"https:\/\/ucanfast.com\/fr\/nos-produits\/u-drills-a-tete-hexagonale-avec-embase-zinguee-en-100\/","title":{"rendered":"U-DRILLS \u00e0 t\u00eate hexagonale avec embase &#8211; Zingu\u00e9e &#8211; En 100"},"content":{"rendered":"<p>U-DRILLS<sup>MD<\/sup> \u00e0 t\u00eate hexagonale avec embase &#8211; Zingu\u00e9e &#8211; Qt\u00e9 100<\/p>\n<div id=\"detaildescription\">\n<p><strong>Zingu\u00e9e<\/strong><br \/>\n<span class=\"productheading\"><strong>\u00c9galement disponibles en emballage<a href=\"https:\/\/ucanfast.com\/fr\/nos-produits\/vis-a-tete-hexagonale-avec-embase-u-drills-zinguee-pots\/\"><img decoding=\"async\" loading=\"lazy\" class=\"alignnone wp-image-11622 size-full\" style=\"display: inline; margin-left: 10px;\" src=\"https:\/\/ucanfast.com\/wp-content\/uploads\/2022\/07\/SuperPax.jpg\" alt=\"\" width=\"80\" height=\"49\" \/><\/a><\/strong><\/span><\/p>\n<\/div>\n<div class=\"partstabletitle\">\n<h5>ZINGU\u00c9ES (QT\u00c9 100)<\/h5>\n<\/div>\n<div>\n<table class=\"detailpartstable\" style=\"height: 450px;\" border=\"0\" width=\"850\" cellspacing=\"0\" cellpadding=\"0\">\n<tbody>\n<tr class=\"headers\">\n<td><strong>N\u00ba de pi\u00e8ce<\/strong><\/td>\n<td><strong>Dimension<\/strong><\/td>\n<td><strong>Pointe<\/strong><\/td>\n<td><strong>Capacit\u00e9<br \/>\nde per\u00e7age<\/strong><\/td>\n<td><strong>Qt\u00e9 par<br \/>\npaquet<\/strong><\/td>\n<td><strong>Qt\u00e9 par<br \/>\ncaisse<\/strong><\/td>\n<td><strong>Poids de<br \/>\nla caisse<\/strong><\/td>\n<td><strong>Taille de la caisse<\/strong><\/td>\n<\/tr>\n<tr>\n<td>THW 812<\/td>\n<td>8-18 x 1\/2 po<\/td>\n<td>2<\/td>\n<td>.100\/12 ga<\/td>\n<td>100<\/td>\n<td>1000<\/td>\n<td>5 lbs<\/td>\n<td>3 po x 13 po x 5-1\/2 po<\/td>\n<\/tr>\n<tr>\n<td>THW 858<\/td>\n<td>8-18 x 5\/8 po<\/td>\n<td>2<\/td>\n<td>.100\/12 ga<\/td>\n<td>100<\/td>\n<td>1000<\/td>\n<td>5 lbs<\/td>\n<td>3 po x 13 po x 5-1\/2 po<\/td>\n<\/tr>\n<tr>\n<td>THW 834<\/td>\n<td>8-18 x 3\/4 po<\/td>\n<td>2<\/td>\n<td>.100\/12 ga<\/td>\n<td>100<\/td>\n<td>1000<\/td>\n<td>5 lbs<\/td>\n<td>3 po x 13 po x 5-1\/2 po<\/td>\n<\/tr>\n<tr>\n<td>THW 81<\/td>\n<td>8-18 x 1 po<\/td>\n<td>2<\/td>\n<td>.110\/12 ga<\/td>\n<td>100<\/td>\n<td>1000<\/td>\n<td>6 lbs<\/td>\n<td>3 po x 13 po x 5-1\/2 po<\/td>\n<\/tr>\n<tr>\n<td>THW 1012<\/td>\n<td>10-16 x 1\/2 po<\/td>\n<td>2<\/td>\n<td>.110\/12 ga<\/td>\n<td>100<\/td>\n<td>1000<\/td>\n<td>6 lbs<\/td>\n<td>3 po x 13 po x 5-1\/2 po<\/td>\n<\/tr>\n<tr>\n<td>THW 10112<\/td>\n<td>10-16 x 1-1\/2 po<\/td>\n<td>3<\/td>\n<td>.175\/7 ga<\/td>\n<td>100<\/td>\n<td>1000<\/td>\n<td>10 lbs<\/td>\n<td>3-1\/2 po x 12 po x 7-1\/2 po<\/td>\n<\/tr>\n<tr>\n<td>THW 1034<\/td>\n<td>10-16 x 3\/4 po<\/td>\n<td>3<\/td>\n<td>.175\/7 ga<\/td>\n<td>100<\/td>\n<td>1000<\/td>\n<td>7 lbs<\/td>\n<td>3 po x 13 po x 5-1\/2 po<\/td>\n<\/tr>\n<tr>\n<td>THW 101<\/td>\n<td>10-16 x 1 po<\/td>\n<td>3<\/td>\n<td>.175\/7 ga<\/td>\n<td>100<\/td>\n<td>1000<\/td>\n<td>8 lbs<\/td>\n<td>3 po x 13 po x 5-1\/2 po<\/td>\n<\/tr>\n<tr>\n<td>THW 1234<\/td>\n<td>12-14 x 3\/4 po<\/td>\n<td>3<\/td>\n<td>.210\/5 ga<\/td>\n<td>100<\/td>\n<td>1000<\/td>\n<td>9 lbs<\/td>\n<td>4-3\/4 po x 15-3\/4 po x 7 po<\/td>\n<\/tr>\n<tr>\n<td>THW 121<\/td>\n<td>12-14 x 1 po<\/td>\n<td>3<\/td>\n<td>.210\/5 ga<\/td>\n<td>100<\/td>\n<td>1000<\/td>\n<td>11 lbs<\/td>\n<td>3 po x 13 po x 5-1\/2 po<\/td>\n<\/tr>\n<tr>\n<td>THW 12112<\/td>\n<td>12-14 x 1-1\/2 po<\/td>\n<td>3<\/td>\n<td>.210\/5 ga<\/td>\n<td>100<\/td>\n<td>1000<\/td>\n<td>14 lbs<\/td>\n<td>4-3\/4 po x 15-3\/4 po x 7 po<\/td>\n<\/tr>\n<tr>\n<td>THW 1434<\/td>\n<td>1\/4-14 x 3\/4 po<\/td>\n<td>3<\/td>\n<td>.220\/4 ga<\/td>\n<td>100<\/td>\n<td>1000<\/td>\n<td>13 lbs<\/td>\n<td>3-1\/2 po x 12 po x 7-1\/2 po<\/td>\n<\/tr>\n<tr>\n<td>THW 141<\/td>\n<td>1\/4-14 x 1 po<\/td>\n<td>3<\/td>\n<td>.220\/4 ga<\/td>\n<td>100<\/td>\n<td>1000<\/td>\n<td>15 lbs<\/td>\n<td>3-1\/2 po x 12 po x 7-1\/2 po<\/td>\n<\/tr>\n<tr>\n<td>THW 14112<\/td>\n<td>1\/4-14 x 1-1\/2 po<\/td>\n<td>3<\/td>\n<td>.220\/4 ga<\/td>\n<td>100<\/td>\n<td>1000<\/td>\n<td>19 lbs<\/td>\n<td>4-3\/4 po x 15-3\/4 po x 7 po<\/td>\n<\/tr>\n<\/tbody>\n<\/table>\n<\/div>\n","protected":false},"excerpt":{"rendered":"<p>Les vis autoperceuses U-DRILLS<sup>MD<\/sup> de UCAN sont con\u00e7ues pour les travaux de qualit\u00e9 consistante et rapidit\u00e9 d\u2019ex\u00e9cution. Elles sont form\u00e9es \u00e0 froid avec filetage lamin\u00e9 leur procurant une plus grande r\u00e9sistance pour une performance de per\u00e7age rapide dans les m\u00e9taux de base jusqu\u2019\u00e0 13mm ( 0,5 po) d\u2019\u00e9paisseur. Les vis U-DRILLS<sup>MD<\/sup> sont disponibles dans une vari\u00e9t\u00e9 de types et de grosseurs pour la majorit\u00e9 des applications.<\/p>\n","protected":false},"featured_media":12504,"comment_status":"open","ping_status":"closed","template":"","meta":[],"product_cat":[1650,1656,1651],"product_tag":[],"Group":[],"acf":[],"yoast_head":"<!-- This site is optimized with the Yoast SEO plugin v20.11 - https:\/\/yoast.com\/wordpress\/plugins\/seo\/ -->\n<title>U-DRILLS \u00e0 t\u00eate hexagonale avec embase - Zingu\u00e9e - En 100 - UCAN - Fastening Products<\/title>\n<meta name=\"robots\" content=\"noindex, follow\" \/>\n<meta property=\"og:locale\" content=\"fr_FR\" \/>\n<meta property=\"og:type\" content=\"article\" \/>\n<meta property=\"og:title\" content=\"U-DRILLS \u00e0 t\u00eate hexagonale avec embase - Zingu\u00e9e - En 100 - UCAN - Fastening Products\" \/>\n<meta property=\"og:description\" content=\"Les vis autoperceuses U-DRILLSMD de UCAN sont con\u00e7ues pour les travaux de qualit\u00e9 consistante et rapidit\u00e9 d\u2019ex\u00e9cution. Elles sont form\u00e9es \u00e0 froid avec filetage lamin\u00e9 leur procurant une plus grande r\u00e9sistance pour une performance de per\u00e7age rapide dans les m\u00e9taux de base jusqu\u2019\u00e0 13mm ( 0,5 po) d\u2019\u00e9paisseur. Les vis U-DRILLSMD sont disponibles dans une vari\u00e9t\u00e9 de types et de grosseurs pour la majorit\u00e9 des applications.\" \/>\n<meta property=\"og:url\" content=\"https:\/\/ucanfast.com\/fr\/nos-produits\/u-drills-a-tete-hexagonale-avec-embase-zinguee-en-100\/\" \/>\n<meta property=\"og:site_name\" content=\"UCAN - Fastening Products\" \/>\n<meta property=\"article:modified_time\" content=\"2024-07-26T18:54:59+00:00\" \/>\n<meta property=\"og:image\" content=\"https:\/\/ucanfast.com\/wp-content\/uploads\/2023\/11\/HexWasherHead.jpg\" \/>\n\t<meta property=\"og:image:width\" content=\"1784\" \/>\n\t<meta property=\"og:image:height\" content=\"694\" \/>\n\t<meta property=\"og:image:type\" content=\"image\/jpeg\" \/>\n<meta name=\"twitter:card\" content=\"summary_large_image\" \/>\n<meta name=\"twitter:label1\" content=\"Dur\u00e9e de lecture estim\u00e9e\" \/>\n\t<meta name=\"twitter:data1\" content=\"2 minutes\" \/>\n<script type=\"application\/ld+json\" class=\"yoast-schema-graph\">{\"@context\":\"https:\/\/schema.org\",\"@graph\":[{\"@type\":\"WebPage\",\"@id\":\"https:\/\/ucanfast.com\/fr\/nos-produits\/u-drills-a-tete-hexagonale-avec-embase-zinguee-en-100\/\",\"url\":\"https:\/\/ucanfast.com\/fr\/nos-produits\/u-drills-a-tete-hexagonale-avec-embase-zinguee-en-100\/\",\"name\":\"U-DRILLS \u00e0 t\u00eate hexagonale avec embase - Zingu\u00e9e - En 100 - UCAN - Fastening Products\",\"isPartOf\":{\"@id\":\"https:\/\/ucanfast.com\/fr\/#website\"},\"datePublished\":\"2022-01-20T18:07:32+00:00\",\"dateModified\":\"2024-07-26T18:54:59+00:00\",\"breadcrumb\":{\"@id\":\"https:\/\/ucanfast.com\/fr\/nos-produits\/u-drills-a-tete-hexagonale-avec-embase-zinguee-en-100\/#breadcrumb\"},\"inLanguage\":\"fr-FR\",\"potentialAction\":[{\"@type\":\"ReadAction\",\"target\":[\"https:\/\/ucanfast.com\/fr\/nos-produits\/u-drills-a-tete-hexagonale-avec-embase-zinguee-en-100\/\"]}]},{\"@type\":\"BreadcrumbList\",\"@id\":\"https:\/\/ucanfast.com\/fr\/nos-produits\/u-drills-a-tete-hexagonale-avec-embase-zinguee-en-100\/#breadcrumb\",\"itemListElement\":[{\"@type\":\"ListItem\",\"position\":1,\"name\":\"Accueil\",\"item\":\"https:\/\/ucanfast.com\/fr\/\"},{\"@type\":\"ListItem\",\"position\":2,\"name\":\"Nos Produits\",\"item\":\"https:\/\/ucanfast.com\/fr\/nos-produits\/\"},{\"@type\":\"ListItem\",\"position\":3,\"name\":\"U-DRILLS \u00e0 t\u00eate hexagonale avec embase &#8211; Zingu\u00e9e &#8211; En 100\"}]},{\"@type\":\"WebSite\",\"@id\":\"https:\/\/ucanfast.com\/fr\/#website\",\"url\":\"https:\/\/ucanfast.com\/fr\/\",\"name\":\"UCAN Fastening Products\",\"description\":\"BUILDING LASTING CONNECTIONS\",\"publisher\":{\"@id\":\"https:\/\/ucanfast.com\/fr\/#organization\"},\"potentialAction\":[{\"@type\":\"SearchAction\",\"target\":{\"@type\":\"EntryPoint\",\"urlTemplate\":\"https:\/\/ucanfast.com\/fr\/?s={search_term_string}\"},\"query-input\":\"required name=search_term_string\"}],\"inLanguage\":\"fr-FR\"},{\"@type\":\"Organization\",\"@id\":\"https:\/\/ucanfast.com\/fr\/#organization\",\"name\":\"UCAN Fastening Products\",\"url\":\"https:\/\/ucanfast.com\/fr\/\",\"logo\":{\"@type\":\"ImageObject\",\"inLanguage\":\"fr-FR\",\"@id\":\"https:\/\/ucanfast.com\/fr\/#\/schema\/logo\/image\/\",\"url\":\"https:\/\/ucanfast.com\/wp-content\/uploads\/2023\/01\/Screen_Shot_2023-01-25_at_12.15.04_PM.png\",\"contentUrl\":\"https:\/\/ucanfast.com\/wp-content\/uploads\/2023\/01\/Screen_Shot_2023-01-25_at_12.15.04_PM.png\",\"width\":350,\"height\":192,\"caption\":\"UCAN Fastening Products\"},\"image\":{\"@id\":\"https:\/\/ucanfast.com\/fr\/#\/schema\/logo\/image\/\"},\"sameAs\":[\"https:\/\/ca.linkedin.com\/company\/ucan-fastening-products\"]}]}<\/script>\n<!-- \/ Yoast SEO plugin. -->","yoast_head_json":{"title":"U-DRILLS \u00e0 t\u00eate hexagonale avec embase - Zingu\u00e9e - En 100 - UCAN - Fastening Products","robots":{"index":"noindex","follow":"follow"},"og_locale":"fr_FR","og_type":"article","og_title":"U-DRILLS \u00e0 t\u00eate hexagonale avec embase - Zingu\u00e9e - En 100 - UCAN - Fastening Products","og_description":"Les vis autoperceuses U-DRILLSMD de UCAN sont con\u00e7ues pour les travaux de qualit\u00e9 consistante et rapidit\u00e9 d\u2019ex\u00e9cution. Elles sont form\u00e9es \u00e0 froid avec filetage lamin\u00e9 leur procurant une plus grande r\u00e9sistance pour une performance de per\u00e7age rapide dans les m\u00e9taux de base jusqu\u2019\u00e0 13mm ( 0,5 po) d\u2019\u00e9paisseur. Les vis U-DRILLSMD sont disponibles dans une vari\u00e9t\u00e9 de types et de grosseurs pour la majorit\u00e9 des applications.","og_url":"https:\/\/ucanfast.com\/fr\/nos-produits\/u-drills-a-tete-hexagonale-avec-embase-zinguee-en-100\/","og_site_name":"UCAN - Fastening Products","article_modified_time":"2024-07-26T18:54:59+00:00","og_image":[{"width":1784,"height":694,"url":"https:\/\/ucanfast.com\/wp-content\/uploads\/2023\/11\/HexWasherHead.jpg","type":"image\/jpeg"}],"twitter_card":"summary_large_image","twitter_misc":{"Dur\u00e9e de lecture estim\u00e9e":"2 minutes"},"schema":{"@context":"https:\/\/schema.org","@graph":[{"@type":"WebPage","@id":"https:\/\/ucanfast.com\/fr\/nos-produits\/u-drills-a-tete-hexagonale-avec-embase-zinguee-en-100\/","url":"https:\/\/ucanfast.com\/fr\/nos-produits\/u-drills-a-tete-hexagonale-avec-embase-zinguee-en-100\/","name":"U-DRILLS \u00e0 t\u00eate hexagonale avec embase - Zingu\u00e9e - En 100 - UCAN - Fastening Products","isPartOf":{"@id":"https:\/\/ucanfast.com\/fr\/#website"},"datePublished":"2022-01-20T18:07:32+00:00","dateModified":"2024-07-26T18:54:59+00:00","breadcrumb":{"@id":"https:\/\/ucanfast.com\/fr\/nos-produits\/u-drills-a-tete-hexagonale-avec-embase-zinguee-en-100\/#breadcrumb"},"inLanguage":"fr-FR","potentialAction":[{"@type":"ReadAction","target":["https:\/\/ucanfast.com\/fr\/nos-produits\/u-drills-a-tete-hexagonale-avec-embase-zinguee-en-100\/"]}]},{"@type":"BreadcrumbList","@id":"https:\/\/ucanfast.com\/fr\/nos-produits\/u-drills-a-tete-hexagonale-avec-embase-zinguee-en-100\/#breadcrumb","itemListElement":[{"@type":"ListItem","position":1,"name":"Accueil","item":"https:\/\/ucanfast.com\/fr\/"},{"@type":"ListItem","position":2,"name":"Nos Produits","item":"https:\/\/ucanfast.com\/fr\/nos-produits\/"},{"@type":"ListItem","position":3,"name":"U-DRILLS \u00e0 t\u00eate hexagonale avec embase &#8211; Zingu\u00e9e &#8211; En 100"}]},{"@type":"WebSite","@id":"https:\/\/ucanfast.com\/fr\/#website","url":"https:\/\/ucanfast.com\/fr\/","name":"UCAN Fastening Products","description":"BUILDING LASTING CONNECTIONS","publisher":{"@id":"https:\/\/ucanfast.com\/fr\/#organization"},"potentialAction":[{"@type":"SearchAction","target":{"@type":"EntryPoint","urlTemplate":"https:\/\/ucanfast.com\/fr\/?s={search_term_string}"},"query-input":"required name=search_term_string"}],"inLanguage":"fr-FR"},{"@type":"Organization","@id":"https:\/\/ucanfast.com\/fr\/#organization","name":"UCAN Fastening Products","url":"https:\/\/ucanfast.com\/fr\/","logo":{"@type":"ImageObject","inLanguage":"fr-FR","@id":"https:\/\/ucanfast.com\/fr\/#\/schema\/logo\/image\/","url":"https:\/\/ucanfast.com\/wp-content\/uploads\/2023\/01\/Screen_Shot_2023-01-25_at_12.15.04_PM.png","contentUrl":"https:\/\/ucanfast.com\/wp-content\/uploads\/2023\/01\/Screen_Shot_2023-01-25_at_12.15.04_PM.png","width":350,"height":192,"caption":"UCAN Fastening Products"},"image":{"@id":"https:\/\/ucanfast.com\/fr\/#\/schema\/logo\/image\/"},"sameAs":["https:\/\/ca.linkedin.com\/company\/ucan-fastening-products"]}]}},"_links":{"self":[{"href":"https:\/\/ucanfast.com\/fr\/wp-json\/wp\/v2\/product\/11431"}],"collection":[{"href":"https:\/\/ucanfast.com\/fr\/wp-json\/wp\/v2\/product"}],"about":[{"href":"https:\/\/ucanfast.com\/fr\/wp-json\/wp\/v2\/types\/product"}],"replies":[{"embeddable":true,"href":"https:\/\/ucanfast.com\/fr\/wp-json\/wp\/v2\/comments?post=11431"}],"wp:featuredmedia":[{"embeddable":true,"href":"https:\/\/ucanfast.com\/fr\/wp-json\/wp\/v2\/media\/12504"}],"wp:attachment":[{"href":"https:\/\/ucanfast.com\/fr\/wp-json\/wp\/v2\/media?parent=11431"}],"wp:term":[{"taxonomy":"product_cat","embeddable":true,"href":"https:\/\/ucanfast.com\/fr\/wp-json\/wp\/v2\/product_cat?post=11431"},{"taxonomy":"product_tag","embeddable":true,"href":"https:\/\/ucanfast.com\/fr\/wp-json\/wp\/v2\/product_tag?post=11431"},{"taxonomy":"Group","embeddable":true,"href":"https:\/\/ucanfast.com\/fr\/wp-json\/wp\/v2\/Group?post=11431"}],"curies":[{"name":"wp","href":"https:\/\/api.w.org\/{rel}","templated":true}]}}