{"id":11308,"date":"2022-07-01T12:04:22","date_gmt":"2022-07-01T16:04:22","guid":{"rendered":"https:\/\/ucanstage.wpengine.com\/product\/super-scru-it-stainless-steel-410-white-ruspro-coated-hex-washer-head\/"},"modified":"2026-03-31T08:36:26","modified_gmt":"2026-03-31T12:36:26","slug":"super-scru-it-acier-inoxydable-410-revetement-ruspro-tete-a-embase-hexagonale","status":"publish","type":"product","link":"https:\/\/ucanfast.com\/fr\/nos-produits\/super-scru-it-acier-inoxydable-410-revetement-ruspro-tete-a-embase-hexagonale\/","title":{"rendered":"Super SCRU-IT &#8211; Acier inoxydable (410) &#8211; Rev\u00eatement RUSPRO &#8211; T\u00eate \u00e0 embase hexagonale"},"content":{"rendered":"<p><strong>Acier Inoxydable 410 &#8211; Durci Blanc <a href=\"https:\/\/ucanfast.com\/pdfs\/fr\/technicalinformation\/rusprocoating.pdf\"><span class=\"productheading\">Rev\u00eatement RUSPRO<sup>MD<\/sup><\/span><\/a><\/strong><\/p>\n<p>ANCRAGES SUPER SCRU-IT<sup>MD<\/sup> (paquets de 100)<br \/>\n<a href=\"https:\/\/ucanfast.com\/fr\/nos-produits\/scru-bits\/\">Une m\u00e8che de per\u00e7age incluse pour chaque 100 ancrages command\u00e9s<\/a><\/p>\n<p><a href=\"https:\/\/ucanfast.com\/fr\/nos-produits\/outil-scru-it\/\">Cliquer ici pour l\u00b4outil d\u00b4installation Scru\u2010it<\/a><\/p>\n<div class=\"partstabletitle\">\n<h5>PAQUET R\u00c9GULIER &#8211; 100<\/h5>\n<\/div>\n<div>\n<table class=\"detailpartstable\" style=\"height: 350;\" border=\"0\" width=\"850\" cellspacing=\"0\" cellpadding=\"0\">\n<tbody>\n<tr class=\"headers\">\n<td><strong>N\u00ba de pi\u00e8ce<\/strong><\/td>\n<td><strong>Dimension<\/strong><\/td>\n<td><strong>Qt\u00e9 par<br \/>\npaquet<\/strong><\/td>\n<td><strong>Qt\u00e9 par<br \/>\ncaisse<\/strong><\/td>\n<td><strong>Poids de la<br \/>\ncaisse<\/strong><\/td>\n<td><strong>Taille de la caisse<\/strong><\/td>\n<\/tr>\n<tr>\n<td>SSH 316114<\/td>\n<td>3\/16&#8243; X 1-1\/4&#8243;<\/td>\n<td>100<\/td>\n<td>1,000<\/td>\n<td>10 lbs<\/td>\n<td>3-1\/2&#8243; x 12&#8243; x 7-1\/2&#8243;<\/td>\n<\/tr>\n<tr>\n<td>SSH 316134<\/td>\n<td>3\/16&#8243; X 1-3\/4&#8243;<\/td>\n<td>100<\/td>\n<td>1,000<\/td>\n<td>11 lbs<\/td>\n<td>3-1\/2&#8243; x 12&#8243; x 7-1\/2&#8243;<\/td>\n<\/tr>\n<tr>\n<td>SSH 316214<\/td>\n<td>3\/16&#8243; X 2-1\/4&#8243;<\/td>\n<td>100<\/td>\n<td>1,000<\/td>\n<td>14 lbs<\/td>\n<td>4-3\/4&#8243; x 15-3\/4&#8243; x 7&#8243;<\/td>\n<\/tr>\n<tr>\n<td>SSH 316234<\/td>\n<td>3\/16&#8243; X 2-3\/4&#8243;<\/td>\n<td>100<\/td>\n<td>1,000<\/td>\n<td>17 lbs<\/td>\n<td>5-1\/2&#8243; x 18-3\/4&#8243; x 8-3\/4&#8243;<\/td>\n<\/tr>\n<tr>\n<td>SSH 14114<\/td>\n<td>1\/4&#8243; X 1-1\/4&#8243;<\/td>\n<td>100<\/td>\n<td>1,000<\/td>\n<td>14 lbs<\/td>\n<td>4-3\/4&#8243; x 15-3\/4&#8243; x 7&#8243;<\/td>\n<\/tr>\n<tr>\n<td>SSH 14134<\/td>\n<td>1\/4&#8243; X 1-3\/4&#8243;<\/td>\n<td>100<\/td>\n<td>1,000<\/td>\n<td>19 lbs<\/td>\n<td>4-3\/4&#8243; x 15-3\/4&#8243; x 7&#8243;<\/td>\n<\/tr>\n<tr>\n<td>SSH 14214<\/td>\n<td>1\/4&#8243; X 2-1\/4&#8243;<\/td>\n<td>100<\/td>\n<td>1,000<\/td>\n<td>23 lbs<\/td>\n<td>4-3\/4&#8243; x 15-3\/4&#8243; x 7&#8243;<\/td>\n<\/tr>\n<tr>\n<td>SSH 14234<\/td>\n<td>1\/4&#8243; X 2-3\/4&#8243;<\/td>\n<td>100<\/td>\n<td>1,000<\/td>\n<td>27 lbs<\/td>\n<td>5-1\/2&#8243; x 18-3\/4&#8243; x 8-3\/4&#8243;<\/td>\n<\/tr>\n<tr>\n<td>SSH 14314<\/td>\n<td>1\/4&#8243; X 3-1\/4&#8243;<\/td>\n<td>100<\/td>\n<td>1,000<\/td>\n<td>31 lbs<\/td>\n<td>5-1\/2&#8243; x 18-3\/4&#8243; x 8-3\/4&#8243;<\/td>\n<\/tr>\n<tr>\n<td>SSH 144<\/td>\n<td>1\/4&#8243; X 4&#8243;<\/td>\n<td>100<\/td>\n<td>1,000<\/td>\n<td>37 lbs<\/td>\n<td>5-1\/2&#8243; x 18-3\/4&#8243; x 8-3\/4&#8243;<\/td>\n<\/tr>\n<\/tbody>\n<\/table>\n<p>Remarque : veuillez contacter le service client pour confirmer les couleurs disponibles pour une taille sp\u00e9cifique.<\/p>\n<\/div>\n","protected":false},"excerpt":{"rendered":"<p>L\u2019ancrage pour ma\u00e7onnerie SCUR-IT<sup>MD<\/sup> d\u2019UCAN est fabriqu\u00e9 selon des sp\u00e9cifications techniques \u00e0 partir d\u2019acier de grande qualit\u00e9. Les filetages cannel\u00e9s exclusifs, con\u00e7us par UCAN, pratiquent des rainures profondes dans une grande vari\u00e9t\u00e9 de mat\u00e9riaux de ma\u00e7onnerie (b\u00e9ton solide, bloc, brique, etc&#8230;) produisant jusqu\u2019\u00e0 trois fois la force de retenue d\u2019ancrages comparables.<\/p>\n","protected":false},"featured_media":5682,"comment_status":"open","ping_status":"closed","template":"","meta":[],"product_cat":[1566,1562,1564],"product_tag":[],"Group":[],"acf":[],"yoast_head":"<!-- This site is optimized with the Yoast SEO plugin v20.11 - https:\/\/yoast.com\/wordpress\/plugins\/seo\/ -->\n<title>Super SCRU-IT - Acier inoxydable (410) - Rev\u00eatement RUSPRO - T\u00eate \u00e0 embase hexagonale | UCAN Fastening Products<\/title>\n<meta name=\"description\" content=\"UCAN FASTENING PRODUCTS has been supplying high quality masonry and metal fasteners to the construction industry for over 50 years.\" \/>\n<meta name=\"robots\" content=\"noindex, follow\" \/>\n<meta property=\"og:locale\" content=\"fr_FR\" \/>\n<meta property=\"og:type\" content=\"article\" \/>\n<meta property=\"og:title\" content=\"Super SCRU-IT - Acier inoxydable (410) - Rev\u00eatement RUSPRO - T\u00eate \u00e0 embase hexagonale | UCAN Fastening Products\" \/>\n<meta property=\"og:description\" content=\"UCAN FASTENING PRODUCTS has been supplying high quality masonry and metal fasteners to the construction industry for over 50 years.\" \/>\n<meta property=\"og:url\" content=\"https:\/\/ucanfast.com\/fr\/nos-produits\/super-scru-it-acier-inoxydable-410-revetement-ruspro-tete-a-embase-hexagonale\/\" \/>\n<meta property=\"og:site_name\" content=\"UCAN Fastening Products\" \/>\n<meta property=\"article:publisher\" content=\"https:\/\/www.facebook.com\/people\/UCAN-Fastening-Products\/100084048701758\/\" \/>\n<meta property=\"article:modified_time\" content=\"2026-03-31T12:36:26+00:00\" \/>\n<meta property=\"og:image\" content=\"https:\/\/ucanfast.com\/wp-content\/uploads\/2022\/07\/SSH-BothAngles-hex-washer-head-stainless-steel-scaled.jpg\" \/>\n\t<meta property=\"og:image:width\" content=\"2560\" \/>\n\t<meta property=\"og:image:height\" content=\"1242\" \/>\n\t<meta property=\"og:image:type\" content=\"image\/jpeg\" \/>\n<meta name=\"twitter:card\" content=\"summary_large_image\" \/>\n<meta name=\"twitter:label1\" content=\"Dur\u00e9e de lecture estim\u00e9e\" \/>\n\t<meta name=\"twitter:data1\" content=\"1 minute\" \/>\n<script type=\"application\/ld+json\" class=\"yoast-schema-graph\">{\"@context\":\"https:\/\/schema.org\",\"@graph\":[{\"@type\":\"WebPage\",\"@id\":\"https:\/\/ucanfast.com\/fr\/nos-produits\/super-scru-it-acier-inoxydable-410-revetement-ruspro-tete-a-embase-hexagonale\/\",\"url\":\"https:\/\/ucanfast.com\/fr\/nos-produits\/super-scru-it-acier-inoxydable-410-revetement-ruspro-tete-a-embase-hexagonale\/\",\"name\":\"Super SCRU-IT - Acier inoxydable (410) - Rev\u00eatement RUSPRO - T\u00eate \u00e0 embase hexagonale | UCAN Fastening Products\",\"isPartOf\":{\"@id\":\"https:\/\/ucanfast.com\/fr\/#website\"},\"datePublished\":\"2022-07-01T16:04:22+00:00\",\"dateModified\":\"2026-03-31T12:36:26+00:00\",\"description\":\"UCAN FASTENING PRODUCTS has been supplying high quality masonry and metal fasteners to the construction industry for over 50 years.\",\"breadcrumb\":{\"@id\":\"https:\/\/ucanfast.com\/fr\/nos-produits\/super-scru-it-acier-inoxydable-410-revetement-ruspro-tete-a-embase-hexagonale\/#breadcrumb\"},\"inLanguage\":\"fr-FR\",\"potentialAction\":[{\"@type\":\"ReadAction\",\"target\":[\"https:\/\/ucanfast.com\/fr\/nos-produits\/super-scru-it-acier-inoxydable-410-revetement-ruspro-tete-a-embase-hexagonale\/\"]}]},{\"@type\":\"BreadcrumbList\",\"@id\":\"https:\/\/ucanfast.com\/fr\/nos-produits\/super-scru-it-acier-inoxydable-410-revetement-ruspro-tete-a-embase-hexagonale\/#breadcrumb\",\"itemListElement\":[{\"@type\":\"ListItem\",\"position\":1,\"name\":\"Accueil\",\"item\":\"https:\/\/ucanfast.com\/fr\/\"},{\"@type\":\"ListItem\",\"position\":2,\"name\":\"Nos Produits\",\"item\":\"https:\/\/ucanfast.com\/fr\/nos-produits\/\"},{\"@type\":\"ListItem\",\"position\":3,\"name\":\"Super SCRU-IT &#8211; Acier inoxydable (410) &#8211; Rev\u00eatement RUSPRO &#8211; T\u00eate \u00e0 embase hexagonale\"}]},{\"@type\":\"WebSite\",\"@id\":\"https:\/\/ucanfast.com\/fr\/#website\",\"url\":\"https:\/\/ucanfast.com\/fr\/\",\"name\":\"UCAN Fastening Products\",\"description\":\"BUILDING LASTING CONNECTIONS\",\"publisher\":{\"@id\":\"https:\/\/ucanfast.com\/fr\/#organization\"},\"potentialAction\":[{\"@type\":\"SearchAction\",\"target\":{\"@type\":\"EntryPoint\",\"urlTemplate\":\"https:\/\/ucanfast.com\/fr\/?s={search_term_string}\"},\"query-input\":\"required name=search_term_string\"}],\"inLanguage\":\"fr-FR\"},{\"@type\":\"Organization\",\"@id\":\"https:\/\/ucanfast.com\/fr\/#organization\",\"name\":\"UCAN Fastening Products\",\"url\":\"https:\/\/ucanfast.com\/fr\/\",\"logo\":{\"@type\":\"ImageObject\",\"inLanguage\":\"fr-FR\",\"@id\":\"https:\/\/ucanfast.com\/fr\/#\/schema\/logo\/image\/\",\"url\":\"https:\/\/ucanfast.com\/wp-content\/uploads\/2023\/01\/Screen_Shot_2023-01-25_at_12.15.04_PM.png\",\"contentUrl\":\"https:\/\/ucanfast.com\/wp-content\/uploads\/2023\/01\/Screen_Shot_2023-01-25_at_12.15.04_PM.png\",\"width\":350,\"height\":192,\"caption\":\"UCAN Fastening Products\"},\"image\":{\"@id\":\"https:\/\/ucanfast.com\/fr\/#\/schema\/logo\/image\/\"},\"sameAs\":[\"https:\/\/www.facebook.com\/people\/UCAN-Fastening-Products\/100084048701758\/\",\"https:\/\/ca.linkedin.com\/company\/ucan-fastening-products\"]}]}<\/script>\n<!-- \/ Yoast SEO plugin. -->","yoast_head_json":{"title":"Super SCRU-IT - Acier inoxydable (410) - Rev\u00eatement RUSPRO - T\u00eate \u00e0 embase hexagonale | UCAN Fastening Products","description":"UCAN FASTENING PRODUCTS has been supplying high quality masonry and metal fasteners to the construction industry for over 50 years.","robots":{"index":"noindex","follow":"follow"},"og_locale":"fr_FR","og_type":"article","og_title":"Super SCRU-IT - Acier inoxydable (410) - Rev\u00eatement RUSPRO - T\u00eate \u00e0 embase hexagonale | UCAN Fastening Products","og_description":"UCAN FASTENING PRODUCTS has been supplying high quality masonry and metal fasteners to the construction industry for over 50 years.","og_url":"https:\/\/ucanfast.com\/fr\/nos-produits\/super-scru-it-acier-inoxydable-410-revetement-ruspro-tete-a-embase-hexagonale\/","og_site_name":"UCAN Fastening Products","article_publisher":"https:\/\/www.facebook.com\/people\/UCAN-Fastening-Products\/100084048701758\/","article_modified_time":"2026-03-31T12:36:26+00:00","og_image":[{"width":2560,"height":1242,"url":"https:\/\/ucanfast.com\/wp-content\/uploads\/2022\/07\/SSH-BothAngles-hex-washer-head-stainless-steel-scaled.jpg","type":"image\/jpeg"}],"twitter_card":"summary_large_image","twitter_misc":{"Dur\u00e9e de lecture estim\u00e9e":"1 minute"},"schema":{"@context":"https:\/\/schema.org","@graph":[{"@type":"WebPage","@id":"https:\/\/ucanfast.com\/fr\/nos-produits\/super-scru-it-acier-inoxydable-410-revetement-ruspro-tete-a-embase-hexagonale\/","url":"https:\/\/ucanfast.com\/fr\/nos-produits\/super-scru-it-acier-inoxydable-410-revetement-ruspro-tete-a-embase-hexagonale\/","name":"Super SCRU-IT - Acier inoxydable (410) - Rev\u00eatement RUSPRO - T\u00eate \u00e0 embase hexagonale | UCAN Fastening Products","isPartOf":{"@id":"https:\/\/ucanfast.com\/fr\/#website"},"datePublished":"2022-07-01T16:04:22+00:00","dateModified":"2026-03-31T12:36:26+00:00","description":"UCAN FASTENING PRODUCTS has been supplying high quality masonry and metal fasteners to the construction industry for over 50 years.","breadcrumb":{"@id":"https:\/\/ucanfast.com\/fr\/nos-produits\/super-scru-it-acier-inoxydable-410-revetement-ruspro-tete-a-embase-hexagonale\/#breadcrumb"},"inLanguage":"fr-FR","potentialAction":[{"@type":"ReadAction","target":["https:\/\/ucanfast.com\/fr\/nos-produits\/super-scru-it-acier-inoxydable-410-revetement-ruspro-tete-a-embase-hexagonale\/"]}]},{"@type":"BreadcrumbList","@id":"https:\/\/ucanfast.com\/fr\/nos-produits\/super-scru-it-acier-inoxydable-410-revetement-ruspro-tete-a-embase-hexagonale\/#breadcrumb","itemListElement":[{"@type":"ListItem","position":1,"name":"Accueil","item":"https:\/\/ucanfast.com\/fr\/"},{"@type":"ListItem","position":2,"name":"Nos Produits","item":"https:\/\/ucanfast.com\/fr\/nos-produits\/"},{"@type":"ListItem","position":3,"name":"Super SCRU-IT &#8211; Acier inoxydable (410) &#8211; Rev\u00eatement RUSPRO &#8211; T\u00eate \u00e0 embase hexagonale"}]},{"@type":"WebSite","@id":"https:\/\/ucanfast.com\/fr\/#website","url":"https:\/\/ucanfast.com\/fr\/","name":"UCAN Fastening Products","description":"BUILDING LASTING CONNECTIONS","publisher":{"@id":"https:\/\/ucanfast.com\/fr\/#organization"},"potentialAction":[{"@type":"SearchAction","target":{"@type":"EntryPoint","urlTemplate":"https:\/\/ucanfast.com\/fr\/?s={search_term_string}"},"query-input":"required name=search_term_string"}],"inLanguage":"fr-FR"},{"@type":"Organization","@id":"https:\/\/ucanfast.com\/fr\/#organization","name":"UCAN Fastening Products","url":"https:\/\/ucanfast.com\/fr\/","logo":{"@type":"ImageObject","inLanguage":"fr-FR","@id":"https:\/\/ucanfast.com\/fr\/#\/schema\/logo\/image\/","url":"https:\/\/ucanfast.com\/wp-content\/uploads\/2023\/01\/Screen_Shot_2023-01-25_at_12.15.04_PM.png","contentUrl":"https:\/\/ucanfast.com\/wp-content\/uploads\/2023\/01\/Screen_Shot_2023-01-25_at_12.15.04_PM.png","width":350,"height":192,"caption":"UCAN Fastening Products"},"image":{"@id":"https:\/\/ucanfast.com\/fr\/#\/schema\/logo\/image\/"},"sameAs":["https:\/\/www.facebook.com\/people\/UCAN-Fastening-Products\/100084048701758\/","https:\/\/ca.linkedin.com\/company\/ucan-fastening-products"]}]}},"_links":{"self":[{"href":"https:\/\/ucanfast.com\/fr\/wp-json\/wp\/v2\/product\/11308"}],"collection":[{"href":"https:\/\/ucanfast.com\/fr\/wp-json\/wp\/v2\/product"}],"about":[{"href":"https:\/\/ucanfast.com\/fr\/wp-json\/wp\/v2\/types\/product"}],"replies":[{"embeddable":true,"href":"https:\/\/ucanfast.com\/fr\/wp-json\/wp\/v2\/comments?post=11308"}],"wp:featuredmedia":[{"embeddable":true,"href":"https:\/\/ucanfast.com\/fr\/wp-json\/wp\/v2\/media\/5682"}],"wp:attachment":[{"href":"https:\/\/ucanfast.com\/fr\/wp-json\/wp\/v2\/media?parent=11308"}],"wp:term":[{"taxonomy":"product_cat","embeddable":true,"href":"https:\/\/ucanfast.com\/fr\/wp-json\/wp\/v2\/product_cat?post=11308"},{"taxonomy":"product_tag","embeddable":true,"href":"https:\/\/ucanfast.com\/fr\/wp-json\/wp\/v2\/product_tag?post=11308"},{"taxonomy":"Group","embeddable":true,"href":"https:\/\/ucanfast.com\/fr\/wp-json\/wp\/v2\/Group?post=11308"}],"curies":[{"name":"wp","href":"https:\/\/api.w.org\/{rel}","templated":true}]}}