{"id":11280,"date":"2022-07-01T12:01:58","date_gmt":"2022-07-01T16:01:58","guid":{"rendered":"https:\/\/ucanstage.wpengine.com\/product\/super-scru-it-anchors-blue-ruspro-coated-phillips-flat-head\/"},"modified":"2024-08-21T15:24:47","modified_gmt":"2024-08-21T19:24:47","slug":"ancrages-super-scru-it-revetement-bleu-ruspro-tete-plate-phillips","status":"publish","type":"product","link":"https:\/\/ucanfast.com\/fr\/nos-produits\/ancrages-super-scru-it-revetement-bleu-ruspro-tete-plate-phillips\/","title":{"rendered":"Ancrages Super SCRU-IT &#8211; Rev\u00eatement bleu RUSPRO &#8211; T\u00eate plate Phillips"},"content":{"rendered":"<p>Ancrages Super SCRU-IT<sup>MD<\/sup> &#8211; Rev\u00eatement bleu RUSPRO<sup>MD<\/sup> &#8211; T\u00eate plate Phillips<\/p>\n<div id=\"detaildescription\">\n<p>ANCRAGES SUPER SCRU-IT <a href=\"https:\/\/ucanfast.com\/pdfs\/fr\/technicalinformation\/rusprocoating.pdf\">Rev\u00eatement\u00a0<span class=\"productheading\">RUSPRO<sup>MD<\/sup><\/span><\/a><br \/>\n<a href=\"https:\/\/ucanfast.com\/fr\/nos-produits\/scru-bits\/\">Une m\u00e8che de per\u00e7age incluse pour chaque 100 ancrages command\u00e9s<\/a><\/p>\n<p><a href=\"https:\/\/ucanfast.com\/fr\/nos-produits\/outil-scru-it\/\">Cliquer ici pour l\u00b4outil d\u00b4installation Scru\u2010it<\/a><\/p>\n<p><a href=\"https:\/\/www.youtube.com\/watch?v=jBRcxUegTp0\"><img decoding=\"async\" loading=\"lazy\" class=\"alignnone wp-image-6847 size-medium\" src=\"https:\/\/ucanfast.com\/wp-content\/uploads\/2022\/02\/UCAN-SUPER-SCRU-IT\u00ae-Anchors-1-300x168.png\" alt=\"\" width=\"300\" height=\"168\" srcset=\"https:\/\/ucanfast.com\/wp-content\/uploads\/2022\/02\/UCAN-SUPER-SCRU-IT\u00ae-Anchors-1-300x168.png 300w, https:\/\/ucanfast.com\/wp-content\/uploads\/2022\/02\/UCAN-SUPER-SCRU-IT\u00ae-Anchors-1-600x336.png 600w, https:\/\/ucanfast.com\/wp-content\/uploads\/2022\/02\/UCAN-SUPER-SCRU-IT\u00ae-Anchors-1-1024x574.png 1024w, https:\/\/ucanfast.com\/wp-content\/uploads\/2022\/02\/UCAN-SUPER-SCRU-IT\u00ae-Anchors-1-150x84.png 150w, https:\/\/ucanfast.com\/wp-content\/uploads\/2022\/02\/UCAN-SUPER-SCRU-IT\u00ae-Anchors-1-768x430.png 768w, https:\/\/ucanfast.com\/wp-content\/uploads\/2022\/02\/UCAN-SUPER-SCRU-IT\u00ae-Anchors-1-100x56.png 100w, https:\/\/ucanfast.com\/wp-content\/uploads\/2022\/02\/UCAN-SUPER-SCRU-IT\u00ae-Anchors-1.png 1187w\" sizes=\"(max-width: 300px) 100vw, 300px\" \/><\/a><br \/>\n<a href=\"https:\/\/www.youtube.com\/watch?v=jBRcxUegTp0\" target=\"_blank\" rel=\"noopener\">Super SCRU-IT<sup>MD<\/sup><\/a><\/p>\n<div class=\"partstabletitle\">\n<h5>PAQUET R\u00c9GULIER &#8211; 100<\/h5>\n<table class=\"detailpartstable\" style=\"height: 393px;\" border=\"0\" width=\"850\" cellspacing=\"0\" cellpadding=\"0\">\n<tbody>\n<tr class=\"headers\">\n<td><strong>N\u00ba de pi\u00e8ce<\/strong><\/td>\n<td><strong>Dimension<\/strong><\/td>\n<td><strong>Qt\u00e9 par<br \/>\ncaisse<\/strong><\/td>\n<td><strong>Poids de<br \/>\nla caisse<\/strong><\/td>\n<td><strong>Taille de la caisse<\/strong><\/td>\n<\/tr>\n<tr>\n<td>SCP 316114<\/td>\n<td>3\/16&#8243; x 1-1\/4&#8243;<\/td>\n<td>1,000<\/td>\n<td>9 lbs<\/td>\n<td>3-3\/4&#8243; x 11-3\/4&#8243; x 7-1\/2&#8243;<\/td>\n<\/tr>\n<tr>\n<td>SCP 316134<\/td>\n<td>3\/16&#8243; x 1-3\/4&#8243;<\/td>\n<td>1,000<\/td>\n<td>12 lbs<\/td>\n<td>5&#8243; x 15-1\/2&#8243; x 7-1\/2&#8243;<\/td>\n<\/tr>\n<tr>\n<td>SCP 316214<\/td>\n<td>3\/16&#8243; x 2-1\/4&#8243;<\/td>\n<td>1,000<\/td>\n<td>14 lbs<\/td>\n<td>5&#8243; x 16&#8243; x 7-1\/2&#8243;<\/td>\n<\/tr>\n<tr>\n<td>SCP 316234<\/td>\n<td>3\/16&#8243; x 2-3\/4&#8243;<\/td>\n<td>1,000<\/td>\n<td>17 lbs<\/td>\n<td>5-1\/2&#8243; x 19&#8243; x 8-3\/4&#8243;<\/td>\n<\/tr>\n<tr>\n<td>SCP 316314<\/td>\n<td>3\/16&#8243; x 3-1\/4&#8243;<\/td>\n<td>1,000<\/td>\n<td>20 lbs<\/td>\n<td>5-3\/4&#8243; x 18-3\/4&#8243; x 8-1\/2&#8243;<\/td>\n<\/tr>\n<tr>\n<td>SCP 3164<\/td>\n<td>3\/16&#8243; x 4&#8243;<\/td>\n<td>1,000<\/td>\n<td>24 lbs<\/td>\n<td>5-3\/4&#8243; x 18-3\/4&#8243; x 8-3\/4&#8243;<\/td>\n<\/tr>\n<tr>\n<td>SCP 14114<\/td>\n<td>1\/4&#8243; x 1-1\/4&#8243;<\/td>\n<td>1,000<\/td>\n<td>13 lbs<\/td>\n<td>5&#8243; x 15-3\/4&#8243; x 7-1\/2&#8243;<\/td>\n<\/tr>\n<tr>\n<td>SCP 14134<\/td>\n<td>1\/4&#8243; x 1-3\/4&#8243;<\/td>\n<td>1,000<\/td>\n<td>18 lbs<\/td>\n<td>5-1\/4&#8243; x 16&#8243; x 7-1\/2&#8243;<\/td>\n<\/tr>\n<tr>\n<td>SCP 14214<\/td>\n<td>1\/4&#8243; x 2-1\/4&#8243;<\/td>\n<td>1,000<\/td>\n<td>22 lbs<\/td>\n<td>5-1\/4&#8243; x 15-3\/4&#8243; x 7-1\/2&#8243;<\/td>\n<\/tr>\n<tr>\n<td>SCP 14234<\/td>\n<td>1\/4&#8243; x 2-3\/4&#8243;<\/td>\n<td>1,000<\/td>\n<td>27 lbs<\/td>\n<td>5-3\/4&#8243; x 19&#8243; x 8-3\/4&#8243;<\/td>\n<\/tr>\n<tr>\n<td>SCP 14314<\/td>\n<td>1\/4&#8243; x 3-1\/4&#8243;<\/td>\n<td>1,000<\/td>\n<td>31 lbs<\/td>\n<td>5-3\/4&#8243; x 19&#8243; x 8-3\/4&#8243;<\/td>\n<\/tr>\n<tr>\n<td>SCP 144<\/td>\n<td>1\/4&#8243; x 4&#8243;<\/td>\n<td>1,000<\/td>\n<td>37 lbs<\/td>\n<td>5-3\/4&#8243; x 19&#8243; x 8-3\/4&#8243;<\/td>\n<\/tr>\n<tr>\n<td>SCP 145<\/td>\n<td>1\/4&#8243; x 5&#8243;<\/td>\n<td>600<\/td>\n<td>28 lbs<\/td>\n<td>6-1\/4&#8243; x 20-1\/2&#8243; x 7&#8243;<\/td>\n<\/tr>\n<tr>\n<td>SCP 146<\/td>\n<td>1\/4&#8243; x 6&#8243;<\/td>\n<td>600<\/td>\n<td>33 lbs<\/td>\n<td>6-1\/2&#8243; x 20-1\/2&#8243; x 7&#8243;<\/td>\n<\/tr>\n<\/tbody>\n<\/table>\n<\/div>\n<\/div>\n","protected":false},"excerpt":{"rendered":"<div style=\"float: right; transform: translate(24px, -8px); display: flex; flex-direction: column;\">\n<p style=\"margin-bottom: -10px; font-size: 32px;\"><sup>MD<\/sup><\/p>\n<p><img decoding=\"async\" loading=\"lazy\" class=\"alignnone wp-image-12020\" style=\"max-height: 74px;\" src=\"https:\/\/ucanfast.com\/wp-content\/uploads\/2023\/09\/UCAN-PROBLEM-SOLVER-2023-final-300x300.png\" alt=\"\" width=\"70\" height=\"70\" srcset=\"https:\/\/ucanfast.com\/wp-content\/uploads\/2023\/09\/UCAN-PROBLEM-SOLVER-2023-final-300x300.png 300w, https:\/\/ucanfast.com\/wp-content\/uploads\/2023\/09\/UCAN-PROBLEM-SOLVER-2023-final-1024x1024.png 1024w, https:\/\/ucanfast.com\/wp-content\/uploads\/2023\/09\/UCAN-PROBLEM-SOLVER-2023-final-150x150.png 150w, https:\/\/ucanfast.com\/wp-content\/uploads\/2023\/09\/UCAN-PROBLEM-SOLVER-2023-final-768x768.png 768w, https:\/\/ucanfast.com\/wp-content\/uploads\/2023\/09\/UCAN-PROBLEM-SOLVER-2023-final-1536x1536.png 1536w, https:\/\/ucanfast.com\/wp-content\/uploads\/2023\/09\/UCAN-PROBLEM-SOLVER-2023-final-100x100.png 100w, https:\/\/ucanfast.com\/wp-content\/uploads\/2023\/09\/UCAN-PROBLEM-SOLVER-2023-final-600x600.png 600w, https:\/\/ucanfast.com\/wp-content\/uploads\/2023\/09\/UCAN-PROBLEM-SOLVER-2023-final-200x200.png 200w, https:\/\/ucanfast.com\/wp-content\/uploads\/2023\/09\/UCAN-PROBLEM-SOLVER-2023-final-50x50.png 50w\" sizes=\"(max-width: 70px) 100vw, 70px\" \/><\/p>\n<\/div>\n<p>L\u2019ancrage pour ma\u00e7onnerie SCUR-IT<sup>MD<\/sup> d\u2019UCAN est fabriqu\u00e9 selon des sp\u00e9cifications techniques \u00e0 partir d\u2019acier de grande qualit\u00e9. Les filetages cannel\u00e9s exclusifs, con\u00e7us par UCAN, pratiquent des rainures profondes dans une grande vari\u00e9t\u00e9 de mat\u00e9riaux de ma\u00e7onnerie (b\u00e9ton solide, bloc, brique, etc&#8230;) produisant jusqu\u2019\u00e0 trois fois la force de retenue d\u2019ancrages comparables.<\/p>\n","protected":false},"featured_media":5671,"comment_status":"open","ping_status":"closed","template":"","meta":[],"product_cat":[1562,1570,1564],"product_tag":[],"Group":[],"acf":[],"yoast_head":"<!-- This site is optimized with the Yoast SEO plugin v20.11 - https:\/\/yoast.com\/wordpress\/plugins\/seo\/ -->\n<title>Ancrages Super SCRU-IT - Rev\u00eatement bleu RUSPRO - T\u00eate plate Phillips - UCAN - Fastening Products<\/title>\n<meta name=\"description\" content=\"UCAN FASTENING PRODUCTS has been supplying high quality masonry and metal fasteners to the construction industry for over 50 years.\" \/>\n<meta name=\"robots\" content=\"noindex, follow\" \/>\n<meta property=\"og:locale\" content=\"fr_FR\" \/>\n<meta property=\"og:type\" content=\"article\" \/>\n<meta property=\"og:title\" content=\"Ancrages Super SCRU-IT - Rev\u00eatement bleu RUSPRO - T\u00eate plate Phillips - UCAN - Fastening Products\" \/>\n<meta property=\"og:description\" content=\"UCAN FASTENING PRODUCTS has been supplying high quality masonry and metal fasteners to the construction industry for over 50 years.\" \/>\n<meta property=\"og:url\" content=\"https:\/\/ucanfast.com\/fr\/nos-produits\/ancrages-super-scru-it-revetement-bleu-ruspro-tete-plate-phillips\/\" \/>\n<meta property=\"og:site_name\" content=\"UCAN - Fastening Products\" \/>\n<meta property=\"article:modified_time\" content=\"2024-08-21T19:24:47+00:00\" \/>\n<meta property=\"og:image\" content=\"https:\/\/ucanfast.com\/wp-content\/uploads\/2022\/07\/SCP-BothAngles-phillips-flat-head-scaled.jpg\" \/>\n\t<meta property=\"og:image:width\" content=\"2560\" \/>\n\t<meta property=\"og:image:height\" content=\"1450\" \/>\n\t<meta property=\"og:image:type\" content=\"image\/jpeg\" \/>\n<meta name=\"twitter:card\" content=\"summary_large_image\" \/>\n<meta name=\"twitter:label1\" content=\"Dur\u00e9e de lecture estim\u00e9e\" \/>\n\t<meta name=\"twitter:data1\" content=\"2 minutes\" \/>\n<script type=\"application\/ld+json\" class=\"yoast-schema-graph\">{\"@context\":\"https:\/\/schema.org\",\"@graph\":[{\"@type\":\"WebPage\",\"@id\":\"https:\/\/ucanfast.com\/fr\/nos-produits\/ancrages-super-scru-it-revetement-bleu-ruspro-tete-plate-phillips\/\",\"url\":\"https:\/\/ucanfast.com\/fr\/nos-produits\/ancrages-super-scru-it-revetement-bleu-ruspro-tete-plate-phillips\/\",\"name\":\"Ancrages Super SCRU-IT - Rev\u00eatement bleu RUSPRO - T\u00eate plate Phillips - UCAN - Fastening Products\",\"isPartOf\":{\"@id\":\"https:\/\/ucanfast.com\/fr\/#website\"},\"datePublished\":\"2022-07-01T16:01:58+00:00\",\"dateModified\":\"2024-08-21T19:24:47+00:00\",\"description\":\"UCAN FASTENING PRODUCTS has been supplying high quality masonry and metal fasteners to the construction industry for over 50 years.\",\"breadcrumb\":{\"@id\":\"https:\/\/ucanfast.com\/fr\/nos-produits\/ancrages-super-scru-it-revetement-bleu-ruspro-tete-plate-phillips\/#breadcrumb\"},\"inLanguage\":\"fr-FR\",\"potentialAction\":[{\"@type\":\"ReadAction\",\"target\":[\"https:\/\/ucanfast.com\/fr\/nos-produits\/ancrages-super-scru-it-revetement-bleu-ruspro-tete-plate-phillips\/\"]}]},{\"@type\":\"BreadcrumbList\",\"@id\":\"https:\/\/ucanfast.com\/fr\/nos-produits\/ancrages-super-scru-it-revetement-bleu-ruspro-tete-plate-phillips\/#breadcrumb\",\"itemListElement\":[{\"@type\":\"ListItem\",\"position\":1,\"name\":\"Accueil\",\"item\":\"https:\/\/ucanfast.com\/fr\/\"},{\"@type\":\"ListItem\",\"position\":2,\"name\":\"Nos Produits\",\"item\":\"https:\/\/ucanfast.com\/fr\/nos-produits\/\"},{\"@type\":\"ListItem\",\"position\":3,\"name\":\"Ancrages Super SCRU-IT &#8211; Rev\u00eatement bleu RUSPRO &#8211; T\u00eate plate Phillips\"}]},{\"@type\":\"WebSite\",\"@id\":\"https:\/\/ucanfast.com\/fr\/#website\",\"url\":\"https:\/\/ucanfast.com\/fr\/\",\"name\":\"UCAN Fastening Products\",\"description\":\"BUILDING LASTING CONNECTIONS\",\"publisher\":{\"@id\":\"https:\/\/ucanfast.com\/fr\/#organization\"},\"potentialAction\":[{\"@type\":\"SearchAction\",\"target\":{\"@type\":\"EntryPoint\",\"urlTemplate\":\"https:\/\/ucanfast.com\/fr\/?s={search_term_string}\"},\"query-input\":\"required name=search_term_string\"}],\"inLanguage\":\"fr-FR\"},{\"@type\":\"Organization\",\"@id\":\"https:\/\/ucanfast.com\/fr\/#organization\",\"name\":\"UCAN Fastening Products\",\"url\":\"https:\/\/ucanfast.com\/fr\/\",\"logo\":{\"@type\":\"ImageObject\",\"inLanguage\":\"fr-FR\",\"@id\":\"https:\/\/ucanfast.com\/fr\/#\/schema\/logo\/image\/\",\"url\":\"https:\/\/ucanfast.com\/wp-content\/uploads\/2023\/01\/Screen_Shot_2023-01-25_at_12.15.04_PM.png\",\"contentUrl\":\"https:\/\/ucanfast.com\/wp-content\/uploads\/2023\/01\/Screen_Shot_2023-01-25_at_12.15.04_PM.png\",\"width\":350,\"height\":192,\"caption\":\"UCAN Fastening Products\"},\"image\":{\"@id\":\"https:\/\/ucanfast.com\/fr\/#\/schema\/logo\/image\/\"},\"sameAs\":[\"https:\/\/ca.linkedin.com\/company\/ucan-fastening-products\"]}]}<\/script>\n<!-- \/ Yoast SEO plugin. -->","yoast_head_json":{"title":"Ancrages Super SCRU-IT - Rev\u00eatement bleu RUSPRO - T\u00eate plate Phillips - UCAN - Fastening Products","description":"UCAN FASTENING PRODUCTS has been supplying high quality masonry and metal fasteners to the construction industry for over 50 years.","robots":{"index":"noindex","follow":"follow"},"og_locale":"fr_FR","og_type":"article","og_title":"Ancrages Super SCRU-IT - Rev\u00eatement bleu RUSPRO - T\u00eate plate Phillips - UCAN - Fastening Products","og_description":"UCAN FASTENING PRODUCTS has been supplying high quality masonry and metal fasteners to the construction industry for over 50 years.","og_url":"https:\/\/ucanfast.com\/fr\/nos-produits\/ancrages-super-scru-it-revetement-bleu-ruspro-tete-plate-phillips\/","og_site_name":"UCAN - Fastening Products","article_modified_time":"2024-08-21T19:24:47+00:00","og_image":[{"width":2560,"height":1450,"url":"https:\/\/ucanfast.com\/wp-content\/uploads\/2022\/07\/SCP-BothAngles-phillips-flat-head-scaled.jpg","type":"image\/jpeg"}],"twitter_card":"summary_large_image","twitter_misc":{"Dur\u00e9e de lecture estim\u00e9e":"2 minutes"},"schema":{"@context":"https:\/\/schema.org","@graph":[{"@type":"WebPage","@id":"https:\/\/ucanfast.com\/fr\/nos-produits\/ancrages-super-scru-it-revetement-bleu-ruspro-tete-plate-phillips\/","url":"https:\/\/ucanfast.com\/fr\/nos-produits\/ancrages-super-scru-it-revetement-bleu-ruspro-tete-plate-phillips\/","name":"Ancrages Super SCRU-IT - Rev\u00eatement bleu RUSPRO - T\u00eate plate Phillips - UCAN - Fastening Products","isPartOf":{"@id":"https:\/\/ucanfast.com\/fr\/#website"},"datePublished":"2022-07-01T16:01:58+00:00","dateModified":"2024-08-21T19:24:47+00:00","description":"UCAN FASTENING PRODUCTS has been supplying high quality masonry and metal fasteners to the construction industry for over 50 years.","breadcrumb":{"@id":"https:\/\/ucanfast.com\/fr\/nos-produits\/ancrages-super-scru-it-revetement-bleu-ruspro-tete-plate-phillips\/#breadcrumb"},"inLanguage":"fr-FR","potentialAction":[{"@type":"ReadAction","target":["https:\/\/ucanfast.com\/fr\/nos-produits\/ancrages-super-scru-it-revetement-bleu-ruspro-tete-plate-phillips\/"]}]},{"@type":"BreadcrumbList","@id":"https:\/\/ucanfast.com\/fr\/nos-produits\/ancrages-super-scru-it-revetement-bleu-ruspro-tete-plate-phillips\/#breadcrumb","itemListElement":[{"@type":"ListItem","position":1,"name":"Accueil","item":"https:\/\/ucanfast.com\/fr\/"},{"@type":"ListItem","position":2,"name":"Nos Produits","item":"https:\/\/ucanfast.com\/fr\/nos-produits\/"},{"@type":"ListItem","position":3,"name":"Ancrages Super SCRU-IT &#8211; Rev\u00eatement bleu RUSPRO &#8211; T\u00eate plate Phillips"}]},{"@type":"WebSite","@id":"https:\/\/ucanfast.com\/fr\/#website","url":"https:\/\/ucanfast.com\/fr\/","name":"UCAN Fastening Products","description":"BUILDING LASTING CONNECTIONS","publisher":{"@id":"https:\/\/ucanfast.com\/fr\/#organization"},"potentialAction":[{"@type":"SearchAction","target":{"@type":"EntryPoint","urlTemplate":"https:\/\/ucanfast.com\/fr\/?s={search_term_string}"},"query-input":"required name=search_term_string"}],"inLanguage":"fr-FR"},{"@type":"Organization","@id":"https:\/\/ucanfast.com\/fr\/#organization","name":"UCAN Fastening Products","url":"https:\/\/ucanfast.com\/fr\/","logo":{"@type":"ImageObject","inLanguage":"fr-FR","@id":"https:\/\/ucanfast.com\/fr\/#\/schema\/logo\/image\/","url":"https:\/\/ucanfast.com\/wp-content\/uploads\/2023\/01\/Screen_Shot_2023-01-25_at_12.15.04_PM.png","contentUrl":"https:\/\/ucanfast.com\/wp-content\/uploads\/2023\/01\/Screen_Shot_2023-01-25_at_12.15.04_PM.png","width":350,"height":192,"caption":"UCAN Fastening Products"},"image":{"@id":"https:\/\/ucanfast.com\/fr\/#\/schema\/logo\/image\/"},"sameAs":["https:\/\/ca.linkedin.com\/company\/ucan-fastening-products"]}]}},"_links":{"self":[{"href":"https:\/\/ucanfast.com\/fr\/wp-json\/wp\/v2\/product\/11280"}],"collection":[{"href":"https:\/\/ucanfast.com\/fr\/wp-json\/wp\/v2\/product"}],"about":[{"href":"https:\/\/ucanfast.com\/fr\/wp-json\/wp\/v2\/types\/product"}],"replies":[{"embeddable":true,"href":"https:\/\/ucanfast.com\/fr\/wp-json\/wp\/v2\/comments?post=11280"}],"wp:featuredmedia":[{"embeddable":true,"href":"https:\/\/ucanfast.com\/fr\/wp-json\/wp\/v2\/media\/5671"}],"wp:attachment":[{"href":"https:\/\/ucanfast.com\/fr\/wp-json\/wp\/v2\/media?parent=11280"}],"wp:term":[{"taxonomy":"product_cat","embeddable":true,"href":"https:\/\/ucanfast.com\/fr\/wp-json\/wp\/v2\/product_cat?post=11280"},{"taxonomy":"product_tag","embeddable":true,"href":"https:\/\/ucanfast.com\/fr\/wp-json\/wp\/v2\/product_tag?post=11280"},{"taxonomy":"Group","embeddable":true,"href":"https:\/\/ucanfast.com\/fr\/wp-json\/wp\/v2\/Group?post=11280"}],"curies":[{"name":"wp","href":"https:\/\/api.w.org\/{rel}","templated":true}]}}