{"id":11235,"date":"2022-07-01T12:01:54","date_gmt":"2022-07-01T16:01:54","guid":{"rendered":"https:\/\/ucanstage.wpengine.com\/product\/super-scru-it-anchors-bulk-packs-blue-ruspro-coated-hex-washer-head\/"},"modified":"2024-09-16T09:00:46","modified_gmt":"2024-09-16T13:00:46","slug":"ancrages-super-scru-it-carton-vrac-revetement-bleu-ruspro-tete-hexagonale-avec-embase","status":"publish","type":"product","link":"https:\/\/ucanfast.com\/fr\/nos-produits\/ancrages-super-scru-it-carton-vrac-revetement-bleu-ruspro-tete-hexagonale-avec-embase\/","title":{"rendered":"Ancrages Super SCRU-IT &#8211; Carton vrac &#8211;  Rev\u00eatement bleu RUSPRO &#8211; T\u00eate hexagonale avec embase"},"content":{"rendered":"<p>Ancrages Super SCRU-IT<sup>MD<\/sup> &#8211; Carton vrac &#8211; Rev\u00eatement bleu RUSPRO<sup>MD<\/sup> &#8211; T\u00eate hexagonale<\/p>\n<p>ANCRAGES SUPER SCRU-IT <a href=\"https:\/\/ucanfast.com\/pdfs\/fr\/technicalinformation\/rusprocoating.pdf\">Rev\u00eatement\u00a0<span class=\"productheading\">RUSPRO<sup>MD<\/sup><\/span><\/a><\/p>\n<p><a href=\"https:\/\/ucanfast.com\/fr\/nos-produits\/outil-scru-it\/\">Cliquer ici pour l\u00b4outil d\u00b4installation Scru\u2010it<\/a><\/p>\n<div class=\"partstabletitle\">\n<h5>EMBALLAGE EN VRAC<\/h5>\n<\/div>\n<div class=\"partstabletitleimage\"><i><span lang=\"FR-CA\">Pour l\u2019achat en bulk il n\u2019y a pas de m\u00e8ches inclus.<\/span><\/i><\/div>\n<div>\n<table class=\"detailpartstable\" style=\"height: 450px;\" border=\"0\" width=\"850\" cellspacing=\"0\" cellpadding=\"0\">\n<tbody>\n<tr class=\"headers\">\n<td><strong>N\u00ba de pi\u00e8ce<\/strong><\/td>\n<td><strong>Dimension<\/strong><\/td>\n<td><strong>Qt\u00e9 par<br \/>\ncaisse<\/strong><\/td>\n<td><strong>Poids de<br \/>\nla caisse<\/strong><\/td>\n<td><strong>Taille de la caisse<\/strong><\/td>\n<\/tr>\n<tr>\n<td>SCH 31634B<\/td>\n<td>3\/16&#8243; x 3\/4&#8243;<\/td>\n<td>5,000<\/td>\n<td>31 lbs<\/td>\n<td>7-3\/4&#8243; x 9-3\/4&#8243; x 9-3\/4&#8243;<\/td>\n<\/tr>\n<tr>\n<td>SCH 316114B<\/td>\n<td>3\/16&#8243; x 1-1\/4&#8243;<\/td>\n<td>4,000<\/td>\n<td>30 lbs<\/td>\n<td>8&#8243; x 9-3\/4&#8243; x 9-3\/4&#8243;<\/td>\n<\/tr>\n<tr>\n<td>SCH 316134B<\/td>\n<td>3\/16&#8243; x 1-3\/4&#8243;<\/td>\n<td>3,000<\/td>\n<td>31 lbs<\/td>\n<td>8&#8243; x 9-3\/4&#8243; x 9-3\/4&#8243;<\/td>\n<\/tr>\n<tr>\n<td>SCH 316214B<\/td>\n<td>3\/16&#8243; x 2-1\/4&#8243;<\/td>\n<td>2,000<\/td>\n<td>26 lbs<\/td>\n<td>7-1\/2&#8243; x 9-3\/4&#8243; x 9-3\/4&#8243;<\/td>\n<\/tr>\n<tr>\n<td>SCH 316234B<\/td>\n<td>3\/16&#8243; x 2-3\/4&#8243;<\/td>\n<td>1,500<\/td>\n<td>24 lbs<\/td>\n<td>8&#8243; x 9-3\/4&#8243; x 9-3\/4&#8243;<\/td>\n<\/tr>\n<tr>\n<td>SCH 316314B<\/td>\n<td>3\/16&#8243; x 3-1\/4&#8243;<\/td>\n<td>800<\/td>\n<td>15 lbs<\/td>\n<td>7-1\/2&#8243; x 9-3\/4&#8243; x 10&#8243;<\/td>\n<\/tr>\n<tr>\n<td>SCH 3164B<\/td>\n<td>3\/16&#8243; x 4&#8243;<\/td>\n<td>800<\/td>\n<td>18 lbs<\/td>\n<td>7-3\/4&#8243; x 9-3\/4&#8243; x 9-3\/4&#8243;<\/td>\n<\/tr>\n<tr>\n<td>SCH 14114B<\/td>\n<td>1\/4&#8243; x 1-1\/4&#8243;<\/td>\n<td>2,500<\/td>\n<td>31 lbs<\/td>\n<td>8-1\/4&#8243; x 10&#8243; x 9-3\/4&#8243;<\/td>\n<\/tr>\n<tr>\n<td>SCH 14134B<\/td>\n<td>1\/4&#8243; x 1-3\/4&#8243;<\/td>\n<td>2,000<\/td>\n<td>34 lbs<\/td>\n<td>8&#8243; x 9-3\/4&#8243; x 10&#8243;<\/td>\n<\/tr>\n<tr>\n<td>SCH 14214B<\/td>\n<td>1\/4&#8243; x 2-1\/4&#8243;<\/td>\n<td>1,500<\/td>\n<td>32 lbs<\/td>\n<td>10&#8243; x 9-3\/4&#8243; x 10&#8243;<\/td>\n<\/tr>\n<tr>\n<td>SCH 14234B<\/td>\n<td>1\/4&#8243; x 2-3\/4&#8243;<\/td>\n<td>1,000<\/td>\n<td>25 lbs<\/td>\n<td>7-3\/4&#8243; x 9-3\/4&#8243; x 9-3\/4&#8243;<\/td>\n<\/tr>\n<tr>\n<td>SCH 14314B<\/td>\n<td>1\/4&#8243; x 3-1\/4&#8243;<\/td>\n<td>800<\/td>\n<td>24 lbs<\/td>\n<td>7-3\/4&#8243; x 9-3\/4&#8243; x 9-3\/4&#8243;<\/td>\n<\/tr>\n<tr>\n<td>SCH 144B<\/td>\n<td>1\/4&#8243; x 4&#8243;<\/td>\n<td>700<\/td>\n<td>25 lbs<\/td>\n<td>7-1\/4&#8243; x 10&#8243; x 9-3\/4&#8243;<\/td>\n<\/tr>\n<tr>\n<td>SCH 145B<\/td>\n<td>1\/4&#8243; x 5&#8243;<\/td>\n<td>600<\/td>\n<td>27 lbs<\/td>\n<td>7-1\/4&#8243; x 9-3\/4&#8243; x 9-3\/4&#8243;<\/td>\n<\/tr>\n<\/tbody>\n<\/table>\n<\/div>\n","protected":false},"excerpt":{"rendered":"<p>L\u2019ancrage pour ma\u00e7onnerie SCUR-IT<sup>MD<\/sup> d\u2019UCAN est fabriqu\u00e9 selon des sp\u00e9cifications techniques \u00e0 partir d\u2019acier de grande qualit\u00e9. Les filetages cannel\u00e9s exclusifs, con\u00e7us par UCAN, pratiquent des rainures profondes dans une grande vari\u00e9t\u00e9 de mat\u00e9riaux de ma\u00e7onnerie (b\u00e9ton solide, bloc, brique, etc&#8230;) produisant jusqu\u2019\u00e0 trois fois la force de retenue d\u2019ancrages comparables.<\/p>\n","protected":false},"featured_media":5661,"comment_status":"open","ping_status":"closed","template":"","meta":[],"product_cat":[1562,1572,1564],"product_tag":[],"Group":[],"acf":[],"yoast_head":"<!-- This site is optimized with the Yoast SEO plugin v20.11 - https:\/\/yoast.com\/wordpress\/plugins\/seo\/ -->\n<title>Ancrages Super SCRU-IT - Carton vrac - Rev\u00eatement bleu RUSPRO - T\u00eate hexagonale avec embase - UCAN - Fastening Products<\/title>\n<meta name=\"description\" content=\"UCAN FASTENING PRODUCTS has been supplying high quality masonry and metal fasteners to the construction industry for over 50 years.\" \/>\n<meta name=\"robots\" content=\"noindex, follow\" \/>\n<meta property=\"og:locale\" content=\"fr_FR\" \/>\n<meta property=\"og:type\" content=\"article\" \/>\n<meta property=\"og:title\" content=\"Ancrages Super SCRU-IT - Carton vrac - Rev\u00eatement bleu RUSPRO - T\u00eate hexagonale avec embase - UCAN - Fastening Products\" \/>\n<meta property=\"og:description\" content=\"UCAN FASTENING PRODUCTS has been supplying high quality masonry and metal fasteners to the construction industry for over 50 years.\" \/>\n<meta property=\"og:url\" content=\"https:\/\/ucanfast.com\/fr\/nos-produits\/ancrages-super-scru-it-carton-vrac-revetement-bleu-ruspro-tete-hexagonale-avec-embase\/\" \/>\n<meta property=\"og:site_name\" content=\"UCAN - Fastening Products\" \/>\n<meta property=\"article:modified_time\" content=\"2024-09-16T13:00:46+00:00\" \/>\n<meta property=\"og:image\" content=\"https:\/\/ucanfast.com\/wp-content\/uploads\/2022\/07\/SCH-BothAngles-hex-washer-head-scaled.jpg\" \/>\n\t<meta property=\"og:image:width\" content=\"2560\" \/>\n\t<meta property=\"og:image:height\" content=\"1285\" \/>\n\t<meta property=\"og:image:type\" content=\"image\/jpeg\" \/>\n<meta name=\"twitter:card\" content=\"summary_large_image\" \/>\n<meta name=\"twitter:label1\" content=\"Dur\u00e9e de lecture estim\u00e9e\" \/>\n\t<meta name=\"twitter:data1\" content=\"2 minutes\" \/>\n<script type=\"application\/ld+json\" class=\"yoast-schema-graph\">{\"@context\":\"https:\/\/schema.org\",\"@graph\":[{\"@type\":\"WebPage\",\"@id\":\"https:\/\/ucanfast.com\/fr\/nos-produits\/ancrages-super-scru-it-carton-vrac-revetement-bleu-ruspro-tete-hexagonale-avec-embase\/\",\"url\":\"https:\/\/ucanfast.com\/fr\/nos-produits\/ancrages-super-scru-it-carton-vrac-revetement-bleu-ruspro-tete-hexagonale-avec-embase\/\",\"name\":\"Ancrages Super SCRU-IT - Carton vrac - Rev\u00eatement bleu RUSPRO - T\u00eate hexagonale avec embase - UCAN - Fastening Products\",\"isPartOf\":{\"@id\":\"https:\/\/ucanfast.com\/fr\/#website\"},\"datePublished\":\"2022-07-01T16:01:54+00:00\",\"dateModified\":\"2024-09-16T13:00:46+00:00\",\"description\":\"UCAN FASTENING PRODUCTS has been supplying high quality masonry and metal fasteners to the construction industry for over 50 years.\",\"breadcrumb\":{\"@id\":\"https:\/\/ucanfast.com\/fr\/nos-produits\/ancrages-super-scru-it-carton-vrac-revetement-bleu-ruspro-tete-hexagonale-avec-embase\/#breadcrumb\"},\"inLanguage\":\"fr-FR\",\"potentialAction\":[{\"@type\":\"ReadAction\",\"target\":[\"https:\/\/ucanfast.com\/fr\/nos-produits\/ancrages-super-scru-it-carton-vrac-revetement-bleu-ruspro-tete-hexagonale-avec-embase\/\"]}]},{\"@type\":\"BreadcrumbList\",\"@id\":\"https:\/\/ucanfast.com\/fr\/nos-produits\/ancrages-super-scru-it-carton-vrac-revetement-bleu-ruspro-tete-hexagonale-avec-embase\/#breadcrumb\",\"itemListElement\":[{\"@type\":\"ListItem\",\"position\":1,\"name\":\"Accueil\",\"item\":\"https:\/\/ucanfast.com\/fr\/\"},{\"@type\":\"ListItem\",\"position\":2,\"name\":\"Nos Produits\",\"item\":\"https:\/\/ucanfast.com\/fr\/nos-produits\/\"},{\"@type\":\"ListItem\",\"position\":3,\"name\":\"Ancrages Super SCRU-IT &#8211; Carton vrac &#8211; Rev\u00eatement bleu RUSPRO &#8211; T\u00eate hexagonale avec embase\"}]},{\"@type\":\"WebSite\",\"@id\":\"https:\/\/ucanfast.com\/fr\/#website\",\"url\":\"https:\/\/ucanfast.com\/fr\/\",\"name\":\"UCAN Fastening Products\",\"description\":\"BUILDING LASTING CONNECTIONS\",\"publisher\":{\"@id\":\"https:\/\/ucanfast.com\/fr\/#organization\"},\"potentialAction\":[{\"@type\":\"SearchAction\",\"target\":{\"@type\":\"EntryPoint\",\"urlTemplate\":\"https:\/\/ucanfast.com\/fr\/?s={search_term_string}\"},\"query-input\":\"required name=search_term_string\"}],\"inLanguage\":\"fr-FR\"},{\"@type\":\"Organization\",\"@id\":\"https:\/\/ucanfast.com\/fr\/#organization\",\"name\":\"UCAN Fastening Products\",\"url\":\"https:\/\/ucanfast.com\/fr\/\",\"logo\":{\"@type\":\"ImageObject\",\"inLanguage\":\"fr-FR\",\"@id\":\"https:\/\/ucanfast.com\/fr\/#\/schema\/logo\/image\/\",\"url\":\"https:\/\/ucanfast.com\/wp-content\/uploads\/2023\/01\/Screen_Shot_2023-01-25_at_12.15.04_PM.png\",\"contentUrl\":\"https:\/\/ucanfast.com\/wp-content\/uploads\/2023\/01\/Screen_Shot_2023-01-25_at_12.15.04_PM.png\",\"width\":350,\"height\":192,\"caption\":\"UCAN Fastening Products\"},\"image\":{\"@id\":\"https:\/\/ucanfast.com\/fr\/#\/schema\/logo\/image\/\"},\"sameAs\":[\"https:\/\/ca.linkedin.com\/company\/ucan-fastening-products\"]}]}<\/script>\n<!-- \/ Yoast SEO plugin. -->","yoast_head_json":{"title":"Ancrages Super SCRU-IT - Carton vrac - Rev\u00eatement bleu RUSPRO - T\u00eate hexagonale avec embase - UCAN - Fastening Products","description":"UCAN FASTENING PRODUCTS has been supplying high quality masonry and metal fasteners to the construction industry for over 50 years.","robots":{"index":"noindex","follow":"follow"},"og_locale":"fr_FR","og_type":"article","og_title":"Ancrages Super SCRU-IT - Carton vrac - Rev\u00eatement bleu RUSPRO - T\u00eate hexagonale avec embase - UCAN - Fastening Products","og_description":"UCAN FASTENING PRODUCTS has been supplying high quality masonry and metal fasteners to the construction industry for over 50 years.","og_url":"https:\/\/ucanfast.com\/fr\/nos-produits\/ancrages-super-scru-it-carton-vrac-revetement-bleu-ruspro-tete-hexagonale-avec-embase\/","og_site_name":"UCAN - Fastening Products","article_modified_time":"2024-09-16T13:00:46+00:00","og_image":[{"width":2560,"height":1285,"url":"https:\/\/ucanfast.com\/wp-content\/uploads\/2022\/07\/SCH-BothAngles-hex-washer-head-scaled.jpg","type":"image\/jpeg"}],"twitter_card":"summary_large_image","twitter_misc":{"Dur\u00e9e de lecture estim\u00e9e":"2 minutes"},"schema":{"@context":"https:\/\/schema.org","@graph":[{"@type":"WebPage","@id":"https:\/\/ucanfast.com\/fr\/nos-produits\/ancrages-super-scru-it-carton-vrac-revetement-bleu-ruspro-tete-hexagonale-avec-embase\/","url":"https:\/\/ucanfast.com\/fr\/nos-produits\/ancrages-super-scru-it-carton-vrac-revetement-bleu-ruspro-tete-hexagonale-avec-embase\/","name":"Ancrages Super SCRU-IT - Carton vrac - Rev\u00eatement bleu RUSPRO - T\u00eate hexagonale avec embase - UCAN - Fastening Products","isPartOf":{"@id":"https:\/\/ucanfast.com\/fr\/#website"},"datePublished":"2022-07-01T16:01:54+00:00","dateModified":"2024-09-16T13:00:46+00:00","description":"UCAN FASTENING PRODUCTS has been supplying high quality masonry and metal fasteners to the construction industry for over 50 years.","breadcrumb":{"@id":"https:\/\/ucanfast.com\/fr\/nos-produits\/ancrages-super-scru-it-carton-vrac-revetement-bleu-ruspro-tete-hexagonale-avec-embase\/#breadcrumb"},"inLanguage":"fr-FR","potentialAction":[{"@type":"ReadAction","target":["https:\/\/ucanfast.com\/fr\/nos-produits\/ancrages-super-scru-it-carton-vrac-revetement-bleu-ruspro-tete-hexagonale-avec-embase\/"]}]},{"@type":"BreadcrumbList","@id":"https:\/\/ucanfast.com\/fr\/nos-produits\/ancrages-super-scru-it-carton-vrac-revetement-bleu-ruspro-tete-hexagonale-avec-embase\/#breadcrumb","itemListElement":[{"@type":"ListItem","position":1,"name":"Accueil","item":"https:\/\/ucanfast.com\/fr\/"},{"@type":"ListItem","position":2,"name":"Nos Produits","item":"https:\/\/ucanfast.com\/fr\/nos-produits\/"},{"@type":"ListItem","position":3,"name":"Ancrages Super SCRU-IT &#8211; Carton vrac &#8211; Rev\u00eatement bleu RUSPRO &#8211; T\u00eate hexagonale avec embase"}]},{"@type":"WebSite","@id":"https:\/\/ucanfast.com\/fr\/#website","url":"https:\/\/ucanfast.com\/fr\/","name":"UCAN Fastening Products","description":"BUILDING LASTING CONNECTIONS","publisher":{"@id":"https:\/\/ucanfast.com\/fr\/#organization"},"potentialAction":[{"@type":"SearchAction","target":{"@type":"EntryPoint","urlTemplate":"https:\/\/ucanfast.com\/fr\/?s={search_term_string}"},"query-input":"required name=search_term_string"}],"inLanguage":"fr-FR"},{"@type":"Organization","@id":"https:\/\/ucanfast.com\/fr\/#organization","name":"UCAN Fastening Products","url":"https:\/\/ucanfast.com\/fr\/","logo":{"@type":"ImageObject","inLanguage":"fr-FR","@id":"https:\/\/ucanfast.com\/fr\/#\/schema\/logo\/image\/","url":"https:\/\/ucanfast.com\/wp-content\/uploads\/2023\/01\/Screen_Shot_2023-01-25_at_12.15.04_PM.png","contentUrl":"https:\/\/ucanfast.com\/wp-content\/uploads\/2023\/01\/Screen_Shot_2023-01-25_at_12.15.04_PM.png","width":350,"height":192,"caption":"UCAN Fastening Products"},"image":{"@id":"https:\/\/ucanfast.com\/fr\/#\/schema\/logo\/image\/"},"sameAs":["https:\/\/ca.linkedin.com\/company\/ucan-fastening-products"]}]}},"_links":{"self":[{"href":"https:\/\/ucanfast.com\/fr\/wp-json\/wp\/v2\/product\/11235"}],"collection":[{"href":"https:\/\/ucanfast.com\/fr\/wp-json\/wp\/v2\/product"}],"about":[{"href":"https:\/\/ucanfast.com\/fr\/wp-json\/wp\/v2\/types\/product"}],"replies":[{"embeddable":true,"href":"https:\/\/ucanfast.com\/fr\/wp-json\/wp\/v2\/comments?post=11235"}],"wp:featuredmedia":[{"embeddable":true,"href":"https:\/\/ucanfast.com\/fr\/wp-json\/wp\/v2\/media\/5661"}],"wp:attachment":[{"href":"https:\/\/ucanfast.com\/fr\/wp-json\/wp\/v2\/media?parent=11235"}],"wp:term":[{"taxonomy":"product_cat","embeddable":true,"href":"https:\/\/ucanfast.com\/fr\/wp-json\/wp\/v2\/product_cat?post=11235"},{"taxonomy":"product_tag","embeddable":true,"href":"https:\/\/ucanfast.com\/fr\/wp-json\/wp\/v2\/product_tag?post=11235"},{"taxonomy":"Group","embeddable":true,"href":"https:\/\/ucanfast.com\/fr\/wp-json\/wp\/v2\/Group?post=11235"}],"curies":[{"name":"wp","href":"https:\/\/api.w.org\/{rel}","templated":true}]}}