{"id":11196,"date":"2022-06-15T08:47:27","date_gmt":"2022-06-15T12:47:27","guid":{"rendered":"https:\/\/ucanstage.wpengine.com\/product\/zamac-precast-inserts\/"},"modified":"2024-07-25T11:58:28","modified_gmt":"2024-07-25T15:58:28","slug":"pieces-dinsertion-en-zamac-premoulees","status":"publish","type":"product","link":"https:\/\/ucanfast.com\/fr\/nos-produits\/pieces-dinsertion-en-zamac-premoulees\/","title":{"rendered":"Pi\u00e8ces d\u2019insertion en Zamac pr\u00e9moul\u00e9es"},"content":{"rendered":"<p>Pi\u00e8ces d\u2019insertion en Zamac pr\u00e9moul\u00e9es<\/p>\n<p>Les pi\u00e8ces d\u2019insertion en place en Zamac pour pr\u00e9 moulages de UCAN sont con\u00e7ues pour s\u2019adapter aux ouvertures standard de dalles de b\u00e9ton pr\u00e9 coul\u00e9es. Ces pi\u00e8ces d\u2019insertion procurent des ouvertures m\u00e9talliques filet\u00e9es \u00e0 l\u2019\u00e9preuve de la rouille dans les dalles de b\u00e9ton pr\u00e9moul\u00e9es pr\u00e9contraintes ou coul\u00e9es sur place. Elles sont moul\u00e9es sous pression d\u2019un alliage de zinc (ZAMAC 5) qui fournit une r\u00e9sistance excellente aux conditions atmosph\u00e9riques et n\u2019alt\u00e8rera ou ne ternira pas les composants finaux d\u2019installation. Installez avec des boulons dans les trous pr\u00e9form\u00e9s ou \u00e0 l\u2019aide de\u00a0<a href=\"https:\/\/ucanfast.com\/fr\/nos-produits\/pieces-dinsertion-premoulees-bouchon-dinsertion-pour-beton-reutilisable\/\">bouchons d\u2019insertion pour b\u00e9ton r\u00e9utilisables<\/a>\u00a0sur des formes de bois pour coulage de b\u00e9ton.<\/p>\n<h5>CARACT\u00c9RISTIQUES<\/h5>\n<ul>\n<li>Fixation simplifi\u00e9e gr\u00e2ce aux pi\u00e8ces d\u2019insertion moul\u00e9es sous pression et pr\u00e9contraintes pour dalles de b\u00e9ton ou structures form\u00e9es sur place<\/li>\n<li>La planification d\u2019avance des lieux d\u2019insertion \u00e9limine le forage dispendieux du b\u00e9ton ou de la pose d\u2019ancrages dans la ma\u00e7onnerie<\/li>\n<li>Fait d&#8217;alliage Zamac \u00e0 l\u2019\u00e9preuve de la rouille pour pr\u00e9venir les taches en surface<\/li>\n<\/ul>\n<h5>APPLICATIONS TYPIQUES<\/h5>\n<ul>\n<li>Machinerie lourde<\/li>\n<li>Canalisations de climatisation<\/li>\n<li>Rampes et garde-fous<\/li>\n<li>Signalisation routi\u00e8re<\/li>\n<li>Bancs de parcs<\/li>\n<li>Fauteuils de cin\u00e9ma<\/li>\n<li>Poteaux \u00e9lectriques<\/li>\n<li>Syst\u00e8mes de convoyeurs<\/li>\n<li>Cha\u00eenes de montage<\/li>\n<li>Installations \u00e9lectriques<\/li>\n<\/ul>\n<p>&nbsp;<\/p>\n<div class=\"partstabletitle\">\n<h5>UCAN CAST-IN PLACE ZAMAC INSERT<\/h5>\n<\/div>\n<div>\n<table class=\"detailpartstable\" style=\"height: 300px;\" border=\"0\" width=\"850\" cellspacing=\"0\" cellpadding=\"0\">\n<tbody>\n<tr class=\"headers\">\n<td><strong>N\u00ba de pi\u00e8ce<\/strong><\/td>\n<td><strong>Longueur<br \/>(po)<\/strong><\/td>\n<td><strong>Dimension<br \/>de filetage<\/strong><\/td>\n<td><strong>Qt\u00e9 par<br \/>paquet<\/strong><\/td>\n<td><strong>Qt\u00e9 par<br \/>caisse<\/strong><\/td>\n<td><strong>Poids de<br \/>la caisse<\/strong><\/td>\n<td><strong>Taille de la caisse<\/strong><\/td>\n<\/tr>\n<tr>\n<td>PZI 10<\/td>\n<td>11\/16<\/td>\n<td>10-24<\/td>\n<td>100<\/td>\n<td>4000<\/td>\n<td>47 lbs<\/td>\n<td>13-3\/4&#8243; x 8-1\/2&#8243; x 7&#8243;<\/td>\n<\/tr>\n<tr>\n<td>PZI 15<\/td>\n<td>1-1\/2<\/td>\n<td>1\/4-20<\/td>\n<td>100<\/td>\n<td>800<\/td>\n<td>39 lbs<\/td>\n<td>14&#8243; x 8-1\/4&#8243; x 6-3\/4&#8243;<\/td>\n<\/tr>\n<tr>\n<td>PZI 24<\/td>\n<td>1<\/td>\n<td>3\/8-16<\/td>\n<td>100<\/td>\n<td>1000<\/td>\n<td>44 lbs<\/td>\n<td>14-1\/2&#8243; x 8-1\/4&#8243; x 6-3\/4&#8243;<\/td>\n<\/tr>\n<tr>\n<td>PZI 25<\/td>\n<td>1-3\/8<\/td>\n<td>3\/8-16<\/td>\n<td>100<\/td>\n<td>700<\/td>\n<td>45 lbs<\/td>\n<td>13-3\/4&#8243; x 8-1\/2&#8243; x 6-3\/4&#8243;<\/td>\n<\/tr>\n<tr>\n<td>PZI 35<\/td>\n<td>1-1\/2<\/td>\n<td>1\/2-13<\/td>\n<td>50<\/td>\n<td>300<\/td>\n<td>38 lbs<\/td>\n<td>13-3\/4&#8243; x 8-1\/4&#8243; x 6-1\/4&#8243;<\/td>\n<\/tr>\n<tr>\n<td>PZI 36<\/td>\n<td>2-7\/8<\/td>\n<td>1\/2-13<\/td>\n<td>25<\/td>\n<td>150<\/td>\n<td>45 lbs<\/td>\n<td>13-3\/4&#8243; x 8&#8243; x 6-3\/4&#8243;<\/td>\n<\/tr>\n<tr>\n<td>PZI 45<\/td>\n<td>1-11\/16<\/td>\n<td>5\/8-11<\/td>\n<td>25<\/td>\n<td>200<\/td>\n<td>37 lbs<\/td>\n<td>14&#8243; x 8-1\/4&#8243; x 7&#8243;<\/td>\n<\/tr>\n<tr>\n<td>PZI 46<\/td>\n<td>2-7\/8<\/td>\n<td>5\/8-11<\/td>\n<td>25<\/td>\n<td>100<\/td>\n<td>36 lbs<\/td>\n<td>13-3\/4&#8243; x 8-1\/4&#8243; x 6-1\/4&#8243;<\/td>\n<\/tr>\n<tr>\n<td>PZI 55<\/td>\n<td>1-11\/16<\/td>\n<td>3\/4-10<\/td>\n<td>25<\/td>\n<td>150<\/td>\n<td>34 lbs<\/td>\n<td>13-3\/4&#8243; x 8-1\/4&#8243; x 6-3\/4&#8243;<\/td>\n<\/tr>\n<tr>\n<td>PZI 56<\/td>\n<td>2-7\/8<\/td>\n<td>3\/4-10<\/td>\n<td>25<\/td>\n<td>120<\/td>\n<td>33 lbs<\/td>\n<td>13-3\/4&#8243; x 8-1\/2&#8243; x 7&#8243;<\/td>\n<\/tr>\n<\/tbody>\n<\/table>\n<\/div>\n","protected":false},"excerpt":{"rendered":"<p>Pi\u00e8ces d\u2019insertion en Zamac pr\u00e9moul\u00e9es<\/p>\n<p>Les pi\u00e8ces d\u2019insertion en place en Zamac pour pr\u00e9 moulages de UCAN sont con\u00e7ues pour s\u2019adapter aux ouvertures standard de dalles de b\u00e9ton pr\u00e9 coul\u00e9es. Ces pi\u00e8ces d\u2019insertion procurent des ouvertures m\u00e9talliques filet\u00e9es \u00e0 l\u2019\u00e9preuve de la rouille dans les dalles de b\u00e9ton pr\u00e9moul\u00e9es pr\u00e9contraintes ou coul\u00e9es sur place.<\/p>\n","protected":false},"featured_media":5631,"comment_status":"open","ping_status":"closed","template":"","meta":[],"product_cat":[1533,1555],"product_tag":[],"Group":[],"acf":[],"yoast_head":"<!-- This site is optimized with the Yoast SEO plugin v20.11 - https:\/\/yoast.com\/wordpress\/plugins\/seo\/ -->\n<title>Pi\u00e8ces d\u2019insertion en Zamac pr\u00e9moul\u00e9es - UCAN - Fastening Products<\/title>\n<meta name=\"description\" content=\"It is designed for preplanned fastening in concrete. The insert provides rustproof threaded metal holes in precast, pre-stressed or poured-inplace concrete\" \/>\n<meta name=\"robots\" content=\"noindex, follow\" \/>\n<meta property=\"og:locale\" content=\"fr_FR\" \/>\n<meta property=\"og:type\" content=\"article\" \/>\n<meta property=\"og:title\" content=\"Pi\u00e8ces d\u2019insertion en Zamac pr\u00e9moul\u00e9es - UCAN - Fastening Products\" \/>\n<meta property=\"og:description\" content=\"It is designed for preplanned fastening in concrete. The insert provides rustproof threaded metal holes in precast, pre-stressed or poured-inplace concrete\" \/>\n<meta property=\"og:url\" content=\"https:\/\/ucanfast.com\/fr\/nos-produits\/pieces-dinsertion-en-zamac-premoulees\/\" \/>\n<meta property=\"og:site_name\" content=\"UCAN - Fastening Products\" \/>\n<meta property=\"article:modified_time\" content=\"2024-07-25T15:58:28+00:00\" \/>\n<meta property=\"og:image\" content=\"https:\/\/ucanfast.com\/wp-content\/uploads\/2022\/06\/PZI-precast-inserts-zamac.jpg\" \/>\n\t<meta property=\"og:image:width\" content=\"1594\" \/>\n\t<meta property=\"og:image:height\" content=\"1164\" \/>\n\t<meta property=\"og:image:type\" content=\"image\/jpeg\" \/>\n<meta name=\"twitter:card\" content=\"summary_large_image\" \/>\n<meta name=\"twitter:label1\" content=\"Dur\u00e9e de lecture estim\u00e9e\" \/>\n\t<meta name=\"twitter:data1\" content=\"2 minutes\" \/>\n<script type=\"application\/ld+json\" class=\"yoast-schema-graph\">{\"@context\":\"https:\/\/schema.org\",\"@graph\":[{\"@type\":\"WebPage\",\"@id\":\"https:\/\/ucanfast.com\/fr\/nos-produits\/pieces-dinsertion-en-zamac-premoulees\/\",\"url\":\"https:\/\/ucanfast.com\/fr\/nos-produits\/pieces-dinsertion-en-zamac-premoulees\/\",\"name\":\"Pi\u00e8ces d\u2019insertion en Zamac pr\u00e9moul\u00e9es - UCAN - Fastening Products\",\"isPartOf\":{\"@id\":\"https:\/\/ucanfast.com\/fr\/#website\"},\"datePublished\":\"2022-06-15T12:47:27+00:00\",\"dateModified\":\"2024-07-25T15:58:28+00:00\",\"description\":\"It is designed for preplanned fastening in concrete. The insert provides rustproof threaded metal holes in precast, pre-stressed or poured-inplace concrete\",\"breadcrumb\":{\"@id\":\"https:\/\/ucanfast.com\/fr\/nos-produits\/pieces-dinsertion-en-zamac-premoulees\/#breadcrumb\"},\"inLanguage\":\"fr-FR\",\"potentialAction\":[{\"@type\":\"ReadAction\",\"target\":[\"https:\/\/ucanfast.com\/fr\/nos-produits\/pieces-dinsertion-en-zamac-premoulees\/\"]}]},{\"@type\":\"BreadcrumbList\",\"@id\":\"https:\/\/ucanfast.com\/fr\/nos-produits\/pieces-dinsertion-en-zamac-premoulees\/#breadcrumb\",\"itemListElement\":[{\"@type\":\"ListItem\",\"position\":1,\"name\":\"Accueil\",\"item\":\"https:\/\/ucanfast.com\/fr\/\"},{\"@type\":\"ListItem\",\"position\":2,\"name\":\"Nos Produits\",\"item\":\"https:\/\/ucanfast.com\/fr\/nos-produits\/\"},{\"@type\":\"ListItem\",\"position\":3,\"name\":\"Pi\u00e8ces d\u2019insertion en Zamac pr\u00e9moul\u00e9es\"}]},{\"@type\":\"WebSite\",\"@id\":\"https:\/\/ucanfast.com\/fr\/#website\",\"url\":\"https:\/\/ucanfast.com\/fr\/\",\"name\":\"UCAN Fastening Products\",\"description\":\"BUILDING LASTING CONNECTIONS\",\"publisher\":{\"@id\":\"https:\/\/ucanfast.com\/fr\/#organization\"},\"potentialAction\":[{\"@type\":\"SearchAction\",\"target\":{\"@type\":\"EntryPoint\",\"urlTemplate\":\"https:\/\/ucanfast.com\/fr\/?s={search_term_string}\"},\"query-input\":\"required name=search_term_string\"}],\"inLanguage\":\"fr-FR\"},{\"@type\":\"Organization\",\"@id\":\"https:\/\/ucanfast.com\/fr\/#organization\",\"name\":\"UCAN Fastening Products\",\"url\":\"https:\/\/ucanfast.com\/fr\/\",\"logo\":{\"@type\":\"ImageObject\",\"inLanguage\":\"fr-FR\",\"@id\":\"https:\/\/ucanfast.com\/fr\/#\/schema\/logo\/image\/\",\"url\":\"https:\/\/ucanfast.com\/wp-content\/uploads\/2023\/01\/Screen_Shot_2023-01-25_at_12.15.04_PM.png\",\"contentUrl\":\"https:\/\/ucanfast.com\/wp-content\/uploads\/2023\/01\/Screen_Shot_2023-01-25_at_12.15.04_PM.png\",\"width\":350,\"height\":192,\"caption\":\"UCAN Fastening Products\"},\"image\":{\"@id\":\"https:\/\/ucanfast.com\/fr\/#\/schema\/logo\/image\/\"},\"sameAs\":[\"https:\/\/ca.linkedin.com\/company\/ucan-fastening-products\"]}]}<\/script>\n<!-- \/ Yoast SEO plugin. -->","yoast_head_json":{"title":"Pi\u00e8ces d\u2019insertion en Zamac pr\u00e9moul\u00e9es - UCAN - Fastening Products","description":"It is designed for preplanned fastening in concrete. The insert provides rustproof threaded metal holes in precast, pre-stressed or poured-inplace concrete","robots":{"index":"noindex","follow":"follow"},"og_locale":"fr_FR","og_type":"article","og_title":"Pi\u00e8ces d\u2019insertion en Zamac pr\u00e9moul\u00e9es - UCAN - Fastening Products","og_description":"It is designed for preplanned fastening in concrete. The insert provides rustproof threaded metal holes in precast, pre-stressed or poured-inplace concrete","og_url":"https:\/\/ucanfast.com\/fr\/nos-produits\/pieces-dinsertion-en-zamac-premoulees\/","og_site_name":"UCAN - Fastening Products","article_modified_time":"2024-07-25T15:58:28+00:00","og_image":[{"width":1594,"height":1164,"url":"https:\/\/ucanfast.com\/wp-content\/uploads\/2022\/06\/PZI-precast-inserts-zamac.jpg","type":"image\/jpeg"}],"twitter_card":"summary_large_image","twitter_misc":{"Dur\u00e9e de lecture estim\u00e9e":"2 minutes"},"schema":{"@context":"https:\/\/schema.org","@graph":[{"@type":"WebPage","@id":"https:\/\/ucanfast.com\/fr\/nos-produits\/pieces-dinsertion-en-zamac-premoulees\/","url":"https:\/\/ucanfast.com\/fr\/nos-produits\/pieces-dinsertion-en-zamac-premoulees\/","name":"Pi\u00e8ces d\u2019insertion en Zamac pr\u00e9moul\u00e9es - UCAN - Fastening Products","isPartOf":{"@id":"https:\/\/ucanfast.com\/fr\/#website"},"datePublished":"2022-06-15T12:47:27+00:00","dateModified":"2024-07-25T15:58:28+00:00","description":"It is designed for preplanned fastening in concrete. The insert provides rustproof threaded metal holes in precast, pre-stressed or poured-inplace concrete","breadcrumb":{"@id":"https:\/\/ucanfast.com\/fr\/nos-produits\/pieces-dinsertion-en-zamac-premoulees\/#breadcrumb"},"inLanguage":"fr-FR","potentialAction":[{"@type":"ReadAction","target":["https:\/\/ucanfast.com\/fr\/nos-produits\/pieces-dinsertion-en-zamac-premoulees\/"]}]},{"@type":"BreadcrumbList","@id":"https:\/\/ucanfast.com\/fr\/nos-produits\/pieces-dinsertion-en-zamac-premoulees\/#breadcrumb","itemListElement":[{"@type":"ListItem","position":1,"name":"Accueil","item":"https:\/\/ucanfast.com\/fr\/"},{"@type":"ListItem","position":2,"name":"Nos Produits","item":"https:\/\/ucanfast.com\/fr\/nos-produits\/"},{"@type":"ListItem","position":3,"name":"Pi\u00e8ces d\u2019insertion en Zamac pr\u00e9moul\u00e9es"}]},{"@type":"WebSite","@id":"https:\/\/ucanfast.com\/fr\/#website","url":"https:\/\/ucanfast.com\/fr\/","name":"UCAN Fastening Products","description":"BUILDING LASTING CONNECTIONS","publisher":{"@id":"https:\/\/ucanfast.com\/fr\/#organization"},"potentialAction":[{"@type":"SearchAction","target":{"@type":"EntryPoint","urlTemplate":"https:\/\/ucanfast.com\/fr\/?s={search_term_string}"},"query-input":"required name=search_term_string"}],"inLanguage":"fr-FR"},{"@type":"Organization","@id":"https:\/\/ucanfast.com\/fr\/#organization","name":"UCAN Fastening Products","url":"https:\/\/ucanfast.com\/fr\/","logo":{"@type":"ImageObject","inLanguage":"fr-FR","@id":"https:\/\/ucanfast.com\/fr\/#\/schema\/logo\/image\/","url":"https:\/\/ucanfast.com\/wp-content\/uploads\/2023\/01\/Screen_Shot_2023-01-25_at_12.15.04_PM.png","contentUrl":"https:\/\/ucanfast.com\/wp-content\/uploads\/2023\/01\/Screen_Shot_2023-01-25_at_12.15.04_PM.png","width":350,"height":192,"caption":"UCAN Fastening Products"},"image":{"@id":"https:\/\/ucanfast.com\/fr\/#\/schema\/logo\/image\/"},"sameAs":["https:\/\/ca.linkedin.com\/company\/ucan-fastening-products"]}]}},"_links":{"self":[{"href":"https:\/\/ucanfast.com\/fr\/wp-json\/wp\/v2\/product\/11196"}],"collection":[{"href":"https:\/\/ucanfast.com\/fr\/wp-json\/wp\/v2\/product"}],"about":[{"href":"https:\/\/ucanfast.com\/fr\/wp-json\/wp\/v2\/types\/product"}],"replies":[{"embeddable":true,"href":"https:\/\/ucanfast.com\/fr\/wp-json\/wp\/v2\/comments?post=11196"}],"wp:featuredmedia":[{"embeddable":true,"href":"https:\/\/ucanfast.com\/fr\/wp-json\/wp\/v2\/media\/5631"}],"wp:attachment":[{"href":"https:\/\/ucanfast.com\/fr\/wp-json\/wp\/v2\/media?parent=11196"}],"wp:term":[{"taxonomy":"product_cat","embeddable":true,"href":"https:\/\/ucanfast.com\/fr\/wp-json\/wp\/v2\/product_cat?post=11196"},{"taxonomy":"product_tag","embeddable":true,"href":"https:\/\/ucanfast.com\/fr\/wp-json\/wp\/v2\/product_tag?post=11196"},{"taxonomy":"Group","embeddable":true,"href":"https:\/\/ucanfast.com\/fr\/wp-json\/wp\/v2\/Group?post=11196"}],"curies":[{"name":"wp","href":"https:\/\/api.w.org\/{rel}","templated":true}]}}