{"id":11180,"date":"2022-07-01T11:58:52","date_gmt":"2022-07-01T15:58:52","guid":{"rendered":"https:\/\/ucanstage.wpengine.com\/product\/insulation-fastners-1-1-2-head-diameter\/"},"modified":"2024-07-25T10:59:44","modified_gmt":"2024-07-25T14:59:44","slug":"fixations-pour-isolation-tete-de-1-1-2-po-de-diametre","status":"publish","type":"product","link":"https:\/\/ucanfast.com\/fr\/nos-produits\/fixations-pour-isolation-tete-de-1-1-2-po-de-diametre\/","title":{"rendered":"Fixations pour isolation &#8211; T\u00eate de  1-1\/2 po de diam\u00e8tre"},"content":{"rendered":"<p>Les fixations pour isolation de UCAN sont faites de poly\u00e9thyl\u00e8ne ou de polypropyl\u00e8ne co-polym\u00e9rique de faible densit\u00e9 r\u00e9sistants aux impacts et sont utilis\u00e9es pour fixer les panneaux isolants au b\u00e9ton et \u00e0 la ma\u00e7onnerie.<\/p>\n<h5>CARACT\u00c9RISTIQUES :<\/h5>\n<ul>\n<li>Installation simple<\/li>\n<li>N\u2019alloue pas de transfert de chaleur (pertes)<\/li>\n<li>Conception de t\u00eate particuli\u00e8re garantissant la liaison au pl\u00e2tre ou \u00e0 la couche de Stucco de finition<\/li>\n<\/ul>\n<h5>APPLICATIONS TYPIQUES :<\/h5>\n<ul>\n<li>Fixation de divers types de mat\u00e9riaux isolants au b\u00e9ton ou \u00e0 la ma\u00e7onnerie<\/li>\n<\/ul>\n<p>&nbsp;<\/p>\n<div class=\"partstabletitle\">\n<h5>TOUTES LES FIXATIONS POUR ISOLATION EN PLASTIQUE<\/h5>\n<\/div>\n<div>\n<table class=\"detailpartstable\" style=\"height: 107px;\" border=\"0\" width=\"850\" cellspacing=\"0\" cellpadding=\"0\">\n<tbody>\n<tr class=\"headers\">\n<td><strong>N\u00ba de pi\u00e8ce<\/strong><\/td>\n<td><strong>Dimension<br \/>de foret<\/strong><\/td>\n<td><strong>Longueur<br \/>totale (po)<\/strong><\/td>\n<td><strong>Plage<br \/>d\u2019agrippement<\/strong><\/td>\n<td><strong>Qt\u00e9 par<br \/>caisse<\/strong><\/td>\n<td><strong>Poids de<br \/>la caisse<\/strong><\/td>\n<td><strong>Taille de la caisse<\/strong><\/td>\n<\/tr>\n<tr>\n<td>MJP 234<\/td>\n<td>5\/16<\/td>\n<td>2-3\/4<\/td>\n<td>1 -1-1\/2<\/td>\n<td>250<\/td>\n<td>3 lbs<\/td>\n<td>15-1\/2&#8243; x 10&#8243; x 4&#8243;<\/td>\n<\/tr>\n<tr>\n<td>MJP 512<\/td>\n<td>5\/16<\/td>\n<td>5-1\/2<\/td>\n<td>3-1\/2 -4<\/td>\n<td>250<\/td>\n<td>5 lbs<\/td>\n<td>15-1\/2&#8243; x 10&#8243; x 10-1\/2&#8243;<\/td>\n<\/tr>\n<tr>\n<td>MJP 614<\/td>\n<td>5\/16<\/td>\n<td>6-1\/4<\/td>\n<td>4-1\/2 -5<\/td>\n<td>250<\/td>\n<td>7 lbs<\/td>\n<td>15-1\/2&#8243; x 10&#8243; x 10-1\/2&#8243;<\/td>\n<\/tr>\n<\/tbody>\n<\/table>\n<\/div>\n","protected":false},"excerpt":{"rendered":"<p>Les fixations pour isolation de UCAN sont faites de poly\u00e9thyl\u00e8ne ou de polypropyl\u00e8ne co-polym\u00e9rique de faible densit\u00e9 r\u00e9sistants aux impacts et sont utilis\u00e9es pour fixer les panneaux isolants au b\u00e9ton et \u00e0 la ma\u00e7onnerie.<\/p>\n","protected":false},"featured_media":13053,"comment_status":"open","ping_status":"closed","template":"","meta":[],"product_cat":[1562,1604],"product_tag":[],"Group":[],"acf":[],"yoast_head":"<!-- This site is optimized with the Yoast SEO plugin v20.11 - https:\/\/yoast.com\/wordpress\/plugins\/seo\/ -->\n<title>Fixations pour isolation - T\u00eate de 1-1\/2 po de diam\u00e8tre - UCAN - Fastening Products<\/title>\n<meta name=\"description\" content=\"It&#039;s made from an impact resistant low density Polyethylene or Polypropylene copolymer material used for fastening insulation board to concrete and masonry.\" \/>\n<meta name=\"robots\" content=\"noindex, follow\" \/>\n<meta property=\"og:locale\" content=\"fr_FR\" \/>\n<meta property=\"og:type\" content=\"article\" \/>\n<meta property=\"og:title\" content=\"Fixations pour isolation - T\u00eate de 1-1\/2 po de diam\u00e8tre - UCAN - Fastening Products\" \/>\n<meta property=\"og:description\" content=\"It&#039;s made from an impact resistant low density Polyethylene or Polypropylene copolymer material used for fastening insulation board to concrete and masonry.\" \/>\n<meta property=\"og:url\" content=\"https:\/\/ucanfast.com\/fr\/nos-produits\/fixations-pour-isolation-tete-de-1-1-2-po-de-diametre\/\" \/>\n<meta property=\"og:site_name\" content=\"UCAN - Fastening Products\" \/>\n<meta property=\"article:modified_time\" content=\"2024-07-25T14:59:44+00:00\" \/>\n<meta property=\"og:image\" content=\"https:\/\/ucanfast.com\/wp-content\/uploads\/2022\/07\/MJP-1-scaled.jpg\" \/>\n\t<meta property=\"og:image:width\" content=\"2560\" \/>\n\t<meta property=\"og:image:height\" content=\"1427\" \/>\n\t<meta property=\"og:image:type\" content=\"image\/jpeg\" \/>\n<meta name=\"twitter:card\" content=\"summary_large_image\" \/>\n<meta name=\"twitter:label1\" content=\"Dur\u00e9e de lecture estim\u00e9e\" \/>\n\t<meta name=\"twitter:data1\" content=\"1 minute\" \/>\n<script type=\"application\/ld+json\" class=\"yoast-schema-graph\">{\"@context\":\"https:\/\/schema.org\",\"@graph\":[{\"@type\":\"WebPage\",\"@id\":\"https:\/\/ucanfast.com\/fr\/nos-produits\/fixations-pour-isolation-tete-de-1-1-2-po-de-diametre\/\",\"url\":\"https:\/\/ucanfast.com\/fr\/nos-produits\/fixations-pour-isolation-tete-de-1-1-2-po-de-diametre\/\",\"name\":\"Fixations pour isolation - T\u00eate de 1-1\/2 po de diam\u00e8tre - UCAN - Fastening Products\",\"isPartOf\":{\"@id\":\"https:\/\/ucanfast.com\/fr\/#website\"},\"datePublished\":\"2022-07-01T15:58:52+00:00\",\"dateModified\":\"2024-07-25T14:59:44+00:00\",\"description\":\"It's made from an impact resistant low density Polyethylene or Polypropylene copolymer material used for fastening insulation board to concrete and masonry.\",\"breadcrumb\":{\"@id\":\"https:\/\/ucanfast.com\/fr\/nos-produits\/fixations-pour-isolation-tete-de-1-1-2-po-de-diametre\/#breadcrumb\"},\"inLanguage\":\"fr-FR\",\"potentialAction\":[{\"@type\":\"ReadAction\",\"target\":[\"https:\/\/ucanfast.com\/fr\/nos-produits\/fixations-pour-isolation-tete-de-1-1-2-po-de-diametre\/\"]}]},{\"@type\":\"BreadcrumbList\",\"@id\":\"https:\/\/ucanfast.com\/fr\/nos-produits\/fixations-pour-isolation-tete-de-1-1-2-po-de-diametre\/#breadcrumb\",\"itemListElement\":[{\"@type\":\"ListItem\",\"position\":1,\"name\":\"Accueil\",\"item\":\"https:\/\/ucanfast.com\/fr\/\"},{\"@type\":\"ListItem\",\"position\":2,\"name\":\"Nos Produits\",\"item\":\"https:\/\/ucanfast.com\/fr\/nos-produits\/\"},{\"@type\":\"ListItem\",\"position\":3,\"name\":\"Fixations pour isolation &#8211; T\u00eate de 1-1\/2 po de diam\u00e8tre\"}]},{\"@type\":\"WebSite\",\"@id\":\"https:\/\/ucanfast.com\/fr\/#website\",\"url\":\"https:\/\/ucanfast.com\/fr\/\",\"name\":\"UCAN Fastening Products\",\"description\":\"BUILDING LASTING CONNECTIONS\",\"publisher\":{\"@id\":\"https:\/\/ucanfast.com\/fr\/#organization\"},\"potentialAction\":[{\"@type\":\"SearchAction\",\"target\":{\"@type\":\"EntryPoint\",\"urlTemplate\":\"https:\/\/ucanfast.com\/fr\/?s={search_term_string}\"},\"query-input\":\"required name=search_term_string\"}],\"inLanguage\":\"fr-FR\"},{\"@type\":\"Organization\",\"@id\":\"https:\/\/ucanfast.com\/fr\/#organization\",\"name\":\"UCAN Fastening Products\",\"url\":\"https:\/\/ucanfast.com\/fr\/\",\"logo\":{\"@type\":\"ImageObject\",\"inLanguage\":\"fr-FR\",\"@id\":\"https:\/\/ucanfast.com\/fr\/#\/schema\/logo\/image\/\",\"url\":\"https:\/\/ucanfast.com\/wp-content\/uploads\/2023\/01\/Screen_Shot_2023-01-25_at_12.15.04_PM.png\",\"contentUrl\":\"https:\/\/ucanfast.com\/wp-content\/uploads\/2023\/01\/Screen_Shot_2023-01-25_at_12.15.04_PM.png\",\"width\":350,\"height\":192,\"caption\":\"UCAN Fastening Products\"},\"image\":{\"@id\":\"https:\/\/ucanfast.com\/fr\/#\/schema\/logo\/image\/\"},\"sameAs\":[\"https:\/\/ca.linkedin.com\/company\/ucan-fastening-products\"]}]}<\/script>\n<!-- \/ Yoast SEO plugin. -->","yoast_head_json":{"title":"Fixations pour isolation - T\u00eate de 1-1\/2 po de diam\u00e8tre - UCAN - Fastening Products","description":"It's made from an impact resistant low density Polyethylene or Polypropylene copolymer material used for fastening insulation board to concrete and masonry.","robots":{"index":"noindex","follow":"follow"},"og_locale":"fr_FR","og_type":"article","og_title":"Fixations pour isolation - T\u00eate de 1-1\/2 po de diam\u00e8tre - UCAN - Fastening Products","og_description":"It's made from an impact resistant low density Polyethylene or Polypropylene copolymer material used for fastening insulation board to concrete and masonry.","og_url":"https:\/\/ucanfast.com\/fr\/nos-produits\/fixations-pour-isolation-tete-de-1-1-2-po-de-diametre\/","og_site_name":"UCAN - Fastening Products","article_modified_time":"2024-07-25T14:59:44+00:00","og_image":[{"width":2560,"height":1427,"url":"https:\/\/ucanfast.com\/wp-content\/uploads\/2022\/07\/MJP-1-scaled.jpg","type":"image\/jpeg"}],"twitter_card":"summary_large_image","twitter_misc":{"Dur\u00e9e de lecture estim\u00e9e":"1 minute"},"schema":{"@context":"https:\/\/schema.org","@graph":[{"@type":"WebPage","@id":"https:\/\/ucanfast.com\/fr\/nos-produits\/fixations-pour-isolation-tete-de-1-1-2-po-de-diametre\/","url":"https:\/\/ucanfast.com\/fr\/nos-produits\/fixations-pour-isolation-tete-de-1-1-2-po-de-diametre\/","name":"Fixations pour isolation - T\u00eate de 1-1\/2 po de diam\u00e8tre - UCAN - Fastening Products","isPartOf":{"@id":"https:\/\/ucanfast.com\/fr\/#website"},"datePublished":"2022-07-01T15:58:52+00:00","dateModified":"2024-07-25T14:59:44+00:00","description":"It's made from an impact resistant low density Polyethylene or Polypropylene copolymer material used for fastening insulation board to concrete and masonry.","breadcrumb":{"@id":"https:\/\/ucanfast.com\/fr\/nos-produits\/fixations-pour-isolation-tete-de-1-1-2-po-de-diametre\/#breadcrumb"},"inLanguage":"fr-FR","potentialAction":[{"@type":"ReadAction","target":["https:\/\/ucanfast.com\/fr\/nos-produits\/fixations-pour-isolation-tete-de-1-1-2-po-de-diametre\/"]}]},{"@type":"BreadcrumbList","@id":"https:\/\/ucanfast.com\/fr\/nos-produits\/fixations-pour-isolation-tete-de-1-1-2-po-de-diametre\/#breadcrumb","itemListElement":[{"@type":"ListItem","position":1,"name":"Accueil","item":"https:\/\/ucanfast.com\/fr\/"},{"@type":"ListItem","position":2,"name":"Nos Produits","item":"https:\/\/ucanfast.com\/fr\/nos-produits\/"},{"@type":"ListItem","position":3,"name":"Fixations pour isolation &#8211; T\u00eate de 1-1\/2 po de diam\u00e8tre"}]},{"@type":"WebSite","@id":"https:\/\/ucanfast.com\/fr\/#website","url":"https:\/\/ucanfast.com\/fr\/","name":"UCAN Fastening Products","description":"BUILDING LASTING CONNECTIONS","publisher":{"@id":"https:\/\/ucanfast.com\/fr\/#organization"},"potentialAction":[{"@type":"SearchAction","target":{"@type":"EntryPoint","urlTemplate":"https:\/\/ucanfast.com\/fr\/?s={search_term_string}"},"query-input":"required name=search_term_string"}],"inLanguage":"fr-FR"},{"@type":"Organization","@id":"https:\/\/ucanfast.com\/fr\/#organization","name":"UCAN Fastening Products","url":"https:\/\/ucanfast.com\/fr\/","logo":{"@type":"ImageObject","inLanguage":"fr-FR","@id":"https:\/\/ucanfast.com\/fr\/#\/schema\/logo\/image\/","url":"https:\/\/ucanfast.com\/wp-content\/uploads\/2023\/01\/Screen_Shot_2023-01-25_at_12.15.04_PM.png","contentUrl":"https:\/\/ucanfast.com\/wp-content\/uploads\/2023\/01\/Screen_Shot_2023-01-25_at_12.15.04_PM.png","width":350,"height":192,"caption":"UCAN Fastening Products"},"image":{"@id":"https:\/\/ucanfast.com\/fr\/#\/schema\/logo\/image\/"},"sameAs":["https:\/\/ca.linkedin.com\/company\/ucan-fastening-products"]}]}},"_links":{"self":[{"href":"https:\/\/ucanfast.com\/fr\/wp-json\/wp\/v2\/product\/11180"}],"collection":[{"href":"https:\/\/ucanfast.com\/fr\/wp-json\/wp\/v2\/product"}],"about":[{"href":"https:\/\/ucanfast.com\/fr\/wp-json\/wp\/v2\/types\/product"}],"replies":[{"embeddable":true,"href":"https:\/\/ucanfast.com\/fr\/wp-json\/wp\/v2\/comments?post=11180"}],"wp:featuredmedia":[{"embeddable":true,"href":"https:\/\/ucanfast.com\/fr\/wp-json\/wp\/v2\/media\/13053"}],"wp:attachment":[{"href":"https:\/\/ucanfast.com\/fr\/wp-json\/wp\/v2\/media?parent=11180"}],"wp:term":[{"taxonomy":"product_cat","embeddable":true,"href":"https:\/\/ucanfast.com\/fr\/wp-json\/wp\/v2\/product_cat?post=11180"},{"taxonomy":"product_tag","embeddable":true,"href":"https:\/\/ucanfast.com\/fr\/wp-json\/wp\/v2\/product_tag?post=11180"},{"taxonomy":"Group","embeddable":true,"href":"https:\/\/ucanfast.com\/fr\/wp-json\/wp\/v2\/Group?post=11180"}],"curies":[{"name":"wp","href":"https:\/\/api.w.org\/{rel}","templated":true}]}}