{"id":11081,"date":"2022-04-12T10:24:59","date_gmt":"2022-04-12T14:24:59","guid":{"rendered":"https:\/\/ucanstage.wpengine.com\/product\/toggle-bolts-toggle-heads-only\/"},"modified":"2024-07-25T15:00:14","modified_gmt":"2024-07-25T19:00:14","slug":"boulon-a-ailerons-depliables-ailerons-depliables-seuls","status":"publish","type":"product","link":"https:\/\/ucanfast.com\/fr\/nos-produits\/boulon-a-ailerons-depliables-ailerons-depliables-seuls\/","title":{"rendered":"Boulon \u00e0 ailerons d\u00e9pliables &#8211; Ailerons d\u00e9pliables seuls"},"content":{"rendered":"<div id=\"detaildescription\">\n<p>Les boulons \u00e0 ailerons d\u00e9pliables de UCAN sont tout d\u00e9sign\u00e9s pour faire des ancrages dans des ensembles creux. Cette attache est fabriqu\u00e9e d\u2019acier de premi\u00e8re qualit\u00e9 zingu\u00e9 et poss\u00e8de des ailerons de grande port\u00e9e pour cr\u00e9er un transfert excellent de la charge au dos du mat\u00e9riau de base. Ces boulons \u00e0 ailerons sont disponibles en diam\u00e8tres de 1\/8 po \u00e0 3\/8 po (3,2 \u00e0 9,5 mm) et en longueurs jusqu\u2019\u00e0 6 po (15 cm). Leur t\u00eate \u00e0 prise combin\u00e9e permet l\u2019utilisation de tournevis carr\u00e9 ou plat. Les ailerons d\u00e9pliables sont aussi disponibles s\u00e9par\u00e9ment.<\/p>\n<h5>CARACT\u00c9RISTIQUES<\/h5>\n<ul>\n<li>Ailerons \u00e9crou de fort calibre redessin\u00e9s et ressort am\u00e9lior\u00e9<\/li>\n<li>Ensemble complet pr\u00eat \u00e0 utiliser<\/li>\n<li>Permet les fixations dans les structures creuses<\/li>\n<\/ul>\n<h5>APPLICATIONS TYPIQUES :<\/h5>\n<ul>\n<li>Appareils d\u2019\u00e9clairage<\/li>\n<li>Suspensions murales ou au plafond<\/li>\n<li>Articles d\u00e9coratifs<\/li>\n<li>Rampes d\u2019escalier<\/li>\n<li>Les ailerons d\u00e9pliables s\u2019utilisent aussi avec les tiges filet\u00e9es des patios m\u00e9talliques<\/li>\n<\/ul>\n<\/div>\n<div class=\"partstabletitle\">\n<h5>AILERONS D\u00c9PLIABLES SEULS<\/h5>\n<\/div>\n<p><img decoding=\"async\" loading=\"lazy\" class=\"alignnone size-medium wp-image-13116\" src=\"https:\/\/ucanfast.com\/wp-content\/uploads\/2022\/04\/TOG-HEAD-300x103.jpg\" alt=\"\" width=\"300\" height=\"103\" srcset=\"https:\/\/ucanfast.com\/wp-content\/uploads\/2022\/04\/TOG-HEAD-300x103.jpg 300w, https:\/\/ucanfast.com\/wp-content\/uploads\/2022\/04\/TOG-HEAD-1024x353.jpg 1024w, https:\/\/ucanfast.com\/wp-content\/uploads\/2022\/04\/TOG-HEAD-150x52.jpg 150w, https:\/\/ucanfast.com\/wp-content\/uploads\/2022\/04\/TOG-HEAD-768x265.jpg 768w, https:\/\/ucanfast.com\/wp-content\/uploads\/2022\/04\/TOG-HEAD-1536x529.jpg 1536w, https:\/\/ucanfast.com\/wp-content\/uploads\/2022\/04\/TOG-HEAD-2048x705.jpg 2048w, https:\/\/ucanfast.com\/wp-content\/uploads\/2022\/04\/TOG-HEAD-100x34.jpg 100w, https:\/\/ucanfast.com\/wp-content\/uploads\/2022\/04\/TOG-HEAD-600x207.jpg 600w\" sizes=\"(max-width: 300px) 100vw, 300px\" \/><\/p>\n<div>\n<table class=\"detailpartstable\" style=\"height: 125px;\" border=\"0\" width=\"850\" cellspacing=\"0\" cellpadding=\"0\">\n<tbody>\n<tr class=\"headers\">\n<td><strong>N\u00ba de pi\u00e8ce<\/strong><\/td>\n<td><strong>Dimension<\/strong><\/td>\n<td><strong>Dia. de<br \/>per\u00e7age<\/strong><\/td>\n<td><strong>Qt\u00e9 par<br \/>paquet<\/strong><\/td>\n<td><strong>Qt\u00e9 par<br \/>caisse<\/strong><\/td>\n<td><strong>Poids de<br \/>la caisse<\/strong><\/td>\n<td><strong>Taille de la caisse<\/strong><\/td>\n<\/tr>\n<tr>\n<td>TOG H18<\/td>\n<td>1\/8<\/td>\n<td>3\/8<\/td>\n<td>100<\/td>\n<td>1,000<\/td>\n<td>8 lbs<\/td>\n<td>5-1\/2&#8243; x 18-3\/4&#8243; x 8-3\/4&#8243;<\/td>\n<\/tr>\n<tr>\n<td>TOG H316<\/td>\n<td>3\/16<\/td>\n<td>1\/2<\/td>\n<td>100<\/td>\n<td>1,000<\/td>\n<td>15 lbs<\/td>\n<td>5-1\/2&#8243; x 18-3\/4&#8243; x 8-3\/4&#8243;<\/td>\n<\/tr>\n<tr>\n<td>TOG H14<\/td>\n<td>1\/4<\/td>\n<td>5\/8<\/td>\n<td>100<\/td>\n<td>1,000<\/td>\n<td>27 lbs<\/td>\n<td>5-1\/2&#8243; x 18-3\/4&#8243; x 8-3\/4&#8243;<\/td>\n<\/tr>\n<tr>\n<td>TOG H38<\/td>\n<td>3\/8<\/td>\n<td>1<\/td>\n<td>100<\/td>\n<td>1,000<\/td>\n<td>21 lbs<\/td>\n<td>5-1\/2&#8243; x 18-3\/4&#8243; x 8-3\/4&#8243;<\/td>\n<\/tr>\n<\/tbody>\n<\/table>\n<\/div>\n","protected":false},"excerpt":{"rendered":"<div id=\"detaildescription\">\n<p>Les boulons \u00e0 ailerons d\u00e9pliables de UCAN sont tout d\u00e9sign\u00e9s pour faire des ancrages dans des ensembles creux. Cette attache est fabriqu\u00e9e d\u2019acier de premi\u00e8re qualit\u00e9 zingu\u00e9 et poss\u00e8de des ailerons de grande port\u00e9e pour cr\u00e9er un transfert excellent de la charge au dos du mat\u00e9riau de base.<\/p>\n<\/div>\n","protected":false},"featured_media":13118,"comment_status":"open","ping_status":"closed","template":"","meta":[],"product_cat":[1643,1638],"product_tag":[],"Group":[],"acf":[],"yoast_head":"<!-- This site is optimized with the Yoast SEO plugin v20.11 - https:\/\/yoast.com\/wordpress\/plugins\/seo\/ -->\n<title>Boulon \u00e0 ailerons d\u00e9pliables - Ailerons d\u00e9pliables seuls - UCAN - Fastening Products<\/title>\n<meta name=\"description\" content=\"The UCAN Toggle Bolt is an ideal anchor for fastening into any hollow material. This fastener is manufactured from high quality zinc plated steel with wide bearing arms to create excellent load transfer on the back of the base material. The toggle bolt is available in diameters ranging from 1\/8&quot; to 3\/8&quot; and bolt lengths up to 6&quot;. Its truss combination head style is suitable for Square socket or slot drivers. Toggle heads only are also available.\" \/>\n<meta name=\"robots\" content=\"noindex, follow\" \/>\n<meta property=\"og:locale\" content=\"fr_FR\" \/>\n<meta property=\"og:type\" content=\"article\" \/>\n<meta property=\"og:title\" content=\"Boulon \u00e0 ailerons d\u00e9pliables - Ailerons d\u00e9pliables seuls - UCAN - Fastening Products\" \/>\n<meta property=\"og:description\" content=\"The UCAN Toggle Bolt is an ideal anchor for fastening into any hollow material. This fastener is manufactured from high quality zinc plated steel with wide bearing arms to create excellent load transfer on the back of the base material. The toggle bolt is available in diameters ranging from 1\/8&quot; to 3\/8&quot; and bolt lengths up to 6&quot;. Its truss combination head style is suitable for Square socket or slot drivers. Toggle heads only are also available.\" \/>\n<meta property=\"og:url\" content=\"https:\/\/ucanfast.com\/fr\/nos-produits\/boulon-a-ailerons-depliables-ailerons-depliables-seuls\/\" \/>\n<meta property=\"og:site_name\" content=\"UCAN - Fastening Products\" \/>\n<meta property=\"article:modified_time\" content=\"2024-07-25T19:00:14+00:00\" \/>\n<meta property=\"og:image\" content=\"https:\/\/ucanfast.com\/wp-content\/uploads\/2022\/04\/TOG-HEAD-scaled.jpg\" \/>\n\t<meta property=\"og:image:width\" content=\"2560\" \/>\n\t<meta property=\"og:image:height\" content=\"882\" \/>\n\t<meta property=\"og:image:type\" content=\"image\/jpeg\" \/>\n<meta name=\"twitter:card\" content=\"summary_large_image\" \/>\n<meta name=\"twitter:label1\" content=\"Dur\u00e9e de lecture estim\u00e9e\" \/>\n\t<meta name=\"twitter:data1\" content=\"2 minutes\" \/>\n<script type=\"application\/ld+json\" class=\"yoast-schema-graph\">{\"@context\":\"https:\/\/schema.org\",\"@graph\":[{\"@type\":\"WebPage\",\"@id\":\"https:\/\/ucanfast.com\/fr\/nos-produits\/boulon-a-ailerons-depliables-ailerons-depliables-seuls\/\",\"url\":\"https:\/\/ucanfast.com\/fr\/nos-produits\/boulon-a-ailerons-depliables-ailerons-depliables-seuls\/\",\"name\":\"Boulon \u00e0 ailerons d\u00e9pliables - Ailerons d\u00e9pliables seuls - UCAN - Fastening Products\",\"isPartOf\":{\"@id\":\"https:\/\/ucanfast.com\/fr\/#website\"},\"datePublished\":\"2022-04-12T14:24:59+00:00\",\"dateModified\":\"2024-07-25T19:00:14+00:00\",\"description\":\"The UCAN Toggle Bolt is an ideal anchor for fastening into any hollow material. This fastener is manufactured from high quality zinc plated steel with wide bearing arms to create excellent load transfer on the back of the base material. The toggle bolt is available in diameters ranging from 1\/8\\\" to 3\/8\\\" and bolt lengths up to 6\\\". Its truss combination head style is suitable for Square socket or slot drivers. Toggle heads only are also available.\",\"breadcrumb\":{\"@id\":\"https:\/\/ucanfast.com\/fr\/nos-produits\/boulon-a-ailerons-depliables-ailerons-depliables-seuls\/#breadcrumb\"},\"inLanguage\":\"fr-FR\",\"potentialAction\":[{\"@type\":\"ReadAction\",\"target\":[\"https:\/\/ucanfast.com\/fr\/nos-produits\/boulon-a-ailerons-depliables-ailerons-depliables-seuls\/\"]}]},{\"@type\":\"BreadcrumbList\",\"@id\":\"https:\/\/ucanfast.com\/fr\/nos-produits\/boulon-a-ailerons-depliables-ailerons-depliables-seuls\/#breadcrumb\",\"itemListElement\":[{\"@type\":\"ListItem\",\"position\":1,\"name\":\"Accueil\",\"item\":\"https:\/\/ucanfast.com\/fr\/\"},{\"@type\":\"ListItem\",\"position\":2,\"name\":\"Nos Produits\",\"item\":\"https:\/\/ucanfast.com\/fr\/nos-produits\/\"},{\"@type\":\"ListItem\",\"position\":3,\"name\":\"Boulon \u00e0 ailerons d\u00e9pliables &#8211; Ailerons d\u00e9pliables seuls\"}]},{\"@type\":\"WebSite\",\"@id\":\"https:\/\/ucanfast.com\/fr\/#website\",\"url\":\"https:\/\/ucanfast.com\/fr\/\",\"name\":\"UCAN Fastening Products\",\"description\":\"BUILDING LASTING CONNECTIONS\",\"publisher\":{\"@id\":\"https:\/\/ucanfast.com\/fr\/#organization\"},\"potentialAction\":[{\"@type\":\"SearchAction\",\"target\":{\"@type\":\"EntryPoint\",\"urlTemplate\":\"https:\/\/ucanfast.com\/fr\/?s={search_term_string}\"},\"query-input\":\"required name=search_term_string\"}],\"inLanguage\":\"fr-FR\"},{\"@type\":\"Organization\",\"@id\":\"https:\/\/ucanfast.com\/fr\/#organization\",\"name\":\"UCAN Fastening Products\",\"url\":\"https:\/\/ucanfast.com\/fr\/\",\"logo\":{\"@type\":\"ImageObject\",\"inLanguage\":\"fr-FR\",\"@id\":\"https:\/\/ucanfast.com\/fr\/#\/schema\/logo\/image\/\",\"url\":\"https:\/\/ucanfast.com\/wp-content\/uploads\/2023\/01\/Screen_Shot_2023-01-25_at_12.15.04_PM.png\",\"contentUrl\":\"https:\/\/ucanfast.com\/wp-content\/uploads\/2023\/01\/Screen_Shot_2023-01-25_at_12.15.04_PM.png\",\"width\":350,\"height\":192,\"caption\":\"UCAN Fastening Products\"},\"image\":{\"@id\":\"https:\/\/ucanfast.com\/fr\/#\/schema\/logo\/image\/\"},\"sameAs\":[\"https:\/\/ca.linkedin.com\/company\/ucan-fastening-products\"]}]}<\/script>\n<!-- \/ Yoast SEO plugin. -->","yoast_head_json":{"title":"Boulon \u00e0 ailerons d\u00e9pliables - Ailerons d\u00e9pliables seuls - UCAN - Fastening Products","description":"The UCAN Toggle Bolt is an ideal anchor for fastening into any hollow material. This fastener is manufactured from high quality zinc plated steel with wide bearing arms to create excellent load transfer on the back of the base material. The toggle bolt is available in diameters ranging from 1\/8\" to 3\/8\" and bolt lengths up to 6\". Its truss combination head style is suitable for Square socket or slot drivers. Toggle heads only are also available.","robots":{"index":"noindex","follow":"follow"},"og_locale":"fr_FR","og_type":"article","og_title":"Boulon \u00e0 ailerons d\u00e9pliables - Ailerons d\u00e9pliables seuls - UCAN - Fastening Products","og_description":"The UCAN Toggle Bolt is an ideal anchor for fastening into any hollow material. This fastener is manufactured from high quality zinc plated steel with wide bearing arms to create excellent load transfer on the back of the base material. The toggle bolt is available in diameters ranging from 1\/8\" to 3\/8\" and bolt lengths up to 6\". Its truss combination head style is suitable for Square socket or slot drivers. Toggle heads only are also available.","og_url":"https:\/\/ucanfast.com\/fr\/nos-produits\/boulon-a-ailerons-depliables-ailerons-depliables-seuls\/","og_site_name":"UCAN - Fastening Products","article_modified_time":"2024-07-25T19:00:14+00:00","og_image":[{"width":2560,"height":882,"url":"https:\/\/ucanfast.com\/wp-content\/uploads\/2022\/04\/TOG-HEAD-scaled.jpg","type":"image\/jpeg"}],"twitter_card":"summary_large_image","twitter_misc":{"Dur\u00e9e de lecture estim\u00e9e":"2 minutes"},"schema":{"@context":"https:\/\/schema.org","@graph":[{"@type":"WebPage","@id":"https:\/\/ucanfast.com\/fr\/nos-produits\/boulon-a-ailerons-depliables-ailerons-depliables-seuls\/","url":"https:\/\/ucanfast.com\/fr\/nos-produits\/boulon-a-ailerons-depliables-ailerons-depliables-seuls\/","name":"Boulon \u00e0 ailerons d\u00e9pliables - Ailerons d\u00e9pliables seuls - UCAN - Fastening Products","isPartOf":{"@id":"https:\/\/ucanfast.com\/fr\/#website"},"datePublished":"2022-04-12T14:24:59+00:00","dateModified":"2024-07-25T19:00:14+00:00","description":"The UCAN Toggle Bolt is an ideal anchor for fastening into any hollow material. This fastener is manufactured from high quality zinc plated steel with wide bearing arms to create excellent load transfer on the back of the base material. The toggle bolt is available in diameters ranging from 1\/8\" to 3\/8\" and bolt lengths up to 6\". Its truss combination head style is suitable for Square socket or slot drivers. Toggle heads only are also available.","breadcrumb":{"@id":"https:\/\/ucanfast.com\/fr\/nos-produits\/boulon-a-ailerons-depliables-ailerons-depliables-seuls\/#breadcrumb"},"inLanguage":"fr-FR","potentialAction":[{"@type":"ReadAction","target":["https:\/\/ucanfast.com\/fr\/nos-produits\/boulon-a-ailerons-depliables-ailerons-depliables-seuls\/"]}]},{"@type":"BreadcrumbList","@id":"https:\/\/ucanfast.com\/fr\/nos-produits\/boulon-a-ailerons-depliables-ailerons-depliables-seuls\/#breadcrumb","itemListElement":[{"@type":"ListItem","position":1,"name":"Accueil","item":"https:\/\/ucanfast.com\/fr\/"},{"@type":"ListItem","position":2,"name":"Nos Produits","item":"https:\/\/ucanfast.com\/fr\/nos-produits\/"},{"@type":"ListItem","position":3,"name":"Boulon \u00e0 ailerons d\u00e9pliables &#8211; Ailerons d\u00e9pliables seuls"}]},{"@type":"WebSite","@id":"https:\/\/ucanfast.com\/fr\/#website","url":"https:\/\/ucanfast.com\/fr\/","name":"UCAN Fastening Products","description":"BUILDING LASTING CONNECTIONS","publisher":{"@id":"https:\/\/ucanfast.com\/fr\/#organization"},"potentialAction":[{"@type":"SearchAction","target":{"@type":"EntryPoint","urlTemplate":"https:\/\/ucanfast.com\/fr\/?s={search_term_string}"},"query-input":"required name=search_term_string"}],"inLanguage":"fr-FR"},{"@type":"Organization","@id":"https:\/\/ucanfast.com\/fr\/#organization","name":"UCAN Fastening Products","url":"https:\/\/ucanfast.com\/fr\/","logo":{"@type":"ImageObject","inLanguage":"fr-FR","@id":"https:\/\/ucanfast.com\/fr\/#\/schema\/logo\/image\/","url":"https:\/\/ucanfast.com\/wp-content\/uploads\/2023\/01\/Screen_Shot_2023-01-25_at_12.15.04_PM.png","contentUrl":"https:\/\/ucanfast.com\/wp-content\/uploads\/2023\/01\/Screen_Shot_2023-01-25_at_12.15.04_PM.png","width":350,"height":192,"caption":"UCAN Fastening Products"},"image":{"@id":"https:\/\/ucanfast.com\/fr\/#\/schema\/logo\/image\/"},"sameAs":["https:\/\/ca.linkedin.com\/company\/ucan-fastening-products"]}]}},"_links":{"self":[{"href":"https:\/\/ucanfast.com\/fr\/wp-json\/wp\/v2\/product\/11081"}],"collection":[{"href":"https:\/\/ucanfast.com\/fr\/wp-json\/wp\/v2\/product"}],"about":[{"href":"https:\/\/ucanfast.com\/fr\/wp-json\/wp\/v2\/types\/product"}],"replies":[{"embeddable":true,"href":"https:\/\/ucanfast.com\/fr\/wp-json\/wp\/v2\/comments?post=11081"}],"wp:featuredmedia":[{"embeddable":true,"href":"https:\/\/ucanfast.com\/fr\/wp-json\/wp\/v2\/media\/13118"}],"wp:attachment":[{"href":"https:\/\/ucanfast.com\/fr\/wp-json\/wp\/v2\/media?parent=11081"}],"wp:term":[{"taxonomy":"product_cat","embeddable":true,"href":"https:\/\/ucanfast.com\/fr\/wp-json\/wp\/v2\/product_cat?post=11081"},{"taxonomy":"product_tag","embeddable":true,"href":"https:\/\/ucanfast.com\/fr\/wp-json\/wp\/v2\/product_tag?post=11081"},{"taxonomy":"Group","embeddable":true,"href":"https:\/\/ucanfast.com\/fr\/wp-json\/wp\/v2\/Group?post=11081"}],"curies":[{"name":"wp","href":"https:\/\/api.w.org\/{rel}","templated":true}]}}