{"id":10979,"date":"2022-07-01T11:59:08","date_gmt":"2022-07-01T15:59:08","guid":{"rendered":"https:\/\/ucanstage.wpengine.com\/product\/nylon-drive-screw-anchors-round-head-square-socket-drive-screw\/"},"modified":"2024-07-25T11:15:15","modified_gmt":"2024-07-25T15:15:15","slug":"ancrage-de-nylon-a-vis-vis-a-tete-ronde-a-prise-carree","status":"publish","type":"product","link":"https:\/\/ucanfast.com\/fr\/nos-produits\/ancrage-de-nylon-a-vis-vis-a-tete-ronde-a-prise-carree\/","title":{"rendered":"Ancrage de nylon \u00e0 vis &#8211; Vis \u00e0 t\u00eate ronde \u00e0 prise carr\u00e9e"},"content":{"rendered":"<p>Les ancrages de nylon \u00e0 vis de UCAN sont faits de Nylon-6 r\u00e9sistant et durable et sont munis d\u2019une vis zingu\u00e9e ou d\u2019acier inoxydable \u00e0 prise Phillips ou Robertson. La t\u00eate renforc\u00e9e maintient le dispositif fermement en place. Ces ancrages sont ad\u00e9quats pour tous les types de ma\u00e7onnerie et produits de b\u00e9ton.<\/p>\n<h5>CARACT\u00c9RISTIQUES<\/h5>\n<ul>\n<li>Ancrages pr\u00eats \u00e0 utiliser pour fixations fermes<\/li>\n<li>Expansion par impact de marteau<\/li>\n<li>Amovible avec tournevis<\/li>\n<li>\u00c9cologique, sans cadmium<\/li>\n<li>\u00c9paulement de vis renforc\u00e9 qui s\u2019accroche fermement \u00e0 l\u2019embouchure du corps de nylon<\/li>\n<\/ul>\n<h5>APPLICATIONS TYPIQUES :<\/h5>\n<ul>\n<li>Attaches de conduites<\/li>\n<li>Bo\u00eetiers \u00e9lectriques<\/li>\n<li>Jonction de briques<\/li>\n<li>Solins d\u2019\u00e9difices<\/li>\n<li>Formes inclin\u00e9es vers le haut<\/li>\n<li>Sous-poutres de bois<\/li>\n<li>Rails sup\u00e9rieur pour panneaux de gypse<\/li>\n<\/ul>\n<div class=\"partstabletitle\">\n<h5>VIS \u00c0 T\u00caTE RONDE \u00c0 PRISE CARR\u00c9E<\/h5>\n<\/div>\n<div class=\"partstabletitleimage\"><img decoding=\"async\" loading=\"lazy\" class=\"alignnone size-medium wp-image-11711\" src=\"https:\/\/ucanfast.com\/wp-content\/uploads\/2022\/07\/ROUND-HEAD-SQUARE-SOCKET-DRIVE-SCREW-300x69.jpg\" alt=\"\" width=\"300\" height=\"69\" srcset=\"https:\/\/ucanfast.com\/wp-content\/uploads\/2022\/07\/ROUND-HEAD-SQUARE-SOCKET-DRIVE-SCREW-300x69.jpg 300w, https:\/\/ucanfast.com\/wp-content\/uploads\/2022\/07\/ROUND-HEAD-SQUARE-SOCKET-DRIVE-SCREW-150x35.jpg 150w, https:\/\/ucanfast.com\/wp-content\/uploads\/2022\/07\/ROUND-HEAD-SQUARE-SOCKET-DRIVE-SCREW-100x23.jpg 100w, https:\/\/ucanfast.com\/wp-content\/uploads\/2022\/07\/ROUND-HEAD-SQUARE-SOCKET-DRIVE-SCREW.jpg 416w\" sizes=\"(max-width: 300px) 100vw, 300px\" \/><\/div>\n<div>\n<table class=\"detailpartstable\" style=\"height: 54px;\" border=\"0\" width=\"850\" cellspacing=\"0\" cellpadding=\"0\">\n<tbody>\n<tr class=\"headers\">\n<td><strong>N\u00ba de pi\u00e8ce<\/strong><\/td>\n<td><strong>Dia. de<br \/>per\u00e7age (mm)<\/strong><\/td>\n<td><strong>Longueur<br \/>(mm)<\/strong><\/td>\n<td><strong>Agrippe<br \/>jusqu\u2019\u00e0 (mm)<\/strong><\/td>\n<td><strong>Qt\u00e9 par<br \/>paquet<\/strong><\/td>\n<td><strong>Qt\u00e9 par<br \/>caisse<\/strong><\/td>\n<td><strong>Poids de<br \/>la caisse<\/strong><\/td>\n<td><strong>Taille de la caisse<\/strong><\/td>\n<\/tr>\n<tr>\n<td>MNA 635R<\/td>\n<td>6<\/td>\n<td>40<\/td>\n<td>15<\/td>\n<td>100<\/td>\n<td>2400<\/td>\n<td>22 lbs<\/td>\n<td>11-1\/2&#8243; x 12&#8243; x 10-1\/4&#8243;<\/td>\n<\/tr>\n<\/tbody>\n<\/table>\n<p>&nbsp;<\/p>\n<table class=\"detailpartstable\" border=\"0\" cellspacing=\"0\" cellpadding=\"0\">\n<tbody>\n<tr class=\"headers\">\n<td>Remarque:<\/td>\n<\/tr>\n<tr class=\"instock\">\n<td>Toujours percer les trous 6 mm plus profonds que l\u2019encastrement.<\/td>\n<\/tr>\n<\/tbody>\n<\/table>\n<\/div>\n","protected":false},"excerpt":{"rendered":"<p>Les ancrages de nylon \u00e0 vis de UCAN sont faits de Nylon-6 r\u00e9sistant et durable et sont munis d\u2019une vis zingu\u00e9e ou d\u2019acier inoxydable \u00e0 prise Phillips ou Robertson. La t\u00eate renforc\u00e9e maintient le dispositif fermement en place. Ces ancrages sont ad\u00e9quats pour tous les types de ma\u00e7onnerie et produits de b\u00e9ton.<\/p>\n","protected":false},"featured_media":5419,"comment_status":"open","ping_status":"closed","template":"","meta":[],"product_cat":[1562,1600],"product_tag":[],"Group":[],"acf":[],"yoast_head":"<!-- This site is optimized with the Yoast SEO plugin v20.11 - https:\/\/yoast.com\/wordpress\/plugins\/seo\/ -->\n<title>Ancrage de nylon \u00e0 vis - Vis \u00e0 t\u00eate ronde \u00e0 prise carr\u00e9e - UCAN - Fastening Products<\/title>\n<meta name=\"description\" content=\"They are used to resist static, wind and seismic tension and shear loads in cracked and uncracked normal weight concrete\" \/>\n<meta name=\"robots\" content=\"noindex, follow\" \/>\n<meta property=\"og:locale\" content=\"fr_FR\" \/>\n<meta property=\"og:type\" content=\"article\" \/>\n<meta property=\"og:title\" content=\"Ancrage de nylon \u00e0 vis - Vis \u00e0 t\u00eate ronde \u00e0 prise carr\u00e9e - UCAN - Fastening Products\" \/>\n<meta property=\"og:description\" content=\"They are used to resist static, wind and seismic tension and shear loads in cracked and uncracked normal weight concrete\" \/>\n<meta property=\"og:url\" content=\"https:\/\/ucanfast.com\/fr\/nos-produits\/ancrage-de-nylon-a-vis-vis-a-tete-ronde-a-prise-carree\/\" \/>\n<meta property=\"og:site_name\" content=\"UCAN - Fastening Products\" \/>\n<meta property=\"article:modified_time\" content=\"2024-07-25T15:15:15+00:00\" \/>\n<meta property=\"og:image\" content=\"https:\/\/ucanfast.com\/wp-content\/uploads\/2022\/07\/MNA-nylon-drive-screw-scaled.jpg\" \/>\n\t<meta property=\"og:image:width\" content=\"2560\" \/>\n\t<meta property=\"og:image:height\" content=\"491\" \/>\n\t<meta property=\"og:image:type\" content=\"image\/jpeg\" \/>\n<meta name=\"twitter:card\" content=\"summary_large_image\" \/>\n<meta name=\"twitter:label1\" content=\"Dur\u00e9e de lecture estim\u00e9e\" \/>\n\t<meta name=\"twitter:data1\" content=\"1 minute\" \/>\n<script type=\"application\/ld+json\" class=\"yoast-schema-graph\">{\"@context\":\"https:\/\/schema.org\",\"@graph\":[{\"@type\":\"WebPage\",\"@id\":\"https:\/\/ucanfast.com\/fr\/nos-produits\/ancrage-de-nylon-a-vis-vis-a-tete-ronde-a-prise-carree\/\",\"url\":\"https:\/\/ucanfast.com\/fr\/nos-produits\/ancrage-de-nylon-a-vis-vis-a-tete-ronde-a-prise-carree\/\",\"name\":\"Ancrage de nylon \u00e0 vis - Vis \u00e0 t\u00eate ronde \u00e0 prise carr\u00e9e - UCAN - Fastening Products\",\"isPartOf\":{\"@id\":\"https:\/\/ucanfast.com\/fr\/#website\"},\"datePublished\":\"2022-07-01T15:59:08+00:00\",\"dateModified\":\"2024-07-25T15:15:15+00:00\",\"description\":\"They are used to resist static, wind and seismic tension and shear loads in cracked and uncracked normal weight concrete\",\"breadcrumb\":{\"@id\":\"https:\/\/ucanfast.com\/fr\/nos-produits\/ancrage-de-nylon-a-vis-vis-a-tete-ronde-a-prise-carree\/#breadcrumb\"},\"inLanguage\":\"fr-FR\",\"potentialAction\":[{\"@type\":\"ReadAction\",\"target\":[\"https:\/\/ucanfast.com\/fr\/nos-produits\/ancrage-de-nylon-a-vis-vis-a-tete-ronde-a-prise-carree\/\"]}]},{\"@type\":\"BreadcrumbList\",\"@id\":\"https:\/\/ucanfast.com\/fr\/nos-produits\/ancrage-de-nylon-a-vis-vis-a-tete-ronde-a-prise-carree\/#breadcrumb\",\"itemListElement\":[{\"@type\":\"ListItem\",\"position\":1,\"name\":\"Accueil\",\"item\":\"https:\/\/ucanfast.com\/fr\/\"},{\"@type\":\"ListItem\",\"position\":2,\"name\":\"Nos Produits\",\"item\":\"https:\/\/ucanfast.com\/fr\/nos-produits\/\"},{\"@type\":\"ListItem\",\"position\":3,\"name\":\"Ancrage de nylon \u00e0 vis &#8211; Vis \u00e0 t\u00eate ronde \u00e0 prise carr\u00e9e\"}]},{\"@type\":\"WebSite\",\"@id\":\"https:\/\/ucanfast.com\/fr\/#website\",\"url\":\"https:\/\/ucanfast.com\/fr\/\",\"name\":\"UCAN Fastening Products\",\"description\":\"BUILDING LASTING CONNECTIONS\",\"publisher\":{\"@id\":\"https:\/\/ucanfast.com\/fr\/#organization\"},\"potentialAction\":[{\"@type\":\"SearchAction\",\"target\":{\"@type\":\"EntryPoint\",\"urlTemplate\":\"https:\/\/ucanfast.com\/fr\/?s={search_term_string}\"},\"query-input\":\"required name=search_term_string\"}],\"inLanguage\":\"fr-FR\"},{\"@type\":\"Organization\",\"@id\":\"https:\/\/ucanfast.com\/fr\/#organization\",\"name\":\"UCAN Fastening Products\",\"url\":\"https:\/\/ucanfast.com\/fr\/\",\"logo\":{\"@type\":\"ImageObject\",\"inLanguage\":\"fr-FR\",\"@id\":\"https:\/\/ucanfast.com\/fr\/#\/schema\/logo\/image\/\",\"url\":\"https:\/\/ucanfast.com\/wp-content\/uploads\/2023\/01\/Screen_Shot_2023-01-25_at_12.15.04_PM.png\",\"contentUrl\":\"https:\/\/ucanfast.com\/wp-content\/uploads\/2023\/01\/Screen_Shot_2023-01-25_at_12.15.04_PM.png\",\"width\":350,\"height\":192,\"caption\":\"UCAN Fastening Products\"},\"image\":{\"@id\":\"https:\/\/ucanfast.com\/fr\/#\/schema\/logo\/image\/\"},\"sameAs\":[\"https:\/\/ca.linkedin.com\/company\/ucan-fastening-products\"]}]}<\/script>\n<!-- \/ Yoast SEO plugin. -->","yoast_head_json":{"title":"Ancrage de nylon \u00e0 vis - Vis \u00e0 t\u00eate ronde \u00e0 prise carr\u00e9e - UCAN - Fastening Products","description":"They are used to resist static, wind and seismic tension and shear loads in cracked and uncracked normal weight concrete","robots":{"index":"noindex","follow":"follow"},"og_locale":"fr_FR","og_type":"article","og_title":"Ancrage de nylon \u00e0 vis - Vis \u00e0 t\u00eate ronde \u00e0 prise carr\u00e9e - UCAN - Fastening Products","og_description":"They are used to resist static, wind and seismic tension and shear loads in cracked and uncracked normal weight concrete","og_url":"https:\/\/ucanfast.com\/fr\/nos-produits\/ancrage-de-nylon-a-vis-vis-a-tete-ronde-a-prise-carree\/","og_site_name":"UCAN - Fastening Products","article_modified_time":"2024-07-25T15:15:15+00:00","og_image":[{"width":2560,"height":491,"url":"https:\/\/ucanfast.com\/wp-content\/uploads\/2022\/07\/MNA-nylon-drive-screw-scaled.jpg","type":"image\/jpeg"}],"twitter_card":"summary_large_image","twitter_misc":{"Dur\u00e9e de lecture estim\u00e9e":"1 minute"},"schema":{"@context":"https:\/\/schema.org","@graph":[{"@type":"WebPage","@id":"https:\/\/ucanfast.com\/fr\/nos-produits\/ancrage-de-nylon-a-vis-vis-a-tete-ronde-a-prise-carree\/","url":"https:\/\/ucanfast.com\/fr\/nos-produits\/ancrage-de-nylon-a-vis-vis-a-tete-ronde-a-prise-carree\/","name":"Ancrage de nylon \u00e0 vis - Vis \u00e0 t\u00eate ronde \u00e0 prise carr\u00e9e - UCAN - Fastening Products","isPartOf":{"@id":"https:\/\/ucanfast.com\/fr\/#website"},"datePublished":"2022-07-01T15:59:08+00:00","dateModified":"2024-07-25T15:15:15+00:00","description":"They are used to resist static, wind and seismic tension and shear loads in cracked and uncracked normal weight concrete","breadcrumb":{"@id":"https:\/\/ucanfast.com\/fr\/nos-produits\/ancrage-de-nylon-a-vis-vis-a-tete-ronde-a-prise-carree\/#breadcrumb"},"inLanguage":"fr-FR","potentialAction":[{"@type":"ReadAction","target":["https:\/\/ucanfast.com\/fr\/nos-produits\/ancrage-de-nylon-a-vis-vis-a-tete-ronde-a-prise-carree\/"]}]},{"@type":"BreadcrumbList","@id":"https:\/\/ucanfast.com\/fr\/nos-produits\/ancrage-de-nylon-a-vis-vis-a-tete-ronde-a-prise-carree\/#breadcrumb","itemListElement":[{"@type":"ListItem","position":1,"name":"Accueil","item":"https:\/\/ucanfast.com\/fr\/"},{"@type":"ListItem","position":2,"name":"Nos Produits","item":"https:\/\/ucanfast.com\/fr\/nos-produits\/"},{"@type":"ListItem","position":3,"name":"Ancrage de nylon \u00e0 vis &#8211; Vis \u00e0 t\u00eate ronde \u00e0 prise carr\u00e9e"}]},{"@type":"WebSite","@id":"https:\/\/ucanfast.com\/fr\/#website","url":"https:\/\/ucanfast.com\/fr\/","name":"UCAN Fastening Products","description":"BUILDING LASTING CONNECTIONS","publisher":{"@id":"https:\/\/ucanfast.com\/fr\/#organization"},"potentialAction":[{"@type":"SearchAction","target":{"@type":"EntryPoint","urlTemplate":"https:\/\/ucanfast.com\/fr\/?s={search_term_string}"},"query-input":"required name=search_term_string"}],"inLanguage":"fr-FR"},{"@type":"Organization","@id":"https:\/\/ucanfast.com\/fr\/#organization","name":"UCAN Fastening Products","url":"https:\/\/ucanfast.com\/fr\/","logo":{"@type":"ImageObject","inLanguage":"fr-FR","@id":"https:\/\/ucanfast.com\/fr\/#\/schema\/logo\/image\/","url":"https:\/\/ucanfast.com\/wp-content\/uploads\/2023\/01\/Screen_Shot_2023-01-25_at_12.15.04_PM.png","contentUrl":"https:\/\/ucanfast.com\/wp-content\/uploads\/2023\/01\/Screen_Shot_2023-01-25_at_12.15.04_PM.png","width":350,"height":192,"caption":"UCAN Fastening Products"},"image":{"@id":"https:\/\/ucanfast.com\/fr\/#\/schema\/logo\/image\/"},"sameAs":["https:\/\/ca.linkedin.com\/company\/ucan-fastening-products"]}]}},"_links":{"self":[{"href":"https:\/\/ucanfast.com\/fr\/wp-json\/wp\/v2\/product\/10979"}],"collection":[{"href":"https:\/\/ucanfast.com\/fr\/wp-json\/wp\/v2\/product"}],"about":[{"href":"https:\/\/ucanfast.com\/fr\/wp-json\/wp\/v2\/types\/product"}],"replies":[{"embeddable":true,"href":"https:\/\/ucanfast.com\/fr\/wp-json\/wp\/v2\/comments?post=10979"}],"wp:featuredmedia":[{"embeddable":true,"href":"https:\/\/ucanfast.com\/fr\/wp-json\/wp\/v2\/media\/5419"}],"wp:attachment":[{"href":"https:\/\/ucanfast.com\/fr\/wp-json\/wp\/v2\/media?parent=10979"}],"wp:term":[{"taxonomy":"product_cat","embeddable":true,"href":"https:\/\/ucanfast.com\/fr\/wp-json\/wp\/v2\/product_cat?post=10979"},{"taxonomy":"product_tag","embeddable":true,"href":"https:\/\/ucanfast.com\/fr\/wp-json\/wp\/v2\/product_tag?post=10979"},{"taxonomy":"Group","embeddable":true,"href":"https:\/\/ucanfast.com\/fr\/wp-json\/wp\/v2\/Group?post=10979"}],"curies":[{"name":"wp","href":"https:\/\/api.w.org\/{rel}","templated":true}]}}