{"id":10946,"date":"2022-07-01T12:10:08","date_gmt":"2022-07-01T16:10:08","guid":{"rendered":"https:\/\/ucanstage.wpengine.com\/product\/zamac-pin-bolts-with-stainless-steel-nail\/"},"modified":"2024-07-23T14:37:56","modified_gmt":"2024-07-23T18:37:56","slug":"ancrage-en-zamac-a-cheville-avec-clou-en-acier-inoxydable","status":"publish","type":"product","link":"https:\/\/ucanfast.com\/fr\/nos-produits\/ancrage-en-zamac-a-cheville-avec-clou-en-acier-inoxydable\/","title":{"rendered":"Ancrage en zamac \u00e0 cheville &#8211; Avec clou en acier inoxydable"},"content":{"rendered":"<p>L\u2019ergot Zamac de UCAN est un ancrage inviolable pour service l\u00e9ger dot\u00e9 d\u2019une cheville zingu\u00e9e ou d\u2019une cheville en acier inoxydable pr\u00e9-assembl\u00e9e avec un corps fabriqu\u00e9 \u00e0 partir d\u2019un alliage de zinc\/aluminium r\u00e9sistant \u00e0 la corrosion. Ils sont id\u00e9aux pour tous les mat\u00e9riaux de ma\u00e7onnerie y compris le b\u00e9ton, les blocs creux, la brique et le b\u00e9ton pr\u00e9fabriqu\u00e9.<\/p>\n<h5>CARACT\u00c9RISTIQUES<\/h5>\n<ul>\n<li>Inviolable<\/li>\n<li>Monopi\u00e8ce<\/li>\n<li>Dimension d\u2019ancrage de m\u00eame dimension que le trou<\/li>\n<li>Fixation pleine longueur<\/li>\n<li>R\u00e9sistant \u00e0 la corrosion<\/li>\n<li>Disponible avec clou en acier inoxydable<\/li>\n<\/ul>\n<h5>APPLICATIONS TYPIQUES :<\/h5>\n<ul>\n<li>Solins de b\u00e2timents<\/li>\n<li>Jonction de briques<\/li>\n<li>Goujons muraux<\/li>\n<li>Enseignes et autres appareils l\u00e9gers<\/li>\n<li>Bandes attache pour canalisations CVC<\/li>\n<li>Attaches de conduites<\/li>\n<\/ul>\n<div class=\"partstabletitle\">\n<h5>AVEC CLOU EN ACIER INOXYDABLE<\/h5>\n<\/div>\n<div class=\"partstabletitle\">\n<table class=\"detailpartstable\" style=\"height: 135px;\" border=\"0\" width=\"850\" cellspacing=\"0\" cellpadding=\"0\">\n<tbody>\n<tr class=\"headers\">\n<td><strong>N\u00ba de pi\u00e8ce<\/strong><\/td>\n<td><strong>Dimension<\/strong><\/td>\n<td><strong>Qt\u00e9 par<br \/>paquet<\/strong><\/td>\n<td><strong>Qt\u00e9 par<br \/>caisse<\/strong><\/td>\n<td><strong>Poids de<br \/>la caisse<\/strong><\/td>\n<td><strong>Taille de la caisse<\/strong><\/td>\n<\/tr>\n<tr>\n<td>ZAM 141SS<\/td>\n<td>1\/4&#8243; x 1&#8243;<\/td>\n<td>100<\/td>\n<td>1,000<\/td>\n<td>19 lbs<\/td>\n<td>15-1\/2&#8243; x 7-1\/2&#8243; x 5&#8243;<\/td>\n<\/tr>\n<tr>\n<td>ZAM 14114SS<\/td>\n<td>1\/4&#8243; x 1-1\/4&#8243;<\/td>\n<td>100<\/td>\n<td>1,000<\/td>\n<td>21 lbs<\/td>\n<td>15-1\/2&#8243; x 7-1\/2&#8243; x 5&#8243;<\/td>\n<\/tr>\n<tr>\n<td>ZAM 14112SS<\/td>\n<td>1\/4&#8243; x 1-1\/2&#8243;<\/td>\n<td>100<\/td>\n<td>1,000<\/td>\n<td>25 lbs<\/td>\n<td>19&#8243; x 9&#8243; x 5-1\/2&#8243;<\/td>\n<\/tr>\n<tr>\n<td>ZAM 142SS<\/td>\n<td>1\/4&#8243; x 2&#8243;<\/td>\n<td>100<\/td>\n<td>1,000<\/td>\n<td>30 lbs<\/td>\n<td>19&#8243; x 9&#8243; x 5-1\/2&#8243;<\/td>\n<\/tr>\n<\/tbody>\n<\/table>\n<\/div>\n","protected":false},"excerpt":{"rendered":"<p>L\u2019ergot Zamac de UCAN est un ancrage inviolable pour service l\u00e9ger dot\u00e9 d\u2019une cheville zingu\u00e9e ou d\u2019une cheville en acier inoxydable pr\u00e9-assembl\u00e9e avec un corps fabriqu\u00e9 \u00e0 partir d\u2019un alliage de zinc\/aluminium r\u00e9sistant \u00e0 la corrosion. Ils sont id\u00e9aux pour tous les mat\u00e9riaux de ma\u00e7onnerie y compris le b\u00e9ton, les blocs creux, la brique et le b\u00e9ton pr\u00e9fabriqu\u00e9.<\/p>\n","protected":false},"featured_media":5412,"comment_status":"open","ping_status":"closed","template":"","meta":[],"product_cat":[1562,1590,1591],"product_tag":[],"Group":[],"acf":[],"yoast_head":"<!-- This site is optimized with the Yoast SEO plugin v20.11 - https:\/\/yoast.com\/wordpress\/plugins\/seo\/ -->\n<title>Ancrage en zamac \u00e0 cheville - Avec clou en acier inoxydable - UCAN - Fastening Products<\/title>\n<meta name=\"description\" content=\"It&#039;s light duty, tamperproof anchor which has a zinc plated or stainless steel pin preassembled with a body made from a corrosion resistant zinc\/aluminum alloy\" \/>\n<meta name=\"robots\" content=\"noindex, follow\" \/>\n<meta property=\"og:locale\" content=\"fr_FR\" \/>\n<meta property=\"og:type\" content=\"article\" \/>\n<meta property=\"og:title\" content=\"Ancrage en zamac \u00e0 cheville - Avec clou en acier inoxydable - UCAN - Fastening Products\" \/>\n<meta property=\"og:description\" content=\"It&#039;s light duty, tamperproof anchor which has a zinc plated or stainless steel pin preassembled with a body made from a corrosion resistant zinc\/aluminum alloy\" \/>\n<meta property=\"og:url\" content=\"https:\/\/ucanfast.com\/fr\/nos-produits\/ancrage-en-zamac-a-cheville-avec-clou-en-acier-inoxydable\/\" \/>\n<meta property=\"og:site_name\" content=\"UCAN - Fastening Products\" \/>\n<meta property=\"article:modified_time\" content=\"2024-07-23T18:37:56+00:00\" \/>\n<meta property=\"og:image\" content=\"https:\/\/ucanfast.com\/wp-content\/uploads\/2022\/07\/ZAM-Zamac-pin-bolt-scaled.jpg\" \/>\n\t<meta property=\"og:image:width\" content=\"2560\" \/>\n\t<meta property=\"og:image:height\" content=\"540\" \/>\n\t<meta property=\"og:image:type\" content=\"image\/jpeg\" \/>\n<meta name=\"twitter:card\" content=\"summary_large_image\" \/>\n<meta name=\"twitter:label1\" content=\"Dur\u00e9e de lecture estim\u00e9e\" \/>\n\t<meta name=\"twitter:data1\" content=\"1 minute\" \/>\n<script type=\"application\/ld+json\" class=\"yoast-schema-graph\">{\"@context\":\"https:\/\/schema.org\",\"@graph\":[{\"@type\":\"WebPage\",\"@id\":\"https:\/\/ucanfast.com\/fr\/nos-produits\/ancrage-en-zamac-a-cheville-avec-clou-en-acier-inoxydable\/\",\"url\":\"https:\/\/ucanfast.com\/fr\/nos-produits\/ancrage-en-zamac-a-cheville-avec-clou-en-acier-inoxydable\/\",\"name\":\"Ancrage en zamac \u00e0 cheville - Avec clou en acier inoxydable - UCAN - Fastening Products\",\"isPartOf\":{\"@id\":\"https:\/\/ucanfast.com\/fr\/#website\"},\"datePublished\":\"2022-07-01T16:10:08+00:00\",\"dateModified\":\"2024-07-23T18:37:56+00:00\",\"description\":\"It's light duty, tamperproof anchor which has a zinc plated or stainless steel pin preassembled with a body made from a corrosion resistant zinc\/aluminum alloy\",\"breadcrumb\":{\"@id\":\"https:\/\/ucanfast.com\/fr\/nos-produits\/ancrage-en-zamac-a-cheville-avec-clou-en-acier-inoxydable\/#breadcrumb\"},\"inLanguage\":\"fr-FR\",\"potentialAction\":[{\"@type\":\"ReadAction\",\"target\":[\"https:\/\/ucanfast.com\/fr\/nos-produits\/ancrage-en-zamac-a-cheville-avec-clou-en-acier-inoxydable\/\"]}]},{\"@type\":\"BreadcrumbList\",\"@id\":\"https:\/\/ucanfast.com\/fr\/nos-produits\/ancrage-en-zamac-a-cheville-avec-clou-en-acier-inoxydable\/#breadcrumb\",\"itemListElement\":[{\"@type\":\"ListItem\",\"position\":1,\"name\":\"Accueil\",\"item\":\"https:\/\/ucanfast.com\/fr\/\"},{\"@type\":\"ListItem\",\"position\":2,\"name\":\"Nos Produits\",\"item\":\"https:\/\/ucanfast.com\/fr\/nos-produits\/\"},{\"@type\":\"ListItem\",\"position\":3,\"name\":\"Ancrage en zamac \u00e0 cheville &#8211; Avec clou en acier inoxydable\"}]},{\"@type\":\"WebSite\",\"@id\":\"https:\/\/ucanfast.com\/fr\/#website\",\"url\":\"https:\/\/ucanfast.com\/fr\/\",\"name\":\"UCAN Fastening Products\",\"description\":\"BUILDING LASTING CONNECTIONS\",\"publisher\":{\"@id\":\"https:\/\/ucanfast.com\/fr\/#organization\"},\"potentialAction\":[{\"@type\":\"SearchAction\",\"target\":{\"@type\":\"EntryPoint\",\"urlTemplate\":\"https:\/\/ucanfast.com\/fr\/?s={search_term_string}\"},\"query-input\":\"required name=search_term_string\"}],\"inLanguage\":\"fr-FR\"},{\"@type\":\"Organization\",\"@id\":\"https:\/\/ucanfast.com\/fr\/#organization\",\"name\":\"UCAN Fastening Products\",\"url\":\"https:\/\/ucanfast.com\/fr\/\",\"logo\":{\"@type\":\"ImageObject\",\"inLanguage\":\"fr-FR\",\"@id\":\"https:\/\/ucanfast.com\/fr\/#\/schema\/logo\/image\/\",\"url\":\"https:\/\/ucanfast.com\/wp-content\/uploads\/2023\/01\/Screen_Shot_2023-01-25_at_12.15.04_PM.png\",\"contentUrl\":\"https:\/\/ucanfast.com\/wp-content\/uploads\/2023\/01\/Screen_Shot_2023-01-25_at_12.15.04_PM.png\",\"width\":350,\"height\":192,\"caption\":\"UCAN Fastening Products\"},\"image\":{\"@id\":\"https:\/\/ucanfast.com\/fr\/#\/schema\/logo\/image\/\"},\"sameAs\":[\"https:\/\/ca.linkedin.com\/company\/ucan-fastening-products\"]}]}<\/script>\n<!-- \/ Yoast SEO plugin. -->","yoast_head_json":{"title":"Ancrage en zamac \u00e0 cheville - Avec clou en acier inoxydable - UCAN - Fastening Products","description":"It's light duty, tamperproof anchor which has a zinc plated or stainless steel pin preassembled with a body made from a corrosion resistant zinc\/aluminum alloy","robots":{"index":"noindex","follow":"follow"},"og_locale":"fr_FR","og_type":"article","og_title":"Ancrage en zamac \u00e0 cheville - Avec clou en acier inoxydable - UCAN - Fastening Products","og_description":"It's light duty, tamperproof anchor which has a zinc plated or stainless steel pin preassembled with a body made from a corrosion resistant zinc\/aluminum alloy","og_url":"https:\/\/ucanfast.com\/fr\/nos-produits\/ancrage-en-zamac-a-cheville-avec-clou-en-acier-inoxydable\/","og_site_name":"UCAN - Fastening Products","article_modified_time":"2024-07-23T18:37:56+00:00","og_image":[{"width":2560,"height":540,"url":"https:\/\/ucanfast.com\/wp-content\/uploads\/2022\/07\/ZAM-Zamac-pin-bolt-scaled.jpg","type":"image\/jpeg"}],"twitter_card":"summary_large_image","twitter_misc":{"Dur\u00e9e de lecture estim\u00e9e":"1 minute"},"schema":{"@context":"https:\/\/schema.org","@graph":[{"@type":"WebPage","@id":"https:\/\/ucanfast.com\/fr\/nos-produits\/ancrage-en-zamac-a-cheville-avec-clou-en-acier-inoxydable\/","url":"https:\/\/ucanfast.com\/fr\/nos-produits\/ancrage-en-zamac-a-cheville-avec-clou-en-acier-inoxydable\/","name":"Ancrage en zamac \u00e0 cheville - Avec clou en acier inoxydable - UCAN - Fastening Products","isPartOf":{"@id":"https:\/\/ucanfast.com\/fr\/#website"},"datePublished":"2022-07-01T16:10:08+00:00","dateModified":"2024-07-23T18:37:56+00:00","description":"It's light duty, tamperproof anchor which has a zinc plated or stainless steel pin preassembled with a body made from a corrosion resistant zinc\/aluminum alloy","breadcrumb":{"@id":"https:\/\/ucanfast.com\/fr\/nos-produits\/ancrage-en-zamac-a-cheville-avec-clou-en-acier-inoxydable\/#breadcrumb"},"inLanguage":"fr-FR","potentialAction":[{"@type":"ReadAction","target":["https:\/\/ucanfast.com\/fr\/nos-produits\/ancrage-en-zamac-a-cheville-avec-clou-en-acier-inoxydable\/"]}]},{"@type":"BreadcrumbList","@id":"https:\/\/ucanfast.com\/fr\/nos-produits\/ancrage-en-zamac-a-cheville-avec-clou-en-acier-inoxydable\/#breadcrumb","itemListElement":[{"@type":"ListItem","position":1,"name":"Accueil","item":"https:\/\/ucanfast.com\/fr\/"},{"@type":"ListItem","position":2,"name":"Nos Produits","item":"https:\/\/ucanfast.com\/fr\/nos-produits\/"},{"@type":"ListItem","position":3,"name":"Ancrage en zamac \u00e0 cheville &#8211; Avec clou en acier inoxydable"}]},{"@type":"WebSite","@id":"https:\/\/ucanfast.com\/fr\/#website","url":"https:\/\/ucanfast.com\/fr\/","name":"UCAN Fastening Products","description":"BUILDING LASTING CONNECTIONS","publisher":{"@id":"https:\/\/ucanfast.com\/fr\/#organization"},"potentialAction":[{"@type":"SearchAction","target":{"@type":"EntryPoint","urlTemplate":"https:\/\/ucanfast.com\/fr\/?s={search_term_string}"},"query-input":"required name=search_term_string"}],"inLanguage":"fr-FR"},{"@type":"Organization","@id":"https:\/\/ucanfast.com\/fr\/#organization","name":"UCAN Fastening Products","url":"https:\/\/ucanfast.com\/fr\/","logo":{"@type":"ImageObject","inLanguage":"fr-FR","@id":"https:\/\/ucanfast.com\/fr\/#\/schema\/logo\/image\/","url":"https:\/\/ucanfast.com\/wp-content\/uploads\/2023\/01\/Screen_Shot_2023-01-25_at_12.15.04_PM.png","contentUrl":"https:\/\/ucanfast.com\/wp-content\/uploads\/2023\/01\/Screen_Shot_2023-01-25_at_12.15.04_PM.png","width":350,"height":192,"caption":"UCAN Fastening Products"},"image":{"@id":"https:\/\/ucanfast.com\/fr\/#\/schema\/logo\/image\/"},"sameAs":["https:\/\/ca.linkedin.com\/company\/ucan-fastening-products"]}]}},"_links":{"self":[{"href":"https:\/\/ucanfast.com\/fr\/wp-json\/wp\/v2\/product\/10946"}],"collection":[{"href":"https:\/\/ucanfast.com\/fr\/wp-json\/wp\/v2\/product"}],"about":[{"href":"https:\/\/ucanfast.com\/fr\/wp-json\/wp\/v2\/types\/product"}],"replies":[{"embeddable":true,"href":"https:\/\/ucanfast.com\/fr\/wp-json\/wp\/v2\/comments?post=10946"}],"wp:featuredmedia":[{"embeddable":true,"href":"https:\/\/ucanfast.com\/fr\/wp-json\/wp\/v2\/media\/5412"}],"wp:attachment":[{"href":"https:\/\/ucanfast.com\/fr\/wp-json\/wp\/v2\/media?parent=10946"}],"wp:term":[{"taxonomy":"product_cat","embeddable":true,"href":"https:\/\/ucanfast.com\/fr\/wp-json\/wp\/v2\/product_cat?post=10946"},{"taxonomy":"product_tag","embeddable":true,"href":"https:\/\/ucanfast.com\/fr\/wp-json\/wp\/v2\/product_tag?post=10946"},{"taxonomy":"Group","embeddable":true,"href":"https:\/\/ucanfast.com\/fr\/wp-json\/wp\/v2\/Group?post=10946"}],"curies":[{"name":"wp","href":"https:\/\/api.w.org\/{rel}","templated":true}]}}