{"id":10917,"date":"2022-07-01T12:06:14","date_gmt":"2022-07-01T16:06:14","guid":{"rendered":"https:\/\/ucanstage.wpengine.com\/product\/u-drills-stainless-steel-410-hex-washer-head-ruspro-coated-bulk-packs\/"},"modified":"2024-08-21T14:46:25","modified_gmt":"2024-08-21T18:46:25","slug":"u-drills-acier-inoxydable-410-tete-a-embase-hexagonale-revetement-ruspro-carton-vrac","status":"publish","type":"product","link":"https:\/\/ucanfast.com\/fr\/nos-produits\/u-drills-acier-inoxydable-410-tete-a-embase-hexagonale-revetement-ruspro-carton-vrac\/","title":{"rendered":"U-DRILLS acier inoxydable (410) &#8211; T\u00eate \u00e0 embase hexagonale &#8211; Rev\u00eatement RUSPRO &#8211; Carton vrac"},"content":{"rendered":"<p>U-DRILLS<sup>MD<\/sup> acier inoxydable (410) &#8211; T\u00eate \u00e0 embase hexagonale &#8211; Rev\u00eatement RUSPRO<sup>MD<\/sup> &#8211; Carton vrac<\/p>\n<p class=\"productheading\">En acier inoxydable durci 410 avec <a href=\"https:\/\/ucanfast.com\/pdfs\/fr\/technicalinformation\/rusprocoating.pdf\">Rev\u00eatement <span class=\"productheading\">RUSPRO<sup>MD<\/sup><\/span><\/a><\/p>\n<div>\n<p class=\"productheading\"><span class=\"productheading\"><strong>\u00c9galement disponibles en emballage <a href=\"https:\/\/ucanfast.com\/fr\/nos-produits\/u-drills-acier-inoxydable-410-tete-a-embase-hexagonale-revetement-ruspro-pots\/\"><img decoding=\"async\" loading=\"lazy\" class=\"alignnone size-full wp-image-11622\" style=\"display: inline; margin-left: 10px;\" src=\"https:\/\/ucanfast.com\/wp-content\/uploads\/2022\/07\/SuperPax.jpg\" alt=\"\" width=\"80\" height=\"49\" \/><\/a><\/strong><\/span><\/p>\n<\/div>\n<div class=\"partstabletitle\">\n<h5>T\u00caTE HEXAGONALE EN ACIER INOXYDABLE<\/h5>\n<\/div>\n<div>\n<table class=\"detailpartstable\" style=\"height: 393px;\" border=\"0\" width=\"626\" cellspacing=\"0\" cellpadding=\"0\">\n<tbody>\n<tr class=\"headers\">\n<td><strong>N\u00ba de pi\u00e8ce<\/strong><\/td>\n<td><strong>Dimension<\/strong><\/td>\n<td><strong>Pointe<\/strong><\/td>\n<td><strong>Capacit\u00e9 de per\u00e7age<\/strong><\/td>\n<td><strong>Qt\u00e9 par caisse<\/strong><\/td>\n<\/tr>\n<tr>\n<td>TRH 812BSS<\/td>\n<td>8-18 x 1\/2 po<\/td>\n<td>2<\/td>\n<td>.100\/12 ga<\/td>\n<td>10,000<\/td>\n<\/tr>\n<tr>\n<td>TRH 1034BSS<\/td>\n<td>10-16 x 3\/4 po<\/td>\n<td>3<\/td>\n<td>.175\/7 ga<\/td>\n<td>8,000<\/td>\n<\/tr>\n<tr style=\"color: red;\">\n<td>TRH 101BSS<\/td>\n<td>10-16 x 1 po<\/td>\n<td>3<\/td>\n<td>.175\/7 ga<\/td>\n<td>5,000<\/td>\n<\/tr>\n<tr style=\"color: red;\">\n<td>TRH 10114BSS<\/td>\n<td>10-16 x 1-1\/4 po<\/td>\n<td>3<\/td>\n<td>.175\/7 ga<\/td>\n<td>4,000<\/td>\n<\/tr>\n<tr style=\"color: red;\">\n<td>TRH 10112BSS<\/td>\n<td>10-16 x 1-1\/2 po<\/td>\n<td>3<\/td>\n<td>.175\/7 ga<\/td>\n<td>3,000<\/td>\n<\/tr>\n<tr style=\"color: red;\">\n<td>TRH 102BSS<\/td>\n<td>10-16 x 2 po<\/td>\n<td>3<\/td>\n<td>.175\/7 ga<\/td>\n<td>2,000<\/td>\n<\/tr>\n<tr>\n<td>TRH 1234BSS<\/td>\n<td>12-14 x 3\/4 po<\/td>\n<td>3<\/td>\n<td>.210\/5 ga<\/td>\n<td>6,000<\/td>\n<\/tr>\n<tr>\n<td>TRH 121BSS<\/td>\n<td>12-14 x 1 po<\/td>\n<td>3<\/td>\n<td>.210\/5 ga<\/td>\n<td>5,000<\/td>\n<\/tr>\n<tr>\n<td>TRH 12112BSS<\/td>\n<td>12-14 x 1-1\/2 po<\/td>\n<td>3<\/td>\n<td>.210\/5 ga<\/td>\n<td>3,000<\/td>\n<\/tr>\n<tr>\n<td>TRH 122BSS<\/td>\n<td>12-14 x 2 po<\/td>\n<td>3<\/td>\n<td>.210\/5 ga<\/td>\n<td>2,000<\/td>\n<\/tr>\n<tr>\n<td>TRH 1434BSS<\/td>\n<td>1\/4-14 x 3\/4 po<\/td>\n<td>3<\/td>\n<td>.220\/4 ga<\/td>\n<td>4,000<\/td>\n<\/tr>\n<tr>\n<td>TRH 141BSS<\/td>\n<td>1\/4-14 x 1 po<\/td>\n<td>3<\/td>\n<td>.220\/4 ga<\/td>\n<td>3,000<\/td>\n<\/tr>\n<tr>\n<td>TRH 14114BSS<\/td>\n<td>1\/4-14 x 1-1\/4 po<\/td>\n<td>3<\/td>\n<td>.220\/4 ga<\/td>\n<td>2,000<\/td>\n<\/tr>\n<tr>\n<td>TRH 14112BSS<\/td>\n<td>1\/4-14 x 1-1\/2 po<\/td>\n<td>3<\/td>\n<td>.220\/4 ga<\/td>\n<td>2,000<\/td>\n<\/tr>\n<tr>\n<td>TRH 142BSS<\/td>\n<td>1\/4-14 x 2 po<\/td>\n<td>3<\/td>\n<td>.220\/4 ga<\/td>\n<td>1,500<\/td>\n<\/tr>\n<tr>\n<td>TRH 143BSS<\/td>\n<td>1\/4-14 x 3 po<\/td>\n<td>3<\/td>\n<td>.220\/4 ga<\/td>\n<td>1,000<\/td>\n<\/tr>\n<tr>\n<td>TRH 14312BSS<\/td>\n<td>1\/4-14 x 3-1\/2 po<\/td>\n<td>3<\/td>\n<td>.220\/4 ga<\/td>\n<td>800<\/td>\n<\/tr>\n<tr>\n<td>TRH 144BSS<\/td>\n<td>1\/4-14 x 4 po<\/td>\n<td>3<\/td>\n<td>.220\/4 ga<\/td>\n<td>500<\/td>\n<\/tr>\n<\/tbody>\n<\/table>\n<\/div>\n<p>&nbsp;<\/p>\n<div class=\"partstabletitle\"><\/div>\n<p style=\"color: red;\">Nouvelles tailles en rouge<\/p>\n","protected":false},"excerpt":{"rendered":"<p>U-DRILLS<sup>MD<\/sup> acier inoxydable (410) &#8211; T\u00eate \u00e0 embase hexagonale &#8211; Rev\u00eatement RUSPRO<sup>MD<\/sup> &#8211; Carton vrac<\/p>\n","protected":false},"featured_media":12523,"comment_status":"open","ping_status":"closed","template":"","meta":[],"product_cat":[1650,1658,1651],"product_tag":[],"Group":[],"acf":[],"yoast_head":"<!-- This site is optimized with the Yoast SEO plugin v20.11 - https:\/\/yoast.com\/wordpress\/plugins\/seo\/ -->\n<title>U-DRILLS acier inoxydable (410) - T\u00eate \u00e0 embase hexagonale - Rev\u00eatement RUSPRO - Carton vrac - UCAN - Fastening Products<\/title>\n<meta name=\"description\" content=\"UCAN is well equipped to supply many types of application specific anchors. Custom sizes and protective coatings available to meet design requirements.\" \/>\n<meta name=\"robots\" content=\"index, follow, max-snippet:-1, max-image-preview:large, max-video-preview:-1\" \/>\n<link rel=\"canonical\" href=\"https:\/\/ucanfast.com\/fr\/nos-produits\/u-drills-acier-inoxydable-410-tete-a-embase-hexagonale-revetement-ruspro-carton-vrac\/\" \/>\n<meta property=\"og:locale\" content=\"fr_FR\" \/>\n<meta property=\"og:type\" content=\"article\" \/>\n<meta property=\"og:title\" content=\"U-DRILLS acier inoxydable (410) - T\u00eate \u00e0 embase hexagonale - Rev\u00eatement RUSPRO - Carton vrac - UCAN - Fastening Products\" \/>\n<meta property=\"og:description\" content=\"UCAN is well equipped to supply many types of application specific anchors. Custom sizes and protective coatings available to meet design requirements.\" \/>\n<meta property=\"og:url\" content=\"https:\/\/ucanfast.com\/fr\/nos-produits\/u-drills-acier-inoxydable-410-tete-a-embase-hexagonale-revetement-ruspro-carton-vrac\/\" \/>\n<meta property=\"og:site_name\" content=\"UCAN - Fastening Products\" \/>\n<meta property=\"article:modified_time\" content=\"2024-08-21T18:46:25+00:00\" \/>\n<meta property=\"og:image\" content=\"https:\/\/ucanfast.com\/wp-content\/uploads\/2023\/11\/TRH-BSS-scaled.jpg\" \/>\n\t<meta property=\"og:image:width\" content=\"2560\" \/>\n\t<meta property=\"og:image:height\" content=\"724\" \/>\n\t<meta property=\"og:image:type\" content=\"image\/jpeg\" \/>\n<meta name=\"twitter:card\" content=\"summary_large_image\" \/>\n<meta name=\"twitter:label1\" content=\"Dur\u00e9e de lecture estim\u00e9e\" \/>\n\t<meta name=\"twitter:data1\" content=\"2 minutes\" \/>\n<script type=\"application\/ld+json\" class=\"yoast-schema-graph\">{\"@context\":\"https:\/\/schema.org\",\"@graph\":[{\"@type\":\"WebPage\",\"@id\":\"https:\/\/ucanfast.com\/fr\/nos-produits\/u-drills-acier-inoxydable-410-tete-a-embase-hexagonale-revetement-ruspro-carton-vrac\/\",\"url\":\"https:\/\/ucanfast.com\/fr\/nos-produits\/u-drills-acier-inoxydable-410-tete-a-embase-hexagonale-revetement-ruspro-carton-vrac\/\",\"name\":\"U-DRILLS acier inoxydable (410) - T\u00eate \u00e0 embase hexagonale - Rev\u00eatement RUSPRO - Carton vrac - UCAN - Fastening Products\",\"isPartOf\":{\"@id\":\"https:\/\/ucanfast.com\/fr\/#website\"},\"datePublished\":\"2022-07-01T16:06:14+00:00\",\"dateModified\":\"2024-08-21T18:46:25+00:00\",\"description\":\"UCAN is well equipped to supply many types of application specific anchors. Custom sizes and protective coatings available to meet design requirements.\",\"breadcrumb\":{\"@id\":\"https:\/\/ucanfast.com\/fr\/nos-produits\/u-drills-acier-inoxydable-410-tete-a-embase-hexagonale-revetement-ruspro-carton-vrac\/#breadcrumb\"},\"inLanguage\":\"fr-FR\",\"potentialAction\":[{\"@type\":\"ReadAction\",\"target\":[\"https:\/\/ucanfast.com\/fr\/nos-produits\/u-drills-acier-inoxydable-410-tete-a-embase-hexagonale-revetement-ruspro-carton-vrac\/\"]}]},{\"@type\":\"BreadcrumbList\",\"@id\":\"https:\/\/ucanfast.com\/fr\/nos-produits\/u-drills-acier-inoxydable-410-tete-a-embase-hexagonale-revetement-ruspro-carton-vrac\/#breadcrumb\",\"itemListElement\":[{\"@type\":\"ListItem\",\"position\":1,\"name\":\"Accueil\",\"item\":\"https:\/\/ucanfast.com\/fr\/\"},{\"@type\":\"ListItem\",\"position\":2,\"name\":\"Nos Produits\",\"item\":\"https:\/\/ucanfast.com\/fr\/nos-produits\/\"},{\"@type\":\"ListItem\",\"position\":3,\"name\":\"U-DRILLS acier inoxydable (410) &#8211; T\u00eate \u00e0 embase hexagonale &#8211; Rev\u00eatement RUSPRO &#8211; Carton vrac\"}]},{\"@type\":\"WebSite\",\"@id\":\"https:\/\/ucanfast.com\/fr\/#website\",\"url\":\"https:\/\/ucanfast.com\/fr\/\",\"name\":\"UCAN Fastening Products\",\"description\":\"BUILDING LASTING CONNECTIONS\",\"publisher\":{\"@id\":\"https:\/\/ucanfast.com\/fr\/#organization\"},\"potentialAction\":[{\"@type\":\"SearchAction\",\"target\":{\"@type\":\"EntryPoint\",\"urlTemplate\":\"https:\/\/ucanfast.com\/fr\/?s={search_term_string}\"},\"query-input\":\"required name=search_term_string\"}],\"inLanguage\":\"fr-FR\"},{\"@type\":\"Organization\",\"@id\":\"https:\/\/ucanfast.com\/fr\/#organization\",\"name\":\"UCAN Fastening Products\",\"url\":\"https:\/\/ucanfast.com\/fr\/\",\"logo\":{\"@type\":\"ImageObject\",\"inLanguage\":\"fr-FR\",\"@id\":\"https:\/\/ucanfast.com\/fr\/#\/schema\/logo\/image\/\",\"url\":\"https:\/\/ucanfast.com\/wp-content\/uploads\/2023\/01\/Screen_Shot_2023-01-25_at_12.15.04_PM.png\",\"contentUrl\":\"https:\/\/ucanfast.com\/wp-content\/uploads\/2023\/01\/Screen_Shot_2023-01-25_at_12.15.04_PM.png\",\"width\":350,\"height\":192,\"caption\":\"UCAN Fastening Products\"},\"image\":{\"@id\":\"https:\/\/ucanfast.com\/fr\/#\/schema\/logo\/image\/\"},\"sameAs\":[\"https:\/\/ca.linkedin.com\/company\/ucan-fastening-products\"]}]}<\/script>\n<!-- \/ Yoast SEO plugin. -->","yoast_head_json":{"title":"U-DRILLS acier inoxydable (410) - T\u00eate \u00e0 embase hexagonale - Rev\u00eatement RUSPRO - Carton vrac - UCAN - Fastening Products","description":"UCAN is well equipped to supply many types of application specific anchors. Custom sizes and protective coatings available to meet design requirements.","robots":{"index":"index","follow":"follow","max-snippet":"max-snippet:-1","max-image-preview":"max-image-preview:large","max-video-preview":"max-video-preview:-1"},"canonical":"https:\/\/ucanfast.com\/fr\/nos-produits\/u-drills-acier-inoxydable-410-tete-a-embase-hexagonale-revetement-ruspro-carton-vrac\/","og_locale":"fr_FR","og_type":"article","og_title":"U-DRILLS acier inoxydable (410) - T\u00eate \u00e0 embase hexagonale - Rev\u00eatement RUSPRO - Carton vrac - UCAN - Fastening Products","og_description":"UCAN is well equipped to supply many types of application specific anchors. Custom sizes and protective coatings available to meet design requirements.","og_url":"https:\/\/ucanfast.com\/fr\/nos-produits\/u-drills-acier-inoxydable-410-tete-a-embase-hexagonale-revetement-ruspro-carton-vrac\/","og_site_name":"UCAN - Fastening Products","article_modified_time":"2024-08-21T18:46:25+00:00","og_image":[{"width":2560,"height":724,"url":"https:\/\/ucanfast.com\/wp-content\/uploads\/2023\/11\/TRH-BSS-scaled.jpg","type":"image\/jpeg"}],"twitter_card":"summary_large_image","twitter_misc":{"Dur\u00e9e de lecture estim\u00e9e":"2 minutes"},"schema":{"@context":"https:\/\/schema.org","@graph":[{"@type":"WebPage","@id":"https:\/\/ucanfast.com\/fr\/nos-produits\/u-drills-acier-inoxydable-410-tete-a-embase-hexagonale-revetement-ruspro-carton-vrac\/","url":"https:\/\/ucanfast.com\/fr\/nos-produits\/u-drills-acier-inoxydable-410-tete-a-embase-hexagonale-revetement-ruspro-carton-vrac\/","name":"U-DRILLS acier inoxydable (410) - T\u00eate \u00e0 embase hexagonale - Rev\u00eatement RUSPRO - Carton vrac - UCAN - Fastening Products","isPartOf":{"@id":"https:\/\/ucanfast.com\/fr\/#website"},"datePublished":"2022-07-01T16:06:14+00:00","dateModified":"2024-08-21T18:46:25+00:00","description":"UCAN is well equipped to supply many types of application specific anchors. Custom sizes and protective coatings available to meet design requirements.","breadcrumb":{"@id":"https:\/\/ucanfast.com\/fr\/nos-produits\/u-drills-acier-inoxydable-410-tete-a-embase-hexagonale-revetement-ruspro-carton-vrac\/#breadcrumb"},"inLanguage":"fr-FR","potentialAction":[{"@type":"ReadAction","target":["https:\/\/ucanfast.com\/fr\/nos-produits\/u-drills-acier-inoxydable-410-tete-a-embase-hexagonale-revetement-ruspro-carton-vrac\/"]}]},{"@type":"BreadcrumbList","@id":"https:\/\/ucanfast.com\/fr\/nos-produits\/u-drills-acier-inoxydable-410-tete-a-embase-hexagonale-revetement-ruspro-carton-vrac\/#breadcrumb","itemListElement":[{"@type":"ListItem","position":1,"name":"Accueil","item":"https:\/\/ucanfast.com\/fr\/"},{"@type":"ListItem","position":2,"name":"Nos Produits","item":"https:\/\/ucanfast.com\/fr\/nos-produits\/"},{"@type":"ListItem","position":3,"name":"U-DRILLS acier inoxydable (410) &#8211; T\u00eate \u00e0 embase hexagonale &#8211; Rev\u00eatement RUSPRO &#8211; Carton vrac"}]},{"@type":"WebSite","@id":"https:\/\/ucanfast.com\/fr\/#website","url":"https:\/\/ucanfast.com\/fr\/","name":"UCAN Fastening Products","description":"BUILDING LASTING CONNECTIONS","publisher":{"@id":"https:\/\/ucanfast.com\/fr\/#organization"},"potentialAction":[{"@type":"SearchAction","target":{"@type":"EntryPoint","urlTemplate":"https:\/\/ucanfast.com\/fr\/?s={search_term_string}"},"query-input":"required name=search_term_string"}],"inLanguage":"fr-FR"},{"@type":"Organization","@id":"https:\/\/ucanfast.com\/fr\/#organization","name":"UCAN Fastening Products","url":"https:\/\/ucanfast.com\/fr\/","logo":{"@type":"ImageObject","inLanguage":"fr-FR","@id":"https:\/\/ucanfast.com\/fr\/#\/schema\/logo\/image\/","url":"https:\/\/ucanfast.com\/wp-content\/uploads\/2023\/01\/Screen_Shot_2023-01-25_at_12.15.04_PM.png","contentUrl":"https:\/\/ucanfast.com\/wp-content\/uploads\/2023\/01\/Screen_Shot_2023-01-25_at_12.15.04_PM.png","width":350,"height":192,"caption":"UCAN Fastening Products"},"image":{"@id":"https:\/\/ucanfast.com\/fr\/#\/schema\/logo\/image\/"},"sameAs":["https:\/\/ca.linkedin.com\/company\/ucan-fastening-products"]}]}},"_links":{"self":[{"href":"https:\/\/ucanfast.com\/fr\/wp-json\/wp\/v2\/product\/10917"}],"collection":[{"href":"https:\/\/ucanfast.com\/fr\/wp-json\/wp\/v2\/product"}],"about":[{"href":"https:\/\/ucanfast.com\/fr\/wp-json\/wp\/v2\/types\/product"}],"replies":[{"embeddable":true,"href":"https:\/\/ucanfast.com\/fr\/wp-json\/wp\/v2\/comments?post=10917"}],"wp:featuredmedia":[{"embeddable":true,"href":"https:\/\/ucanfast.com\/fr\/wp-json\/wp\/v2\/media\/12523"}],"wp:attachment":[{"href":"https:\/\/ucanfast.com\/fr\/wp-json\/wp\/v2\/media?parent=10917"}],"wp:term":[{"taxonomy":"product_cat","embeddable":true,"href":"https:\/\/ucanfast.com\/fr\/wp-json\/wp\/v2\/product_cat?post=10917"},{"taxonomy":"product_tag","embeddable":true,"href":"https:\/\/ucanfast.com\/fr\/wp-json\/wp\/v2\/product_tag?post=10917"},{"taxonomy":"Group","embeddable":true,"href":"https:\/\/ucanfast.com\/fr\/wp-json\/wp\/v2\/Group?post=10917"}],"curies":[{"name":"wp","href":"https:\/\/api.w.org\/{rel}","templated":true}]}}