{"id":10849,"date":"2022-07-01T11:55:40","date_gmt":"2022-07-01T15:55:40","guid":{"rendered":"https:\/\/ucanstage.wpengine.com\/product\/cb-self-drilling-screws\/"},"modified":"2024-08-21T15:27:59","modified_gmt":"2024-08-21T19:27:59","slug":"vis-cb-autoperceuses","status":"publish","type":"product","link":"https:\/\/ucanfast.com\/fr\/nos-produits\/vis-cb-autoperceuses\/","title":{"rendered":"Vis CB autoperceuses"},"content":{"rendered":"<div id=\"detaildescription\"><strong>Vis CB autoperceuses \u00e0 <a href=\"https:\/\/ucanfast.com\/pdfs\/fr\/technicalinformation\/rusprocoating.pdf\">rev\u00eatement <span class=\"productheading\">RUSPRO<sup>MD<\/sup><\/span><\/a><br \/>\n<\/strong>Pour poutres m\u00e9talliques jusqu\u2019au calibre de t\u00f4le n\u00b0 12. La t\u00eate \u00e0 prise Phillips gaufr\u00e9e (nervures sur la face inf\u00e9rieure) assure un maintien ferme dans les panneaux de ciment ou de bois contreplaqu\u00e9. Vis autoperceuses sp\u00e9cialis\u00e9es pour installation dans des panneaux de ciment.<\/div>\n<div><span class=\"productheading\"><strong>\u00c9galement disponibles en emballage<a href=\"https:\/\/ucanfast.com\/fr\/nos-produits\/vis-cb-pots\/\"><img decoding=\"async\" loading=\"lazy\" class=\"alignnone size-full wp-image-11622\" style=\"display: inline; margin-left: 10px;\" src=\"https:\/\/ucanfast.com\/wp-content\/uploads\/2022\/07\/SuperPax.jpg\" alt=\"\" width=\"80\" height=\"49\" \/><\/a><\/strong><\/span><\/div>\n<div class=\"partstabletitle\">\n<h5>EMBALLAGE EN VRAC<\/h5>\n<\/div>\n<div>\n<table class=\"detailpartstable\" style=\"height: 81px;\" border=\"0\" width=\"750\" cellspacing=\"0\" cellpadding=\"0\">\n<tbody>\n<tr class=\"headers\">\n<td><strong>N\u00ba de pi\u00e8ce<\/strong><\/td>\n<td><strong>Dimension<\/strong><\/td>\n<td><strong>Qt\u00e9 par<br \/>\ncaisse<\/strong><\/td>\n<td><strong>Poids de<br \/>\nla caisse<\/strong><\/td>\n<td><strong>Taille de la caisse<\/strong><\/td>\n<\/tr>\n<tr>\n<td>CBT 114B<\/td>\n<td>8 x 1-1\/4 po<\/td>\n<td>5,000<\/td>\n<td>31 lbs<\/td>\n<td>7-3\/4 po x 9-5\/8 po x 9-5\/8 po<\/td>\n<\/tr>\n<tr>\n<td>CBT 158B<\/td>\n<td>8 x 1-5\/8 po<\/td>\n<td>4,000<\/td>\n<td>31 lbs<\/td>\n<td>7-3\/4 po x 9-5\/8 po x 9-5\/8 po<\/td>\n<\/tr>\n<\/tbody>\n<\/table>\n<\/div>\n","protected":false},"excerpt":{"rendered":"<p>Pour poutres m\u00e9talliques jusqu\u2019au calibre de t\u00f4le n\u00b0 12. La t\u00eate \u00e0 prise Phillips gaufr\u00e9e (nervures sur la face inf\u00e9rieure) assure un maintien ferme dans les panneaux de ciment ou de bois contreplaqu\u00e9.<\/p>\n","protected":false},"featured_media":13436,"comment_status":"open","ping_status":"closed","template":"","meta":[],"product_cat":[1650,1666],"product_tag":[],"Group":[],"acf":[],"yoast_head":"<!-- This site is optimized with the Yoast SEO plugin v20.11 - https:\/\/yoast.com\/wordpress\/plugins\/seo\/ -->\n<title>Vis CB autoperceuses - UCAN - Fastening Products<\/title>\n<meta name=\"description\" content=\"For metal studs up to 12ga. The Phillips wafer head with underside ribs ensures tight engagement in cementitious board or plywood.\u00a0\" \/>\n<meta name=\"robots\" content=\"noindex, follow\" \/>\n<meta property=\"og:locale\" content=\"fr_FR\" \/>\n<meta property=\"og:type\" content=\"article\" \/>\n<meta property=\"og:title\" content=\"Vis CB autoperceuses - UCAN - Fastening Products\" \/>\n<meta property=\"og:description\" content=\"For metal studs up to 12ga. The Phillips wafer head with underside ribs ensures tight engagement in cementitious board or plywood.\u00a0\" \/>\n<meta property=\"og:url\" content=\"https:\/\/ucanfast.com\/fr\/nos-produits\/vis-cb-autoperceuses\/\" \/>\n<meta property=\"og:site_name\" content=\"UCAN - Fastening Products\" \/>\n<meta property=\"article:modified_time\" content=\"2024-08-21T19:27:59+00:00\" \/>\n<meta property=\"og:image\" content=\"https:\/\/ucanfast.com\/wp-content\/uploads\/2022\/07\/CB-SELF-DRILLING-SCREWS.jpg\" \/>\n\t<meta property=\"og:image:width\" content=\"7710\" \/>\n\t<meta property=\"og:image:height\" content=\"1943\" \/>\n\t<meta property=\"og:image:type\" content=\"image\/jpeg\" \/>\n<meta name=\"twitter:card\" content=\"summary_large_image\" \/>\n<meta name=\"twitter:label1\" content=\"Dur\u00e9e de lecture estim\u00e9e\" \/>\n\t<meta name=\"twitter:data1\" content=\"1 minute\" \/>\n<script type=\"application\/ld+json\" class=\"yoast-schema-graph\">{\"@context\":\"https:\/\/schema.org\",\"@graph\":[{\"@type\":\"WebPage\",\"@id\":\"https:\/\/ucanfast.com\/fr\/nos-produits\/vis-cb-autoperceuses\/\",\"url\":\"https:\/\/ucanfast.com\/fr\/nos-produits\/vis-cb-autoperceuses\/\",\"name\":\"Vis CB autoperceuses - UCAN - Fastening Products\",\"isPartOf\":{\"@id\":\"https:\/\/ucanfast.com\/fr\/#website\"},\"datePublished\":\"2022-07-01T15:55:40+00:00\",\"dateModified\":\"2024-08-21T19:27:59+00:00\",\"description\":\"For metal studs up to 12ga. The Phillips wafer head with underside ribs ensures tight engagement in cementitious board or plywood.\u00a0\",\"breadcrumb\":{\"@id\":\"https:\/\/ucanfast.com\/fr\/nos-produits\/vis-cb-autoperceuses\/#breadcrumb\"},\"inLanguage\":\"fr-FR\",\"potentialAction\":[{\"@type\":\"ReadAction\",\"target\":[\"https:\/\/ucanfast.com\/fr\/nos-produits\/vis-cb-autoperceuses\/\"]}]},{\"@type\":\"BreadcrumbList\",\"@id\":\"https:\/\/ucanfast.com\/fr\/nos-produits\/vis-cb-autoperceuses\/#breadcrumb\",\"itemListElement\":[{\"@type\":\"ListItem\",\"position\":1,\"name\":\"Accueil\",\"item\":\"https:\/\/ucanfast.com\/fr\/\"},{\"@type\":\"ListItem\",\"position\":2,\"name\":\"Nos Produits\",\"item\":\"https:\/\/ucanfast.com\/fr\/nos-produits\/\"},{\"@type\":\"ListItem\",\"position\":3,\"name\":\"Vis CB autoperceuses\"}]},{\"@type\":\"WebSite\",\"@id\":\"https:\/\/ucanfast.com\/fr\/#website\",\"url\":\"https:\/\/ucanfast.com\/fr\/\",\"name\":\"UCAN Fastening Products\",\"description\":\"BUILDING LASTING CONNECTIONS\",\"publisher\":{\"@id\":\"https:\/\/ucanfast.com\/fr\/#organization\"},\"potentialAction\":[{\"@type\":\"SearchAction\",\"target\":{\"@type\":\"EntryPoint\",\"urlTemplate\":\"https:\/\/ucanfast.com\/fr\/?s={search_term_string}\"},\"query-input\":\"required name=search_term_string\"}],\"inLanguage\":\"fr-FR\"},{\"@type\":\"Organization\",\"@id\":\"https:\/\/ucanfast.com\/fr\/#organization\",\"name\":\"UCAN Fastening Products\",\"url\":\"https:\/\/ucanfast.com\/fr\/\",\"logo\":{\"@type\":\"ImageObject\",\"inLanguage\":\"fr-FR\",\"@id\":\"https:\/\/ucanfast.com\/fr\/#\/schema\/logo\/image\/\",\"url\":\"https:\/\/ucanfast.com\/wp-content\/uploads\/2023\/01\/Screen_Shot_2023-01-25_at_12.15.04_PM.png\",\"contentUrl\":\"https:\/\/ucanfast.com\/wp-content\/uploads\/2023\/01\/Screen_Shot_2023-01-25_at_12.15.04_PM.png\",\"width\":350,\"height\":192,\"caption\":\"UCAN Fastening Products\"},\"image\":{\"@id\":\"https:\/\/ucanfast.com\/fr\/#\/schema\/logo\/image\/\"},\"sameAs\":[\"https:\/\/ca.linkedin.com\/company\/ucan-fastening-products\"]}]}<\/script>\n<!-- \/ Yoast SEO plugin. -->","yoast_head_json":{"title":"Vis CB autoperceuses - UCAN - Fastening Products","description":"For metal studs up to 12ga. The Phillips wafer head with underside ribs ensures tight engagement in cementitious board or plywood.\u00a0","robots":{"index":"noindex","follow":"follow"},"og_locale":"fr_FR","og_type":"article","og_title":"Vis CB autoperceuses - UCAN - Fastening Products","og_description":"For metal studs up to 12ga. The Phillips wafer head with underside ribs ensures tight engagement in cementitious board or plywood.\u00a0","og_url":"https:\/\/ucanfast.com\/fr\/nos-produits\/vis-cb-autoperceuses\/","og_site_name":"UCAN - Fastening Products","article_modified_time":"2024-08-21T19:27:59+00:00","og_image":[{"width":7710,"height":1943,"url":"https:\/\/ucanfast.com\/wp-content\/uploads\/2022\/07\/CB-SELF-DRILLING-SCREWS.jpg","type":"image\/jpeg"}],"twitter_card":"summary_large_image","twitter_misc":{"Dur\u00e9e de lecture estim\u00e9e":"1 minute"},"schema":{"@context":"https:\/\/schema.org","@graph":[{"@type":"WebPage","@id":"https:\/\/ucanfast.com\/fr\/nos-produits\/vis-cb-autoperceuses\/","url":"https:\/\/ucanfast.com\/fr\/nos-produits\/vis-cb-autoperceuses\/","name":"Vis CB autoperceuses - UCAN - Fastening Products","isPartOf":{"@id":"https:\/\/ucanfast.com\/fr\/#website"},"datePublished":"2022-07-01T15:55:40+00:00","dateModified":"2024-08-21T19:27:59+00:00","description":"For metal studs up to 12ga. The Phillips wafer head with underside ribs ensures tight engagement in cementitious board or plywood.\u00a0","breadcrumb":{"@id":"https:\/\/ucanfast.com\/fr\/nos-produits\/vis-cb-autoperceuses\/#breadcrumb"},"inLanguage":"fr-FR","potentialAction":[{"@type":"ReadAction","target":["https:\/\/ucanfast.com\/fr\/nos-produits\/vis-cb-autoperceuses\/"]}]},{"@type":"BreadcrumbList","@id":"https:\/\/ucanfast.com\/fr\/nos-produits\/vis-cb-autoperceuses\/#breadcrumb","itemListElement":[{"@type":"ListItem","position":1,"name":"Accueil","item":"https:\/\/ucanfast.com\/fr\/"},{"@type":"ListItem","position":2,"name":"Nos Produits","item":"https:\/\/ucanfast.com\/fr\/nos-produits\/"},{"@type":"ListItem","position":3,"name":"Vis CB autoperceuses"}]},{"@type":"WebSite","@id":"https:\/\/ucanfast.com\/fr\/#website","url":"https:\/\/ucanfast.com\/fr\/","name":"UCAN Fastening Products","description":"BUILDING LASTING CONNECTIONS","publisher":{"@id":"https:\/\/ucanfast.com\/fr\/#organization"},"potentialAction":[{"@type":"SearchAction","target":{"@type":"EntryPoint","urlTemplate":"https:\/\/ucanfast.com\/fr\/?s={search_term_string}"},"query-input":"required name=search_term_string"}],"inLanguage":"fr-FR"},{"@type":"Organization","@id":"https:\/\/ucanfast.com\/fr\/#organization","name":"UCAN Fastening Products","url":"https:\/\/ucanfast.com\/fr\/","logo":{"@type":"ImageObject","inLanguage":"fr-FR","@id":"https:\/\/ucanfast.com\/fr\/#\/schema\/logo\/image\/","url":"https:\/\/ucanfast.com\/wp-content\/uploads\/2023\/01\/Screen_Shot_2023-01-25_at_12.15.04_PM.png","contentUrl":"https:\/\/ucanfast.com\/wp-content\/uploads\/2023\/01\/Screen_Shot_2023-01-25_at_12.15.04_PM.png","width":350,"height":192,"caption":"UCAN Fastening Products"},"image":{"@id":"https:\/\/ucanfast.com\/fr\/#\/schema\/logo\/image\/"},"sameAs":["https:\/\/ca.linkedin.com\/company\/ucan-fastening-products"]}]}},"_links":{"self":[{"href":"https:\/\/ucanfast.com\/fr\/wp-json\/wp\/v2\/product\/10849"}],"collection":[{"href":"https:\/\/ucanfast.com\/fr\/wp-json\/wp\/v2\/product"}],"about":[{"href":"https:\/\/ucanfast.com\/fr\/wp-json\/wp\/v2\/types\/product"}],"replies":[{"embeddable":true,"href":"https:\/\/ucanfast.com\/fr\/wp-json\/wp\/v2\/comments?post=10849"}],"wp:featuredmedia":[{"embeddable":true,"href":"https:\/\/ucanfast.com\/fr\/wp-json\/wp\/v2\/media\/13436"}],"wp:attachment":[{"href":"https:\/\/ucanfast.com\/fr\/wp-json\/wp\/v2\/media?parent=10849"}],"wp:term":[{"taxonomy":"product_cat","embeddable":true,"href":"https:\/\/ucanfast.com\/fr\/wp-json\/wp\/v2\/product_cat?post=10849"},{"taxonomy":"product_tag","embeddable":true,"href":"https:\/\/ucanfast.com\/fr\/wp-json\/wp\/v2\/product_tag?post=10849"},{"taxonomy":"Group","embeddable":true,"href":"https:\/\/ucanfast.com\/fr\/wp-json\/wp\/v2\/Group?post=10849"}],"curies":[{"name":"wp","href":"https:\/\/api.w.org\/{rel}","templated":true}]}}