{"id":10821,"date":"2022-07-01T11:56:34","date_gmt":"2022-07-01T15:56:34","guid":{"rendered":"https:\/\/ucanstage.wpengine.com\/product\/eye-lag-screws-for-wood\/"},"modified":"2024-08-01T12:13:41","modified_gmt":"2024-08-01T16:13:41","slug":"vis-tire-fond-pour-tuiles-acoustiques","status":"publish","type":"product","link":"https:\/\/ucanfast.com\/fr\/nos-produits\/vis-tire-fond-pour-tuiles-acoustiques\/","title":{"rendered":"Vis tire-fond pour tuiles acoustiques"},"content":{"rendered":"<p>Vis tire-fond pour tuiles acoustiques<\/p>\n<p><strong>Ancrage de type viss\u00e9 pour quadrillage de plafonds suspendus sous une structure de bois.<\/strong><\/p>\n<p>&nbsp;<\/p>\n<h5>VIS TIRE-FOND POUR TUILES ACOUSTIQUES<\/h5>\n<ul>\n<li>1 \/ 4 &#8220;X 3&#8221; pour fixer cintres aux solives de bois<\/li>\n<li>Point pointu \u00e9limine le besoin pour le trou pr\u00e9perc\u00e9<\/li>\n<li>Utiliser avec commodes l&#8217;outil d&#8217;installation DLS 3<\/li>\n<li>Disponible en bo\u00eetes de 100 pi\u00e8ces ou en vrac cartons 1000 pi\u00e8ces<\/li>\n<\/ul>\n<p>&nbsp;<\/p>\n<div id=\"detaildescription\">\n<p><a href=\"https:\/\/ucanfast.com\/fr\/nos-produits\/outil-dinstallation-pour-vis-tire-fond-pour-tuiles-acoustiques\/\"><img decoding=\"async\" loading=\"lazy\" class=\"alignnone size-medium wp-image-5826\" src=\"https:\/\/ucanfast.com\/wp-content\/uploads\/2022\/07\/Installation-Tool-for-Accoustic-Lag-Screw-300x57.png\" alt=\"\" width=\"300\" height=\"57\" srcset=\"https:\/\/ucanfast.com\/wp-content\/uploads\/2022\/07\/Installation-Tool-for-Accoustic-Lag-Screw-300x57.png 300w, https:\/\/ucanfast.com\/wp-content\/uploads\/2022\/07\/Installation-Tool-for-Accoustic-Lag-Screw-600x115.png 600w, https:\/\/ucanfast.com\/wp-content\/uploads\/2022\/07\/Installation-Tool-for-Accoustic-Lag-Screw-1024x196.png 1024w, https:\/\/ucanfast.com\/wp-content\/uploads\/2022\/07\/Installation-Tool-for-Accoustic-Lag-Screw-150x29.png 150w, https:\/\/ucanfast.com\/wp-content\/uploads\/2022\/07\/Installation-Tool-for-Accoustic-Lag-Screw-768x147.png 768w, https:\/\/ucanfast.com\/wp-content\/uploads\/2022\/07\/Installation-Tool-for-Accoustic-Lag-Screw-1536x294.png 1536w, https:\/\/ucanfast.com\/wp-content\/uploads\/2022\/07\/Installation-Tool-for-Accoustic-Lag-Screw-100x19.png 100w, https:\/\/ucanfast.com\/wp-content\/uploads\/2022\/07\/Installation-Tool-for-Accoustic-Lag-Screw.png 1611w\" sizes=\"(max-width: 300px) 100vw, 300px\" \/><\/a><br \/>\n<strong>Outil d\u2019installation<\/strong>\u00a0pour vis tire-fond pour tuiles acoustiques (N\u00b0 de pi\u00e8ce DLS3). Vendu s\u00e9par\u00e9ment.<\/p>\n<\/div>\n<div class=\"partstabletitle\">\n<h4><\/h4>\n<h5>VIS TIRE-FOND POUR TUILES ACOUSTIQUES &#8211; ZINGU\u00c9E<\/h5>\n<\/div>\n<div>\n<table class=\"detailpartstable\" style=\"height: 99px;\" border=\"0\" width=\"850\" cellspacing=\"0\" cellpadding=\"0\">\n<tbody>\n<tr class=\"headers\">\n<td><strong>N\u00ba de pi\u00e8ce<\/strong><\/td>\n<td><strong>Dimension (po)<\/strong><\/td>\n<td><strong>Dia. d\u2019\u0153il (po)<\/strong><\/td>\n<td><strong>Qt\u00e9 par<br \/>\npaquet<\/strong><\/td>\n<td><strong>Qt\u00e9 par<br \/>\ncaisse<\/strong><\/td>\n<td><strong>Poids de<br \/>\nla caisse<\/strong><\/td>\n<td><strong>Taille de la caisse<\/strong><\/td>\n<\/tr>\n<tr>\n<td>ELS 143<\/td>\n<td>1\/4 x 3<\/td>\n<td>.210<\/td>\n<td>100<\/td>\n<td>1,000<\/td>\n<td>24 lbs<\/td>\n<td>4-3\/4\u2033 x 15-3\/4\u2033 x 7\u2033<\/td>\n<\/tr>\n<tr>\n<td>ELS 143B<\/td>\n<td>1\/4 x 3<\/td>\n<td>.210<\/td>\n<td>&#8211;<\/td>\n<td>1,000<\/td>\n<td>23 lbs<\/td>\n<td>7-3\/4\u2033 x 9-5\/8\u2033 x 9-5\/8\u2033<\/td>\n<\/tr>\n<\/tbody>\n<\/table>\n<\/div>\n","protected":false},"excerpt":{"rendered":"<p>Vis tire-fond pour tuiles acoustiques<\/p>\n<p>Ancrage de type viss\u00e9 pour quadrillage de plafonds suspendus sous une structure de bois.<\/p>\n","protected":false},"featured_media":5496,"comment_status":"open","ping_status":"closed","template":"","meta":[],"product_cat":[1650,1668],"product_tag":[],"Group":[],"acf":[],"yoast_head":"<!-- This site is optimized with the Yoast SEO plugin v20.11 - https:\/\/yoast.com\/wordpress\/plugins\/seo\/ -->\n<title>Vis tire-fond pour tuiles acoustiques - UCAN - Fastening Products<\/title>\n<meta name=\"description\" content=\"UCAN FASTENING PRODUCTS has been supplying high quality masonry and metal fasteners to the construction industry for over 50 years.\" \/>\n<meta name=\"robots\" content=\"index, follow, max-snippet:-1, max-image-preview:large, max-video-preview:-1\" \/>\n<link rel=\"canonical\" href=\"https:\/\/ucanfast.com\/fr\/nos-produits\/vis-tire-fond-pour-tuiles-acoustiques\/\" \/>\n<meta property=\"og:locale\" content=\"fr_FR\" \/>\n<meta property=\"og:type\" content=\"article\" \/>\n<meta property=\"og:title\" content=\"Vis tire-fond pour tuiles acoustiques - UCAN - Fastening Products\" \/>\n<meta property=\"og:description\" content=\"UCAN FASTENING PRODUCTS has been supplying high quality masonry and metal fasteners to the construction industry for over 50 years.\" \/>\n<meta property=\"og:url\" content=\"https:\/\/ucanfast.com\/fr\/nos-produits\/vis-tire-fond-pour-tuiles-acoustiques\/\" \/>\n<meta property=\"og:site_name\" content=\"UCAN - Fastening Products\" \/>\n<meta property=\"article:modified_time\" content=\"2024-08-01T16:13:41+00:00\" \/>\n<meta property=\"og:image\" content=\"https:\/\/ucanfast.com\/wp-content\/uploads\/2022\/07\/ELS-acoustic-eye-lag-screw-for-wood-scaled.jpg\" \/>\n\t<meta property=\"og:image:width\" content=\"2560\" \/>\n\t<meta property=\"og:image:height\" content=\"611\" \/>\n\t<meta property=\"og:image:type\" content=\"image\/jpeg\" \/>\n<meta name=\"twitter:card\" content=\"summary_large_image\" \/>\n<meta name=\"twitter:label1\" content=\"Dur\u00e9e de lecture estim\u00e9e\" \/>\n\t<meta name=\"twitter:data1\" content=\"1 minute\" \/>\n<script type=\"application\/ld+json\" class=\"yoast-schema-graph\">{\"@context\":\"https:\/\/schema.org\",\"@graph\":[{\"@type\":\"WebPage\",\"@id\":\"https:\/\/ucanfast.com\/fr\/nos-produits\/vis-tire-fond-pour-tuiles-acoustiques\/\",\"url\":\"https:\/\/ucanfast.com\/fr\/nos-produits\/vis-tire-fond-pour-tuiles-acoustiques\/\",\"name\":\"Vis tire-fond pour tuiles acoustiques - UCAN - Fastening Products\",\"isPartOf\":{\"@id\":\"https:\/\/ucanfast.com\/fr\/#website\"},\"datePublished\":\"2022-07-01T15:56:34+00:00\",\"dateModified\":\"2024-08-01T16:13:41+00:00\",\"description\":\"UCAN FASTENING PRODUCTS has been supplying high quality masonry and metal fasteners to the construction industry for over 50 years.\",\"breadcrumb\":{\"@id\":\"https:\/\/ucanfast.com\/fr\/nos-produits\/vis-tire-fond-pour-tuiles-acoustiques\/#breadcrumb\"},\"inLanguage\":\"fr-FR\",\"potentialAction\":[{\"@type\":\"ReadAction\",\"target\":[\"https:\/\/ucanfast.com\/fr\/nos-produits\/vis-tire-fond-pour-tuiles-acoustiques\/\"]}]},{\"@type\":\"BreadcrumbList\",\"@id\":\"https:\/\/ucanfast.com\/fr\/nos-produits\/vis-tire-fond-pour-tuiles-acoustiques\/#breadcrumb\",\"itemListElement\":[{\"@type\":\"ListItem\",\"position\":1,\"name\":\"Accueil\",\"item\":\"https:\/\/ucanfast.com\/fr\/\"},{\"@type\":\"ListItem\",\"position\":2,\"name\":\"Nos Produits\",\"item\":\"https:\/\/ucanfast.com\/fr\/nos-produits\/\"},{\"@type\":\"ListItem\",\"position\":3,\"name\":\"Vis tire-fond pour tuiles acoustiques\"}]},{\"@type\":\"WebSite\",\"@id\":\"https:\/\/ucanfast.com\/fr\/#website\",\"url\":\"https:\/\/ucanfast.com\/fr\/\",\"name\":\"UCAN Fastening Products\",\"description\":\"BUILDING LASTING CONNECTIONS\",\"publisher\":{\"@id\":\"https:\/\/ucanfast.com\/fr\/#organization\"},\"potentialAction\":[{\"@type\":\"SearchAction\",\"target\":{\"@type\":\"EntryPoint\",\"urlTemplate\":\"https:\/\/ucanfast.com\/fr\/?s={search_term_string}\"},\"query-input\":\"required name=search_term_string\"}],\"inLanguage\":\"fr-FR\"},{\"@type\":\"Organization\",\"@id\":\"https:\/\/ucanfast.com\/fr\/#organization\",\"name\":\"UCAN Fastening Products\",\"url\":\"https:\/\/ucanfast.com\/fr\/\",\"logo\":{\"@type\":\"ImageObject\",\"inLanguage\":\"fr-FR\",\"@id\":\"https:\/\/ucanfast.com\/fr\/#\/schema\/logo\/image\/\",\"url\":\"https:\/\/ucanfast.com\/wp-content\/uploads\/2023\/01\/Screen_Shot_2023-01-25_at_12.15.04_PM.png\",\"contentUrl\":\"https:\/\/ucanfast.com\/wp-content\/uploads\/2023\/01\/Screen_Shot_2023-01-25_at_12.15.04_PM.png\",\"width\":350,\"height\":192,\"caption\":\"UCAN Fastening Products\"},\"image\":{\"@id\":\"https:\/\/ucanfast.com\/fr\/#\/schema\/logo\/image\/\"},\"sameAs\":[\"https:\/\/ca.linkedin.com\/company\/ucan-fastening-products\"]}]}<\/script>\n<!-- \/ Yoast SEO plugin. -->","yoast_head_json":{"title":"Vis tire-fond pour tuiles acoustiques - UCAN - Fastening Products","description":"UCAN FASTENING PRODUCTS has been supplying high quality masonry and metal fasteners to the construction industry for over 50 years.","robots":{"index":"index","follow":"follow","max-snippet":"max-snippet:-1","max-image-preview":"max-image-preview:large","max-video-preview":"max-video-preview:-1"},"canonical":"https:\/\/ucanfast.com\/fr\/nos-produits\/vis-tire-fond-pour-tuiles-acoustiques\/","og_locale":"fr_FR","og_type":"article","og_title":"Vis tire-fond pour tuiles acoustiques - UCAN - Fastening Products","og_description":"UCAN FASTENING PRODUCTS has been supplying high quality masonry and metal fasteners to the construction industry for over 50 years.","og_url":"https:\/\/ucanfast.com\/fr\/nos-produits\/vis-tire-fond-pour-tuiles-acoustiques\/","og_site_name":"UCAN - Fastening Products","article_modified_time":"2024-08-01T16:13:41+00:00","og_image":[{"width":2560,"height":611,"url":"https:\/\/ucanfast.com\/wp-content\/uploads\/2022\/07\/ELS-acoustic-eye-lag-screw-for-wood-scaled.jpg","type":"image\/jpeg"}],"twitter_card":"summary_large_image","twitter_misc":{"Dur\u00e9e de lecture estim\u00e9e":"1 minute"},"schema":{"@context":"https:\/\/schema.org","@graph":[{"@type":"WebPage","@id":"https:\/\/ucanfast.com\/fr\/nos-produits\/vis-tire-fond-pour-tuiles-acoustiques\/","url":"https:\/\/ucanfast.com\/fr\/nos-produits\/vis-tire-fond-pour-tuiles-acoustiques\/","name":"Vis tire-fond pour tuiles acoustiques - UCAN - Fastening Products","isPartOf":{"@id":"https:\/\/ucanfast.com\/fr\/#website"},"datePublished":"2022-07-01T15:56:34+00:00","dateModified":"2024-08-01T16:13:41+00:00","description":"UCAN FASTENING PRODUCTS has been supplying high quality masonry and metal fasteners to the construction industry for over 50 years.","breadcrumb":{"@id":"https:\/\/ucanfast.com\/fr\/nos-produits\/vis-tire-fond-pour-tuiles-acoustiques\/#breadcrumb"},"inLanguage":"fr-FR","potentialAction":[{"@type":"ReadAction","target":["https:\/\/ucanfast.com\/fr\/nos-produits\/vis-tire-fond-pour-tuiles-acoustiques\/"]}]},{"@type":"BreadcrumbList","@id":"https:\/\/ucanfast.com\/fr\/nos-produits\/vis-tire-fond-pour-tuiles-acoustiques\/#breadcrumb","itemListElement":[{"@type":"ListItem","position":1,"name":"Accueil","item":"https:\/\/ucanfast.com\/fr\/"},{"@type":"ListItem","position":2,"name":"Nos Produits","item":"https:\/\/ucanfast.com\/fr\/nos-produits\/"},{"@type":"ListItem","position":3,"name":"Vis tire-fond pour tuiles acoustiques"}]},{"@type":"WebSite","@id":"https:\/\/ucanfast.com\/fr\/#website","url":"https:\/\/ucanfast.com\/fr\/","name":"UCAN Fastening Products","description":"BUILDING LASTING CONNECTIONS","publisher":{"@id":"https:\/\/ucanfast.com\/fr\/#organization"},"potentialAction":[{"@type":"SearchAction","target":{"@type":"EntryPoint","urlTemplate":"https:\/\/ucanfast.com\/fr\/?s={search_term_string}"},"query-input":"required name=search_term_string"}],"inLanguage":"fr-FR"},{"@type":"Organization","@id":"https:\/\/ucanfast.com\/fr\/#organization","name":"UCAN Fastening Products","url":"https:\/\/ucanfast.com\/fr\/","logo":{"@type":"ImageObject","inLanguage":"fr-FR","@id":"https:\/\/ucanfast.com\/fr\/#\/schema\/logo\/image\/","url":"https:\/\/ucanfast.com\/wp-content\/uploads\/2023\/01\/Screen_Shot_2023-01-25_at_12.15.04_PM.png","contentUrl":"https:\/\/ucanfast.com\/wp-content\/uploads\/2023\/01\/Screen_Shot_2023-01-25_at_12.15.04_PM.png","width":350,"height":192,"caption":"UCAN Fastening Products"},"image":{"@id":"https:\/\/ucanfast.com\/fr\/#\/schema\/logo\/image\/"},"sameAs":["https:\/\/ca.linkedin.com\/company\/ucan-fastening-products"]}]}},"_links":{"self":[{"href":"https:\/\/ucanfast.com\/fr\/wp-json\/wp\/v2\/product\/10821"}],"collection":[{"href":"https:\/\/ucanfast.com\/fr\/wp-json\/wp\/v2\/product"}],"about":[{"href":"https:\/\/ucanfast.com\/fr\/wp-json\/wp\/v2\/types\/product"}],"replies":[{"embeddable":true,"href":"https:\/\/ucanfast.com\/fr\/wp-json\/wp\/v2\/comments?post=10821"}],"wp:featuredmedia":[{"embeddable":true,"href":"https:\/\/ucanfast.com\/fr\/wp-json\/wp\/v2\/media\/5496"}],"wp:attachment":[{"href":"https:\/\/ucanfast.com\/fr\/wp-json\/wp\/v2\/media?parent=10821"}],"wp:term":[{"taxonomy":"product_cat","embeddable":true,"href":"https:\/\/ucanfast.com\/fr\/wp-json\/wp\/v2\/product_cat?post=10821"},{"taxonomy":"product_tag","embeddable":true,"href":"https:\/\/ucanfast.com\/fr\/wp-json\/wp\/v2\/product_tag?post=10821"},{"taxonomy":"Group","embeddable":true,"href":"https:\/\/ucanfast.com\/fr\/wp-json\/wp\/v2\/Group?post=10821"}],"curies":[{"name":"wp","href":"https:\/\/api.w.org\/{rel}","templated":true}]}}