{"id":10669,"date":"2022-07-01T11:57:19","date_gmt":"2022-07-01T15:57:19","guid":{"rendered":"https:\/\/ucanstage.wpengine.com\/product\/drop-in-anchors-fractional-o-d\/"},"modified":"2024-10-02T13:36:16","modified_gmt":"2024-10-02T17:36:16","slug":"ancrages-de-type-manchon-dia-ext-fractionnel","status":"publish","type":"product","link":"https:\/\/ucanfast.com\/fr\/nos-produits\/ancrages-de-type-manchon-dia-ext-fractionnel\/","title":{"rendered":"Ancrages de type manchon \u2013 Dia. ext. fractionnel"},"content":{"rendered":"<p>Les ancrages de type manchon sont des manchons ancr\u00e9s filet\u00e9s \u00e0 l\u2019int\u00e9rieur, munis d\u2019une cartouche d\u2019expansion interne. Ces ancrages certifi\u00e9s par FM Global peuvent \u00eatre fournis en acier au carbone ou en acier inoxydable. Les ancrages en acier au carbone sont zingu\u00e9e pour am\u00e9liorer la protection contre la corrosion. L\u2019<a href=\"https:\/\/ucanfast.com\/fr\/nos-produits\/outils-dinsertion-etalonnee-de-manchons\/\" target=\"_self\" rel=\"noopener\">outil d\u2019installation \u00e9chelonn\u00e9<\/a> permet la fixation correcte des ancrages. Ces ancrages sont con\u00e7us pour fournir une ferme puissance de maintien dans des encastrements peu profonds.Trois tailles courantes sont approuv\u00e9es FM, 3\/8 \u2013 1\/2 po, 1\/2 \u2013 5\/8 po, et 5\/8 \u2013 78 po.<\/p>\n<h5>CARACT\u00c9RISTIQUES<\/h5>\n<ul>\n<li>Conception sans pi\u00e8ces d\u00e9tach\u00e9es<\/li>\n<li>S\u2019utilisent pour les applications d\u2019installation \u00e0 niveau ou sous la surface<\/li>\n<li>Tailles approuv\u00e9es FM: IPA 3812, IPA 1258 &amp; IPA 5878 <span style=\"color: #c8102e;\">(En rouge)<\/span><\/li>\n<\/ul>\n<h5>APPLICATIONS TYPIQUES :<\/h5>\n<ul>\n<li>Syst\u00e8mes d\u2019extinction d\u2019incendie<\/li>\n<li>Canalisations de c\u00e2bles<\/li>\n<li>Installation de machinerie<\/li>\n<li>Support de soupapes hydrauliques<\/li>\n<li>Soutien temporaire pour coupe, al\u00e9sage ou carottage<\/li>\n<\/ul>\n<div class=\"partstabletitle\">\n<div class=\"partstabletitle\">\n<h5>DIA. EXT. FRACTIONNEL (IMP\u00c9RIAL)<\/h5>\n<\/div>\n<div>\n<table class=\"detailpartstable\" style=\"height: 203px;\" border=\"0\" width=\"850\" cellspacing=\"0\" cellpadding=\"0\">\n<tbody>\n<tr class=\"headers\">\n<td><strong>N\u00ba de <\/strong><br \/>\n<strong>pi\u00e8ce<\/strong><\/td>\n<td><strong>Dimension <\/strong><br \/>\n<strong>de filetage<\/strong><\/td>\n<td><strong>Dim. <\/strong><br \/>\n<strong>de foret<\/strong><\/td>\n<td><strong>Qt\u00e9 <\/strong><br \/>\n<strong>par paquet<\/strong><\/td>\n<td><strong>Qt\u00e9 <\/strong><br \/>\n<strong>par caisse<\/strong><\/td>\n<td><strong>Poids de <\/strong><br \/>\n<strong>la caisse<\/strong><\/td>\n<td><strong>Taille de <\/strong><br \/>\n<strong>la caisse<\/strong><\/td>\n<\/tr>\n<tr>\n<td>IPA 1438<\/td>\n<td>1\/4<\/td>\n<td>3\/8<\/td>\n<td>100<\/td>\n<td>2,000<\/td>\n<td>43 lbs<\/td>\n<td>9&#8243; x 7-1\/2&#8243; x 6-1\/2&#8243;<\/td>\n<\/tr>\n<tr class=\"instock\" style=\"color: #c8102e;\">\n<td>IPA 3812<\/td>\n<td>3\/8<\/td>\n<td>1\/2<\/td>\n<td>50<\/td>\n<td>1,000<\/td>\n<td>59 lbs<\/td>\n<td>13-3\/8&#8243; x 6&#8243; x 7-3\/4&#8243;<\/td>\n<\/tr>\n<tr class=\"instock\" style=\"color: #c8102e;\">\n<td>IPA 1258<\/td>\n<td>1\/2<\/td>\n<td>5\/8<\/td>\n<td>50<\/td>\n<td>500<\/td>\n<td>56 lbs<\/td>\n<td>15-3\/4&#8243; x 7-1\/2&#8243; x 5&#8243;<\/td>\n<\/tr>\n<tr class=\"instock\" style=\"color: #c8102e;\">\n<td>IPA 5878<\/td>\n<td>5\/8<\/td>\n<td>7\/8<\/td>\n<td>25<\/td>\n<td>100<\/td>\n<td>32 lbs<\/td>\n<td>9&#8243; x 6&#8243; x 5-3\/4&#8243;<\/td>\n<\/tr>\n<tr>\n<td>IPA 341<\/td>\n<td>3\/4<\/td>\n<td>1<\/td>\n<td>25<\/td>\n<td>100<\/td>\n<td>44 lbs<\/td>\n<td>10-5\/8&#8243; x 6&#8243; x 7-1\/2&#8243;<\/td>\n<\/tr>\n<\/tbody>\n<\/table>\n<p>&nbsp;<\/p>\n<p>Note:<br \/>\nLes tailles surlign\u00e9es <span style=\"color: #c8102e;\">en rouge<\/span> sont approuv\u00e9es FM.<\/p>\n<\/div>\n<\/div>\n","protected":false},"excerpt":{"rendered":"<p>Les ancrages de type manchon sont des manchons ancr\u00e9s filet\u00e9s \u00e0 l\u2019int\u00e9rieur, munis d\u2019une cartouche d\u2019expansion interne. Ces ancrages certifi\u00e9s par FM Global peuvent \u00eatre fournis en acier au carbone ou en acier inoxydable. Les ancrages en acier au carbone sont zingu\u00e9e pour am\u00e9liorer la protection contre la corrosion.<\/p>\n","protected":false},"featured_media":5462,"comment_status":"open","ping_status":"closed","template":"","meta":[],"product_cat":[1547,1533,1545],"product_tag":[],"Group":[],"acf":[],"yoast_head":"<!-- This site is optimized with the Yoast SEO plugin v20.11 - https:\/\/yoast.com\/wordpress\/plugins\/seo\/ -->\n<title>Ancrages de type manchon \u2013 Dia. ext. fractionnel - UCAN - Fastening Products<\/title>\n<meta name=\"description\" content=\"These anchors are available in both carbon steel and stainless steel. The carbon steel anchor is zinc plated to extend corrosion protection.\" \/>\n<meta name=\"robots\" content=\"noindex, follow\" \/>\n<meta property=\"og:locale\" content=\"fr_FR\" \/>\n<meta property=\"og:type\" content=\"article\" \/>\n<meta property=\"og:title\" content=\"Ancrages de type manchon \u2013 Dia. ext. fractionnel - UCAN - Fastening Products\" \/>\n<meta property=\"og:description\" content=\"These anchors are available in both carbon steel and stainless steel. The carbon steel anchor is zinc plated to extend corrosion protection.\" \/>\n<meta property=\"og:url\" content=\"https:\/\/ucanfast.com\/fr\/nos-produits\/ancrages-de-type-manchon-dia-ext-fractionnel\/\" \/>\n<meta property=\"og:site_name\" content=\"UCAN - Fastening Products\" \/>\n<meta property=\"article:modified_time\" content=\"2024-10-02T17:36:16+00:00\" \/>\n<meta property=\"og:image\" content=\"https:\/\/ucanfast.com\/wp-content\/uploads\/2022\/07\/IPA-drop-in-anchor-rotated.jpg\" \/>\n\t<meta property=\"og:image:width\" content=\"2215\" \/>\n\t<meta property=\"og:image:height\" content=\"1524\" \/>\n\t<meta property=\"og:image:type\" content=\"image\/jpeg\" \/>\n<meta name=\"twitter:card\" content=\"summary_large_image\" \/>\n<meta name=\"twitter:label1\" content=\"Dur\u00e9e de lecture estim\u00e9e\" \/>\n\t<meta name=\"twitter:data1\" content=\"2 minutes\" \/>\n<script type=\"application\/ld+json\" class=\"yoast-schema-graph\">{\"@context\":\"https:\/\/schema.org\",\"@graph\":[{\"@type\":\"WebPage\",\"@id\":\"https:\/\/ucanfast.com\/fr\/nos-produits\/ancrages-de-type-manchon-dia-ext-fractionnel\/\",\"url\":\"https:\/\/ucanfast.com\/fr\/nos-produits\/ancrages-de-type-manchon-dia-ext-fractionnel\/\",\"name\":\"Ancrages de type manchon \u2013 Dia. ext. fractionnel - UCAN - Fastening Products\",\"isPartOf\":{\"@id\":\"https:\/\/ucanfast.com\/fr\/#website\"},\"datePublished\":\"2022-07-01T15:57:19+00:00\",\"dateModified\":\"2024-10-02T17:36:16+00:00\",\"description\":\"These anchors are available in both carbon steel and stainless steel. The carbon steel anchor is zinc plated to extend corrosion protection.\",\"breadcrumb\":{\"@id\":\"https:\/\/ucanfast.com\/fr\/nos-produits\/ancrages-de-type-manchon-dia-ext-fractionnel\/#breadcrumb\"},\"inLanguage\":\"fr-FR\",\"potentialAction\":[{\"@type\":\"ReadAction\",\"target\":[\"https:\/\/ucanfast.com\/fr\/nos-produits\/ancrages-de-type-manchon-dia-ext-fractionnel\/\"]}]},{\"@type\":\"BreadcrumbList\",\"@id\":\"https:\/\/ucanfast.com\/fr\/nos-produits\/ancrages-de-type-manchon-dia-ext-fractionnel\/#breadcrumb\",\"itemListElement\":[{\"@type\":\"ListItem\",\"position\":1,\"name\":\"Accueil\",\"item\":\"https:\/\/ucanfast.com\/fr\/\"},{\"@type\":\"ListItem\",\"position\":2,\"name\":\"Nos Produits\",\"item\":\"https:\/\/ucanfast.com\/fr\/nos-produits\/\"},{\"@type\":\"ListItem\",\"position\":3,\"name\":\"Ancrages de type manchon \u2013 Dia. ext. fractionnel\"}]},{\"@type\":\"WebSite\",\"@id\":\"https:\/\/ucanfast.com\/fr\/#website\",\"url\":\"https:\/\/ucanfast.com\/fr\/\",\"name\":\"UCAN Fastening Products\",\"description\":\"BUILDING LASTING CONNECTIONS\",\"publisher\":{\"@id\":\"https:\/\/ucanfast.com\/fr\/#organization\"},\"potentialAction\":[{\"@type\":\"SearchAction\",\"target\":{\"@type\":\"EntryPoint\",\"urlTemplate\":\"https:\/\/ucanfast.com\/fr\/?s={search_term_string}\"},\"query-input\":\"required name=search_term_string\"}],\"inLanguage\":\"fr-FR\"},{\"@type\":\"Organization\",\"@id\":\"https:\/\/ucanfast.com\/fr\/#organization\",\"name\":\"UCAN Fastening Products\",\"url\":\"https:\/\/ucanfast.com\/fr\/\",\"logo\":{\"@type\":\"ImageObject\",\"inLanguage\":\"fr-FR\",\"@id\":\"https:\/\/ucanfast.com\/fr\/#\/schema\/logo\/image\/\",\"url\":\"https:\/\/ucanfast.com\/wp-content\/uploads\/2023\/01\/Screen_Shot_2023-01-25_at_12.15.04_PM.png\",\"contentUrl\":\"https:\/\/ucanfast.com\/wp-content\/uploads\/2023\/01\/Screen_Shot_2023-01-25_at_12.15.04_PM.png\",\"width\":350,\"height\":192,\"caption\":\"UCAN Fastening Products\"},\"image\":{\"@id\":\"https:\/\/ucanfast.com\/fr\/#\/schema\/logo\/image\/\"},\"sameAs\":[\"https:\/\/ca.linkedin.com\/company\/ucan-fastening-products\"]}]}<\/script>\n<!-- \/ Yoast SEO plugin. -->","yoast_head_json":{"title":"Ancrages de type manchon \u2013 Dia. ext. fractionnel - UCAN - Fastening Products","description":"These anchors are available in both carbon steel and stainless steel. The carbon steel anchor is zinc plated to extend corrosion protection.","robots":{"index":"noindex","follow":"follow"},"og_locale":"fr_FR","og_type":"article","og_title":"Ancrages de type manchon \u2013 Dia. ext. fractionnel - UCAN - Fastening Products","og_description":"These anchors are available in both carbon steel and stainless steel. The carbon steel anchor is zinc plated to extend corrosion protection.","og_url":"https:\/\/ucanfast.com\/fr\/nos-produits\/ancrages-de-type-manchon-dia-ext-fractionnel\/","og_site_name":"UCAN - Fastening Products","article_modified_time":"2024-10-02T17:36:16+00:00","og_image":[{"width":2215,"height":1524,"url":"https:\/\/ucanfast.com\/wp-content\/uploads\/2022\/07\/IPA-drop-in-anchor-rotated.jpg","type":"image\/jpeg"}],"twitter_card":"summary_large_image","twitter_misc":{"Dur\u00e9e de lecture estim\u00e9e":"2 minutes"},"schema":{"@context":"https:\/\/schema.org","@graph":[{"@type":"WebPage","@id":"https:\/\/ucanfast.com\/fr\/nos-produits\/ancrages-de-type-manchon-dia-ext-fractionnel\/","url":"https:\/\/ucanfast.com\/fr\/nos-produits\/ancrages-de-type-manchon-dia-ext-fractionnel\/","name":"Ancrages de type manchon \u2013 Dia. ext. fractionnel - UCAN - Fastening Products","isPartOf":{"@id":"https:\/\/ucanfast.com\/fr\/#website"},"datePublished":"2022-07-01T15:57:19+00:00","dateModified":"2024-10-02T17:36:16+00:00","description":"These anchors are available in both carbon steel and stainless steel. The carbon steel anchor is zinc plated to extend corrosion protection.","breadcrumb":{"@id":"https:\/\/ucanfast.com\/fr\/nos-produits\/ancrages-de-type-manchon-dia-ext-fractionnel\/#breadcrumb"},"inLanguage":"fr-FR","potentialAction":[{"@type":"ReadAction","target":["https:\/\/ucanfast.com\/fr\/nos-produits\/ancrages-de-type-manchon-dia-ext-fractionnel\/"]}]},{"@type":"BreadcrumbList","@id":"https:\/\/ucanfast.com\/fr\/nos-produits\/ancrages-de-type-manchon-dia-ext-fractionnel\/#breadcrumb","itemListElement":[{"@type":"ListItem","position":1,"name":"Accueil","item":"https:\/\/ucanfast.com\/fr\/"},{"@type":"ListItem","position":2,"name":"Nos Produits","item":"https:\/\/ucanfast.com\/fr\/nos-produits\/"},{"@type":"ListItem","position":3,"name":"Ancrages de type manchon \u2013 Dia. ext. fractionnel"}]},{"@type":"WebSite","@id":"https:\/\/ucanfast.com\/fr\/#website","url":"https:\/\/ucanfast.com\/fr\/","name":"UCAN Fastening Products","description":"BUILDING LASTING CONNECTIONS","publisher":{"@id":"https:\/\/ucanfast.com\/fr\/#organization"},"potentialAction":[{"@type":"SearchAction","target":{"@type":"EntryPoint","urlTemplate":"https:\/\/ucanfast.com\/fr\/?s={search_term_string}"},"query-input":"required name=search_term_string"}],"inLanguage":"fr-FR"},{"@type":"Organization","@id":"https:\/\/ucanfast.com\/fr\/#organization","name":"UCAN Fastening Products","url":"https:\/\/ucanfast.com\/fr\/","logo":{"@type":"ImageObject","inLanguage":"fr-FR","@id":"https:\/\/ucanfast.com\/fr\/#\/schema\/logo\/image\/","url":"https:\/\/ucanfast.com\/wp-content\/uploads\/2023\/01\/Screen_Shot_2023-01-25_at_12.15.04_PM.png","contentUrl":"https:\/\/ucanfast.com\/wp-content\/uploads\/2023\/01\/Screen_Shot_2023-01-25_at_12.15.04_PM.png","width":350,"height":192,"caption":"UCAN Fastening Products"},"image":{"@id":"https:\/\/ucanfast.com\/fr\/#\/schema\/logo\/image\/"},"sameAs":["https:\/\/ca.linkedin.com\/company\/ucan-fastening-products"]}]}},"_links":{"self":[{"href":"https:\/\/ucanfast.com\/fr\/wp-json\/wp\/v2\/product\/10669"}],"collection":[{"href":"https:\/\/ucanfast.com\/fr\/wp-json\/wp\/v2\/product"}],"about":[{"href":"https:\/\/ucanfast.com\/fr\/wp-json\/wp\/v2\/types\/product"}],"replies":[{"embeddable":true,"href":"https:\/\/ucanfast.com\/fr\/wp-json\/wp\/v2\/comments?post=10669"}],"wp:featuredmedia":[{"embeddable":true,"href":"https:\/\/ucanfast.com\/fr\/wp-json\/wp\/v2\/media\/5462"}],"wp:attachment":[{"href":"https:\/\/ucanfast.com\/fr\/wp-json\/wp\/v2\/media?parent=10669"}],"wp:term":[{"taxonomy":"product_cat","embeddable":true,"href":"https:\/\/ucanfast.com\/fr\/wp-json\/wp\/v2\/product_cat?post=10669"},{"taxonomy":"product_tag","embeddable":true,"href":"https:\/\/ucanfast.com\/fr\/wp-json\/wp\/v2\/product_tag?post=10669"},{"taxonomy":"Group","embeddable":true,"href":"https:\/\/ucanfast.com\/fr\/wp-json\/wp\/v2\/Group?post=10669"}],"curies":[{"name":"wp","href":"https:\/\/api.w.org\/{rel}","templated":true}]}}