{"id":10665,"date":"2022-07-01T11:57:23","date_gmt":"2022-07-01T15:57:23","guid":{"rendered":"https:\/\/ucanstage.wpengine.com\/product\/drop-in-anchors-metric-o-d\/"},"modified":"2024-07-25T10:02:37","modified_gmt":"2024-07-25T14:02:37","slug":"ancrages-de-type-manchon-dia-ext-metrique","status":"publish","type":"product","link":"https:\/\/ucanfast.com\/fr\/nos-produits\/ancrages-de-type-manchon-dia-ext-metrique\/","title":{"rendered":"Ancrages de type manchon &#8211; Dia. ext. m\u00e9trique"},"content":{"rendered":"<p>Les ancrages de type manchon sont des manchons ancr\u00e9s filet\u00e9s \u00e0 l\u2019int\u00e9rieur, munis d\u2019une cartouche d\u2019expansion interne. Ces ancrages certifi\u00e9s par FM Global peuvent \u00eatre fournis en acier au carbone ou en acier inoxydable. Les ancrages en acier au carbone sont zingu\u00e9e pour am\u00e9liorer la protection contre la corrosion.\u00a0L&#8217;<a href=\"https:\/\/ucanfast.com\/fr\/nos-produits\/outils-dinsertion-etalonnee-de-manchons\/\" target=\"_self\" rel=\"noopener\">outil d\u2019installation \u00e9chelonn\u00e9<\/a> permet la fixation correcte des ancrages. Ces ancrages sont con\u00e7us pour fournir une ferme puissance de maintien dans des encastrements peu profonds.Trois tailles courantes sont approuv\u00e9es FM, 3\/8 &#8211; 1\/2 po, 1\/2 &#8211; 5\/8 po, et 5\/8 &#8211; 78 po.<\/p>\n<h5>CARACT\u00c9RISTIQUES<\/h5>\n<ul>\n<li>Conception sans pi\u00e8ces d\u00e9tach\u00e9es<\/li>\n<li>S\u2019utilisent pour les applications d\u2019installation \u00e0 niveau ou sous la surface<\/li>\n<li>Tailles approuv\u00e9es FM: IPA 3812, IPA 1258 &amp; IPA 5878<\/li>\n<\/ul>\n<h5>APPLICATIONS TYPIQUES :<\/h5>\n<ul>\n<li>Syst\u00e8mes d\u2019extinction d\u2019incendie<\/li>\n<li>Canalisations de c\u00e2bles<\/li>\n<li>Installation de machinerie<\/li>\n<li>Support de soupapes hydrauliques<\/li>\n<li>Soutien temporaire pour coupe, al\u00e9sage ou carottage<\/li>\n<\/ul>\n<p>&nbsp;<\/p>\n<h5>DIA. EXT. M\u00c9TRIQUE<\/h5>\n<div>\n<table class=\"detailpartstable\" style=\"height: 91px;\" border=\"0\" width=\"850\" cellspacing=\"0\" cellpadding=\"0\">\n<tbody>\n<tr class=\"headers\">\n<td><strong>N\u00ba de pi\u00e8ce<\/strong><\/td>\n<td style=\"width: 15%;\"><strong>Dimension de<br \/>filetage<\/strong><\/td>\n<td><strong>Dim. de<br \/>foret<\/strong><\/td>\n<td><strong>Qt\u00e9 par<br \/>paquet<\/strong><\/td>\n<td><strong>Qt\u00e9 par<br \/>caisse<\/strong><\/td>\n<td><strong>Poids de<br \/>la caisse<\/strong><\/td>\n<td><strong>Taille de la caisse<\/strong><\/td>\n<\/tr>\n<tr>\n<td>IPA 14516<\/td>\n<td>1\/4<\/td>\n<td>8MM<\/td>\n<td>100<\/td>\n<td>2,000<\/td>\n<td>28 lbs<\/td>\n<td>9\u2033 x 7-1\/2\u2033 x 6-1\/2\u2033<\/td>\n<\/tr>\n<tr>\n<td>IPA 381532<\/td>\n<td>3\/8<\/td>\n<td>12MM<\/td>\n<td>50<\/td>\n<td>1,000<\/td>\n<td>28 lbs<\/td>\n<td>12-1\/4\u2033 x 6\u2033 x 7-1\/2\u2033<\/td>\n<\/tr>\n<\/tbody>\n<\/table>\n<\/div>\n<p>&nbsp;<\/p>\n","protected":false},"excerpt":{"rendered":"<p>Les ancrages de type manchon sont des manchons ancr\u00e9s filet\u00e9s \u00e0 l\u2019int\u00e9rieur, munis d\u2019une cartouche d\u2019expansion interne. Ces ancrages certifi\u00e9s par FM Global peuvent \u00eatre fournis en acier au carbone ou en acier inoxydable. Les ancrages en acier au carbone sont zingu\u00e9e pour am\u00e9liorer la protection contre la corrosion.<\/p>\n","protected":false},"featured_media":5462,"comment_status":"open","ping_status":"closed","template":"","meta":[],"product_cat":[1547,1533,1545],"product_tag":[],"Group":[],"acf":[],"yoast_head":"<!-- This site is optimized with the Yoast SEO plugin v20.11 - https:\/\/yoast.com\/wordpress\/plugins\/seo\/ -->\n<title>Ancrages de type manchon - Dia. ext. m\u00e9trique - UCAN - Fastening Products<\/title>\n<meta name=\"description\" content=\"The UCAN drop-in anchor is an internally threaded anchor, which is preassembled with an internal expansion plug.\" \/>\n<meta name=\"robots\" content=\"noindex, follow\" \/>\n<meta property=\"og:locale\" content=\"fr_FR\" \/>\n<meta property=\"og:type\" content=\"article\" \/>\n<meta property=\"og:title\" content=\"Ancrages de type manchon - Dia. ext. m\u00e9trique - UCAN - Fastening Products\" \/>\n<meta property=\"og:description\" content=\"The UCAN drop-in anchor is an internally threaded anchor, which is preassembled with an internal expansion plug.\" \/>\n<meta property=\"og:url\" content=\"https:\/\/ucanfast.com\/fr\/nos-produits\/ancrages-de-type-manchon-dia-ext-metrique\/\" \/>\n<meta property=\"og:site_name\" content=\"UCAN - Fastening Products\" \/>\n<meta property=\"article:modified_time\" content=\"2024-07-25T14:02:37+00:00\" \/>\n<meta property=\"og:image\" content=\"https:\/\/ucanfast.com\/wp-content\/uploads\/2022\/07\/IPA-drop-in-anchor-rotated.jpg\" \/>\n\t<meta property=\"og:image:width\" content=\"2215\" \/>\n\t<meta property=\"og:image:height\" content=\"1524\" \/>\n\t<meta property=\"og:image:type\" content=\"image\/jpeg\" \/>\n<meta name=\"twitter:card\" content=\"summary_large_image\" \/>\n<meta name=\"twitter:label1\" content=\"Dur\u00e9e de lecture estim\u00e9e\" \/>\n\t<meta name=\"twitter:data1\" content=\"1 minute\" \/>\n<script type=\"application\/ld+json\" class=\"yoast-schema-graph\">{\"@context\":\"https:\/\/schema.org\",\"@graph\":[{\"@type\":\"WebPage\",\"@id\":\"https:\/\/ucanfast.com\/fr\/nos-produits\/ancrages-de-type-manchon-dia-ext-metrique\/\",\"url\":\"https:\/\/ucanfast.com\/fr\/nos-produits\/ancrages-de-type-manchon-dia-ext-metrique\/\",\"name\":\"Ancrages de type manchon - Dia. ext. m\u00e9trique - UCAN - Fastening Products\",\"isPartOf\":{\"@id\":\"https:\/\/ucanfast.com\/fr\/#website\"},\"datePublished\":\"2022-07-01T15:57:23+00:00\",\"dateModified\":\"2024-07-25T14:02:37+00:00\",\"description\":\"The UCAN drop-in anchor is an internally threaded anchor, which is preassembled with an internal expansion plug.\",\"breadcrumb\":{\"@id\":\"https:\/\/ucanfast.com\/fr\/nos-produits\/ancrages-de-type-manchon-dia-ext-metrique\/#breadcrumb\"},\"inLanguage\":\"fr-FR\",\"potentialAction\":[{\"@type\":\"ReadAction\",\"target\":[\"https:\/\/ucanfast.com\/fr\/nos-produits\/ancrages-de-type-manchon-dia-ext-metrique\/\"]}]},{\"@type\":\"BreadcrumbList\",\"@id\":\"https:\/\/ucanfast.com\/fr\/nos-produits\/ancrages-de-type-manchon-dia-ext-metrique\/#breadcrumb\",\"itemListElement\":[{\"@type\":\"ListItem\",\"position\":1,\"name\":\"Accueil\",\"item\":\"https:\/\/ucanfast.com\/fr\/\"},{\"@type\":\"ListItem\",\"position\":2,\"name\":\"Nos Produits\",\"item\":\"https:\/\/ucanfast.com\/fr\/nos-produits\/\"},{\"@type\":\"ListItem\",\"position\":3,\"name\":\"Ancrages de type manchon &#8211; Dia. ext. m\u00e9trique\"}]},{\"@type\":\"WebSite\",\"@id\":\"https:\/\/ucanfast.com\/fr\/#website\",\"url\":\"https:\/\/ucanfast.com\/fr\/\",\"name\":\"UCAN Fastening Products\",\"description\":\"BUILDING LASTING CONNECTIONS\",\"publisher\":{\"@id\":\"https:\/\/ucanfast.com\/fr\/#organization\"},\"potentialAction\":[{\"@type\":\"SearchAction\",\"target\":{\"@type\":\"EntryPoint\",\"urlTemplate\":\"https:\/\/ucanfast.com\/fr\/?s={search_term_string}\"},\"query-input\":\"required name=search_term_string\"}],\"inLanguage\":\"fr-FR\"},{\"@type\":\"Organization\",\"@id\":\"https:\/\/ucanfast.com\/fr\/#organization\",\"name\":\"UCAN Fastening Products\",\"url\":\"https:\/\/ucanfast.com\/fr\/\",\"logo\":{\"@type\":\"ImageObject\",\"inLanguage\":\"fr-FR\",\"@id\":\"https:\/\/ucanfast.com\/fr\/#\/schema\/logo\/image\/\",\"url\":\"https:\/\/ucanfast.com\/wp-content\/uploads\/2023\/01\/Screen_Shot_2023-01-25_at_12.15.04_PM.png\",\"contentUrl\":\"https:\/\/ucanfast.com\/wp-content\/uploads\/2023\/01\/Screen_Shot_2023-01-25_at_12.15.04_PM.png\",\"width\":350,\"height\":192,\"caption\":\"UCAN Fastening Products\"},\"image\":{\"@id\":\"https:\/\/ucanfast.com\/fr\/#\/schema\/logo\/image\/\"},\"sameAs\":[\"https:\/\/ca.linkedin.com\/company\/ucan-fastening-products\"]}]}<\/script>\n<!-- \/ Yoast SEO plugin. -->","yoast_head_json":{"title":"Ancrages de type manchon - Dia. ext. m\u00e9trique - UCAN - Fastening Products","description":"The UCAN drop-in anchor is an internally threaded anchor, which is preassembled with an internal expansion plug.","robots":{"index":"noindex","follow":"follow"},"og_locale":"fr_FR","og_type":"article","og_title":"Ancrages de type manchon - Dia. ext. m\u00e9trique - UCAN - Fastening Products","og_description":"The UCAN drop-in anchor is an internally threaded anchor, which is preassembled with an internal expansion plug.","og_url":"https:\/\/ucanfast.com\/fr\/nos-produits\/ancrages-de-type-manchon-dia-ext-metrique\/","og_site_name":"UCAN - Fastening Products","article_modified_time":"2024-07-25T14:02:37+00:00","og_image":[{"width":2215,"height":1524,"url":"https:\/\/ucanfast.com\/wp-content\/uploads\/2022\/07\/IPA-drop-in-anchor-rotated.jpg","type":"image\/jpeg"}],"twitter_card":"summary_large_image","twitter_misc":{"Dur\u00e9e de lecture estim\u00e9e":"1 minute"},"schema":{"@context":"https:\/\/schema.org","@graph":[{"@type":"WebPage","@id":"https:\/\/ucanfast.com\/fr\/nos-produits\/ancrages-de-type-manchon-dia-ext-metrique\/","url":"https:\/\/ucanfast.com\/fr\/nos-produits\/ancrages-de-type-manchon-dia-ext-metrique\/","name":"Ancrages de type manchon - Dia. ext. m\u00e9trique - UCAN - Fastening Products","isPartOf":{"@id":"https:\/\/ucanfast.com\/fr\/#website"},"datePublished":"2022-07-01T15:57:23+00:00","dateModified":"2024-07-25T14:02:37+00:00","description":"The UCAN drop-in anchor is an internally threaded anchor, which is preassembled with an internal expansion plug.","breadcrumb":{"@id":"https:\/\/ucanfast.com\/fr\/nos-produits\/ancrages-de-type-manchon-dia-ext-metrique\/#breadcrumb"},"inLanguage":"fr-FR","potentialAction":[{"@type":"ReadAction","target":["https:\/\/ucanfast.com\/fr\/nos-produits\/ancrages-de-type-manchon-dia-ext-metrique\/"]}]},{"@type":"BreadcrumbList","@id":"https:\/\/ucanfast.com\/fr\/nos-produits\/ancrages-de-type-manchon-dia-ext-metrique\/#breadcrumb","itemListElement":[{"@type":"ListItem","position":1,"name":"Accueil","item":"https:\/\/ucanfast.com\/fr\/"},{"@type":"ListItem","position":2,"name":"Nos Produits","item":"https:\/\/ucanfast.com\/fr\/nos-produits\/"},{"@type":"ListItem","position":3,"name":"Ancrages de type manchon &#8211; Dia. ext. m\u00e9trique"}]},{"@type":"WebSite","@id":"https:\/\/ucanfast.com\/fr\/#website","url":"https:\/\/ucanfast.com\/fr\/","name":"UCAN Fastening Products","description":"BUILDING LASTING CONNECTIONS","publisher":{"@id":"https:\/\/ucanfast.com\/fr\/#organization"},"potentialAction":[{"@type":"SearchAction","target":{"@type":"EntryPoint","urlTemplate":"https:\/\/ucanfast.com\/fr\/?s={search_term_string}"},"query-input":"required name=search_term_string"}],"inLanguage":"fr-FR"},{"@type":"Organization","@id":"https:\/\/ucanfast.com\/fr\/#organization","name":"UCAN Fastening Products","url":"https:\/\/ucanfast.com\/fr\/","logo":{"@type":"ImageObject","inLanguage":"fr-FR","@id":"https:\/\/ucanfast.com\/fr\/#\/schema\/logo\/image\/","url":"https:\/\/ucanfast.com\/wp-content\/uploads\/2023\/01\/Screen_Shot_2023-01-25_at_12.15.04_PM.png","contentUrl":"https:\/\/ucanfast.com\/wp-content\/uploads\/2023\/01\/Screen_Shot_2023-01-25_at_12.15.04_PM.png","width":350,"height":192,"caption":"UCAN Fastening Products"},"image":{"@id":"https:\/\/ucanfast.com\/fr\/#\/schema\/logo\/image\/"},"sameAs":["https:\/\/ca.linkedin.com\/company\/ucan-fastening-products"]}]}},"_links":{"self":[{"href":"https:\/\/ucanfast.com\/fr\/wp-json\/wp\/v2\/product\/10665"}],"collection":[{"href":"https:\/\/ucanfast.com\/fr\/wp-json\/wp\/v2\/product"}],"about":[{"href":"https:\/\/ucanfast.com\/fr\/wp-json\/wp\/v2\/types\/product"}],"replies":[{"embeddable":true,"href":"https:\/\/ucanfast.com\/fr\/wp-json\/wp\/v2\/comments?post=10665"}],"wp:featuredmedia":[{"embeddable":true,"href":"https:\/\/ucanfast.com\/fr\/wp-json\/wp\/v2\/media\/5462"}],"wp:attachment":[{"href":"https:\/\/ucanfast.com\/fr\/wp-json\/wp\/v2\/media?parent=10665"}],"wp:term":[{"taxonomy":"product_cat","embeddable":true,"href":"https:\/\/ucanfast.com\/fr\/wp-json\/wp\/v2\/product_cat?post=10665"},{"taxonomy":"product_tag","embeddable":true,"href":"https:\/\/ucanfast.com\/fr\/wp-json\/wp\/v2\/product_tag?post=10665"},{"taxonomy":"Group","embeddable":true,"href":"https:\/\/ucanfast.com\/fr\/wp-json\/wp\/v2\/Group?post=10665"}],"curies":[{"name":"wp","href":"https:\/\/api.w.org\/{rel}","templated":true}]}}