{"id":10655,"date":"2022-07-01T11:57:27","date_gmt":"2022-07-01T15:57:27","guid":{"rendered":"https:\/\/ucanstage.wpengine.com\/product\/drop-in-setting-tools\/"},"modified":"2023-07-17T14:53:51","modified_gmt":"2023-07-17T18:53:51","slug":"outils-dinsertion-etalonnee-de-manchons","status":"publish","type":"product","link":"https:\/\/ucanfast.com\/fr\/nos-produits\/outils-dinsertion-etalonnee-de-manchons\/","title":{"rendered":"Outils d&#8217;insertion \u00e9talonn\u00e9e de manchons"},"content":{"rendered":"<p>Outils d&#8217;insertion \u00e9talonn\u00e9e de manchons<\/p>\n<div class=\"partstabletitle\">\n<h5>OUTIL \u00c0 R\u00c9GLAGE AUTOMATIQUE SDS<\/h5>\n<\/div>\n<div>\n<table class=\"detailpartstable\" style=\"height: 133px;\" border=\"0\" width=\"723\" cellspacing=\"0\" cellpadding=\"0\">\n<tbody>\n<tr class=\"headers\">\n<td><strong>N\u00ba de pi\u00e8ce<\/strong><\/td>\n<td><strong>Dimension de l\u2019ancrage<\/strong><\/td>\n<\/tr>\n<tr>\n<td>SDS ST 38<\/td>\n<td>Outil \u00e0 r\u00e9glage automatique SDS de 3\/8 po<\/td>\n<\/tr>\n<tr>\n<td>SDS ST 12<\/td>\n<td>Outil \u00e0 r\u00e9glage automatique SDS de 1\/2 po<\/td>\n<\/tr>\n<tr>\n<td>SDS ST 34<\/td>\n<td>Outil \u00e0 r\u00e9glage automatique SDS de 3\/4 po<\/td>\n<\/tr>\n<tr>\n<td>SDS DISST 38<\/td>\n<td>Outil \u00e0 r\u00e9glage automatique SDS pour manchons STUBi de 3\/8 po<\/td>\n<\/tr>\n<\/tbody>\n<\/table>\n<\/div>\n<div class=\"partstabletitle\">\n<p>&nbsp;<\/p>\n<h5>OUTILS D\u2019INSERTION \u00c9TALONN\u00c9E DE MANCHONS<\/h5>\n<\/div>\n<div class=\"partstabletitleimage\"><img decoding=\"async\" loading=\"lazy\" class=\"alignnone size-medium wp-image-11714\" src=\"https:\/\/ucanfast.com\/wp-content\/uploads\/2022\/07\/SETTING-TOOL-FOR-DROP-IN-300x112.jpg\" alt=\"\" width=\"300\" height=\"112\" srcset=\"https:\/\/ucanfast.com\/wp-content\/uploads\/2022\/07\/SETTING-TOOL-FOR-DROP-IN-300x112.jpg 300w, https:\/\/ucanfast.com\/wp-content\/uploads\/2022\/07\/SETTING-TOOL-FOR-DROP-IN-150x56.jpg 150w, https:\/\/ucanfast.com\/wp-content\/uploads\/2022\/07\/SETTING-TOOL-FOR-DROP-IN-100x37.jpg 100w, https:\/\/ucanfast.com\/wp-content\/uploads\/2022\/07\/SETTING-TOOL-FOR-DROP-IN.jpg 323w\" sizes=\"(max-width: 300px) 100vw, 300px\" \/><\/div>\n<div>\n<table class=\"detailpartstable\" style=\"height: 155px;\" border=\"0\" width=\"385\" cellspacing=\"0\" cellpadding=\"0\">\n<tbody>\n<tr class=\"headers\">\n<td><strong>N\u00ba de pi\u00e8ce<\/strong><\/td>\n<td><strong>Dimension de l\u2019ancrage<\/strong><\/td>\n<\/tr>\n<tr>\n<td>IPAST 14<\/td>\n<td>1\/4 po<\/td>\n<\/tr>\n<tr>\n<td>IPAST 38<\/td>\n<td>3\/8 po<\/td>\n<\/tr>\n<tr>\n<td>IPAST 12<\/td>\n<td>1\/2 po<\/td>\n<\/tr>\n<tr>\n<td>IPAST 58<\/td>\n<td>5\/8 po<\/td>\n<\/tr>\n<tr>\n<td>IPAST 34<\/td>\n<td>3\/4 po<\/td>\n<\/tr>\n<\/tbody>\n<\/table>\n<\/div>\n<div class=\"partstabletitle\">\n<p>&nbsp;<\/p>\n<h5>OUTIL D\u2019INSERTION POUR MANCHONS STUBI<\/h5>\n<\/div>\n<div class=\"partstabletitleimage\"><img decoding=\"async\" loading=\"lazy\" class=\"alignnone size-medium wp-image-5823\" src=\"https:\/\/ucanfast.com\/wp-content\/uploads\/2022\/07\/STUBi-Drop-In-Anchors-Setting-Tool-300x112.jpg\" alt=\"\" width=\"300\" height=\"112\" srcset=\"https:\/\/ucanfast.com\/wp-content\/uploads\/2022\/07\/STUBi-Drop-In-Anchors-Setting-Tool-300x112.jpg 300w, https:\/\/ucanfast.com\/wp-content\/uploads\/2022\/07\/STUBi-Drop-In-Anchors-Setting-Tool-600x225.jpg 600w, https:\/\/ucanfast.com\/wp-content\/uploads\/2022\/07\/STUBi-Drop-In-Anchors-Setting-Tool-150x56.jpg 150w, https:\/\/ucanfast.com\/wp-content\/uploads\/2022\/07\/STUBi-Drop-In-Anchors-Setting-Tool-768x288.jpg 768w, https:\/\/ucanfast.com\/wp-content\/uploads\/2022\/07\/STUBi-Drop-In-Anchors-Setting-Tool-100x37.jpg 100w, https:\/\/ucanfast.com\/wp-content\/uploads\/2022\/07\/STUBi-Drop-In-Anchors-Setting-Tool.jpg 897w\" sizes=\"(max-width: 300px) 100vw, 300px\" \/><\/div>\n<div>\n<table class=\"detailpartstable\" style=\"height: 58px;\" border=\"0\" width=\"351\" cellspacing=\"0\" cellpadding=\"0\">\n<tbody>\n<tr class=\"headers\">\n<td><strong>N\u00ba de pi\u00e8ce<\/strong><\/td>\n<td><strong>Dimension de l\u2019ancrage<\/strong><\/td>\n<\/tr>\n<tr>\n<td>DISST 38<\/td>\n<td>3\/8 po<\/td>\n<\/tr>\n<\/tbody>\n<\/table>\n<\/div>\n<p>&nbsp;<\/p>\n","protected":false},"excerpt":{"rendered":"<p>Outils d&#8217;insertion \u00e9talonn\u00e9e de manchons<\/p>\n","protected":false},"featured_media":5456,"comment_status":"open","ping_status":"closed","template":"","meta":[],"product_cat":[1554,1533,1545],"product_tag":[],"Group":[],"acf":[],"yoast_head":"<!-- This site is optimized with the Yoast SEO plugin v20.11 - https:\/\/yoast.com\/wordpress\/plugins\/seo\/ -->\n<title>Outils d&#039;insertion \u00e9talonn\u00e9e de manchons - UCAN - Fastening Products<\/title>\n<meta name=\"description\" content=\"UCAN Introduces its\u00b4 new SDS PLUS Depth Control Bit, specifically designed to work in conjunction with UCAN drop-in anchors and setting tools.\" \/>\n<meta name=\"robots\" content=\"noindex, follow\" \/>\n<meta property=\"og:locale\" content=\"fr_FR\" \/>\n<meta property=\"og:type\" content=\"article\" \/>\n<meta property=\"og:title\" content=\"Outils d&#039;insertion \u00e9talonn\u00e9e de manchons - UCAN - Fastening Products\" \/>\n<meta property=\"og:description\" content=\"UCAN Introduces its\u00b4 new SDS PLUS Depth Control Bit, specifically designed to work in conjunction with UCAN drop-in anchors and setting tools.\" \/>\n<meta property=\"og:url\" content=\"https:\/\/ucanfast.com\/fr\/nos-produits\/outils-dinsertion-etalonnee-de-manchons\/\" \/>\n<meta property=\"og:site_name\" content=\"UCAN - Fastening Products\" \/>\n<meta property=\"article:modified_time\" content=\"2023-07-17T18:53:51+00:00\" \/>\n<meta property=\"og:image\" content=\"https:\/\/ucanfast.com\/wp-content\/uploads\/2022\/07\/SDS-ST-drop-in-setting-tools-1-scaled.jpg\" \/>\n\t<meta property=\"og:image:width\" content=\"2560\" \/>\n\t<meta property=\"og:image:height\" content=\"356\" \/>\n\t<meta property=\"og:image:type\" content=\"image\/jpeg\" \/>\n<meta name=\"twitter:card\" content=\"summary_large_image\" \/>\n<meta name=\"twitter:label1\" content=\"Dur\u00e9e de lecture estim\u00e9e\" \/>\n\t<meta name=\"twitter:data1\" content=\"1 minute\" \/>\n<script type=\"application\/ld+json\" class=\"yoast-schema-graph\">{\"@context\":\"https:\/\/schema.org\",\"@graph\":[{\"@type\":\"WebPage\",\"@id\":\"https:\/\/ucanfast.com\/fr\/nos-produits\/outils-dinsertion-etalonnee-de-manchons\/\",\"url\":\"https:\/\/ucanfast.com\/fr\/nos-produits\/outils-dinsertion-etalonnee-de-manchons\/\",\"name\":\"Outils d'insertion \u00e9talonn\u00e9e de manchons - UCAN - Fastening Products\",\"isPartOf\":{\"@id\":\"https:\/\/ucanfast.com\/fr\/#website\"},\"datePublished\":\"2022-07-01T15:57:27+00:00\",\"dateModified\":\"2023-07-17T18:53:51+00:00\",\"description\":\"UCAN Introduces its\u00b4 new SDS PLUS Depth Control Bit, specifically designed to work in conjunction with UCAN drop-in anchors and setting tools.\",\"breadcrumb\":{\"@id\":\"https:\/\/ucanfast.com\/fr\/nos-produits\/outils-dinsertion-etalonnee-de-manchons\/#breadcrumb\"},\"inLanguage\":\"fr-FR\",\"potentialAction\":[{\"@type\":\"ReadAction\",\"target\":[\"https:\/\/ucanfast.com\/fr\/nos-produits\/outils-dinsertion-etalonnee-de-manchons\/\"]}]},{\"@type\":\"BreadcrumbList\",\"@id\":\"https:\/\/ucanfast.com\/fr\/nos-produits\/outils-dinsertion-etalonnee-de-manchons\/#breadcrumb\",\"itemListElement\":[{\"@type\":\"ListItem\",\"position\":1,\"name\":\"Accueil\",\"item\":\"https:\/\/ucanfast.com\/fr\/\"},{\"@type\":\"ListItem\",\"position\":2,\"name\":\"Nos Produits\",\"item\":\"https:\/\/ucanfast.com\/fr\/nos-produits\/\"},{\"@type\":\"ListItem\",\"position\":3,\"name\":\"Outils d&#8217;insertion \u00e9talonn\u00e9e de manchons\"}]},{\"@type\":\"WebSite\",\"@id\":\"https:\/\/ucanfast.com\/fr\/#website\",\"url\":\"https:\/\/ucanfast.com\/fr\/\",\"name\":\"UCAN Fastening Products\",\"description\":\"BUILDING LASTING CONNECTIONS\",\"publisher\":{\"@id\":\"https:\/\/ucanfast.com\/fr\/#organization\"},\"potentialAction\":[{\"@type\":\"SearchAction\",\"target\":{\"@type\":\"EntryPoint\",\"urlTemplate\":\"https:\/\/ucanfast.com\/fr\/?s={search_term_string}\"},\"query-input\":\"required name=search_term_string\"}],\"inLanguage\":\"fr-FR\"},{\"@type\":\"Organization\",\"@id\":\"https:\/\/ucanfast.com\/fr\/#organization\",\"name\":\"UCAN Fastening Products\",\"url\":\"https:\/\/ucanfast.com\/fr\/\",\"logo\":{\"@type\":\"ImageObject\",\"inLanguage\":\"fr-FR\",\"@id\":\"https:\/\/ucanfast.com\/fr\/#\/schema\/logo\/image\/\",\"url\":\"https:\/\/ucanfast.com\/wp-content\/uploads\/2023\/01\/Screen_Shot_2023-01-25_at_12.15.04_PM.png\",\"contentUrl\":\"https:\/\/ucanfast.com\/wp-content\/uploads\/2023\/01\/Screen_Shot_2023-01-25_at_12.15.04_PM.png\",\"width\":350,\"height\":192,\"caption\":\"UCAN Fastening Products\"},\"image\":{\"@id\":\"https:\/\/ucanfast.com\/fr\/#\/schema\/logo\/image\/\"},\"sameAs\":[\"https:\/\/ca.linkedin.com\/company\/ucan-fastening-products\"]}]}<\/script>\n<!-- \/ Yoast SEO plugin. -->","yoast_head_json":{"title":"Outils d'insertion \u00e9talonn\u00e9e de manchons - UCAN - Fastening Products","description":"UCAN Introduces its\u00b4 new SDS PLUS Depth Control Bit, specifically designed to work in conjunction with UCAN drop-in anchors and setting tools.","robots":{"index":"noindex","follow":"follow"},"og_locale":"fr_FR","og_type":"article","og_title":"Outils d'insertion \u00e9talonn\u00e9e de manchons - UCAN - Fastening Products","og_description":"UCAN Introduces its\u00b4 new SDS PLUS Depth Control Bit, specifically designed to work in conjunction with UCAN drop-in anchors and setting tools.","og_url":"https:\/\/ucanfast.com\/fr\/nos-produits\/outils-dinsertion-etalonnee-de-manchons\/","og_site_name":"UCAN - Fastening Products","article_modified_time":"2023-07-17T18:53:51+00:00","og_image":[{"width":2560,"height":356,"url":"https:\/\/ucanfast.com\/wp-content\/uploads\/2022\/07\/SDS-ST-drop-in-setting-tools-1-scaled.jpg","type":"image\/jpeg"}],"twitter_card":"summary_large_image","twitter_misc":{"Dur\u00e9e de lecture estim\u00e9e":"1 minute"},"schema":{"@context":"https:\/\/schema.org","@graph":[{"@type":"WebPage","@id":"https:\/\/ucanfast.com\/fr\/nos-produits\/outils-dinsertion-etalonnee-de-manchons\/","url":"https:\/\/ucanfast.com\/fr\/nos-produits\/outils-dinsertion-etalonnee-de-manchons\/","name":"Outils d'insertion \u00e9talonn\u00e9e de manchons - UCAN - Fastening Products","isPartOf":{"@id":"https:\/\/ucanfast.com\/fr\/#website"},"datePublished":"2022-07-01T15:57:27+00:00","dateModified":"2023-07-17T18:53:51+00:00","description":"UCAN Introduces its\u00b4 new SDS PLUS Depth Control Bit, specifically designed to work in conjunction with UCAN drop-in anchors and setting tools.","breadcrumb":{"@id":"https:\/\/ucanfast.com\/fr\/nos-produits\/outils-dinsertion-etalonnee-de-manchons\/#breadcrumb"},"inLanguage":"fr-FR","potentialAction":[{"@type":"ReadAction","target":["https:\/\/ucanfast.com\/fr\/nos-produits\/outils-dinsertion-etalonnee-de-manchons\/"]}]},{"@type":"BreadcrumbList","@id":"https:\/\/ucanfast.com\/fr\/nos-produits\/outils-dinsertion-etalonnee-de-manchons\/#breadcrumb","itemListElement":[{"@type":"ListItem","position":1,"name":"Accueil","item":"https:\/\/ucanfast.com\/fr\/"},{"@type":"ListItem","position":2,"name":"Nos Produits","item":"https:\/\/ucanfast.com\/fr\/nos-produits\/"},{"@type":"ListItem","position":3,"name":"Outils d&#8217;insertion \u00e9talonn\u00e9e de manchons"}]},{"@type":"WebSite","@id":"https:\/\/ucanfast.com\/fr\/#website","url":"https:\/\/ucanfast.com\/fr\/","name":"UCAN Fastening Products","description":"BUILDING LASTING CONNECTIONS","publisher":{"@id":"https:\/\/ucanfast.com\/fr\/#organization"},"potentialAction":[{"@type":"SearchAction","target":{"@type":"EntryPoint","urlTemplate":"https:\/\/ucanfast.com\/fr\/?s={search_term_string}"},"query-input":"required name=search_term_string"}],"inLanguage":"fr-FR"},{"@type":"Organization","@id":"https:\/\/ucanfast.com\/fr\/#organization","name":"UCAN Fastening Products","url":"https:\/\/ucanfast.com\/fr\/","logo":{"@type":"ImageObject","inLanguage":"fr-FR","@id":"https:\/\/ucanfast.com\/fr\/#\/schema\/logo\/image\/","url":"https:\/\/ucanfast.com\/wp-content\/uploads\/2023\/01\/Screen_Shot_2023-01-25_at_12.15.04_PM.png","contentUrl":"https:\/\/ucanfast.com\/wp-content\/uploads\/2023\/01\/Screen_Shot_2023-01-25_at_12.15.04_PM.png","width":350,"height":192,"caption":"UCAN Fastening Products"},"image":{"@id":"https:\/\/ucanfast.com\/fr\/#\/schema\/logo\/image\/"},"sameAs":["https:\/\/ca.linkedin.com\/company\/ucan-fastening-products"]}]}},"_links":{"self":[{"href":"https:\/\/ucanfast.com\/fr\/wp-json\/wp\/v2\/product\/10655"}],"collection":[{"href":"https:\/\/ucanfast.com\/fr\/wp-json\/wp\/v2\/product"}],"about":[{"href":"https:\/\/ucanfast.com\/fr\/wp-json\/wp\/v2\/types\/product"}],"replies":[{"embeddable":true,"href":"https:\/\/ucanfast.com\/fr\/wp-json\/wp\/v2\/comments?post=10655"}],"wp:featuredmedia":[{"embeddable":true,"href":"https:\/\/ucanfast.com\/fr\/wp-json\/wp\/v2\/media\/5456"}],"wp:attachment":[{"href":"https:\/\/ucanfast.com\/fr\/wp-json\/wp\/v2\/media?parent=10655"}],"wp:term":[{"taxonomy":"product_cat","embeddable":true,"href":"https:\/\/ucanfast.com\/fr\/wp-json\/wp\/v2\/product_cat?post=10655"},{"taxonomy":"product_tag","embeddable":true,"href":"https:\/\/ucanfast.com\/fr\/wp-json\/wp\/v2\/product_tag?post=10655"},{"taxonomy":"Group","embeddable":true,"href":"https:\/\/ucanfast.com\/fr\/wp-json\/wp\/v2\/Group?post=10655"}],"curies":[{"name":"wp","href":"https:\/\/api.w.org\/{rel}","templated":true}]}}