{"id":10622,"date":"2022-07-01T12:08:38","date_gmt":"2022-07-01T16:08:38","guid":{"rendered":"https:\/\/ucanstage.wpengine.com\/product\/ucan-torpedo-bolt-carbon-steel-mechanical-galvanized\/"},"modified":"2026-03-31T08:36:26","modified_gmt":"2026-03-31T12:36:26","slug":"ucan-ancres-torpedo-type-ii-acier-au-carbone-mecanique-galvanise","status":"publish","type":"product","link":"https:\/\/ucanfast.com\/fr\/nos-produits\/ucan-ancres-torpedo-type-ii-acier-au-carbone-mecanique-galvanise\/","title":{"rendered":"BOULON UCAN TORPEDO  &#8211; Acier au carbone m\u00e9canique galvanis\u00e9 -Filet de vis ASTER"},"content":{"rendered":"<p>BOULON UCAN TORPEDO est une excellente solution d&#8217;ancrage pour les applications moyennes. TORPEDO est disponible en plaqu\u00e9 de zinc et en acier au carbone galvanis\u00e9 m\u00e9canique- ment, ainsi qu&#8217;en acier inoxydable de types 410 et 316. Pour cette raison, TORPEDO peut r\u00e9pondre \u00e0 plusieurs vari\u00e9t\u00e9 d&#8217;applications de fa\u00e7on plus \u00e9conomique. Appari\u00e9 \u00e0 une m\u00e8che r\u00e9pondant aux tol\u00e9rances stan- dards UCAN ANSI, cette fixation pr\u00e9sente avec constance des valeurs de charge \u00e9lev\u00e9es. Les fixations BOULON TORPEDO\u00a0s\u2019installent rapidement et ne pr\u00e9sentent qu\u2019une t\u00eate hexagonale de finition \u00e0 la sur- face de l\u2019espace de travail.<\/p>\n<h5>ID\u00c9AL POUR:<\/h5>\n<ul>\n<li>Cl\u00f4ture et garde-corps<\/li>\n<li>Fixation de vitrages et fen\u00eatres<\/li>\n<li>\u00c9trier \u00e0 solive et les lisse d\u2019assie<\/li>\n<\/ul>\n<h5>APPROBATIONS \/ ANNONCES<\/h5>\n<ul>\n<li>ICC-ES\u00ae Certification de ESR- 4596 <span style=\"color: #c8102e;\">(surlign\u00e9 en rouge)<\/span><\/li>\n<\/ul>\n<h5>LIMITATION:<\/h5>\n<ul>\n<li>Non recommand\u00e9 pour une utilisation ext\u00e9rieure permanente ou des environnements hautement corrosifs<\/li>\n<\/ul>\n<h5 class=\"partstabletitle\"><span style=\"text-transform: uppercase;\"> BOULON UCAN TORPEDO &#8211; Acier au carbone m\u00e9canique galvanis\u00e9<\/span><\/h5>\n<div>\n<table class=\"detailpartstable\" style=\"height: 584px;\" border=\"0\" width=\"850\" cellspacing=\"0\" cellpadding=\"0\">\n<tbody>\n<tr class=\"headers\">\n<td><strong>N\u00ba de pi\u00e8ce<\/strong><\/td>\n<td><strong>Dimension<\/strong><\/td>\n<td><strong>Qt\u00e9 par<br \/>paquet<\/strong><\/td>\n<td><strong>Qt\u00e9 par<br \/>caisse<\/strong><\/td>\n<td><strong>Poids de<br \/>la caisse<\/strong><\/td>\n<td><strong>Taille de la caisse<\/strong><\/td>\n<\/tr>\n<tr>\n<td>UTB 14178<\/td>\n<td>1\/4&#8243; x 1-7\/8&#8243;<\/td>\n<td>100<\/td>\n<td>800<\/td>\n<td>34 lbs<\/td>\n<td>14-1\/2&#8243; x 10-3\/4&#8243; x 7-1\/4&#8243;<\/td>\n<\/tr>\n<tr>\n<td>UTB 14214<\/td>\n<td>1\/4&#8243; x 2-1\/4&#8243;<\/td>\n<td>100<\/td>\n<td>800<\/td>\n<td>38 lbs<\/td>\n<td>14-1\/4&#8243; x 10-3\/4&#8243; x 7&#8243;<\/td>\n<\/tr>\n<tr>\n<td>UTB 143<\/td>\n<td>1\/4&#8243; x 3&#8243;<\/td>\n<td>100<\/td>\n<td>800<\/td>\n<td>47.5 lbs<\/td>\n<td>14-1\/4&#8243; x 11&#8243; x 7-1\/4&#8243;<\/td>\n<\/tr>\n<tr class=\"instock\" style=\"color: #c8102e;\">\n<td>UTB 38134<\/td>\n<td>3\/8&#8243; x 1-3\/4&#8243;<\/td>\n<td>50<\/td>\n<td>400<\/td>\n<td>36.5 lbs<\/td>\n<td>14-1\/4&#8243; x 11&#8243; x 7&#8243;<\/td>\n<\/tr>\n<tr class=\"instock\" style=\"color: #c8102e;\">\n<td>UTB 38212<\/td>\n<td>3\/8&#8243; x 2-1\/2&#8243;<\/td>\n<td>50<\/td>\n<td>400<\/td>\n<td>46.5 lbs<\/td>\n<td>14-1\/4&#8243; x 11&#8243; x 7-1\/4&#8243;<\/td>\n<\/tr>\n<tr class=\"instock\" style=\"color: #c8102e;\">\n<td>UTB 383<\/td>\n<td>3\/8&#8243; x 3&#8243;<\/td>\n<td>50<\/td>\n<td>400<\/td>\n<td>52.5 lbs<\/td>\n<td>14-1\/4&#8243; x 10-3\/4&#8243; x 7&#8243;<\/td>\n<\/tr>\n<tr class=\"instock\" style=\"color: #c8102e;\">\n<td>UTB 384<\/td>\n<td>3\/8&#8243; x 4&#8243;<\/td>\n<td>50<\/td>\n<td>400<\/td>\n<td>65 lbs<\/td>\n<td>14-1\/4&#8243; x 11&#8243; x 7-1\/4&#8243;<\/td>\n<\/tr>\n<tr class=\"instock\" style=\"color: #c8102e;\">\n<td>UTB 385<\/td>\n<td>3\/8&#8243; x 5&#8243;<\/td>\n<td>25<\/td>\n<td>200<\/td>\n<td>41 lbs<\/td>\n<td>14-1\/4&#8243; x 11&#8243; x 7-1\/2&#8243;<\/td>\n<\/tr>\n<tr class=\"instock\" style=\"color: #c8102e;\">\n<td>UTB 12212<\/td>\n<td>1\/2&#8243; x 2-1\/2&#8243;<\/td>\n<td>50<\/td>\n<td>150<\/td>\n<td>33.5 lbs<\/td>\n<td>10-1\/2&#8243; x 9-3\/4&#8243; x 6&#8243;<\/td>\n<\/tr>\n<tr class=\"instock\" style=\"color: #c8102e;\">\n<td>UTB 123<\/td>\n<td>1\/2&#8243; x 3&#8243;<\/td>\n<td>50<\/td>\n<td>150<\/td>\n<td>37.5 lbs<\/td>\n<td>5-3\/4&#8243; x 10-1\/2&#8243; x 9-3\/4&#8243;<\/td>\n<\/tr>\n<tr class=\"instock\" style=\"color: #c8102e;\">\n<td>UTB 124<\/td>\n<td>1\/2&#8243; x 4&#8243;<\/td>\n<td>40<\/td>\n<td>120<\/td>\n<td>37 lbs<\/td>\n<td>10-1\/2&#8243; x 9-3\/4&#8243; x 6&#8243;<\/td>\n<\/tr>\n<tr class=\"instock\" style=\"color: #c8102e;\">\n<td>UTB 125<\/td>\n<td>1\/2&#8243; x 5&#8243;<\/td>\n<td>30<\/td>\n<td>90<\/td>\n<td>33.5 lbs<\/td>\n<td>10-1\/2&#8243; x 11&#8243; x 5-3\/4&#8243;<\/td>\n<\/tr>\n<tr class=\"instock\" style=\"color: #c8102e;\">\n<td>UTB 126<\/td>\n<td>1\/2&#8243; x 6&#8243;<\/td>\n<td>30<\/td>\n<td>90<\/td>\n<td>38.5 lbs<\/td>\n<td>10-1\/2&#8243; x 9-3\/4&#8243; x 5-3\/4&#8243;<\/td>\n<\/tr>\n<tr>\n<td>UTB 583<\/td>\n<td>5\/8&#8243; x 3&#8243;<\/td>\n<td>25<\/td>\n<td>75<\/td>\n<td>32.5 lbs<\/td>\n<td>10-1\/4&#8243; x 9-3\/4&#8243; x 5-3\/4&#8243;<\/td>\n<\/tr>\n<tr>\n<td>UTB 584<\/td>\n<td>5\/8&#8243; x 4&#8243;<\/td>\n<td>25<\/td>\n<td>75<\/td>\n<td>38.5 lbs<\/td>\n<td>10-1\/2&#8243; x 9-3\/4&#8243; x 5-3\/4&#8243;<\/td>\n<\/tr>\n<tr>\n<td>UTB 585<\/td>\n<td>5\/8&#8243; x 5&#8243;<\/td>\n<td>20<\/td>\n<td>60<\/td>\n<td>36.5 lbs<\/td>\n<td>10-1\/2&#8243; x 9-3\/4&#8243; x 6&#8243;<\/td>\n<\/tr>\n<tr>\n<td>UTB 586<\/td>\n<td>5\/8&#8243; x 6&#8243;<\/td>\n<td>20<\/td>\n<td>60<\/td>\n<td>42 lbs<\/td>\n<td>10-1\/2&#8243; x 9-3\/4&#8243; x 5-3\/4&#8243;<\/td>\n<\/tr>\n<tr>\n<td>UTB 344<\/td>\n<td>3\/4&#8243; x 4&#8243;<\/td>\n<td>15<\/td>\n<td>45<\/td>\n<td>34 lbs<\/td>\n<td>10-1\/2&#8243; x 9-3\/4&#8243; x 5-3\/4&#8243;<\/td>\n<\/tr>\n<tr>\n<td>UTB 345<\/td>\n<td>3\/4&#8243; x 5&#8243;<\/td>\n<td>15<\/td>\n<td>45<\/td>\n<td>40 lbs<\/td>\n<td>10-1\/2&#8243; x 9-3\/4&#8243; x 6&#8243;<\/td>\n<\/tr>\n<tr>\n<td>UTB 346<\/td>\n<td>3\/4&#8243; x 6&#8243;<\/td>\n<td>15<\/td>\n<td>45<\/td>\n<td>46.5 lbs<\/td>\n<td>10-3\/4&#8243; x 9-3\/4&#8243; x 5-3\/4&#8243;<\/td>\n<\/tr>\n<tr>\n<td>UTB 347<\/td>\n<td>3\/4&#8243; x 7&#8243;<\/td>\n<td>15<\/td>\n<td>45<\/td>\n<td>50 lbs<\/td>\n<td>10-1\/2&#8243; x 9-3\/4&#8243; x 5-3\/4&#8243;<\/td>\n<\/tr>\n<tr>\n<td>UTB 34812<\/td>\n<td>3\/4&#8243; x 8-1\/2&#8243;<\/td>\n<td>10<\/td>\n<td>30<\/td>\n<td>42 lbs<\/td>\n<td>13&#8243; x 10-1\/4&#8243; x 6&#8243;<\/td>\n<\/tr>\n<tr>\n<td>UTB 3410<\/td>\n<td>3\/4&#8243; x 10&#8243;<\/td>\n<td>10<\/td>\n<td>30<\/td>\n<\/tr>\n<\/tbody>\n<\/table>\n<\/div>\n<p>&nbsp;<\/p>\n<h5>TOUS LES TYPES DISPONIBLES<\/h5>\n<p><a style=\"color: #5b6770; font-weight: normal;\" href=\"https:\/\/ucanfast.com\/fr\/nos-produits\/ancres-torpedo-type-1-zinguee\/\" target=\"_self\" rel=\"noopener\">BOULON UCAN TORPEDO &#8211; ZINGU\u00c9E<\/a><br \/>\n<a style=\"color: #5b6770; font-weight: normal;\" href=\"https:\/\/ucanfast.com\/fr\/nos-produits\/ucan-ancres-torpedo-type-ii-acier-au-carbone-mecanique-galvanise\/\" target=\"_self\" rel=\"noopener\">BOULON UCAN TORPEDO &#8211; ACIER AU CARBONE M\u00c9CANIQUE GALVANIS\u00c9<\/a><br \/>\n<a style=\"color: #5b6770; font-weight: normal;\" href=\"https:\/\/ucanfast.com\/fr\/nos-produits\/boulon-ucan-torpedo-acier-au-carbone-ruspro\/\" target=\"_self\" rel=\"noopener\">BOULON UCAN TORPEDO &#8211; ACIER AU CARBONE \u2013 RUSPRO\u00ae<\/a><br \/>\n<a style=\"color: #5b6770; font-weight: normal;\" href=\"https:\/\/ucanfast.com\/fr\/nos-produits\/ucan-ancres-torpedo-type-iii-acier-inoxydable-410-enduit-de-ruspro-durci\/\" target=\"_self\" rel=\"noopener\">BOULON UCAN TORPEDO &#8211; ACIER INOXYDABLE 410 ENDUIT DE RUSPRO DURCI<\/a><br \/>\n<a style=\"color: #5b6770; font-weight: normal;\" href=\"https:\/\/ucanfast.com\/fr\/nos-produits\/ucan-ancres-torpedo-type-iv-pointe-dor-bimetal-en-acier-inoxydable-316\/\" target=\"_self\" rel=\"noopener\">BOULON UCAN TORPEDO &#8211; POINTE D`OR BIM\u00c9TAL EN ACIER INOXYDABLE 316<\/a><br \/>\n<a style=\"color: #5b6770; font-weight: normal;\" href=\"https:\/\/ucanfast.com\/fr\/nos-produits\/ucan-torpedo-bolt-rod-hanger\/\" target=\"_self\" rel=\"noopener\">BOULON UCAN TORPEDO &#8211; SUSPENSION DE TIGE<\/a><\/p>\n","protected":false},"excerpt":{"rendered":"<p>BOULON UCAN TORPEDO est une excellente solution d&#8217;ancrage pour les applications moyennes.<\/p>\n","protected":false},"featured_media":5370,"comment_status":"open","ping_status":"closed","template":"","meta":[],"product_cat":[1533,1557],"product_tag":[],"Group":[],"acf":[],"yoast_head":"<!-- This site is optimized with the Yoast SEO plugin v20.11 - https:\/\/yoast.com\/wordpress\/plugins\/seo\/ -->\n<title>BOULON UCAN TORPEDO - Acier au carbone m\u00e9canique galvanis\u00e9 -Filet de vis ASTER - UCAN - Fastening Products<\/title>\n<meta name=\"description\" content=\"UCAN TORPEDO\u00ae BOLT is an excellent anchoring solution for medium duty applications. Matched with a standard UCAN ANSI tolerance drill bit, this fastener exhibits consistently high load values.\" \/>\n<meta name=\"robots\" content=\"index, follow, max-snippet:-1, max-image-preview:large, max-video-preview:-1\" \/>\n<link rel=\"canonical\" href=\"https:\/\/ucanfast.com\/fr\/nos-produits\/ucan-ancres-torpedo-type-ii-acier-au-carbone-mecanique-galvanise\/\" \/>\n<meta property=\"og:locale\" content=\"fr_FR\" \/>\n<meta property=\"og:type\" content=\"article\" \/>\n<meta property=\"og:title\" content=\"BOULON UCAN TORPEDO - Acier au carbone m\u00e9canique galvanis\u00e9 -Filet de vis ASTER - UCAN - Fastening Products\" \/>\n<meta property=\"og:description\" content=\"UCAN TORPEDO\u00ae BOLT is an excellent anchoring solution for medium duty applications. Matched with a standard UCAN ANSI tolerance drill bit, this fastener exhibits consistently high load values.\" \/>\n<meta property=\"og:url\" content=\"https:\/\/ucanfast.com\/fr\/nos-produits\/ucan-ancres-torpedo-type-ii-acier-au-carbone-mecanique-galvanise\/\" \/>\n<meta property=\"og:site_name\" content=\"UCAN - Fastening Products\" \/>\n<meta property=\"article:modified_time\" content=\"2026-03-31T12:36:26+00:00\" \/>\n<meta property=\"og:image\" content=\"https:\/\/ucanfast.com\/wp-content\/uploads\/2022\/07\/UTB-torpedo\u00ae-bolt-type-ii-scaled-e1695820458688.jpg\" \/>\n\t<meta property=\"og:image:width\" content=\"931\" \/>\n\t<meta property=\"og:image:height\" content=\"2560\" \/>\n\t<meta property=\"og:image:type\" content=\"image\/jpeg\" \/>\n<meta name=\"twitter:card\" content=\"summary_large_image\" \/>\n<meta name=\"twitter:label1\" content=\"Dur\u00e9e de lecture estim\u00e9e\" \/>\n\t<meta name=\"twitter:data1\" content=\"3 minutes\" \/>\n<script type=\"application\/ld+json\" class=\"yoast-schema-graph\">{\"@context\":\"https:\/\/schema.org\",\"@graph\":[{\"@type\":\"WebPage\",\"@id\":\"https:\/\/ucanfast.com\/fr\/nos-produits\/ucan-ancres-torpedo-type-ii-acier-au-carbone-mecanique-galvanise\/\",\"url\":\"https:\/\/ucanfast.com\/fr\/nos-produits\/ucan-ancres-torpedo-type-ii-acier-au-carbone-mecanique-galvanise\/\",\"name\":\"BOULON UCAN TORPEDO - Acier au carbone m\u00e9canique galvanis\u00e9 -Filet de vis ASTER - UCAN - Fastening Products\",\"isPartOf\":{\"@id\":\"https:\/\/ucanfast.com\/fr\/#website\"},\"datePublished\":\"2022-07-01T16:08:38+00:00\",\"dateModified\":\"2026-03-31T12:36:26+00:00\",\"description\":\"UCAN TORPEDO\u00ae BOLT is an excellent anchoring solution for medium duty applications. Matched with a standard UCAN ANSI tolerance drill bit, this fastener exhibits consistently high load values.\",\"breadcrumb\":{\"@id\":\"https:\/\/ucanfast.com\/fr\/nos-produits\/ucan-ancres-torpedo-type-ii-acier-au-carbone-mecanique-galvanise\/#breadcrumb\"},\"inLanguage\":\"fr-FR\",\"potentialAction\":[{\"@type\":\"ReadAction\",\"target\":[\"https:\/\/ucanfast.com\/fr\/nos-produits\/ucan-ancres-torpedo-type-ii-acier-au-carbone-mecanique-galvanise\/\"]}]},{\"@type\":\"BreadcrumbList\",\"@id\":\"https:\/\/ucanfast.com\/fr\/nos-produits\/ucan-ancres-torpedo-type-ii-acier-au-carbone-mecanique-galvanise\/#breadcrumb\",\"itemListElement\":[{\"@type\":\"ListItem\",\"position\":1,\"name\":\"Accueil\",\"item\":\"https:\/\/ucanfast.com\/fr\/\"},{\"@type\":\"ListItem\",\"position\":2,\"name\":\"Nos Produits\",\"item\":\"https:\/\/ucanfast.com\/fr\/nos-produits\/\"},{\"@type\":\"ListItem\",\"position\":3,\"name\":\"BOULON UCAN TORPEDO &#8211; Acier au carbone m\u00e9canique galvanis\u00e9 -Filet de vis ASTER\"}]},{\"@type\":\"WebSite\",\"@id\":\"https:\/\/ucanfast.com\/fr\/#website\",\"url\":\"https:\/\/ucanfast.com\/fr\/\",\"name\":\"UCAN Fastening Products\",\"description\":\"BUILDING LASTING CONNECTIONS\",\"publisher\":{\"@id\":\"https:\/\/ucanfast.com\/fr\/#organization\"},\"potentialAction\":[{\"@type\":\"SearchAction\",\"target\":{\"@type\":\"EntryPoint\",\"urlTemplate\":\"https:\/\/ucanfast.com\/fr\/?s={search_term_string}\"},\"query-input\":\"required name=search_term_string\"}],\"inLanguage\":\"fr-FR\"},{\"@type\":\"Organization\",\"@id\":\"https:\/\/ucanfast.com\/fr\/#organization\",\"name\":\"UCAN Fastening Products\",\"url\":\"https:\/\/ucanfast.com\/fr\/\",\"logo\":{\"@type\":\"ImageObject\",\"inLanguage\":\"fr-FR\",\"@id\":\"https:\/\/ucanfast.com\/fr\/#\/schema\/logo\/image\/\",\"url\":\"https:\/\/ucanfast.com\/wp-content\/uploads\/2023\/01\/Screen_Shot_2023-01-25_at_12.15.04_PM.png\",\"contentUrl\":\"https:\/\/ucanfast.com\/wp-content\/uploads\/2023\/01\/Screen_Shot_2023-01-25_at_12.15.04_PM.png\",\"width\":350,\"height\":192,\"caption\":\"UCAN Fastening Products\"},\"image\":{\"@id\":\"https:\/\/ucanfast.com\/fr\/#\/schema\/logo\/image\/\"},\"sameAs\":[\"https:\/\/ca.linkedin.com\/company\/ucan-fastening-products\"]}]}<\/script>\n<!-- \/ Yoast SEO plugin. -->","yoast_head_json":{"title":"BOULON UCAN TORPEDO - Acier au carbone m\u00e9canique galvanis\u00e9 -Filet de vis ASTER - UCAN - Fastening Products","description":"UCAN TORPEDO\u00ae BOLT is an excellent anchoring solution for medium duty applications. Matched with a standard UCAN ANSI tolerance drill bit, this fastener exhibits consistently high load values.","robots":{"index":"index","follow":"follow","max-snippet":"max-snippet:-1","max-image-preview":"max-image-preview:large","max-video-preview":"max-video-preview:-1"},"canonical":"https:\/\/ucanfast.com\/fr\/nos-produits\/ucan-ancres-torpedo-type-ii-acier-au-carbone-mecanique-galvanise\/","og_locale":"fr_FR","og_type":"article","og_title":"BOULON UCAN TORPEDO - Acier au carbone m\u00e9canique galvanis\u00e9 -Filet de vis ASTER - UCAN - Fastening Products","og_description":"UCAN TORPEDO\u00ae BOLT is an excellent anchoring solution for medium duty applications. Matched with a standard UCAN ANSI tolerance drill bit, this fastener exhibits consistently high load values.","og_url":"https:\/\/ucanfast.com\/fr\/nos-produits\/ucan-ancres-torpedo-type-ii-acier-au-carbone-mecanique-galvanise\/","og_site_name":"UCAN - Fastening Products","article_modified_time":"2026-03-31T12:36:26+00:00","og_image":[{"width":931,"height":2560,"url":"https:\/\/ucanfast.com\/wp-content\/uploads\/2022\/07\/UTB-torpedo\u00ae-bolt-type-ii-scaled-e1695820458688.jpg","type":"image\/jpeg"}],"twitter_card":"summary_large_image","twitter_misc":{"Dur\u00e9e de lecture estim\u00e9e":"3 minutes"},"schema":{"@context":"https:\/\/schema.org","@graph":[{"@type":"WebPage","@id":"https:\/\/ucanfast.com\/fr\/nos-produits\/ucan-ancres-torpedo-type-ii-acier-au-carbone-mecanique-galvanise\/","url":"https:\/\/ucanfast.com\/fr\/nos-produits\/ucan-ancres-torpedo-type-ii-acier-au-carbone-mecanique-galvanise\/","name":"BOULON UCAN TORPEDO - Acier au carbone m\u00e9canique galvanis\u00e9 -Filet de vis ASTER - UCAN - Fastening Products","isPartOf":{"@id":"https:\/\/ucanfast.com\/fr\/#website"},"datePublished":"2022-07-01T16:08:38+00:00","dateModified":"2026-03-31T12:36:26+00:00","description":"UCAN TORPEDO\u00ae BOLT is an excellent anchoring solution for medium duty applications. Matched with a standard UCAN ANSI tolerance drill bit, this fastener exhibits consistently high load values.","breadcrumb":{"@id":"https:\/\/ucanfast.com\/fr\/nos-produits\/ucan-ancres-torpedo-type-ii-acier-au-carbone-mecanique-galvanise\/#breadcrumb"},"inLanguage":"fr-FR","potentialAction":[{"@type":"ReadAction","target":["https:\/\/ucanfast.com\/fr\/nos-produits\/ucan-ancres-torpedo-type-ii-acier-au-carbone-mecanique-galvanise\/"]}]},{"@type":"BreadcrumbList","@id":"https:\/\/ucanfast.com\/fr\/nos-produits\/ucan-ancres-torpedo-type-ii-acier-au-carbone-mecanique-galvanise\/#breadcrumb","itemListElement":[{"@type":"ListItem","position":1,"name":"Accueil","item":"https:\/\/ucanfast.com\/fr\/"},{"@type":"ListItem","position":2,"name":"Nos Produits","item":"https:\/\/ucanfast.com\/fr\/nos-produits\/"},{"@type":"ListItem","position":3,"name":"BOULON UCAN TORPEDO &#8211; Acier au carbone m\u00e9canique galvanis\u00e9 -Filet de vis ASTER"}]},{"@type":"WebSite","@id":"https:\/\/ucanfast.com\/fr\/#website","url":"https:\/\/ucanfast.com\/fr\/","name":"UCAN Fastening Products","description":"BUILDING LASTING CONNECTIONS","publisher":{"@id":"https:\/\/ucanfast.com\/fr\/#organization"},"potentialAction":[{"@type":"SearchAction","target":{"@type":"EntryPoint","urlTemplate":"https:\/\/ucanfast.com\/fr\/?s={search_term_string}"},"query-input":"required name=search_term_string"}],"inLanguage":"fr-FR"},{"@type":"Organization","@id":"https:\/\/ucanfast.com\/fr\/#organization","name":"UCAN Fastening Products","url":"https:\/\/ucanfast.com\/fr\/","logo":{"@type":"ImageObject","inLanguage":"fr-FR","@id":"https:\/\/ucanfast.com\/fr\/#\/schema\/logo\/image\/","url":"https:\/\/ucanfast.com\/wp-content\/uploads\/2023\/01\/Screen_Shot_2023-01-25_at_12.15.04_PM.png","contentUrl":"https:\/\/ucanfast.com\/wp-content\/uploads\/2023\/01\/Screen_Shot_2023-01-25_at_12.15.04_PM.png","width":350,"height":192,"caption":"UCAN Fastening Products"},"image":{"@id":"https:\/\/ucanfast.com\/fr\/#\/schema\/logo\/image\/"},"sameAs":["https:\/\/ca.linkedin.com\/company\/ucan-fastening-products"]}]}},"_links":{"self":[{"href":"https:\/\/ucanfast.com\/fr\/wp-json\/wp\/v2\/product\/10622"}],"collection":[{"href":"https:\/\/ucanfast.com\/fr\/wp-json\/wp\/v2\/product"}],"about":[{"href":"https:\/\/ucanfast.com\/fr\/wp-json\/wp\/v2\/types\/product"}],"replies":[{"embeddable":true,"href":"https:\/\/ucanfast.com\/fr\/wp-json\/wp\/v2\/comments?post=10622"}],"wp:featuredmedia":[{"embeddable":true,"href":"https:\/\/ucanfast.com\/fr\/wp-json\/wp\/v2\/media\/5370"}],"wp:attachment":[{"href":"https:\/\/ucanfast.com\/fr\/wp-json\/wp\/v2\/media?parent=10622"}],"wp:term":[{"taxonomy":"product_cat","embeddable":true,"href":"https:\/\/ucanfast.com\/fr\/wp-json\/wp\/v2\/product_cat?post=10622"},{"taxonomy":"product_tag","embeddable":true,"href":"https:\/\/ucanfast.com\/fr\/wp-json\/wp\/v2\/product_tag?post=10622"},{"taxonomy":"Group","embeddable":true,"href":"https:\/\/ucanfast.com\/fr\/wp-json\/wp\/v2\/Group?post=10622"}],"curies":[{"name":"wp","href":"https:\/\/api.w.org\/{rel}","templated":true}]}}