{"id":10564,"date":"2022-07-01T11:55:20","date_gmt":"2022-07-01T15:55:20","guid":{"rendered":"https:\/\/ucanstage.wpengine.com\/product\/sz-heavy-load-anchors-stud-type-iso-grade-8-8-zinc-plated\/"},"modified":"2024-07-16T15:18:31","modified_gmt":"2024-07-16T19:18:31","slug":"ancrage-a-charge-elevee-type-goujon-zinguee","status":"publish","type":"product","link":"https:\/\/ucanfast.com\/fr\/nos-produits\/ancrage-a-charge-elevee-type-goujon-zinguee\/","title":{"rendered":"Ancrage \u00e0 charge \u00e9lev\u00e9e &#8211; Type goujon &#8211; Zingu\u00e9e"},"content":{"rendered":"<p>L\u2019ancrage \u00e0 expansion UCAN SZ pour lourdes charges est un ancrage m\u00e9canique \u00e0 expansion contr\u00f4l\u00e9e qui fait preuve d\u2019une tension \u00e9lev\u00e9e exceptionnelle et d\u2019un effort de cisaillement. Offerts en zinc plaqu\u00e9 d\u2019acier de grade 8 et en inox de type 316, les ancrages pour lourde charge sont id\u00e9aux pour des applications n\u00e9cessitant un degr\u00e9 \u00e9lev\u00e9 de s\u00e9curit\u00e9 et de la fiabilit\u00e9.<\/p>\n<div class=\"partstabletitle\">\n<h5>ZINGU\u00c9E<\/h5>\n<\/div>\n<div>\n<table class=\"detailpartstable\" style=\"height: 226px;\" border=\"0\" width=\"794\" cellspacing=\"0\" cellpadding=\"0\">\n<tbody>\n<tr class=\"headers\">\n<td><strong>N\u00ba de pi\u00e8ce<\/strong><\/td>\n<td><strong>Dia. de boulon (mm)<\/strong><\/td>\n<td><strong>Longueur (mm)<\/strong><\/td>\n<td><strong>Encast. min. (mm)<\/strong><\/td>\n<td><strong>Per\u00e7age (mm)<\/strong><\/td>\n<\/tr>\n<tr class=\"instock\">\n<td>BHL 830<\/td>\n<td>8<\/td>\n<td>110<\/td>\n<td>50<\/td>\n<td>12<\/td>\n<\/tr>\n<tr class=\"instock\">\n<td>BHL 1025<\/td>\n<td>10<\/td>\n<td>121<\/td>\n<td>60<\/td>\n<td>15<\/td>\n<\/tr>\n<tr>\n<td>BHL 1220<\/td>\n<td>12<\/td>\n<td>132<\/td>\n<td>80<\/td>\n<td>18<\/td>\n<\/tr>\n<tr class=\"instock\">\n<td>BHL 1240<\/td>\n<td>12<\/td>\n<td>152<\/td>\n<td>80<\/td>\n<td>18<\/td>\n<\/tr>\n<tr>\n<td>BHL 1620<\/td>\n<td>16<\/td>\n<td>157<\/td>\n<td>100<\/td>\n<td>24<\/td>\n<\/tr>\n<tr class=\"instock\">\n<td>BHL 1650<\/td>\n<td>16<\/td>\n<td>187<\/td>\n<td>100<\/td>\n<td>24<\/td>\n<\/tr>\n<tr class=\"instock\">\n<td>BHL 2030<\/td>\n<td>20<\/td>\n<td>201<\/td>\n<td>125<\/td>\n<td>28<\/td>\n<\/tr>\n<tr class=\"instock\">\n<td>BHL 2060<\/td>\n<td>20<\/td>\n<td>231<\/td>\n<td>125<\/td>\n<td>28<\/td>\n<\/tr>\n<\/tbody>\n<\/table>\n<p>Remarque :<br \/>\nArticle \u00e0 commande sp\u00e9ciale (inventaire restreint). Livraison : allouez 2 \u00e0 6 semaines \u00c9galement disponible en dimensions et types de t\u00eates sp\u00e9ciaux. Prix et livraison sur emande. Des frais de transport additionnels peuvent s\u2019appliquer.<\/p>\n<\/div>\n<p>&nbsp;<\/p>\n<h5>CARACT\u00c9RISTIQUES :<\/h5>\n<ul>\n<li>Fixation sup\u00e9rieure pour charges dynamiques et statiques<\/li>\n<li>Dilatation contr\u00f4l\u00e9e par couple de torsion<\/li>\n<li>R\u00e9sistance \u00e9lev\u00e9e au cisaillement<\/li>\n<li>Manchon d\u2019expansion \u00e0 quatre fentes qui assure un excellent transfert de charge<\/li>\n<li>Fixation pleine longueur<\/li>\n<li>Collier repliable procurant une excellente force de tirage vers le bas<\/li>\n<\/ul>\n<h5>APPLICATIONS TYPIQUES :<\/h5>\n<ul>\n<li>Construction de routes et de ponts<\/li>\n<li>Ancrage parasismique<\/li>\n<li>Installation de la machinerie lourde et de la robotique<\/li>\n<li>Colonne structurelle d\u2019acier et charpente<\/li>\n<li>Applications de chargement par vibration<\/li>\n<li>Restauration de structures de stationnements<\/li>\n<\/ul>\n<h5>RESTRICTIONS :<\/h5>\n<p>Non recommand\u00e9 pour le b\u00e9ton non durci (moins de 7 jours), le b\u00e9ton l\u00e9ger, les blocs de ma\u00e7onnerie ou la brique.<\/p>\n","protected":false},"excerpt":{"rendered":"<p>L\u2019ancrage \u00e0 expansion UCAN SZ pour lourdes charges est un ancrage m\u00e9canique \u00e0 expansion contr\u00f4l\u00e9e qui fait preuve d\u2019une tension \u00e9lev\u00e9e exceptionnelle et d\u2019un effort de cisaillement.<\/p>\n","protected":false},"featured_media":8506,"comment_status":"open","ping_status":"closed","template":"","meta":[],"product_cat":[1538,1533,1536],"product_tag":[],"Group":[],"acf":[],"yoast_head":"<!-- This site is optimized with the Yoast SEO plugin v20.11 - https:\/\/yoast.com\/wordpress\/plugins\/seo\/ -->\n<title>Ancrage \u00e0 charge \u00e9lev\u00e9e - Type goujon - Zingu\u00e9e - UCAN - Fastening Products<\/title>\n<meta name=\"description\" content=\"UCAN SZ Heavy Load Anchors are mechanical anchors with controlled expansion that deliver exceptionally high tension and shear loads\" \/>\n<meta name=\"robots\" content=\"noindex, follow\" \/>\n<meta property=\"og:locale\" content=\"fr_FR\" \/>\n<meta property=\"og:type\" content=\"article\" \/>\n<meta property=\"og:title\" content=\"Ancrage \u00e0 charge \u00e9lev\u00e9e - Type goujon - Zingu\u00e9e - UCAN - Fastening Products\" \/>\n<meta property=\"og:description\" content=\"UCAN SZ Heavy Load Anchors are mechanical anchors with controlled expansion that deliver exceptionally high tension and shear loads\" \/>\n<meta property=\"og:url\" content=\"https:\/\/ucanfast.com\/fr\/nos-produits\/ancrage-a-charge-elevee-type-goujon-zinguee\/\" \/>\n<meta property=\"og:site_name\" content=\"UCAN - Fastening Products\" \/>\n<meta property=\"article:modified_time\" content=\"2024-07-16T19:18:31+00:00\" \/>\n<meta property=\"og:image\" content=\"https:\/\/ucanfast.com\/wp-content\/uploads\/2022\/07\/BHL_T-e1695820790808.jpg\" \/>\n\t<meta property=\"og:image:width\" content=\"518\" \/>\n\t<meta property=\"og:image:height\" content=\"1956\" \/>\n\t<meta property=\"og:image:type\" content=\"image\/jpeg\" \/>\n<meta name=\"twitter:card\" content=\"summary_large_image\" \/>\n<meta name=\"twitter:label1\" content=\"Dur\u00e9e de lecture estim\u00e9e\" \/>\n\t<meta name=\"twitter:data1\" content=\"2 minutes\" \/>\n<script type=\"application\/ld+json\" class=\"yoast-schema-graph\">{\"@context\":\"https:\/\/schema.org\",\"@graph\":[{\"@type\":\"WebPage\",\"@id\":\"https:\/\/ucanfast.com\/fr\/nos-produits\/ancrage-a-charge-elevee-type-goujon-zinguee\/\",\"url\":\"https:\/\/ucanfast.com\/fr\/nos-produits\/ancrage-a-charge-elevee-type-goujon-zinguee\/\",\"name\":\"Ancrage \u00e0 charge \u00e9lev\u00e9e - Type goujon - Zingu\u00e9e - UCAN - Fastening Products\",\"isPartOf\":{\"@id\":\"https:\/\/ucanfast.com\/fr\/#website\"},\"datePublished\":\"2022-07-01T15:55:20+00:00\",\"dateModified\":\"2024-07-16T19:18:31+00:00\",\"description\":\"UCAN SZ Heavy Load Anchors are mechanical anchors with controlled expansion that deliver exceptionally high tension and shear loads\",\"breadcrumb\":{\"@id\":\"https:\/\/ucanfast.com\/fr\/nos-produits\/ancrage-a-charge-elevee-type-goujon-zinguee\/#breadcrumb\"},\"inLanguage\":\"fr-FR\",\"potentialAction\":[{\"@type\":\"ReadAction\",\"target\":[\"https:\/\/ucanfast.com\/fr\/nos-produits\/ancrage-a-charge-elevee-type-goujon-zinguee\/\"]}]},{\"@type\":\"BreadcrumbList\",\"@id\":\"https:\/\/ucanfast.com\/fr\/nos-produits\/ancrage-a-charge-elevee-type-goujon-zinguee\/#breadcrumb\",\"itemListElement\":[{\"@type\":\"ListItem\",\"position\":1,\"name\":\"Accueil\",\"item\":\"https:\/\/ucanfast.com\/fr\/\"},{\"@type\":\"ListItem\",\"position\":2,\"name\":\"Nos Produits\",\"item\":\"https:\/\/ucanfast.com\/fr\/nos-produits\/\"},{\"@type\":\"ListItem\",\"position\":3,\"name\":\"Ancrage \u00e0 charge \u00e9lev\u00e9e &#8211; Type goujon &#8211; Zingu\u00e9e\"}]},{\"@type\":\"WebSite\",\"@id\":\"https:\/\/ucanfast.com\/fr\/#website\",\"url\":\"https:\/\/ucanfast.com\/fr\/\",\"name\":\"UCAN Fastening Products\",\"description\":\"BUILDING LASTING CONNECTIONS\",\"publisher\":{\"@id\":\"https:\/\/ucanfast.com\/fr\/#organization\"},\"potentialAction\":[{\"@type\":\"SearchAction\",\"target\":{\"@type\":\"EntryPoint\",\"urlTemplate\":\"https:\/\/ucanfast.com\/fr\/?s={search_term_string}\"},\"query-input\":\"required name=search_term_string\"}],\"inLanguage\":\"fr-FR\"},{\"@type\":\"Organization\",\"@id\":\"https:\/\/ucanfast.com\/fr\/#organization\",\"name\":\"UCAN Fastening Products\",\"url\":\"https:\/\/ucanfast.com\/fr\/\",\"logo\":{\"@type\":\"ImageObject\",\"inLanguage\":\"fr-FR\",\"@id\":\"https:\/\/ucanfast.com\/fr\/#\/schema\/logo\/image\/\",\"url\":\"https:\/\/ucanfast.com\/wp-content\/uploads\/2023\/01\/Screen_Shot_2023-01-25_at_12.15.04_PM.png\",\"contentUrl\":\"https:\/\/ucanfast.com\/wp-content\/uploads\/2023\/01\/Screen_Shot_2023-01-25_at_12.15.04_PM.png\",\"width\":350,\"height\":192,\"caption\":\"UCAN Fastening Products\"},\"image\":{\"@id\":\"https:\/\/ucanfast.com\/fr\/#\/schema\/logo\/image\/\"},\"sameAs\":[\"https:\/\/ca.linkedin.com\/company\/ucan-fastening-products\"]}]}<\/script>\n<!-- \/ Yoast SEO plugin. -->","yoast_head_json":{"title":"Ancrage \u00e0 charge \u00e9lev\u00e9e - Type goujon - Zingu\u00e9e - UCAN - Fastening Products","description":"UCAN SZ Heavy Load Anchors are mechanical anchors with controlled expansion that deliver exceptionally high tension and shear loads","robots":{"index":"noindex","follow":"follow"},"og_locale":"fr_FR","og_type":"article","og_title":"Ancrage \u00e0 charge \u00e9lev\u00e9e - Type goujon - Zingu\u00e9e - UCAN - Fastening Products","og_description":"UCAN SZ Heavy Load Anchors are mechanical anchors with controlled expansion that deliver exceptionally high tension and shear loads","og_url":"https:\/\/ucanfast.com\/fr\/nos-produits\/ancrage-a-charge-elevee-type-goujon-zinguee\/","og_site_name":"UCAN - Fastening Products","article_modified_time":"2024-07-16T19:18:31+00:00","og_image":[{"width":518,"height":1956,"url":"https:\/\/ucanfast.com\/wp-content\/uploads\/2022\/07\/BHL_T-e1695820790808.jpg","type":"image\/jpeg"}],"twitter_card":"summary_large_image","twitter_misc":{"Dur\u00e9e de lecture estim\u00e9e":"2 minutes"},"schema":{"@context":"https:\/\/schema.org","@graph":[{"@type":"WebPage","@id":"https:\/\/ucanfast.com\/fr\/nos-produits\/ancrage-a-charge-elevee-type-goujon-zinguee\/","url":"https:\/\/ucanfast.com\/fr\/nos-produits\/ancrage-a-charge-elevee-type-goujon-zinguee\/","name":"Ancrage \u00e0 charge \u00e9lev\u00e9e - Type goujon - Zingu\u00e9e - UCAN - Fastening Products","isPartOf":{"@id":"https:\/\/ucanfast.com\/fr\/#website"},"datePublished":"2022-07-01T15:55:20+00:00","dateModified":"2024-07-16T19:18:31+00:00","description":"UCAN SZ Heavy Load Anchors are mechanical anchors with controlled expansion that deliver exceptionally high tension and shear loads","breadcrumb":{"@id":"https:\/\/ucanfast.com\/fr\/nos-produits\/ancrage-a-charge-elevee-type-goujon-zinguee\/#breadcrumb"},"inLanguage":"fr-FR","potentialAction":[{"@type":"ReadAction","target":["https:\/\/ucanfast.com\/fr\/nos-produits\/ancrage-a-charge-elevee-type-goujon-zinguee\/"]}]},{"@type":"BreadcrumbList","@id":"https:\/\/ucanfast.com\/fr\/nos-produits\/ancrage-a-charge-elevee-type-goujon-zinguee\/#breadcrumb","itemListElement":[{"@type":"ListItem","position":1,"name":"Accueil","item":"https:\/\/ucanfast.com\/fr\/"},{"@type":"ListItem","position":2,"name":"Nos Produits","item":"https:\/\/ucanfast.com\/fr\/nos-produits\/"},{"@type":"ListItem","position":3,"name":"Ancrage \u00e0 charge \u00e9lev\u00e9e &#8211; Type goujon &#8211; Zingu\u00e9e"}]},{"@type":"WebSite","@id":"https:\/\/ucanfast.com\/fr\/#website","url":"https:\/\/ucanfast.com\/fr\/","name":"UCAN Fastening Products","description":"BUILDING LASTING CONNECTIONS","publisher":{"@id":"https:\/\/ucanfast.com\/fr\/#organization"},"potentialAction":[{"@type":"SearchAction","target":{"@type":"EntryPoint","urlTemplate":"https:\/\/ucanfast.com\/fr\/?s={search_term_string}"},"query-input":"required name=search_term_string"}],"inLanguage":"fr-FR"},{"@type":"Organization","@id":"https:\/\/ucanfast.com\/fr\/#organization","name":"UCAN Fastening Products","url":"https:\/\/ucanfast.com\/fr\/","logo":{"@type":"ImageObject","inLanguage":"fr-FR","@id":"https:\/\/ucanfast.com\/fr\/#\/schema\/logo\/image\/","url":"https:\/\/ucanfast.com\/wp-content\/uploads\/2023\/01\/Screen_Shot_2023-01-25_at_12.15.04_PM.png","contentUrl":"https:\/\/ucanfast.com\/wp-content\/uploads\/2023\/01\/Screen_Shot_2023-01-25_at_12.15.04_PM.png","width":350,"height":192,"caption":"UCAN Fastening Products"},"image":{"@id":"https:\/\/ucanfast.com\/fr\/#\/schema\/logo\/image\/"},"sameAs":["https:\/\/ca.linkedin.com\/company\/ucan-fastening-products"]}]}},"_links":{"self":[{"href":"https:\/\/ucanfast.com\/fr\/wp-json\/wp\/v2\/product\/10564"}],"collection":[{"href":"https:\/\/ucanfast.com\/fr\/wp-json\/wp\/v2\/product"}],"about":[{"href":"https:\/\/ucanfast.com\/fr\/wp-json\/wp\/v2\/types\/product"}],"replies":[{"embeddable":true,"href":"https:\/\/ucanfast.com\/fr\/wp-json\/wp\/v2\/comments?post=10564"}],"wp:featuredmedia":[{"embeddable":true,"href":"https:\/\/ucanfast.com\/fr\/wp-json\/wp\/v2\/media\/8506"}],"wp:attachment":[{"href":"https:\/\/ucanfast.com\/fr\/wp-json\/wp\/v2\/media?parent=10564"}],"wp:term":[{"taxonomy":"product_cat","embeddable":true,"href":"https:\/\/ucanfast.com\/fr\/wp-json\/wp\/v2\/product_cat?post=10564"},{"taxonomy":"product_tag","embeddable":true,"href":"https:\/\/ucanfast.com\/fr\/wp-json\/wp\/v2\/product_tag?post=10564"},{"taxonomy":"Group","embeddable":true,"href":"https:\/\/ucanfast.com\/fr\/wp-json\/wp\/v2\/Group?post=10564"}],"curies":[{"name":"wp","href":"https:\/\/api.w.org\/{rel}","templated":true}]}}