{"id":10363,"date":"2022-07-01T11:58:22","date_gmt":"2022-07-01T15:58:22","guid":{"rendered":"https:\/\/ucanstage.wpengine.com\/product\/ultramax-premium-sds-max\/"},"modified":"2024-05-23T14:58:30","modified_gmt":"2024-05-23T18:58:30","slug":"ultramax-premiere-qualite-sds-max","status":"publish","type":"product","link":"https:\/\/ucanfast.com\/fr\/nos-produits\/ultramax-premiere-qualite-sds-max\/","title":{"rendered":"Ultramax &#8211; premi\u00e8re qualit\u00e9 \u00ab SDS-Max \u00bb"},"content":{"rendered":"<div id=\"detaildescription\">\n<p>CARACT\u00c9RISTIQUES<\/p>\n<ul>\n<li><strong>Per\u00e7age ultrarapide<\/strong><\/li>\n<li><strong>Perce la pierre naturelle<\/strong><\/li>\n<li><strong>Tr\u00e8s longue dur\u00e9e de vie dans le b\u00e9ton<\/strong><\/li>\n<\/ul>\n<p>La pointe au carbure \u00e0 quatre couteaux nouvellement con\u00e7ue offre un rendement sup\u00e9rieur dans les mat\u00e9riaux tr\u00e8s durs, y compris la pierre et le granit et elle poss\u00e8de une dur\u00e9e de vie ultra longue par rapport \u00e0 nos m\u00e8ches r\u00e9guli\u00e8res SDS plus. Les goujures am\u00e9lior\u00e9es r\u00e9duisent la friction et acc\u00e9l\u00e8rent l\u2019enl\u00e8vement de la poussi\u00e8re. Peut percer les barres d\u2019armatures jusqu\u2019\u00e0 10M.<\/p>\n<\/div>\n<div class=\"partstabletitle\">\n<h5>ULTRAMAX &#8211; POINTES MULTILAMES<\/h5>\n<\/div>\n<div>\n<table class=\"detailpartstable\" style=\"height: 762px;\" border=\"0\" width=\"811\" cellspacing=\"0\" cellpadding=\"0\">\n<tbody>\n<tr class=\"headers\">\n<td><strong>N\u00ba de pi\u00e8ce<\/strong><\/td>\n<td><strong>Dia. (po)<\/strong><\/td>\n<td><strong>Dia. (mm)<\/strong><\/td>\n<td><strong>Longueur totale (po)<\/strong><\/td>\n<td><strong>Longueur utile (po)<\/strong><\/td>\n<\/tr>\n<tr>\n<td>MAX 1213<\/td>\n<td>1\/2 ANSI<\/td>\n<td>13<\/td>\n<td>13<\/td>\n<td>8<\/td>\n<\/tr>\n<tr>\n<td>MAX 1221<\/td>\n<td>1\/2 ANSI<\/td>\n<td>13<\/td>\n<td>21<\/td>\n<td>16<\/td>\n<\/tr>\n<tr>\n<td>MAX 91621<\/td>\n<td>9\/16 ANSI<\/td>\n<td>14<\/td>\n<td>21<\/td>\n<td>16<\/td>\n<\/tr>\n<tr>\n<td>MAX 5813<\/td>\n<td>5\/8 ANSI<\/td>\n<td>16<\/td>\n<td>13<\/td>\n<td>8<\/td>\n<\/tr>\n<tr>\n<td>MAX 5821<\/td>\n<td>5\/8 ANSI<\/td>\n<td>16<\/td>\n<td>21<\/td>\n<td>16<\/td>\n<\/tr>\n<tr>\n<td>MAX 5836<\/td>\n<td>5\/8 ANSI<\/td>\n<td>16<\/td>\n<td>36<\/td>\n<td>31<\/td>\n<\/tr>\n<tr class=\"instock\" style=\"color: red;\">\n<td>MAX 456413<\/td>\n<td>45\/64 DIN<\/td>\n<td>18<\/td>\n<td>13<\/td>\n<td>8<\/td>\n<\/tr>\n<tr>\n<td>MAX 3413<\/td>\n<td>3\/4 ANSI<\/td>\n<td>19.1<\/td>\n<td>13<\/td>\n<td>8<\/td>\n<\/tr>\n<tr>\n<td>MAX 3421<\/td>\n<td>3\/4 ANSI<\/td>\n<td>19.1<\/td>\n<td>21<\/td>\n<td>16<\/td>\n<\/tr>\n<tr>\n<td>MAX 3436<\/td>\n<td>3\/4 ANSI<\/td>\n<td>19.1<\/td>\n<td>36<\/td>\n<td>31<\/td>\n<\/tr>\n<tr>\n<td>MAX 7813<\/td>\n<td>7\/8 ANSI<\/td>\n<td>22<\/td>\n<td>13<\/td>\n<td>8<\/td>\n<\/tr>\n<tr>\n<td>MAX 7821<\/td>\n<td>7\/8 ANSI<\/td>\n<td>22<\/td>\n<td>21<\/td>\n<td>16<\/td>\n<\/tr>\n<tr>\n<td>MAX 7836<\/td>\n<td>7\/8 ANSI<\/td>\n<td>22<\/td>\n<td>36<\/td>\n<td>30<\/td>\n<\/tr>\n<tr class=\"instock\" style=\"color: red;\">\n<td>MAX 616413<\/td>\n<td>61\/64 DIN<\/td>\n<td>24<\/td>\n<td>13<\/td>\n<td>8<\/td>\n<\/tr>\n<tr>\n<td>MAX 113<\/td>\n<td>1 ANSI<\/td>\n<td>25.4<\/td>\n<td>13<\/td>\n<td>8<\/td>\n<\/tr>\n<tr>\n<td>MAX 121<\/td>\n<td>1 ANSI<\/td>\n<td>25.4<\/td>\n<td>21<\/td>\n<td>16<\/td>\n<\/tr>\n<tr>\n<td>MAX 136<\/td>\n<td>1 ANSI<\/td>\n<td>25.4<\/td>\n<td>36<\/td>\n<td>31<\/td>\n<\/tr>\n<tr>\n<td>MAX 11817<\/td>\n<td>1-1\/8 ANSI<\/td>\n<td>29.8<\/td>\n<td>17<\/td>\n<td>12<\/td>\n<\/tr>\n<tr>\n<td>MAX 11821<\/td>\n<td>1-1\/8 ANSI<\/td>\n<td>29.8<\/td>\n<td>21<\/td>\n<td>16<\/td>\n<\/tr>\n<tr>\n<td>MAX 11836<\/td>\n<td>1-1\/8 ANSI<\/td>\n<td>29.8<\/td>\n<td>36<\/td>\n<td>31<\/td>\n<\/tr>\n<tr>\n<td>MAX 11415<\/td>\n<td>1-1\/4 ANSI<\/td>\n<td>32<\/td>\n<td>15<\/td>\n<td>10<\/td>\n<\/tr>\n<tr>\n<td>MAX 11423<\/td>\n<td>1-1\/4 ANSI<\/td>\n<td>32<\/td>\n<td>23<\/td>\n<td>18<\/td>\n<\/tr>\n<tr>\n<td>MAX 11436<\/td>\n<td>1-1\/4 ANSI<\/td>\n<td>32<\/td>\n<td>36<\/td>\n<td>31<\/td>\n<\/tr>\n<tr>\n<td>MAX 13823<\/td>\n<td>1-3\/8 ANSI<\/td>\n<td>35<\/td>\n<td>23<\/td>\n<td>18<\/td>\n<\/tr>\n<tr>\n<td>MAX 13836<\/td>\n<td>1-3\/8 ANSI<\/td>\n<td>35<\/td>\n<td>36<\/td>\n<td>31<\/td>\n<\/tr>\n<tr>\n<td>MAX 11223<\/td>\n<td>1-1\/2 ANSI<\/td>\n<td>38<\/td>\n<td>23<\/td>\n<td>18<\/td>\n<\/tr>\n<tr>\n<td>MAX 13423<\/td>\n<td>1-3\/4 ANSI<\/td>\n<td>44.5<\/td>\n<td>23<\/td>\n<td>18<\/td>\n<\/tr>\n<tr>\n<td>MAX 223<\/td>\n<td>2 ANSI<\/td>\n<td>50.8<\/td>\n<td>23<\/td>\n<td>18<\/td>\n<\/tr>\n<\/tbody>\n<\/table>\n<p>&nbsp;<\/p>\n<\/div>\n<div>\n<table class=\"detailpartstable\" border=\"0\" cellspacing=\"0\" cellpadding=\"0\">\n<tbody>\n<tr class=\"headers\">\n<td><strong>Remarque :<\/strong><\/td>\n<\/tr>\n<tr>\n<td>Les forets de 12 mm et de \u00bd po sont \u00e0 pointe unique<\/td>\n<\/tr>\n<tr class=\"instock\">\n<td>\n<table class=\"detailpartstable\" border=\"0\" width=\"641\" cellspacing=\"0\" cellpadding=\"0\">\n<tbody>\n<tr class=\"instock\">\n<td>Les dimensions (mm) en <span style=\"color: red;\">rouge<\/span> sont les dimensions m\u00e9triques exactes<\/td>\n<\/tr>\n<tr class=\"instock\">\n<td>selon la norme d.i.n. Les autres dimensions m\u00e9triques indiqu\u00e9es sont des<\/td>\n<\/tr>\n<tr class=\"instock\">\n<td>conversions m\u00e9triques.<\/td>\n<\/tr>\n<\/tbody>\n<\/table>\n<\/td>\n<\/tr>\n<\/tbody>\n<\/table>\n<\/div>\n<p>&nbsp;<\/p>\n","protected":false},"excerpt":{"rendered":"<div style=\"float: right; transform: translate(24px, -8px); display: flex; flex-direction: column;\">\n<p style=\"margin-bottom: -10px; font-size: 12px;\">MD<\/p>\n<p><img decoding=\"async\" loading=\"lazy\" class=\"alignnone wp-image-12020\" style=\"max-height: 74px;\" src=\"https:\/\/ucanfast.com\/wp-content\/uploads\/2023\/09\/UCAN-PROBLEM-SOLVER-2023-final-300x300.png\" alt=\"\" width=\"70\" height=\"70\" srcset=\"https:\/\/ucanfast.com\/wp-content\/uploads\/2023\/09\/UCAN-PROBLEM-SOLVER-2023-final-300x300.png 300w, https:\/\/ucanfast.com\/wp-content\/uploads\/2023\/09\/UCAN-PROBLEM-SOLVER-2023-final-1024x1024.png 1024w, https:\/\/ucanfast.com\/wp-content\/uploads\/2023\/09\/UCAN-PROBLEM-SOLVER-2023-final-150x150.png 150w, https:\/\/ucanfast.com\/wp-content\/uploads\/2023\/09\/UCAN-PROBLEM-SOLVER-2023-final-768x768.png 768w, https:\/\/ucanfast.com\/wp-content\/uploads\/2023\/09\/UCAN-PROBLEM-SOLVER-2023-final-1536x1536.png 1536w, https:\/\/ucanfast.com\/wp-content\/uploads\/2023\/09\/UCAN-PROBLEM-SOLVER-2023-final-100x100.png 100w, https:\/\/ucanfast.com\/wp-content\/uploads\/2023\/09\/UCAN-PROBLEM-SOLVER-2023-final-600x600.png 600w, https:\/\/ucanfast.com\/wp-content\/uploads\/2023\/09\/UCAN-PROBLEM-SOLVER-2023-final-200x200.png 200w, https:\/\/ucanfast.com\/wp-content\/uploads\/2023\/09\/UCAN-PROBLEM-SOLVER-2023-final-50x50.png 50w\" sizes=\"(max-width: 70px) 100vw, 70px\" \/><\/p>\n<\/div>\n<p>La pointe au carbure \u00e0 quatre couteaux nouvellement con\u00e7ue offre un rendement sup\u00e9rieur dans les mat\u00e9riaux tr\u00e8s durs, y compris la pierre et le granit et elle poss\u00e8de une dur\u00e9e de vie ultra longue par rapport \u00e0 nos m\u00e8ches r\u00e9guli\u00e8res SDS plus.<\/p>\n","protected":false},"featured_media":5278,"comment_status":"open","ping_status":"closed","template":"","meta":[],"product_cat":[1513,1518],"product_tag":[],"Group":[],"acf":[],"yoast_head":"<!-- This site is optimized with the Yoast SEO plugin v20.11 - https:\/\/yoast.com\/wordpress\/plugins\/seo\/ -->\n<title>Ultramax - premi\u00e8re qualit\u00e9 \u00ab SDS-Max \u00bb - UCAN - Fastening Products<\/title>\n<meta name=\"description\" content=\"Provide\u00a0superior performance in reinforced steel, rock, masonry and granite, and extra long life in concrete compared to our regular sds plus bit.\" \/>\n<meta name=\"robots\" content=\"noindex, follow\" \/>\n<meta property=\"og:locale\" content=\"fr_FR\" \/>\n<meta property=\"og:type\" content=\"article\" \/>\n<meta property=\"og:title\" content=\"Ultramax - premi\u00e8re qualit\u00e9 \u00ab SDS-Max \u00bb - UCAN - Fastening Products\" \/>\n<meta property=\"og:description\" content=\"Provide\u00a0superior performance in reinforced steel, rock, masonry and granite, and extra long life in concrete compared to our regular sds plus bit.\" \/>\n<meta property=\"og:url\" content=\"https:\/\/ucanfast.com\/fr\/nos-produits\/ultramax-premiere-qualite-sds-max\/\" \/>\n<meta property=\"og:site_name\" content=\"UCAN - Fastening Products\" \/>\n<meta property=\"article:modified_time\" content=\"2024-05-23T18:58:30+00:00\" \/>\n<meta property=\"og:image\" content=\"https:\/\/ucanfast.com\/wp-content\/uploads\/2022\/07\/SDS-MAX4-cutter-ULTRAMAX-Premium-SDS-Max-scaled-e1704986646678.jpg\" \/>\n\t<meta property=\"og:image:width\" content=\"2560\" \/>\n\t<meta property=\"og:image:height\" content=\"358\" \/>\n\t<meta property=\"og:image:type\" content=\"image\/jpeg\" \/>\n<meta name=\"twitter:card\" content=\"summary_large_image\" \/>\n<meta name=\"twitter:label1\" content=\"Dur\u00e9e de lecture estim\u00e9e\" \/>\n\t<meta name=\"twitter:data1\" content=\"2 minutes\" \/>\n<script type=\"application\/ld+json\" class=\"yoast-schema-graph\">{\"@context\":\"https:\/\/schema.org\",\"@graph\":[{\"@type\":\"WebPage\",\"@id\":\"https:\/\/ucanfast.com\/fr\/nos-produits\/ultramax-premiere-qualite-sds-max\/\",\"url\":\"https:\/\/ucanfast.com\/fr\/nos-produits\/ultramax-premiere-qualite-sds-max\/\",\"name\":\"Ultramax - premi\u00e8re qualit\u00e9 \u00ab SDS-Max \u00bb - UCAN - Fastening Products\",\"isPartOf\":{\"@id\":\"https:\/\/ucanfast.com\/fr\/#website\"},\"datePublished\":\"2022-07-01T15:58:22+00:00\",\"dateModified\":\"2024-05-23T18:58:30+00:00\",\"description\":\"Provide\u00a0superior performance in reinforced steel, rock, masonry and granite, and extra long life in concrete compared to our regular sds plus bit.\",\"breadcrumb\":{\"@id\":\"https:\/\/ucanfast.com\/fr\/nos-produits\/ultramax-premiere-qualite-sds-max\/#breadcrumb\"},\"inLanguage\":\"fr-FR\",\"potentialAction\":[{\"@type\":\"ReadAction\",\"target\":[\"https:\/\/ucanfast.com\/fr\/nos-produits\/ultramax-premiere-qualite-sds-max\/\"]}]},{\"@type\":\"BreadcrumbList\",\"@id\":\"https:\/\/ucanfast.com\/fr\/nos-produits\/ultramax-premiere-qualite-sds-max\/#breadcrumb\",\"itemListElement\":[{\"@type\":\"ListItem\",\"position\":1,\"name\":\"Accueil\",\"item\":\"https:\/\/ucanfast.com\/fr\/\"},{\"@type\":\"ListItem\",\"position\":2,\"name\":\"Nos Produits\",\"item\":\"https:\/\/ucanfast.com\/fr\/nos-produits\/\"},{\"@type\":\"ListItem\",\"position\":3,\"name\":\"Ultramax &#8211; premi\u00e8re qualit\u00e9 \u00ab SDS-Max \u00bb\"}]},{\"@type\":\"WebSite\",\"@id\":\"https:\/\/ucanfast.com\/fr\/#website\",\"url\":\"https:\/\/ucanfast.com\/fr\/\",\"name\":\"UCAN Fastening Products\",\"description\":\"BUILDING LASTING CONNECTIONS\",\"publisher\":{\"@id\":\"https:\/\/ucanfast.com\/fr\/#organization\"},\"potentialAction\":[{\"@type\":\"SearchAction\",\"target\":{\"@type\":\"EntryPoint\",\"urlTemplate\":\"https:\/\/ucanfast.com\/fr\/?s={search_term_string}\"},\"query-input\":\"required name=search_term_string\"}],\"inLanguage\":\"fr-FR\"},{\"@type\":\"Organization\",\"@id\":\"https:\/\/ucanfast.com\/fr\/#organization\",\"name\":\"UCAN Fastening Products\",\"url\":\"https:\/\/ucanfast.com\/fr\/\",\"logo\":{\"@type\":\"ImageObject\",\"inLanguage\":\"fr-FR\",\"@id\":\"https:\/\/ucanfast.com\/fr\/#\/schema\/logo\/image\/\",\"url\":\"https:\/\/ucanfast.com\/wp-content\/uploads\/2023\/01\/Screen_Shot_2023-01-25_at_12.15.04_PM.png\",\"contentUrl\":\"https:\/\/ucanfast.com\/wp-content\/uploads\/2023\/01\/Screen_Shot_2023-01-25_at_12.15.04_PM.png\",\"width\":350,\"height\":192,\"caption\":\"UCAN Fastening Products\"},\"image\":{\"@id\":\"https:\/\/ucanfast.com\/fr\/#\/schema\/logo\/image\/\"},\"sameAs\":[\"https:\/\/ca.linkedin.com\/company\/ucan-fastening-products\"]}]}<\/script>\n<!-- \/ Yoast SEO plugin. -->","yoast_head_json":{"title":"Ultramax - premi\u00e8re qualit\u00e9 \u00ab SDS-Max \u00bb - UCAN - Fastening Products","description":"Provide\u00a0superior performance in reinforced steel, rock, masonry and granite, and extra long life in concrete compared to our regular sds plus bit.","robots":{"index":"noindex","follow":"follow"},"og_locale":"fr_FR","og_type":"article","og_title":"Ultramax - premi\u00e8re qualit\u00e9 \u00ab SDS-Max \u00bb - UCAN - Fastening Products","og_description":"Provide\u00a0superior performance in reinforced steel, rock, masonry and granite, and extra long life in concrete compared to our regular sds plus bit.","og_url":"https:\/\/ucanfast.com\/fr\/nos-produits\/ultramax-premiere-qualite-sds-max\/","og_site_name":"UCAN - Fastening Products","article_modified_time":"2024-05-23T18:58:30+00:00","og_image":[{"width":2560,"height":358,"url":"https:\/\/ucanfast.com\/wp-content\/uploads\/2022\/07\/SDS-MAX4-cutter-ULTRAMAX-Premium-SDS-Max-scaled-e1704986646678.jpg","type":"image\/jpeg"}],"twitter_card":"summary_large_image","twitter_misc":{"Dur\u00e9e de lecture estim\u00e9e":"2 minutes"},"schema":{"@context":"https:\/\/schema.org","@graph":[{"@type":"WebPage","@id":"https:\/\/ucanfast.com\/fr\/nos-produits\/ultramax-premiere-qualite-sds-max\/","url":"https:\/\/ucanfast.com\/fr\/nos-produits\/ultramax-premiere-qualite-sds-max\/","name":"Ultramax - premi\u00e8re qualit\u00e9 \u00ab SDS-Max \u00bb - UCAN - Fastening Products","isPartOf":{"@id":"https:\/\/ucanfast.com\/fr\/#website"},"datePublished":"2022-07-01T15:58:22+00:00","dateModified":"2024-05-23T18:58:30+00:00","description":"Provide\u00a0superior performance in reinforced steel, rock, masonry and granite, and extra long life in concrete compared to our regular sds plus bit.","breadcrumb":{"@id":"https:\/\/ucanfast.com\/fr\/nos-produits\/ultramax-premiere-qualite-sds-max\/#breadcrumb"},"inLanguage":"fr-FR","potentialAction":[{"@type":"ReadAction","target":["https:\/\/ucanfast.com\/fr\/nos-produits\/ultramax-premiere-qualite-sds-max\/"]}]},{"@type":"BreadcrumbList","@id":"https:\/\/ucanfast.com\/fr\/nos-produits\/ultramax-premiere-qualite-sds-max\/#breadcrumb","itemListElement":[{"@type":"ListItem","position":1,"name":"Accueil","item":"https:\/\/ucanfast.com\/fr\/"},{"@type":"ListItem","position":2,"name":"Nos Produits","item":"https:\/\/ucanfast.com\/fr\/nos-produits\/"},{"@type":"ListItem","position":3,"name":"Ultramax &#8211; premi\u00e8re qualit\u00e9 \u00ab SDS-Max \u00bb"}]},{"@type":"WebSite","@id":"https:\/\/ucanfast.com\/fr\/#website","url":"https:\/\/ucanfast.com\/fr\/","name":"UCAN Fastening Products","description":"BUILDING LASTING CONNECTIONS","publisher":{"@id":"https:\/\/ucanfast.com\/fr\/#organization"},"potentialAction":[{"@type":"SearchAction","target":{"@type":"EntryPoint","urlTemplate":"https:\/\/ucanfast.com\/fr\/?s={search_term_string}"},"query-input":"required name=search_term_string"}],"inLanguage":"fr-FR"},{"@type":"Organization","@id":"https:\/\/ucanfast.com\/fr\/#organization","name":"UCAN Fastening Products","url":"https:\/\/ucanfast.com\/fr\/","logo":{"@type":"ImageObject","inLanguage":"fr-FR","@id":"https:\/\/ucanfast.com\/fr\/#\/schema\/logo\/image\/","url":"https:\/\/ucanfast.com\/wp-content\/uploads\/2023\/01\/Screen_Shot_2023-01-25_at_12.15.04_PM.png","contentUrl":"https:\/\/ucanfast.com\/wp-content\/uploads\/2023\/01\/Screen_Shot_2023-01-25_at_12.15.04_PM.png","width":350,"height":192,"caption":"UCAN Fastening Products"},"image":{"@id":"https:\/\/ucanfast.com\/fr\/#\/schema\/logo\/image\/"},"sameAs":["https:\/\/ca.linkedin.com\/company\/ucan-fastening-products"]}]}},"_links":{"self":[{"href":"https:\/\/ucanfast.com\/fr\/wp-json\/wp\/v2\/product\/10363"}],"collection":[{"href":"https:\/\/ucanfast.com\/fr\/wp-json\/wp\/v2\/product"}],"about":[{"href":"https:\/\/ucanfast.com\/fr\/wp-json\/wp\/v2\/types\/product"}],"replies":[{"embeddable":true,"href":"https:\/\/ucanfast.com\/fr\/wp-json\/wp\/v2\/comments?post=10363"}],"wp:featuredmedia":[{"embeddable":true,"href":"https:\/\/ucanfast.com\/fr\/wp-json\/wp\/v2\/media\/5278"}],"wp:attachment":[{"href":"https:\/\/ucanfast.com\/fr\/wp-json\/wp\/v2\/media?parent=10363"}],"wp:term":[{"taxonomy":"product_cat","embeddable":true,"href":"https:\/\/ucanfast.com\/fr\/wp-json\/wp\/v2\/product_cat?post=10363"},{"taxonomy":"product_tag","embeddable":true,"href":"https:\/\/ucanfast.com\/fr\/wp-json\/wp\/v2\/product_tag?post=10363"},{"taxonomy":"Group","embeddable":true,"href":"https:\/\/ucanfast.com\/fr\/wp-json\/wp\/v2\/Group?post=10363"}],"curies":[{"name":"wp","href":"https:\/\/api.w.org\/{rel}","templated":true}]}}