{"id":10112,"date":"2022-07-01T11:55:02","date_gmt":"2022-07-01T15:55:02","guid":{"rendered":"https:\/\/ucanstage.wpengine.com\/product\/300-flat-headed-angle-clip-assembly\/"},"modified":"2024-07-24T14:54:24","modified_gmt":"2024-07-24T18:54:24","slug":"corniere-a-fixations-a-tete-plate","status":"publish","type":"product","link":"https:\/\/ucanfast.com\/fr\/nos-produits\/corniere-a-fixations-a-tete-plate\/","title":{"rendered":"Corni\u00e8re \u00e0 fixations \u00e0 t\u00eate plate"},"content":{"rendered":"<h5 style=\"text-transform: uppercase;\">Corni\u00e8re \u00e0 fixations \u00e0 t\u00eate plate<\/h5>\n<div>\n<table class=\"detailpartstable\" style=\"height: 51px;\" border=\"0\" width=\"800\" cellspacing=\"0\" cellpadding=\"0\">\n<tbody>\n<tr class=\"headers\">\n<td><strong>N\u00ba de pi\u00e8ce<\/strong><\/td>\n<td><strong>Longueur<\/strong><\/td>\n<td><strong>Qt\u00e9 par<br \/>paquet<\/strong><\/td>\n<td><strong>Qt\u00e9 par<br \/>caisse<\/strong><\/td>\n<td><strong>Poids de<br \/>la caisse<\/strong><\/td>\n<td><strong>Taille de la caisse<\/strong><\/td>\n<\/tr>\n<tr>\n<td>ACC 32<\/td>\n<td>1-1\/4&#8243;<\/td>\n<td>100<\/td>\n<td>600<\/td>\n<td>42 lbs<\/td>\n<td>7-1\/4&#8243; x 17&#8243; x 7&#8243;<\/td>\n<\/tr>\n<\/tbody>\n<\/table>\n<\/div>\n","protected":false},"excerpt":{"rendered":"<p>Les fixations \u00e0 insertion de puissance UCAN sont faites de fil de fer de classe pour ressorts de haute qualit\u00e9. Pour atteindre une duret\u00e9 et r\u00e9sistance optimales, toutes les fixations sont trait\u00e9es jusqu\u2019\u00e0 l\u2019obtention d\u2019une duret\u00e9 de mat\u00e9riau entre RC 50 et RC 54; et pour r\u00e9aliser une protection contre la corrosion, elles sont zingu\u00e9es d\u2019une \u00e9paisseur minimale de 7,6\u00a0<em>\u00b5m<\/em>\u00a0(0,0003 po).<\/p>\n","protected":false},"featured_media":5129,"comment_status":"open","ping_status":"closed","template":"","meta":[],"product_cat":[1626,1615,1624],"product_tag":[],"Group":[],"acf":[],"yoast_head":"<!-- This site is optimized with the Yoast SEO plugin v20.11 - https:\/\/yoast.com\/wordpress\/plugins\/seo\/ -->\n<title>Corni\u00e8re \u00e0 fixations \u00e0 t\u00eate plate - UCAN - Fastening Products<\/title>\n<meta name=\"description\" content=\"UCAN FASTENING PRODUCTS has been supplying high quality masonry and metal fasteners to the construction industry for over 50 years.\" \/>\n<meta name=\"robots\" content=\"noindex, follow\" \/>\n<meta property=\"og:locale\" content=\"fr_FR\" \/>\n<meta property=\"og:type\" content=\"article\" \/>\n<meta property=\"og:title\" content=\"Corni\u00e8re \u00e0 fixations \u00e0 t\u00eate plate - UCAN - Fastening Products\" \/>\n<meta property=\"og:description\" content=\"UCAN FASTENING PRODUCTS has been supplying high quality masonry and metal fasteners to the construction industry for over 50 years.\" \/>\n<meta property=\"og:url\" content=\"https:\/\/ucanfast.com\/fr\/nos-produits\/corniere-a-fixations-a-tete-plate\/\" \/>\n<meta property=\"og:site_name\" content=\"UCAN - Fastening Products\" \/>\n<meta property=\"article:modified_time\" content=\"2024-07-24T18:54:24+00:00\" \/>\n<meta property=\"og:image\" content=\"https:\/\/ucanfast.com\/wp-content\/uploads\/2022\/07\/ACC-ANGLE-CLIP-ASSEMBLY.jpg\" \/>\n\t<meta property=\"og:image:width\" content=\"1152\" \/>\n\t<meta property=\"og:image:height\" content=\"1101\" \/>\n\t<meta property=\"og:image:type\" content=\"image\/jpeg\" \/>\n<meta name=\"twitter:card\" content=\"summary_large_image\" \/>\n<meta name=\"twitter:label1\" content=\"Dur\u00e9e de lecture estim\u00e9e\" \/>\n\t<meta name=\"twitter:data1\" content=\"1 minute\" \/>\n<script type=\"application\/ld+json\" class=\"yoast-schema-graph\">{\"@context\":\"https:\/\/schema.org\",\"@graph\":[{\"@type\":\"WebPage\",\"@id\":\"https:\/\/ucanfast.com\/fr\/nos-produits\/corniere-a-fixations-a-tete-plate\/\",\"url\":\"https:\/\/ucanfast.com\/fr\/nos-produits\/corniere-a-fixations-a-tete-plate\/\",\"name\":\"Corni\u00e8re \u00e0 fixations \u00e0 t\u00eate plate - UCAN - Fastening Products\",\"isPartOf\":{\"@id\":\"https:\/\/ucanfast.com\/fr\/#website\"},\"datePublished\":\"2022-07-01T15:55:02+00:00\",\"dateModified\":\"2024-07-24T18:54:24+00:00\",\"description\":\"UCAN FASTENING PRODUCTS has been supplying high quality masonry and metal fasteners to the construction industry for over 50 years.\",\"breadcrumb\":{\"@id\":\"https:\/\/ucanfast.com\/fr\/nos-produits\/corniere-a-fixations-a-tete-plate\/#breadcrumb\"},\"inLanguage\":\"fr-FR\",\"potentialAction\":[{\"@type\":\"ReadAction\",\"target\":[\"https:\/\/ucanfast.com\/fr\/nos-produits\/corniere-a-fixations-a-tete-plate\/\"]}]},{\"@type\":\"BreadcrumbList\",\"@id\":\"https:\/\/ucanfast.com\/fr\/nos-produits\/corniere-a-fixations-a-tete-plate\/#breadcrumb\",\"itemListElement\":[{\"@type\":\"ListItem\",\"position\":1,\"name\":\"Accueil\",\"item\":\"https:\/\/ucanfast.com\/fr\/\"},{\"@type\":\"ListItem\",\"position\":2,\"name\":\"Nos Produits\",\"item\":\"https:\/\/ucanfast.com\/fr\/nos-produits\/\"},{\"@type\":\"ListItem\",\"position\":3,\"name\":\"Corni\u00e8re \u00e0 fixations \u00e0 t\u00eate plate\"}]},{\"@type\":\"WebSite\",\"@id\":\"https:\/\/ucanfast.com\/fr\/#website\",\"url\":\"https:\/\/ucanfast.com\/fr\/\",\"name\":\"UCAN Fastening Products\",\"description\":\"BUILDING LASTING CONNECTIONS\",\"publisher\":{\"@id\":\"https:\/\/ucanfast.com\/fr\/#organization\"},\"potentialAction\":[{\"@type\":\"SearchAction\",\"target\":{\"@type\":\"EntryPoint\",\"urlTemplate\":\"https:\/\/ucanfast.com\/fr\/?s={search_term_string}\"},\"query-input\":\"required name=search_term_string\"}],\"inLanguage\":\"fr-FR\"},{\"@type\":\"Organization\",\"@id\":\"https:\/\/ucanfast.com\/fr\/#organization\",\"name\":\"UCAN Fastening Products\",\"url\":\"https:\/\/ucanfast.com\/fr\/\",\"logo\":{\"@type\":\"ImageObject\",\"inLanguage\":\"fr-FR\",\"@id\":\"https:\/\/ucanfast.com\/fr\/#\/schema\/logo\/image\/\",\"url\":\"https:\/\/ucanfast.com\/wp-content\/uploads\/2023\/01\/Screen_Shot_2023-01-25_at_12.15.04_PM.png\",\"contentUrl\":\"https:\/\/ucanfast.com\/wp-content\/uploads\/2023\/01\/Screen_Shot_2023-01-25_at_12.15.04_PM.png\",\"width\":350,\"height\":192,\"caption\":\"UCAN Fastening Products\"},\"image\":{\"@id\":\"https:\/\/ucanfast.com\/fr\/#\/schema\/logo\/image\/\"},\"sameAs\":[\"https:\/\/ca.linkedin.com\/company\/ucan-fastening-products\"]}]}<\/script>\n<!-- \/ Yoast SEO plugin. -->","yoast_head_json":{"title":"Corni\u00e8re \u00e0 fixations \u00e0 t\u00eate plate - UCAN - Fastening Products","description":"UCAN FASTENING PRODUCTS has been supplying high quality masonry and metal fasteners to the construction industry for over 50 years.","robots":{"index":"noindex","follow":"follow"},"og_locale":"fr_FR","og_type":"article","og_title":"Corni\u00e8re \u00e0 fixations \u00e0 t\u00eate plate - UCAN - Fastening Products","og_description":"UCAN FASTENING PRODUCTS has been supplying high quality masonry and metal fasteners to the construction industry for over 50 years.","og_url":"https:\/\/ucanfast.com\/fr\/nos-produits\/corniere-a-fixations-a-tete-plate\/","og_site_name":"UCAN - Fastening Products","article_modified_time":"2024-07-24T18:54:24+00:00","og_image":[{"width":1152,"height":1101,"url":"https:\/\/ucanfast.com\/wp-content\/uploads\/2022\/07\/ACC-ANGLE-CLIP-ASSEMBLY.jpg","type":"image\/jpeg"}],"twitter_card":"summary_large_image","twitter_misc":{"Dur\u00e9e de lecture estim\u00e9e":"1 minute"},"schema":{"@context":"https:\/\/schema.org","@graph":[{"@type":"WebPage","@id":"https:\/\/ucanfast.com\/fr\/nos-produits\/corniere-a-fixations-a-tete-plate\/","url":"https:\/\/ucanfast.com\/fr\/nos-produits\/corniere-a-fixations-a-tete-plate\/","name":"Corni\u00e8re \u00e0 fixations \u00e0 t\u00eate plate - UCAN - Fastening Products","isPartOf":{"@id":"https:\/\/ucanfast.com\/fr\/#website"},"datePublished":"2022-07-01T15:55:02+00:00","dateModified":"2024-07-24T18:54:24+00:00","description":"UCAN FASTENING PRODUCTS has been supplying high quality masonry and metal fasteners to the construction industry for over 50 years.","breadcrumb":{"@id":"https:\/\/ucanfast.com\/fr\/nos-produits\/corniere-a-fixations-a-tete-plate\/#breadcrumb"},"inLanguage":"fr-FR","potentialAction":[{"@type":"ReadAction","target":["https:\/\/ucanfast.com\/fr\/nos-produits\/corniere-a-fixations-a-tete-plate\/"]}]},{"@type":"BreadcrumbList","@id":"https:\/\/ucanfast.com\/fr\/nos-produits\/corniere-a-fixations-a-tete-plate\/#breadcrumb","itemListElement":[{"@type":"ListItem","position":1,"name":"Accueil","item":"https:\/\/ucanfast.com\/fr\/"},{"@type":"ListItem","position":2,"name":"Nos Produits","item":"https:\/\/ucanfast.com\/fr\/nos-produits\/"},{"@type":"ListItem","position":3,"name":"Corni\u00e8re \u00e0 fixations \u00e0 t\u00eate plate"}]},{"@type":"WebSite","@id":"https:\/\/ucanfast.com\/fr\/#website","url":"https:\/\/ucanfast.com\/fr\/","name":"UCAN Fastening Products","description":"BUILDING LASTING CONNECTIONS","publisher":{"@id":"https:\/\/ucanfast.com\/fr\/#organization"},"potentialAction":[{"@type":"SearchAction","target":{"@type":"EntryPoint","urlTemplate":"https:\/\/ucanfast.com\/fr\/?s={search_term_string}"},"query-input":"required name=search_term_string"}],"inLanguage":"fr-FR"},{"@type":"Organization","@id":"https:\/\/ucanfast.com\/fr\/#organization","name":"UCAN Fastening Products","url":"https:\/\/ucanfast.com\/fr\/","logo":{"@type":"ImageObject","inLanguage":"fr-FR","@id":"https:\/\/ucanfast.com\/fr\/#\/schema\/logo\/image\/","url":"https:\/\/ucanfast.com\/wp-content\/uploads\/2023\/01\/Screen_Shot_2023-01-25_at_12.15.04_PM.png","contentUrl":"https:\/\/ucanfast.com\/wp-content\/uploads\/2023\/01\/Screen_Shot_2023-01-25_at_12.15.04_PM.png","width":350,"height":192,"caption":"UCAN Fastening Products"},"image":{"@id":"https:\/\/ucanfast.com\/fr\/#\/schema\/logo\/image\/"},"sameAs":["https:\/\/ca.linkedin.com\/company\/ucan-fastening-products"]}]}},"_links":{"self":[{"href":"https:\/\/ucanfast.com\/fr\/wp-json\/wp\/v2\/product\/10112"}],"collection":[{"href":"https:\/\/ucanfast.com\/fr\/wp-json\/wp\/v2\/product"}],"about":[{"href":"https:\/\/ucanfast.com\/fr\/wp-json\/wp\/v2\/types\/product"}],"replies":[{"embeddable":true,"href":"https:\/\/ucanfast.com\/fr\/wp-json\/wp\/v2\/comments?post=10112"}],"wp:featuredmedia":[{"embeddable":true,"href":"https:\/\/ucanfast.com\/fr\/wp-json\/wp\/v2\/media\/5129"}],"wp:attachment":[{"href":"https:\/\/ucanfast.com\/fr\/wp-json\/wp\/v2\/media?parent=10112"}],"wp:term":[{"taxonomy":"product_cat","embeddable":true,"href":"https:\/\/ucanfast.com\/fr\/wp-json\/wp\/v2\/product_cat?post=10112"},{"taxonomy":"product_tag","embeddable":true,"href":"https:\/\/ucanfast.com\/fr\/wp-json\/wp\/v2\/product_tag?post=10112"},{"taxonomy":"Group","embeddable":true,"href":"https:\/\/ucanfast.com\/fr\/wp-json\/wp\/v2\/Group?post=10112"}],"curies":[{"name":"wp","href":"https:\/\/api.w.org\/{rel}","templated":true}]}}