{"id":10106,"date":"2022-07-01T11:55:13","date_gmt":"2022-07-01T15:55:13","guid":{"rendered":"https:\/\/ucanstage.wpengine.com\/product\/25mm-steel-washer-fasteners-bulk-packs\/"},"modified":"2024-07-24T15:06:41","modified_gmt":"2024-07-24T19:06:41","slug":"chevilles-a-super-pointe-avec-rondelle-dacier-de-25-mm-en-vrac","status":"publish","type":"product","link":"https:\/\/ucanfast.com\/fr\/nos-produits\/chevilles-a-super-pointe-avec-rondelle-dacier-de-25-mm-en-vrac\/","title":{"rendered":"Chevilles \u00e0 super pointe avec rondelle d\u2019acier de 25 mm &#8211; En vrac"},"content":{"rendered":"<p>Chevilles \u00e0 super pointe avec rondelle d\u2019acier de 25 mm<\/p>\n<h5 style=\"text-transform: uppercase;\">Paquets de rails guides<\/h5>\n<div>\n<table class=\"detailpartstable\" style=\"height: 39px;\" border=\"0\" width=\"800\" cellspacing=\"0\" cellpadding=\"0\">\n<tbody>\n<tr class=\"headers\">\n<td><strong>N\u00ba de pi\u00e8ce<\/strong><\/td>\n<td><strong>Longueur<br \/>de queue<\/strong><\/td>\n<td><strong>Qt\u00e9 par<br \/>paquet<\/strong><\/td>\n<td><strong>Poids de<br \/>la caisse<\/strong><\/td>\n<td><strong>Taille de la caisse<\/strong><\/td>\n<\/tr>\n<tr>\n<td>AWI 37M<\/td>\n<td>1-1\/2 po<\/td>\n<td>1,000<\/td>\n<td>25 lbs<\/td>\n<td>5-1\/2\u2033 x 18-3\/4\u2033 x 8-3\/4\u2033<\/td>\n<\/tr>\n<\/tbody>\n<\/table>\n<\/div>\n","protected":false},"excerpt":{"rendered":"<p>Les fixations \u00e0 insertion de puissance UCAN sont faites de fil de fer de classe pour ressorts de haute qualit\u00e9. Pour atteindre une duret\u00e9 et r\u00e9sistance optimales, toutes les fixations sont trait\u00e9es jusqu\u2019\u00e0 l\u2019obtention d\u2019une duret\u00e9 de mat\u00e9riau entre RC 50 et RC 54; et pour r\u00e9aliser une protection contre la corrosion, elles sont zingu\u00e9es d\u2019une \u00e9paisseur minimale de 7,6\u00a0<em>\u00b5m<\/em>\u00a0(0,0003 po).<\/p>\n","protected":false},"featured_media":13206,"comment_status":"open","ping_status":"closed","template":"","meta":[],"product_cat":[1615,1628,1624],"product_tag":[],"Group":[],"acf":[],"yoast_head":"<!-- This site is optimized with the Yoast SEO plugin v20.11 - https:\/\/yoast.com\/wordpress\/plugins\/seo\/ -->\n<title>Chevilles \u00e0 super pointe avec rondelle d\u2019acier de 25 mm - En vrac - UCAN - Fastening Products<\/title>\n<meta name=\"description\" content=\"UCAN is especially well equipped to supply many types of application specific anchors. Custom sizes and protective coatings are available to meet design requirements.\" \/>\n<meta name=\"robots\" content=\"noindex, follow\" \/>\n<meta property=\"og:locale\" content=\"fr_FR\" \/>\n<meta property=\"og:type\" content=\"article\" \/>\n<meta property=\"og:title\" content=\"Chevilles \u00e0 super pointe avec rondelle d\u2019acier de 25 mm - En vrac - UCAN - Fastening Products\" \/>\n<meta property=\"og:description\" content=\"UCAN is especially well equipped to supply many types of application specific anchors. Custom sizes and protective coatings are available to meet design requirements.\" \/>\n<meta property=\"og:url\" content=\"https:\/\/ucanfast.com\/fr\/nos-produits\/chevilles-a-super-pointe-avec-rondelle-dacier-de-25-mm-en-vrac\/\" \/>\n<meta property=\"og:site_name\" content=\"UCAN - Fastening Products\" \/>\n<meta property=\"article:modified_time\" content=\"2024-07-24T19:06:41+00:00\" \/>\n<meta property=\"og:image\" content=\"https:\/\/ucanfast.com\/wp-content\/uploads\/2022\/07\/25MM-STEEL-WASHER-FASTENERS-scaled.jpg\" \/>\n\t<meta property=\"og:image:width\" content=\"2560\" \/>\n\t<meta property=\"og:image:height\" content=\"1007\" \/>\n\t<meta property=\"og:image:type\" content=\"image\/jpeg\" \/>\n<meta name=\"twitter:card\" content=\"summary_large_image\" \/>\n<meta name=\"twitter:label1\" content=\"Dur\u00e9e de lecture estim\u00e9e\" \/>\n\t<meta name=\"twitter:data1\" content=\"1 minute\" \/>\n<script type=\"application\/ld+json\" class=\"yoast-schema-graph\">{\"@context\":\"https:\/\/schema.org\",\"@graph\":[{\"@type\":\"WebPage\",\"@id\":\"https:\/\/ucanfast.com\/fr\/nos-produits\/chevilles-a-super-pointe-avec-rondelle-dacier-de-25-mm-en-vrac\/\",\"url\":\"https:\/\/ucanfast.com\/fr\/nos-produits\/chevilles-a-super-pointe-avec-rondelle-dacier-de-25-mm-en-vrac\/\",\"name\":\"Chevilles \u00e0 super pointe avec rondelle d\u2019acier de 25 mm - En vrac - UCAN - Fastening Products\",\"isPartOf\":{\"@id\":\"https:\/\/ucanfast.com\/fr\/#website\"},\"datePublished\":\"2022-07-01T15:55:13+00:00\",\"dateModified\":\"2024-07-24T19:06:41+00:00\",\"description\":\"UCAN is especially well equipped to supply many types of application specific anchors. Custom sizes and protective coatings are available to meet design requirements.\",\"breadcrumb\":{\"@id\":\"https:\/\/ucanfast.com\/fr\/nos-produits\/chevilles-a-super-pointe-avec-rondelle-dacier-de-25-mm-en-vrac\/#breadcrumb\"},\"inLanguage\":\"fr-FR\",\"potentialAction\":[{\"@type\":\"ReadAction\",\"target\":[\"https:\/\/ucanfast.com\/fr\/nos-produits\/chevilles-a-super-pointe-avec-rondelle-dacier-de-25-mm-en-vrac\/\"]}]},{\"@type\":\"BreadcrumbList\",\"@id\":\"https:\/\/ucanfast.com\/fr\/nos-produits\/chevilles-a-super-pointe-avec-rondelle-dacier-de-25-mm-en-vrac\/#breadcrumb\",\"itemListElement\":[{\"@type\":\"ListItem\",\"position\":1,\"name\":\"Accueil\",\"item\":\"https:\/\/ucanfast.com\/fr\/\"},{\"@type\":\"ListItem\",\"position\":2,\"name\":\"Nos Produits\",\"item\":\"https:\/\/ucanfast.com\/fr\/nos-produits\/\"},{\"@type\":\"ListItem\",\"position\":3,\"name\":\"Chevilles \u00e0 super pointe avec rondelle d\u2019acier de 25 mm &#8211; En vrac\"}]},{\"@type\":\"WebSite\",\"@id\":\"https:\/\/ucanfast.com\/fr\/#website\",\"url\":\"https:\/\/ucanfast.com\/fr\/\",\"name\":\"UCAN Fastening Products\",\"description\":\"BUILDING LASTING CONNECTIONS\",\"publisher\":{\"@id\":\"https:\/\/ucanfast.com\/fr\/#organization\"},\"potentialAction\":[{\"@type\":\"SearchAction\",\"target\":{\"@type\":\"EntryPoint\",\"urlTemplate\":\"https:\/\/ucanfast.com\/fr\/?s={search_term_string}\"},\"query-input\":\"required name=search_term_string\"}],\"inLanguage\":\"fr-FR\"},{\"@type\":\"Organization\",\"@id\":\"https:\/\/ucanfast.com\/fr\/#organization\",\"name\":\"UCAN Fastening Products\",\"url\":\"https:\/\/ucanfast.com\/fr\/\",\"logo\":{\"@type\":\"ImageObject\",\"inLanguage\":\"fr-FR\",\"@id\":\"https:\/\/ucanfast.com\/fr\/#\/schema\/logo\/image\/\",\"url\":\"https:\/\/ucanfast.com\/wp-content\/uploads\/2023\/01\/Screen_Shot_2023-01-25_at_12.15.04_PM.png\",\"contentUrl\":\"https:\/\/ucanfast.com\/wp-content\/uploads\/2023\/01\/Screen_Shot_2023-01-25_at_12.15.04_PM.png\",\"width\":350,\"height\":192,\"caption\":\"UCAN Fastening Products\"},\"image\":{\"@id\":\"https:\/\/ucanfast.com\/fr\/#\/schema\/logo\/image\/\"},\"sameAs\":[\"https:\/\/ca.linkedin.com\/company\/ucan-fastening-products\"]}]}<\/script>\n<!-- \/ Yoast SEO plugin. -->","yoast_head_json":{"title":"Chevilles \u00e0 super pointe avec rondelle d\u2019acier de 25 mm - En vrac - UCAN - Fastening Products","description":"UCAN is especially well equipped to supply many types of application specific anchors. Custom sizes and protective coatings are available to meet design requirements.","robots":{"index":"noindex","follow":"follow"},"og_locale":"fr_FR","og_type":"article","og_title":"Chevilles \u00e0 super pointe avec rondelle d\u2019acier de 25 mm - En vrac - UCAN - Fastening Products","og_description":"UCAN is especially well equipped to supply many types of application specific anchors. Custom sizes and protective coatings are available to meet design requirements.","og_url":"https:\/\/ucanfast.com\/fr\/nos-produits\/chevilles-a-super-pointe-avec-rondelle-dacier-de-25-mm-en-vrac\/","og_site_name":"UCAN - Fastening Products","article_modified_time":"2024-07-24T19:06:41+00:00","og_image":[{"width":2560,"height":1007,"url":"https:\/\/ucanfast.com\/wp-content\/uploads\/2022\/07\/25MM-STEEL-WASHER-FASTENERS-scaled.jpg","type":"image\/jpeg"}],"twitter_card":"summary_large_image","twitter_misc":{"Dur\u00e9e de lecture estim\u00e9e":"1 minute"},"schema":{"@context":"https:\/\/schema.org","@graph":[{"@type":"WebPage","@id":"https:\/\/ucanfast.com\/fr\/nos-produits\/chevilles-a-super-pointe-avec-rondelle-dacier-de-25-mm-en-vrac\/","url":"https:\/\/ucanfast.com\/fr\/nos-produits\/chevilles-a-super-pointe-avec-rondelle-dacier-de-25-mm-en-vrac\/","name":"Chevilles \u00e0 super pointe avec rondelle d\u2019acier de 25 mm - En vrac - UCAN - Fastening Products","isPartOf":{"@id":"https:\/\/ucanfast.com\/fr\/#website"},"datePublished":"2022-07-01T15:55:13+00:00","dateModified":"2024-07-24T19:06:41+00:00","description":"UCAN is especially well equipped to supply many types of application specific anchors. Custom sizes and protective coatings are available to meet design requirements.","breadcrumb":{"@id":"https:\/\/ucanfast.com\/fr\/nos-produits\/chevilles-a-super-pointe-avec-rondelle-dacier-de-25-mm-en-vrac\/#breadcrumb"},"inLanguage":"fr-FR","potentialAction":[{"@type":"ReadAction","target":["https:\/\/ucanfast.com\/fr\/nos-produits\/chevilles-a-super-pointe-avec-rondelle-dacier-de-25-mm-en-vrac\/"]}]},{"@type":"BreadcrumbList","@id":"https:\/\/ucanfast.com\/fr\/nos-produits\/chevilles-a-super-pointe-avec-rondelle-dacier-de-25-mm-en-vrac\/#breadcrumb","itemListElement":[{"@type":"ListItem","position":1,"name":"Accueil","item":"https:\/\/ucanfast.com\/fr\/"},{"@type":"ListItem","position":2,"name":"Nos Produits","item":"https:\/\/ucanfast.com\/fr\/nos-produits\/"},{"@type":"ListItem","position":3,"name":"Chevilles \u00e0 super pointe avec rondelle d\u2019acier de 25 mm &#8211; En vrac"}]},{"@type":"WebSite","@id":"https:\/\/ucanfast.com\/fr\/#website","url":"https:\/\/ucanfast.com\/fr\/","name":"UCAN Fastening Products","description":"BUILDING LASTING CONNECTIONS","publisher":{"@id":"https:\/\/ucanfast.com\/fr\/#organization"},"potentialAction":[{"@type":"SearchAction","target":{"@type":"EntryPoint","urlTemplate":"https:\/\/ucanfast.com\/fr\/?s={search_term_string}"},"query-input":"required name=search_term_string"}],"inLanguage":"fr-FR"},{"@type":"Organization","@id":"https:\/\/ucanfast.com\/fr\/#organization","name":"UCAN Fastening Products","url":"https:\/\/ucanfast.com\/fr\/","logo":{"@type":"ImageObject","inLanguage":"fr-FR","@id":"https:\/\/ucanfast.com\/fr\/#\/schema\/logo\/image\/","url":"https:\/\/ucanfast.com\/wp-content\/uploads\/2023\/01\/Screen_Shot_2023-01-25_at_12.15.04_PM.png","contentUrl":"https:\/\/ucanfast.com\/wp-content\/uploads\/2023\/01\/Screen_Shot_2023-01-25_at_12.15.04_PM.png","width":350,"height":192,"caption":"UCAN Fastening Products"},"image":{"@id":"https:\/\/ucanfast.com\/fr\/#\/schema\/logo\/image\/"},"sameAs":["https:\/\/ca.linkedin.com\/company\/ucan-fastening-products"]}]}},"_links":{"self":[{"href":"https:\/\/ucanfast.com\/fr\/wp-json\/wp\/v2\/product\/10106"}],"collection":[{"href":"https:\/\/ucanfast.com\/fr\/wp-json\/wp\/v2\/product"}],"about":[{"href":"https:\/\/ucanfast.com\/fr\/wp-json\/wp\/v2\/types\/product"}],"replies":[{"embeddable":true,"href":"https:\/\/ucanfast.com\/fr\/wp-json\/wp\/v2\/comments?post=10106"}],"wp:featuredmedia":[{"embeddable":true,"href":"https:\/\/ucanfast.com\/fr\/wp-json\/wp\/v2\/media\/13206"}],"wp:attachment":[{"href":"https:\/\/ucanfast.com\/fr\/wp-json\/wp\/v2\/media?parent=10106"}],"wp:term":[{"taxonomy":"product_cat","embeddable":true,"href":"https:\/\/ucanfast.com\/fr\/wp-json\/wp\/v2\/product_cat?post=10106"},{"taxonomy":"product_tag","embeddable":true,"href":"https:\/\/ucanfast.com\/fr\/wp-json\/wp\/v2\/product_tag?post=10106"},{"taxonomy":"Group","embeddable":true,"href":"https:\/\/ucanfast.com\/fr\/wp-json\/wp\/v2\/Group?post=10106"}],"curies":[{"name":"wp","href":"https:\/\/api.w.org\/{rel}","templated":true}]}}