{"id":10099,"date":"2022-07-01T11:55:10","date_gmt":"2022-07-01T15:55:10","guid":{"rendered":"https:\/\/ucanstage.wpengine.com\/product\/25mm-steel-washer-fasteners\/"},"modified":"2024-07-24T15:03:54","modified_gmt":"2024-07-24T19:03:54","slug":"chevilles-a-super-pointe-avec-rondelle-dacier-de-25-mm","status":"publish","type":"product","link":"https:\/\/ucanfast.com\/fr\/nos-produits\/chevilles-a-super-pointe-avec-rondelle-dacier-de-25-mm\/","title":{"rendered":"Chevilles \u00e0 super pointe avec rondelle d\u2019acier de 25 mm"},"content":{"rendered":"<h5 style=\"text-transform: uppercase;\">Chevilles \u00e0 super pointe avec rondelle &#8211; fixations \u00e0 t\u00eate plate<\/h5>\n<div>\n<table class=\"detailpartstable\" style=\"height: 166px;\" border=\"0\" width=\"850\" cellspacing=\"0\" cellpadding=\"0\">\n<tbody>\n<tr class=\"headers\">\n<td><strong>N\u00ba de pi\u00e8ce<\/strong><\/td>\n<td><strong>Longueur<br<de queue<\/strong><\/td>\n<td><strong>Qt\u00e9 par<br \/>paquet<\/strong><\/td>\n<td><strong>Qt\u00e9 par<br \/>caisse<\/strong><\/td>\n<td><strong>Poids de<br \/>la caisse<\/strong><\/td>\n<td><strong>Taille de la caisse<\/strong><\/td>\n<\/tr>\n<tr>\n<td>AWI 25<\/td>\n<td>1 po<\/td>\n<td>100<\/td>\n<td>1,000<\/td>\n<td>20 lbs<\/td>\n<td>3-1\/2\u2033 x 12\u2033 x 7-1\/2\u2033<\/td>\n<\/tr>\n<tr>\n<td>AWI 32<\/td>\n<td>1-1\/4 po<\/td>\n<td>100<\/td>\n<td>1,000<\/td>\n<td>21 lbs<\/td>\n<td>5-1\/2\u2033 x 18-3\/4\u2033 x 8-3\/4\u2033<\/td>\n<\/tr>\n<tr>\n<td>AWI 37<\/td>\n<td>1-1\/2 po<\/td>\n<td>100<\/td>\n<td>1,000<\/td>\n<td>25 lbs<\/td>\n<td>5-1\/2\u2033 x 18-3\/4\u2033 x 8-3\/4\u2033<\/td>\n<\/tr>\n<tr>\n<td>AWI 50<\/td>\n<td>2 po<\/td>\n<td>100<\/td>\n<td>1,000<\/td>\n<td>35 lbs<\/td>\n<td>5-1\/2\u2033 x 18-3\/4\u2033 x 8-3\/4\u2033<\/td>\n<\/tr>\n<tr>\n<td>AWI 62<\/td>\n<td>2-1\/2 po<\/td>\n<td>100<\/td>\n<td>600<\/td>\n<td>16 lbs<\/td>\n<td>7-1\/4\u2033 x 17\u2033 x 7\u2033<\/td>\n<\/tr>\n<tr>\n<td>AWI 75<\/td>\n<td>3 po<\/td>\n<td>100<\/td>\n<td>600<\/td>\n<td>19 lbs<\/td>\n<td>7-1\/4\u2033 x 17\u2033 x 7\u2033<\/td>\n<\/tr>\n<\/tbody>\n<\/table>\n<\/div>\n<div class=\"partstabletitle\"><\/div>\n<div><\/div>\n","protected":false},"excerpt":{"rendered":"<p>Les fixations \u00e0 insertion de puissance UCAN sont faites de fil de fer de classe pour ressorts de haute qualit\u00e9. Pour atteindre une duret\u00e9 et r\u00e9sistance optimales, toutes les fixations sont trait\u00e9es jusqu\u2019\u00e0 l\u2019obtention d\u2019une duret\u00e9 de mat\u00e9riau entre RC 50 et RC 54; et pour r\u00e9aliser une protection contre la corrosion, elles sont zingu\u00e9es d\u2019une \u00e9paisseur minimale de 7,6\u00a0<em>\u00b5m<\/em>\u00a0(0,0003 po).<\/p>\n","protected":false},"featured_media":13206,"comment_status":"open","ping_status":"closed","template":"","meta":[],"product_cat":[1615,1628,1624],"product_tag":[],"Group":[],"acf":[],"yoast_head":"<!-- This site is optimized with the Yoast SEO plugin v20.11 - https:\/\/yoast.com\/wordpress\/plugins\/seo\/ -->\n<title>Chevilles \u00e0 super pointe avec rondelle d\u2019acier de 25 mm - UCAN - Fastening Products<\/title>\n<meta name=\"description\" content=\"FLAT-HEADED SUPER POINT PINS WITH WASHER\" \/>\n<meta name=\"robots\" content=\"noindex, follow\" \/>\n<meta property=\"og:locale\" content=\"fr_FR\" \/>\n<meta property=\"og:type\" content=\"article\" \/>\n<meta property=\"og:title\" content=\"Chevilles \u00e0 super pointe avec rondelle d\u2019acier de 25 mm - UCAN - Fastening Products\" \/>\n<meta property=\"og:description\" content=\"FLAT-HEADED SUPER POINT PINS WITH WASHER\" \/>\n<meta property=\"og:url\" content=\"https:\/\/ucanfast.com\/fr\/nos-produits\/chevilles-a-super-pointe-avec-rondelle-dacier-de-25-mm\/\" \/>\n<meta property=\"og:site_name\" content=\"UCAN - Fastening Products\" \/>\n<meta property=\"article:modified_time\" content=\"2024-07-24T19:03:54+00:00\" \/>\n<meta property=\"og:image\" content=\"https:\/\/ucanfast.com\/wp-content\/uploads\/2022\/07\/25MM-STEEL-WASHER-FASTENERS-scaled.jpg\" \/>\n\t<meta property=\"og:image:width\" content=\"2560\" \/>\n\t<meta property=\"og:image:height\" content=\"1007\" \/>\n\t<meta property=\"og:image:type\" content=\"image\/jpeg\" \/>\n<meta name=\"twitter:card\" content=\"summary_large_image\" \/>\n<meta name=\"twitter:label1\" content=\"Dur\u00e9e de lecture estim\u00e9e\" \/>\n\t<meta name=\"twitter:data1\" content=\"1 minute\" \/>\n<script type=\"application\/ld+json\" class=\"yoast-schema-graph\">{\"@context\":\"https:\/\/schema.org\",\"@graph\":[{\"@type\":\"WebPage\",\"@id\":\"https:\/\/ucanfast.com\/fr\/nos-produits\/chevilles-a-super-pointe-avec-rondelle-dacier-de-25-mm\/\",\"url\":\"https:\/\/ucanfast.com\/fr\/nos-produits\/chevilles-a-super-pointe-avec-rondelle-dacier-de-25-mm\/\",\"name\":\"Chevilles \u00e0 super pointe avec rondelle d\u2019acier de 25 mm - UCAN - Fastening Products\",\"isPartOf\":{\"@id\":\"https:\/\/ucanfast.com\/fr\/#website\"},\"datePublished\":\"2022-07-01T15:55:10+00:00\",\"dateModified\":\"2024-07-24T19:03:54+00:00\",\"description\":\"FLAT-HEADED SUPER POINT PINS WITH WASHER\",\"breadcrumb\":{\"@id\":\"https:\/\/ucanfast.com\/fr\/nos-produits\/chevilles-a-super-pointe-avec-rondelle-dacier-de-25-mm\/#breadcrumb\"},\"inLanguage\":\"fr-FR\",\"potentialAction\":[{\"@type\":\"ReadAction\",\"target\":[\"https:\/\/ucanfast.com\/fr\/nos-produits\/chevilles-a-super-pointe-avec-rondelle-dacier-de-25-mm\/\"]}]},{\"@type\":\"BreadcrumbList\",\"@id\":\"https:\/\/ucanfast.com\/fr\/nos-produits\/chevilles-a-super-pointe-avec-rondelle-dacier-de-25-mm\/#breadcrumb\",\"itemListElement\":[{\"@type\":\"ListItem\",\"position\":1,\"name\":\"Accueil\",\"item\":\"https:\/\/ucanfast.com\/fr\/\"},{\"@type\":\"ListItem\",\"position\":2,\"name\":\"Nos Produits\",\"item\":\"https:\/\/ucanfast.com\/fr\/nos-produits\/\"},{\"@type\":\"ListItem\",\"position\":3,\"name\":\"Chevilles \u00e0 super pointe avec rondelle d\u2019acier de 25 mm\"}]},{\"@type\":\"WebSite\",\"@id\":\"https:\/\/ucanfast.com\/fr\/#website\",\"url\":\"https:\/\/ucanfast.com\/fr\/\",\"name\":\"UCAN Fastening Products\",\"description\":\"BUILDING LASTING CONNECTIONS\",\"publisher\":{\"@id\":\"https:\/\/ucanfast.com\/fr\/#organization\"},\"potentialAction\":[{\"@type\":\"SearchAction\",\"target\":{\"@type\":\"EntryPoint\",\"urlTemplate\":\"https:\/\/ucanfast.com\/fr\/?s={search_term_string}\"},\"query-input\":\"required name=search_term_string\"}],\"inLanguage\":\"fr-FR\"},{\"@type\":\"Organization\",\"@id\":\"https:\/\/ucanfast.com\/fr\/#organization\",\"name\":\"UCAN Fastening Products\",\"url\":\"https:\/\/ucanfast.com\/fr\/\",\"logo\":{\"@type\":\"ImageObject\",\"inLanguage\":\"fr-FR\",\"@id\":\"https:\/\/ucanfast.com\/fr\/#\/schema\/logo\/image\/\",\"url\":\"https:\/\/ucanfast.com\/wp-content\/uploads\/2023\/01\/Screen_Shot_2023-01-25_at_12.15.04_PM.png\",\"contentUrl\":\"https:\/\/ucanfast.com\/wp-content\/uploads\/2023\/01\/Screen_Shot_2023-01-25_at_12.15.04_PM.png\",\"width\":350,\"height\":192,\"caption\":\"UCAN Fastening Products\"},\"image\":{\"@id\":\"https:\/\/ucanfast.com\/fr\/#\/schema\/logo\/image\/\"},\"sameAs\":[\"https:\/\/ca.linkedin.com\/company\/ucan-fastening-products\"]}]}<\/script>\n<!-- \/ Yoast SEO plugin. -->","yoast_head_json":{"title":"Chevilles \u00e0 super pointe avec rondelle d\u2019acier de 25 mm - UCAN - Fastening Products","description":"FLAT-HEADED SUPER POINT PINS WITH WASHER","robots":{"index":"noindex","follow":"follow"},"og_locale":"fr_FR","og_type":"article","og_title":"Chevilles \u00e0 super pointe avec rondelle d\u2019acier de 25 mm - UCAN - Fastening Products","og_description":"FLAT-HEADED SUPER POINT PINS WITH WASHER","og_url":"https:\/\/ucanfast.com\/fr\/nos-produits\/chevilles-a-super-pointe-avec-rondelle-dacier-de-25-mm\/","og_site_name":"UCAN - Fastening Products","article_modified_time":"2024-07-24T19:03:54+00:00","og_image":[{"width":2560,"height":1007,"url":"https:\/\/ucanfast.com\/wp-content\/uploads\/2022\/07\/25MM-STEEL-WASHER-FASTENERS-scaled.jpg","type":"image\/jpeg"}],"twitter_card":"summary_large_image","twitter_misc":{"Dur\u00e9e de lecture estim\u00e9e":"1 minute"},"schema":{"@context":"https:\/\/schema.org","@graph":[{"@type":"WebPage","@id":"https:\/\/ucanfast.com\/fr\/nos-produits\/chevilles-a-super-pointe-avec-rondelle-dacier-de-25-mm\/","url":"https:\/\/ucanfast.com\/fr\/nos-produits\/chevilles-a-super-pointe-avec-rondelle-dacier-de-25-mm\/","name":"Chevilles \u00e0 super pointe avec rondelle d\u2019acier de 25 mm - UCAN - Fastening Products","isPartOf":{"@id":"https:\/\/ucanfast.com\/fr\/#website"},"datePublished":"2022-07-01T15:55:10+00:00","dateModified":"2024-07-24T19:03:54+00:00","description":"FLAT-HEADED SUPER POINT PINS WITH WASHER","breadcrumb":{"@id":"https:\/\/ucanfast.com\/fr\/nos-produits\/chevilles-a-super-pointe-avec-rondelle-dacier-de-25-mm\/#breadcrumb"},"inLanguage":"fr-FR","potentialAction":[{"@type":"ReadAction","target":["https:\/\/ucanfast.com\/fr\/nos-produits\/chevilles-a-super-pointe-avec-rondelle-dacier-de-25-mm\/"]}]},{"@type":"BreadcrumbList","@id":"https:\/\/ucanfast.com\/fr\/nos-produits\/chevilles-a-super-pointe-avec-rondelle-dacier-de-25-mm\/#breadcrumb","itemListElement":[{"@type":"ListItem","position":1,"name":"Accueil","item":"https:\/\/ucanfast.com\/fr\/"},{"@type":"ListItem","position":2,"name":"Nos Produits","item":"https:\/\/ucanfast.com\/fr\/nos-produits\/"},{"@type":"ListItem","position":3,"name":"Chevilles \u00e0 super pointe avec rondelle d\u2019acier de 25 mm"}]},{"@type":"WebSite","@id":"https:\/\/ucanfast.com\/fr\/#website","url":"https:\/\/ucanfast.com\/fr\/","name":"UCAN Fastening Products","description":"BUILDING LASTING CONNECTIONS","publisher":{"@id":"https:\/\/ucanfast.com\/fr\/#organization"},"potentialAction":[{"@type":"SearchAction","target":{"@type":"EntryPoint","urlTemplate":"https:\/\/ucanfast.com\/fr\/?s={search_term_string}"},"query-input":"required name=search_term_string"}],"inLanguage":"fr-FR"},{"@type":"Organization","@id":"https:\/\/ucanfast.com\/fr\/#organization","name":"UCAN Fastening Products","url":"https:\/\/ucanfast.com\/fr\/","logo":{"@type":"ImageObject","inLanguage":"fr-FR","@id":"https:\/\/ucanfast.com\/fr\/#\/schema\/logo\/image\/","url":"https:\/\/ucanfast.com\/wp-content\/uploads\/2023\/01\/Screen_Shot_2023-01-25_at_12.15.04_PM.png","contentUrl":"https:\/\/ucanfast.com\/wp-content\/uploads\/2023\/01\/Screen_Shot_2023-01-25_at_12.15.04_PM.png","width":350,"height":192,"caption":"UCAN Fastening Products"},"image":{"@id":"https:\/\/ucanfast.com\/fr\/#\/schema\/logo\/image\/"},"sameAs":["https:\/\/ca.linkedin.com\/company\/ucan-fastening-products"]}]}},"_links":{"self":[{"href":"https:\/\/ucanfast.com\/fr\/wp-json\/wp\/v2\/product\/10099"}],"collection":[{"href":"https:\/\/ucanfast.com\/fr\/wp-json\/wp\/v2\/product"}],"about":[{"href":"https:\/\/ucanfast.com\/fr\/wp-json\/wp\/v2\/types\/product"}],"replies":[{"embeddable":true,"href":"https:\/\/ucanfast.com\/fr\/wp-json\/wp\/v2\/comments?post=10099"}],"wp:featuredmedia":[{"embeddable":true,"href":"https:\/\/ucanfast.com\/fr\/wp-json\/wp\/v2\/media\/13206"}],"wp:attachment":[{"href":"https:\/\/ucanfast.com\/fr\/wp-json\/wp\/v2\/media?parent=10099"}],"wp:term":[{"taxonomy":"product_cat","embeddable":true,"href":"https:\/\/ucanfast.com\/fr\/wp-json\/wp\/v2\/product_cat?post=10099"},{"taxonomy":"product_tag","embeddable":true,"href":"https:\/\/ucanfast.com\/fr\/wp-json\/wp\/v2\/product_tag?post=10099"},{"taxonomy":"Group","embeddable":true,"href":"https:\/\/ucanfast.com\/fr\/wp-json\/wp\/v2\/Group?post=10099"}],"curies":[{"name":"wp","href":"https:\/\/api.w.org\/{rel}","templated":true}]}}